{"id":42792,"date":"2025-10-07T13:11:31","date_gmt":"2025-10-07T13:11:31","guid":{"rendered":"https:\/\/caficon.com\/?page_id=42792"},"modified":"2025-10-07T13:11:31","modified_gmt":"2025-10-07T13:11:31","slug":"sua-nueva-version-sipare-y-siroc-incluye-nueva-fiscalizacion-con-el-nuevo-buzon-del-imss-2","status":"publish","type":"page","link":"https:\/\/caficon.com\/index.php\/sua-nueva-version-sipare-y-siroc-incluye-nueva-fiscalizacion-con-el-nuevo-buzon-del-imss-2\/","title":{"rendered":"SUA NUEVA VERSI\u00d3N , SIPARE Y SIROC- incluye nueva fiscalizaci\u00f3n con el Nuevo Buz\u00f3n del IMSS"},"content":{"rendered":"","protected":false},"excerpt":{"rendered":"","protected":false},"author":1,"featured_media":0,"parent":0,"menu_order":0,"comment_status":"closed","ping_status":"closed","template":"","meta":{"footnotes":""},"class_list":["post-42792","page","type-page","status-publish","hentry"],"_links":{"self":[{"href":"https:\/\/caficon.com\/index.php\/wp-json\/wp\/v2\/pages\/42792","targetHints":{"allow":["GET"]}}],"collection":[{"href":"https:\/\/caficon.com\/index.php\/wp-json\/wp\/v2\/pages"}],"about":[{"href":"https:\/\/caficon.com\/index.php\/wp-json\/wp\/v2\/types\/page"}],"author":[{"embeddable":true,"href":"https:\/\/caficon.com\/index.php\/wp-json\/wp\/v2\/users\/1"}],"replies":[{"embeddable":true,"href":"https:\/\/caficon.com\/index.php\/wp-json\/wp\/v2\/comments?post=42792"}],"version-history":[{"count":2,"href":"https:\/\/caficon.com\/index.php\/wp-json\/wp\/v2\/pages\/42792\/revisions"}],"predecessor-version":[{"id":42804,"href":"https:\/\/caficon.com\/index.php\/wp-json\/wp\/v2\/pages\/42792\/revisions\/42804"}],"wp:attachment":[{"href":"https:\/\/caficon.com\/index.php\/wp-json\/wp\/v2\/media?parent=42792"}],"curies":[{"name":"wp","href":"https:\/\/api.w.org\/{rel}","templated":true}]}}