{"id":29632,"date":"2023-03-02T20:07:02","date_gmt":"2023-03-02T20:07:02","guid":{"rendered":"https:\/\/caficon.com\/?page_id=29632"},"modified":"2023-04-20T23:25:09","modified_gmt":"2023-04-20T23:25:09","slug":"calendario-9","status":"publish","type":"page","link":"https:\/\/caficon.com\/index.php\/calendario-9\/","title":{"rendered":"Calendario 9"},"content":{"rendered":"\t\t<div data-elementor-type=\"wp-page\" data-elementor-id=\"29632\" class=\"elementor elementor-29632\" data-elementor-post-type=\"page\">\n\t\t\t\t\t\t<section class=\"elementor-section elementor-top-section elementor-element elementor-element-0c94d42 elementor-section-boxed elementor-section-height-default elementor-section-height-default\" data-id=\"0c94d42\" data-element_type=\"section\">\n\t\t\t\t\t\t<div class=\"elementor-container elementor-column-gap-default\">\n\t\t\t\t\t<div class=\"elementor-column elementor-col-50 elementor-top-column elementor-element elementor-element-d36120c elementor-invisible\" data-id=\"d36120c\" data-element_type=\"column\" data-settings=\"{&quot;animation&quot;:&quot;bounceInLeft&quot;}\">\n\t\t\t<div class=\"elementor-widget-wrap elementor-element-populated\">\n\t\t\t\t\t\t<div class=\"elementor-element elementor-element-57a0311 elementor-widget elementor-widget-image\" data-id=\"57a0311\" data-element_type=\"widget\" data-widget_type=\"image.default\">\n\t\t\t\t<div class=\"elementor-widget-container\">\n\t\t\t\t\t\t\t\t\t\t\t\t\t\t\t<img fetchpriority=\"high\" decoding=\"async\" width=\"800\" height=\"800\" src=\"https:\/\/caficon.com\/wp-content\/uploads\/2023\/04\/Abril-6-2-1024x1024.png\" class=\"attachment-large size-large wp-image-30917\" alt=\"\" srcset=\"https:\/\/caficon.com\/wp-content\/uploads\/2023\/04\/Abril-6-2-1024x1024.png 1024w, https:\/\/caficon.com\/wp-content\/uploads\/2023\/04\/Abril-6-2-300x300.png 300w, https:\/\/caficon.com\/wp-content\/uploads\/2023\/04\/Abril-6-2-100x100.png 100w, https:\/\/caficon.com\/wp-content\/uploads\/2023\/04\/Abril-6-2-600x600.png 600w, https:\/\/caficon.com\/wp-content\/uploads\/2023\/04\/Abril-6-2-150x150.png 150w, https:\/\/caficon.com\/wp-content\/uploads\/2023\/04\/Abril-6-2-768x768.png 768w, https:\/\/caficon.com\/wp-content\/uploads\/2023\/04\/Abril-6-2.png 1100w\" sizes=\"(max-width: 800px) 100vw, 800px\" \/>\t\t\t\t\t\t\t\t\t\t\t\t\t\t\t<\/div>\n\t\t\t\t<\/div>\n\t\t\t\t\t<\/div>\n\t\t<\/div>\n\t\t\t\t<div class=\"elementor-column elementor-col-50 elementor-top-column elementor-element elementor-element-e07af4c elementor-invisible\" data-id=\"e07af4c\" data-element_type=\"column\" data-settings=\"{&quot;animation&quot;:&quot;bounceInRight&quot;}\">\n\t\t\t<div class=\"elementor-widget-wrap elementor-element-populated\">\n\t\t\t\t\t\t<div class=\"elementor-element elementor-element-c1ce0ee elementor-widget elementor-widget-heading\" data-id=\"c1ce0ee\" data-element_type=\"widget\" data-widget_type=\"heading.default\">\n\t\t\t\t<div class=\"elementor-widget-container\">\n\t\t\t\t\t<h2 class=\"elementor-heading-title elementor-size-default\">Taller Pr\u00e1ctico de N\u00f3minas 2023 (1 M\u00f3dulo)<\/h2>\t\t\t\t<\/div>\n\t\t\t\t<\/div>\n\t\t\t\t<div class=\"elementor-element elementor-element-8568af4 elementor-widget elementor-widget-spacer\" data-id=\"8568af4\" data-element_type=\"widget\" data-widget_type=\"spacer.default\">\n\t\t\t\t<div class=\"elementor-widget-container\">\n\t\t\t\t\t\t\t<div class=\"elementor-spacer\">\n\t\t\t<div class=\"elementor-spacer-inner\"><\/div>\n\t\t<\/div>\n\t\t\t\t\t\t<\/div>\n\t\t\t\t<\/div>\n\t\t\t\t<div class=\"elementor-element elementor-element-0d4aa32 elementor-widget elementor-widget-text-editor\" data-id=\"0d4aa32\" data-element_type=\"widget\" data-widget_type=\"text-editor.default\">\n\t\t\t\t<div class=\"elementor-widget-container\">\n\t\t\t\t\t\t\t\t\t<p><span style=\"color: #000000;\">Ponente:<\/span><\/p><p style=\"text-align: center;\">Miguel alarcon Diaz<\/p>\t\t\t\t\t\t\t\t<\/div>\n\t\t\t\t<\/div>\n\t\t\t\t<div class=\"elementor-element elementor-element-558202b elementor-widget elementor-widget-text-editor\" data-id=\"558202b\" data-element_type=\"widget\" data-widget_type=\"text-editor.default\">\n\t\t\t\t<div class=\"elementor-widget-container\">\n\t\t\t\t\t\t\t\t\t<p><span style=\"color: #000000;\">Fecha:<\/span><\/p><p style=\"text-align: center;\">24\/05\/2023<\/p>\t\t\t\t\t\t\t\t<\/div>\n\t\t\t\t<\/div>\n\t\t\t\t\t<\/div>\n\t\t<\/div>\n\t\t\t\t\t<\/div>\n\t\t<\/section>\n\t\t\t\t<section class=\"elementor-section elementor-top-section elementor-element elementor-element-3eab6b3 elementor-section-boxed elementor-section-height-default elementor-section-height-default\" data-id=\"3eab6b3\" data-element_type=\"section\">\n\t\t\t\t\t\t<div class=\"elementor-container elementor-column-gap-default\">\n\t\t\t\t\t<div class=\"elementor-column elementor-col-100 elementor-top-column elementor-element elementor-element-975df00\" data-id=\"975df00\" data-element_type=\"column\">\n\t\t\t<div class=\"elementor-widget-wrap elementor-element-populated\">\n\t\t\t\t\t\t<div class=\"elementor-element elementor-element-71f641b elementor-invisible elementor-widget elementor-widget-heading\" data-id=\"71f641b\" data-element_type=\"widget\" data-settings=\"{&quot;_animation&quot;:&quot;fadeInDown&quot;}\" data-widget_type=\"heading.default\">\n\t\t\t\t<div class=\"elementor-widget-container\">\n\t\t\t\t\t<h2 class=\"elementor-heading-title elementor-size-default\">Temario:<\/h2>\t\t\t\t<\/div>\n\t\t\t\t<\/div>\n\t\t\t\t\t<\/div>\n\t\t<\/div>\n\t\t\t\t\t<\/div>\n\t\t<\/section>\n\t\t\t\t<section class=\"elementor-section elementor-top-section elementor-element elementor-element-af4b796 elementor-section-boxed elementor-section-height-default elementor-section-height-default elementor-invisible\" data-id=\"af4b796\" data-element_type=\"section\" data-settings=\"{&quot;animation&quot;:&quot;fadeInDown&quot;}\">\n\t\t\t\t\t\t<div class=\"elementor-container elementor-column-gap-default\">\n\t\t\t\t\t<div class=\"elementor-column elementor-col-50 elementor-top-column elementor-element elementor-element-127aa1a\" data-id=\"127aa1a\" data-element_type=\"column\">\n\t\t\t<div class=\"elementor-widget-wrap elementor-element-populated\">\n\t\t\t\t\t\t<div class=\"elementor-element elementor-element-582a4bc elementor-widget elementor-widget-text-editor\" data-id=\"582a4bc\" data-element_type=\"widget\" data-widget_type=\"text-editor.default\">\n\t\t\t\t<div class=\"elementor-widget-container\">\n\t\t\t\t\t\t\t\t\t<p><span style=\"color: #000000;\"><strong>Objetivo:\u00a0<\/strong>Es un taller de casos 100% practicos de n\u00f3mina. Y se abordar\u00e1n los temas de Ley Federal del Trabajo, Ley de ISR, Ley de Seguro Social e INFONAVIT<\/span><\/p>\t\t\t\t\t\t\t\t<\/div>\n\t\t\t\t<\/div>\n\t\t\t\t<div class=\"elementor-element elementor-element-e21af0a elementor-widget elementor-widget-text-editor\" data-id=\"e21af0a\" data-element_type=\"widget\" data-widget_type=\"text-editor.default\">\n\t\t\t\t<div class=\"elementor-widget-container\">\n\t\t\t\t\t\t\t\t\t<p><span style=\"color: #000000;\"><strong>SESION 1<\/strong><\/span><br \/><span style=\"color: #000000;\">REFORMAS A LA LEY FEDERAL DEL TRABAJO<\/span><br \/><span style=\"color: #000000;\">\u00b7 Cuadro comparativo<\/span><br \/><span style=\"color: #000000;\">\u00b7 Vigencia y aplicaci\u00f3n (Art\u00edculos transitorios)<\/span><br \/><span style=\"color: #000000;\">\u00b7 Repercusi\u00f3n para los patrones<\/span><br \/><span style=\"color: #000000;\">o Modificaci\u00f3n del contrato<\/span><br \/><span style=\"color: #000000;\">o Salario diario integrado para el pago de indemnizaciones<\/span><br \/><span style=\"color: #000000;\">\u00b7 C\u00e1lculo de vacaciones<\/span><br \/><span style=\"color: #000000;\">o Beneficio<\/span><br \/><span style=\"color: #000000;\">o Definici\u00f3n<\/span><br \/><span style=\"color: #000000;\">o Marco jur\u00eddico<\/span><br \/><span style=\"color: #000000;\">o Calculo<\/span><br \/><span style=\"color: #000000;\">o Vacaciones proporcionales<\/span><br \/><span style=\"color: #000000;\">o Factor de integraci\u00f3n<\/span><br \/><span style=\"color: #000000;\">o Calculo para IMSS<\/span><br \/><span style=\"color: #000000;\">o Calculo para ISR<\/span><br \/><span style=\"color: #000000;\">\u00b7 C\u00e1lculo de la prima vacacional<\/span><br \/><span style=\"color: #000000;\">o Definici\u00f3n<\/span><br \/><span style=\"color: #000000;\">o Calculo<\/span><br \/><span style=\"color: #000000;\">o Marco jur\u00eddico<\/span><br \/><span style=\"color: #000000;\">o Calculo para IMSS<\/span><br \/><span style=\"color: #000000;\">o Calculo para ISR<\/span><br \/><span style=\"color: #000000;\">\u00b7 Proceso modificaci\u00f3n SBC<\/span><br \/><span style=\"color: #000000;\">\u00b7 Salario M\u00ednimo y Unidad de Medida de Actualizaci\u00f3n para 2023<\/span><br \/><span style=\"color: #000000;\">\u00b7 Finiquitos y liquidaciones<\/span><\/p>\t\t\t\t\t\t\t\t<\/div>\n\t\t\t\t<\/div>\n\t\t\t\t\t<\/div>\n\t\t<\/div>\n\t\t\t\t<div class=\"elementor-column elementor-col-50 elementor-top-column elementor-element elementor-element-7c647a6\" data-id=\"7c647a6\" data-element_type=\"column\">\n\t\t\t<div class=\"elementor-widget-wrap elementor-element-populated\">\n\t\t\t\t\t\t<div class=\"elementor-element elementor-element-6126415 elementor-widget elementor-widget-text-editor\" data-id=\"6126415\" data-element_type=\"widget\" data-widget_type=\"text-editor.default\">\n\t\t\t\t<div class=\"elementor-widget-container\">\n\t\t\t\t\t\t\t\t\t<p><span style=\"color: #000000;\"><strong>SESION 2<\/strong><\/span><\/p><p>NOMINAS 2023<br \/>\u00b7 Introducci\u00f3n<br \/>o Pagos provisionales a cuenta del ISR anual<br \/>o Requisitos para deducir salarios e ingresos asimilables en el ISR<br \/>\u00b7 Obligaciones de los trabajadores y asimilables<br \/>o Datos para ser inscrito en el RFC<br \/>o Solicitar constancia de remuneraciones y retenciones<br \/>o Presentar declaraci\u00f3n anual<br \/>o Comunicado de prestaci\u00f3n de servicios a otro patr\u00f3n<br \/>\u00b7 Obligaciones del empleador<br \/>o Efectuar la retenci\u00f3n y entero del ISR<br \/>o Calcular el ISR anual<br \/>o Proporcionar constancias<br \/>o Solicitar constancias, cerciorarse de la inscripci\u00f3n al RFC y solicitar comunicado de la prestaci\u00f3n de servicios a otro empleador<br \/>o Presentar declaraci\u00f3n informativa<br \/>o Solicitar RFC o datos para inscribir al trabajador o asimilable<br \/>\u00b7 Ingresos de trabajadores e ingresos que se asimilan a salarios<br \/>o Ingresos de trabajadores<br \/>o Ingresos que se asimilan a salarios<br \/>\u2022 Ingresos en cr\u00e9dito por salarios y asimilables<br \/>\u00b7 Ingresos exentos<br \/>\u00b7 Obligaci\u00f3n, procedimiento y situaciones que pueden presentarse al efectuar el c\u00e1lculo del ISR anual<br \/>o Obligaci\u00f3n de efectuar el c\u00e1lculo del ISR anual<br \/>o Procedimiento para efectuar el c\u00e1lculo del ISR anual<br \/>o Saldo a cargo del trabajador o asimilable<br \/>o Saldo a favor del trabajador o asimilable<br \/>o Solicitud de devoluci\u00f3n del saldo a favor, por parte del trabajador o asimilable<br \/>o Compensaci\u00f3n de saldos a favor contra retenciones de ISR de otros trabajadores o asimilables<br \/>\u00b7 El subsidio para el empleo en el c\u00e1lculo del ISR anual<br \/>\u00b7 Cambio en las Tarifas aplicables para 2023.<br \/>\u00b7 C\u00e1lculo opcional del ISR del aguinaldo, prima vacacional y dominical y PTU<br \/>o Retenci\u00f3n opcional por gratificaciones, primas y PTU<\/p><p><strong>SESION 3<br \/><\/strong>LEY DEL IMPUESTO SOBRE LA RENTA<br \/>\u00b7 Implicaciones entorno a la Ley del Impuesto Sobre la Renta<br \/>o Para el patr\u00f3n<br \/>o Para el trabajador<br \/>o Incremento en recaudaci\u00f3n<br \/>\u00b7 Base Gravable e Ingreso exento: c\u00e1lculo y presentaci\u00f3n<br \/>\u00b7 Recibos de n\u00f3minas<br \/>\u00b7 No deducibilidad del Ingreso Exento<br \/>IMSS e INFONAVIT<br \/>\u00b7 Introducci\u00f3n<br \/>\u00b7 marco legal<br \/>\u00b7 Actualizaci\u00f3n tablas de Cesant\u00eda y Vejez<br \/>\u00b7 Repercusi\u00f3n en materia de aportaciones de Seguridad Social<br \/>o Para el patr\u00f3n<br \/>&#8211; Avisos modificatorios por incremento en el SDI<br \/>&#8211; Mayor carga social (IMSS e INFONAVIT)<br \/>o Para el trabajador<br \/>&#8211; Incremento de aportaciones RCV<br \/>\u00b7 Integraci\u00f3n del Salario<br \/>\u00b7 C\u00e1lculo de Cuotas obrero patronales (IMSS-INFONAVIT)<br \/>\u00b7 Riesgo de Trabajo e Informativa Anual<br \/>\u00b7 Pagos Referenciados, Opini\u00f3n del cumplimiento<\/p>\t\t\t\t\t\t\t\t<\/div>\n\t\t\t\t<\/div>\n\t\t\t\t\t<\/div>\n\t\t<\/div>\n\t\t\t\t\t<\/div>\n\t\t<\/section>\n\t\t\t\t<\/div>\n\t\t","protected":false},"excerpt":{"rendered":"<p>Taller Pr\u00e1ctico de N\u00f3minas 2023 (1 M\u00f3dulo) Ponente: Miguel alarcon Diaz Fecha: 24\/05\/2023 Temario: Objetivo:\u00a0Es un taller de casos 100% practicos de n\u00f3mina. Y se abordar\u00e1n los temas de Ley Federal del Trabajo, Ley de ISR, Ley de Seguro Social e INFONAVIT SESION 1REFORMAS A LA LEY FEDERAL DEL TRABAJO\u00b7 Cuadro comparativo\u00b7 Vigencia y aplicaci\u00f3n [&hellip;]<\/p>\n","protected":false},"author":1,"featured_media":0,"parent":0,"menu_order":0,"comment_status":"closed","ping_status":"closed","template":"","meta":{"footnotes":""},"class_list":["post-29632","page","type-page","status-publish","hentry"],"_links":{"self":[{"href":"https:\/\/caficon.com\/index.php\/wp-json\/wp\/v2\/pages\/29632","targetHints":{"allow":["GET"]}}],"collection":[{"href":"https:\/\/caficon.com\/index.php\/wp-json\/wp\/v2\/pages"}],"about":[{"href":"https:\/\/caficon.com\/index.php\/wp-json\/wp\/v2\/types\/page"}],"author":[{"embeddable":true,"href":"https:\/\/caficon.com\/index.php\/wp-json\/wp\/v2\/users\/1"}],"replies":[{"embeddable":true,"href":"https:\/\/caficon.com\/index.php\/wp-json\/wp\/v2\/comments?post=29632"}],"version-history":[{"count":13,"href":"https:\/\/caficon.com\/index.php\/wp-json\/wp\/v2\/pages\/29632\/revisions"}],"predecessor-version":[{"id":30920,"href":"https:\/\/caficon.com\/index.php\/wp-json\/wp\/v2\/pages\/29632\/revisions\/30920"}],"wp:attachment":[{"href":"https:\/\/caficon.com\/index.php\/wp-json\/wp\/v2\/media?parent=29632"}],"curies":[{"name":"wp","href":"https:\/\/api.w.org\/{rel}","templated":true}]}}