{"id":29511,"date":"2023-02-28T20:38:51","date_gmt":"2023-02-28T20:38:51","guid":{"rendered":"https:\/\/caficon.com\/?page_id=29511"},"modified":"2023-03-06T21:47:47","modified_gmt":"2023-03-06T21:47:47","slug":"curso-8","status":"publish","type":"page","link":"https:\/\/caficon.com\/index.php\/curso-8\/","title":{"rendered":"Curso 8"},"content":{"rendered":"\t\t<div data-elementor-type=\"wp-page\" data-elementor-id=\"29511\" class=\"elementor elementor-29511\" data-elementor-post-type=\"page\">\n\t\t\t\t\t\t<section class=\"elementor-section elementor-top-section elementor-element elementor-element-4d8a3cf elementor-section-boxed elementor-section-height-default elementor-section-height-default\" data-id=\"4d8a3cf\" data-element_type=\"section\">\n\t\t\t\t\t\t<div class=\"elementor-container elementor-column-gap-default\">\n\t\t\t\t\t<div class=\"elementor-column elementor-col-50 elementor-top-column elementor-element elementor-element-6428d73 elementor-invisible\" data-id=\"6428d73\" data-element_type=\"column\" data-settings=\"{&quot;animation&quot;:&quot;bounceInLeft&quot;}\">\n\t\t\t<div class=\"elementor-widget-wrap elementor-element-populated\">\n\t\t\t\t\t\t<div class=\"elementor-element elementor-element-e4d5479 elementor-widget elementor-widget-image\" data-id=\"e4d5479\" data-element_type=\"widget\" data-widget_type=\"image.default\">\n\t\t\t\t<div class=\"elementor-widget-container\">\n\t\t\t\t\t\t\t\t\t\t\t\t\t\t\t<img fetchpriority=\"high\" decoding=\"async\" width=\"800\" height=\"800\" src=\"https:\/\/caficon.com\/wp-content\/uploads\/2023\/02\/8-1024x1024.png\" class=\"attachment-large size-large wp-image-29083\" alt=\"\" srcset=\"https:\/\/caficon.com\/wp-content\/uploads\/2023\/02\/8-1024x1024.png 1024w, https:\/\/caficon.com\/wp-content\/uploads\/2023\/02\/8-300x300.png 300w, https:\/\/caficon.com\/wp-content\/uploads\/2023\/02\/8-100x100.png 100w, https:\/\/caficon.com\/wp-content\/uploads\/2023\/02\/8-600x600.png 600w, https:\/\/caficon.com\/wp-content\/uploads\/2023\/02\/8-150x150.png 150w, https:\/\/caficon.com\/wp-content\/uploads\/2023\/02\/8-768x768.png 768w, https:\/\/caficon.com\/wp-content\/uploads\/2023\/02\/8.png 1100w\" sizes=\"(max-width: 800px) 100vw, 800px\" \/>\t\t\t\t\t\t\t\t\t\t\t\t\t\t\t<\/div>\n\t\t\t\t<\/div>\n\t\t\t\t\t<\/div>\n\t\t<\/div>\n\t\t\t\t<div class=\"elementor-column elementor-col-50 elementor-top-column elementor-element elementor-element-7dc459f elementor-invisible\" data-id=\"7dc459f\" data-element_type=\"column\" data-settings=\"{&quot;animation&quot;:&quot;bounceInRight&quot;}\">\n\t\t\t<div class=\"elementor-widget-wrap elementor-element-populated\">\n\t\t\t\t\t\t<div class=\"elementor-element elementor-element-5320959 elementor-widget elementor-widget-heading\" data-id=\"5320959\" data-element_type=\"widget\" data-widget_type=\"heading.default\">\n\t\t\t\t<div class=\"elementor-widget-container\">\n\t\t\t\t\t<h2 class=\"elementor-heading-title elementor-size-default\">Timbrado 4.0 Facturacion Comercial y Nominas CONTPAQi<\/h2>\t\t\t\t<\/div>\n\t\t\t\t<\/div>\n\t\t\t\t<div class=\"elementor-element elementor-element-deea85e elementor-widget elementor-widget-spacer\" data-id=\"deea85e\" data-element_type=\"widget\" data-widget_type=\"spacer.default\">\n\t\t\t\t<div class=\"elementor-widget-container\">\n\t\t\t\t\t\t\t<div class=\"elementor-spacer\">\n\t\t\t<div class=\"elementor-spacer-inner\"><\/div>\n\t\t<\/div>\n\t\t\t\t\t\t<\/div>\n\t\t\t\t<\/div>\n\t\t\t\t<div class=\"elementor-element elementor-element-98a3f62 elementor-widget elementor-widget-text-editor\" data-id=\"98a3f62\" data-element_type=\"widget\" data-widget_type=\"text-editor.default\">\n\t\t\t\t<div class=\"elementor-widget-container\">\n\t\t\t\t\t\t\t\t\t<p><span style=\"color: #000000;\">Ponente:<\/span><\/p><p style=\"text-align: center;\">Ing. Emanuel Castillo<\/p>\t\t\t\t\t\t\t\t<\/div>\n\t\t\t\t<\/div>\n\t\t\t\t<div class=\"elementor-element elementor-element-7b65627 elementor-widget elementor-widget-text-editor\" data-id=\"7b65627\" data-element_type=\"widget\" data-widget_type=\"text-editor.default\">\n\t\t\t\t<div class=\"elementor-widget-container\">\n\t\t\t\t\t\t\t\t\t<p><span style=\"color: #000000;\">Fecha:<\/span><\/p><p style=\"text-align: center;\">02\/03\/2023<\/p>\t\t\t\t\t\t\t\t<\/div>\n\t\t\t\t<\/div>\n\t\t\t\t\t<\/div>\n\t\t<\/div>\n\t\t\t\t\t<\/div>\n\t\t<\/section>\n\t\t\t\t<section class=\"elementor-section elementor-top-section elementor-element elementor-element-338f59c elementor-section-boxed elementor-section-height-default elementor-section-height-default\" data-id=\"338f59c\" data-element_type=\"section\">\n\t\t\t\t\t\t<div class=\"elementor-container elementor-column-gap-default\">\n\t\t\t\t\t<div class=\"elementor-column elementor-col-100 elementor-top-column elementor-element elementor-element-1b0fa10\" data-id=\"1b0fa10\" data-element_type=\"column\">\n\t\t\t<div class=\"elementor-widget-wrap elementor-element-populated\">\n\t\t\t\t\t\t<div class=\"elementor-element elementor-element-2205de1 elementor-invisible elementor-widget elementor-widget-heading\" data-id=\"2205de1\" data-element_type=\"widget\" data-settings=\"{&quot;_animation&quot;:&quot;fadeInDown&quot;}\" data-widget_type=\"heading.default\">\n\t\t\t\t<div class=\"elementor-widget-container\">\n\t\t\t\t\t<h2 class=\"elementor-heading-title elementor-size-default\">Temario:<\/h2>\t\t\t\t<\/div>\n\t\t\t\t<\/div>\n\t\t\t\t\t<\/div>\n\t\t<\/div>\n\t\t\t\t\t<\/div>\n\t\t<\/section>\n\t\t\t\t<section class=\"elementor-section elementor-top-section elementor-element elementor-element-52758fa elementor-section-boxed elementor-section-height-default elementor-section-height-default elementor-invisible\" data-id=\"52758fa\" data-element_type=\"section\" data-settings=\"{&quot;animation&quot;:&quot;fadeInDown&quot;}\">\n\t\t\t\t\t\t<div class=\"elementor-container elementor-column-gap-default\">\n\t\t\t\t\t<div class=\"elementor-column elementor-col-50 elementor-top-column elementor-element elementor-element-026799e\" data-id=\"026799e\" data-element_type=\"column\">\n\t\t\t<div class=\"elementor-widget-wrap elementor-element-populated\">\n\t\t\t\t\t\t<div class=\"elementor-element elementor-element-3e6920d elementor-widget elementor-widget-text-editor\" data-id=\"3e6920d\" data-element_type=\"widget\" data-widget_type=\"text-editor.default\">\n\t\t\t\t<div class=\"elementor-widget-container\">\n\t\t\t\t\t\t\t\t\t<table><tbody><tr><td width=\"153\"><p>Datos que requiero<\/p><\/td><td width=\"33\">\u00a0<\/td><td width=\"376\"><p>Cambios que se aplican a CONTPAQ i<\/p><p>Datos con los que ya cuento como empresa de CONTPAQ i Validaci\u00f3n de informaci\u00f3n<\/p><\/td><\/tr><tr><td width=\"153\"><p>Factura Electr\u00f3nica Comercial Premium<\/p><\/td><td width=\"33\">\u00a0<\/td><td width=\"376\"><p>Cargado de los nuevos datos al catalogo CONTPAQ i Configuraci\u00f3n de nueva plantilla 4.0<\/p><p>Adecuaci\u00f3n de datos adicionales<\/p><\/td><\/tr><tr><td width=\"153\"><p>Nominas<\/p><\/td><td width=\"33\">\u00a0<\/td><td width=\"376\"><p>Que datos debo solicitar al empleado para mi timbrado Donde coloco los nuevos datos que hacienda me solicita<\/p><p>Como cargar masivamente mi informaci\u00f3n al sistema CONTPAQ<\/p><\/td><\/tr><tr><td width=\"153\"><p>Que errores puedo<\/p><p>presentar<\/p><\/td><td width=\"33\">\u00a0<\/td><td width=\"376\"><p>Mensajes de alerta por el sistema<\/p><\/td><\/tr><tr><td width=\"153\"><p>Es conveniente esperarme hasta el 1ro de Abril<\/p><\/td><td width=\"33\">\u00a0<\/td><td width=\"376\"><p>Implicaciones que puedo presentar<\/p><p>Que demoras abra al no contar con los datos Que pasa si no cuento con los datos<\/p><\/td><\/tr><tr><td width=\"153\"><p>CONTPAQ i<\/p><\/td><td width=\"33\">\u00a0<\/td><td width=\"376\"><p>Cuales son las versiones que emiten y reciben 4.0<\/p><\/td><\/tr><\/tbody><\/table><p>Los temas impartidos pueden variar el orden, pero se abarcar\u00e1n sin ning\u00fan problema. Se solicita que el usuario en caso de configurar su sistema al momento de la capacitaci\u00f3n disponga de toda su informaci\u00f3n para evitar tiempos muertos.<\/p>\t\t\t\t\t\t\t\t<\/div>\n\t\t\t\t<\/div>\n\t\t\t\t\t<\/div>\n\t\t<\/div>\n\t\t\t\t<div class=\"elementor-column elementor-col-50 elementor-top-column elementor-element elementor-element-4c2bf6e\" data-id=\"4c2bf6e\" data-element_type=\"column\">\n\t\t\t<div class=\"elementor-widget-wrap elementor-element-populated\">\n\t\t\t\t\t\t<div class=\"elementor-element elementor-element-e7b49d2 elementor-hidden-desktop elementor-hidden-tablet elementor-hidden-mobile elementor-widget elementor-widget-text-editor\" data-id=\"e7b49d2\" data-element_type=\"widget\" data-widget_type=\"text-editor.default\">\n\t\t\t\t<div class=\"elementor-widget-container\">\n\t\t\t\t\t\t\t\t\t<p>4. CALCULOS FISCALES SOLICITADOS EN LA DECLARACION ANUAL<\/p><p>a. Determinaci\u00f3n del ISR del ejercicio 2022<br \/>b. Determinaci\u00f3n de la CUFIN<br \/>c. Determinaci\u00f3n de la CUCA<br \/>d. Actualizaci\u00f3n de p\u00e9rdidas fiscales<br \/>e. Determinaci\u00f3n de la PTU<br \/>f. Ajuste anual por inflaci\u00f3n<\/p><p>5. Informaci\u00f3n adicional<\/p><p>a. C\u00e9dulas en MS Excel para la determinaci\u00f3n del ISR<\/p><p>6. Comentarios y precisiones a los Estados Financieros solicitados por el SAT<\/p><p>a. Estado de Posici\u00f3n Financiera<br \/>b. Estado de Resultados<br \/>c. Estado de Flujo de Efectivo<br \/>d. Estado de Cambios en el Capital Contable<br \/>e. Estados Financiero comparados y notas a los mismos<\/p>\t\t\t\t\t\t\t\t<\/div>\n\t\t\t\t<\/div>\n\t\t\t\t\t<\/div>\n\t\t<\/div>\n\t\t\t\t\t<\/div>\n\t\t<\/section>\n\t\t\t\t<\/div>\n\t\t","protected":false},"excerpt":{"rendered":"<p>Timbrado 4.0 Facturacion Comercial y Nominas CONTPAQi Ponente: Ing. Emanuel Castillo Fecha: 02\/03\/2023 Temario: Datos que requiero \u00a0 Cambios que se aplican a CONTPAQ i Datos con los que ya cuento como empresa de CONTPAQ i Validaci\u00f3n de informaci\u00f3n Factura Electr\u00f3nica Comercial Premium \u00a0 Cargado de los nuevos datos al catalogo CONTPAQ i Configuraci\u00f3n de [&hellip;]<\/p>\n","protected":false},"author":1,"featured_media":0,"parent":0,"menu_order":0,"comment_status":"closed","ping_status":"closed","template":"","meta":{"footnotes":""},"class_list":["post-29511","page","type-page","status-publish","hentry"],"_links":{"self":[{"href":"https:\/\/caficon.com\/index.php\/wp-json\/wp\/v2\/pages\/29511","targetHints":{"allow":["GET"]}}],"collection":[{"href":"https:\/\/caficon.com\/index.php\/wp-json\/wp\/v2\/pages"}],"about":[{"href":"https:\/\/caficon.com\/index.php\/wp-json\/wp\/v2\/types\/page"}],"author":[{"embeddable":true,"href":"https:\/\/caficon.com\/index.php\/wp-json\/wp\/v2\/users\/1"}],"replies":[{"embeddable":true,"href":"https:\/\/caficon.com\/index.php\/wp-json\/wp\/v2\/comments?post=29511"}],"version-history":[{"count":13,"href":"https:\/\/caficon.com\/index.php\/wp-json\/wp\/v2\/pages\/29511\/revisions"}],"predecessor-version":[{"id":29674,"href":"https:\/\/caficon.com\/index.php\/wp-json\/wp\/v2\/pages\/29511\/revisions\/29674"}],"wp:attachment":[{"href":"https:\/\/caficon.com\/index.php\/wp-json\/wp\/v2\/media?parent=29511"}],"curies":[{"name":"wp","href":"https:\/\/api.w.org\/{rel}","templated":true}]}}