{"id":28913,"date":"2023-02-08T21:56:20","date_gmt":"2023-02-08T21:56:20","guid":{"rendered":"https:\/\/caficon.com\/?page_id=28913"},"modified":"2023-04-11T22:14:06","modified_gmt":"2023-04-11T22:14:06","slug":"calendario-6","status":"publish","type":"page","link":"https:\/\/caficon.com\/index.php\/calendario-6\/","title":{"rendered":"Calendario 6"},"content":{"rendered":"\t\t<div data-elementor-type=\"wp-page\" data-elementor-id=\"28913\" class=\"elementor elementor-28913\" data-elementor-post-type=\"page\">\n\t\t\t\t\t\t<section class=\"elementor-section elementor-top-section elementor-element elementor-element-d3c5915 elementor-section-boxed elementor-section-height-default elementor-section-height-default\" data-id=\"d3c5915\" data-element_type=\"section\">\n\t\t\t\t\t\t<div class=\"elementor-container elementor-column-gap-default\">\n\t\t\t\t\t<div class=\"elementor-column elementor-col-50 elementor-top-column elementor-element elementor-element-90123b1 elementor-invisible\" data-id=\"90123b1\" data-element_type=\"column\" data-settings=\"{&quot;animation&quot;:&quot;bounceInLeft&quot;}\">\n\t\t\t<div class=\"elementor-widget-wrap elementor-element-populated\">\n\t\t\t\t\t\t<div class=\"elementor-element elementor-element-9a360db elementor-widget elementor-widget-image\" data-id=\"9a360db\" data-element_type=\"widget\" data-widget_type=\"image.default\">\n\t\t\t\t<div class=\"elementor-widget-container\">\n\t\t\t\t\t\t\t\t\t\t\t\t\t\t\t<img fetchpriority=\"high\" decoding=\"async\" width=\"800\" height=\"800\" src=\"https:\/\/caficon.com\/wp-content\/uploads\/2023\/04\/Abril-1024x1024.png\" class=\"attachment-large size-large wp-image-30579\" alt=\"\" srcset=\"https:\/\/caficon.com\/wp-content\/uploads\/2023\/04\/Abril-1024x1024.png 1024w, https:\/\/caficon.com\/wp-content\/uploads\/2023\/04\/Abril-300x300.png 300w, https:\/\/caficon.com\/wp-content\/uploads\/2023\/04\/Abril-100x100.png 100w, https:\/\/caficon.com\/wp-content\/uploads\/2023\/04\/Abril-600x600.png 600w, https:\/\/caficon.com\/wp-content\/uploads\/2023\/04\/Abril-150x150.png 150w, https:\/\/caficon.com\/wp-content\/uploads\/2023\/04\/Abril-768x768.png 768w, https:\/\/caficon.com\/wp-content\/uploads\/2023\/04\/Abril.png 1100w\" sizes=\"(max-width: 800px) 100vw, 800px\" \/>\t\t\t\t\t\t\t\t\t\t\t\t\t\t\t<\/div>\n\t\t\t\t<\/div>\n\t\t\t\t\t<\/div>\n\t\t<\/div>\n\t\t\t\t<div class=\"elementor-column elementor-col-50 elementor-top-column elementor-element elementor-element-5c52c8a elementor-invisible\" data-id=\"5c52c8a\" data-element_type=\"column\" data-settings=\"{&quot;animation&quot;:&quot;bounceInRight&quot;}\">\n\t\t\t<div class=\"elementor-widget-wrap elementor-element-populated\">\n\t\t\t\t\t\t<div class=\"elementor-element elementor-element-9b4b4cb elementor-widget elementor-widget-heading\" data-id=\"9b4b4cb\" data-element_type=\"widget\" data-widget_type=\"heading.default\">\n\t\t\t\t<div class=\"elementor-widget-container\">\n\t\t\t\t\t<h2 class=\"elementor-heading-title elementor-size-default\">Declaraci\u00f3n Anual Personas F\u00edsicas 2022(Practico)<\/h2>\t\t\t\t<\/div>\n\t\t\t\t<\/div>\n\t\t\t\t<div class=\"elementor-element elementor-element-9ac130b elementor-widget elementor-widget-spacer\" data-id=\"9ac130b\" data-element_type=\"widget\" data-widget_type=\"spacer.default\">\n\t\t\t\t<div class=\"elementor-widget-container\">\n\t\t\t\t\t\t\t<div class=\"elementor-spacer\">\n\t\t\t<div class=\"elementor-spacer-inner\"><\/div>\n\t\t<\/div>\n\t\t\t\t\t\t<\/div>\n\t\t\t\t<\/div>\n\t\t\t\t<div class=\"elementor-element elementor-element-f4839fe elementor-widget elementor-widget-text-editor\" data-id=\"f4839fe\" data-element_type=\"widget\" data-widget_type=\"text-editor.default\">\n\t\t\t\t<div class=\"elementor-widget-container\">\n\t\t\t\t\t\t\t\t\t<p><span style=\"color: #000000;\">Ponente:<\/span><\/p><p style=\"text-align: center;\">C.P. Alberto Monroy Salinas<\/p>\t\t\t\t\t\t\t\t<\/div>\n\t\t\t\t<\/div>\n\t\t\t\t<div class=\"elementor-element elementor-element-08794cc elementor-widget elementor-widget-text-editor\" data-id=\"08794cc\" data-element_type=\"widget\" data-widget_type=\"text-editor.default\">\n\t\t\t\t<div class=\"elementor-widget-container\">\n\t\t\t\t\t\t\t\t\t<p><span style=\"color: #000000;\">Fecha:<\/span><\/p><p style=\"text-align: center;\">13\/04\/2023<\/p>\t\t\t\t\t\t\t\t<\/div>\n\t\t\t\t<\/div>\n\t\t\t\t\t<\/div>\n\t\t<\/div>\n\t\t\t\t\t<\/div>\n\t\t<\/section>\n\t\t\t\t<section class=\"elementor-section elementor-top-section elementor-element elementor-element-b99f139 elementor-section-boxed elementor-section-height-default elementor-section-height-default\" data-id=\"b99f139\" data-element_type=\"section\">\n\t\t\t\t\t\t<div class=\"elementor-container elementor-column-gap-default\">\n\t\t\t\t\t<div class=\"elementor-column elementor-col-100 elementor-top-column elementor-element elementor-element-65c55b4\" data-id=\"65c55b4\" data-element_type=\"column\">\n\t\t\t<div class=\"elementor-widget-wrap elementor-element-populated\">\n\t\t\t\t\t\t<div class=\"elementor-element elementor-element-5a04f90 elementor-invisible elementor-widget elementor-widget-heading\" data-id=\"5a04f90\" data-element_type=\"widget\" data-settings=\"{&quot;_animation&quot;:&quot;fadeInDown&quot;}\" data-widget_type=\"heading.default\">\n\t\t\t\t<div class=\"elementor-widget-container\">\n\t\t\t\t\t<h2 class=\"elementor-heading-title elementor-size-default\">Temario:<\/h2>\t\t\t\t<\/div>\n\t\t\t\t<\/div>\n\t\t\t\t\t<\/div>\n\t\t<\/div>\n\t\t\t\t\t<\/div>\n\t\t<\/section>\n\t\t\t\t<section class=\"elementor-section elementor-top-section elementor-element elementor-element-c6072f9 elementor-section-boxed elementor-section-height-default elementor-section-height-default elementor-invisible\" data-id=\"c6072f9\" data-element_type=\"section\" data-settings=\"{&quot;animation&quot;:&quot;fadeInDown&quot;}\">\n\t\t\t\t\t\t<div class=\"elementor-container elementor-column-gap-default\">\n\t\t\t\t\t<div class=\"elementor-column elementor-col-50 elementor-top-column elementor-element elementor-element-57c8bd8\" data-id=\"57c8bd8\" data-element_type=\"column\">\n\t\t\t<div class=\"elementor-widget-wrap elementor-element-populated\">\n\t\t\t\t\t\t<div class=\"elementor-element elementor-element-5cf13d9 elementor-widget elementor-widget-text-editor\" data-id=\"5cf13d9\" data-element_type=\"widget\" data-widget_type=\"text-editor.default\">\n\t\t\t\t<div class=\"elementor-widget-container\">\n\t\t\t\t\t\t\t\t\t<p>Disposiciones generales de la declaraci\u00f3n anual<\/p><p>Tarifas para el c\u00e1lculo de los ejercicios fiscales de 2022<\/p><p>\u00bfQu\u00e9 datos informativos debo de declarar?<\/p><p>Deducciones personales<\/p><p>Visor de deducciones personales<\/p><p>Est\u00edmulos fiscales<\/p><p>Sueldos y asimilados a salarios<\/p><p>Obligaci\u00f3n de presentar la declaraci\u00f3n anual<\/p><p>Ingresos gravados y exentos<\/p><p>Visor del SAT para trabajadores (siempre que cuente con su contrase\u00f1a)<\/p><p>Detectar errores en la emisi\u00f3n del CFDI de n\u00f3mina y solicitar la sustituci\u00f3n de este<\/p><p>\u00bfQu\u00e9 hacer en el caso de que me emitan un CFDI de n\u00f3mina de un contribuyente con el cual no tengo relaci\u00f3n laboral?<\/p><p>Actividad empresarial y profesional<\/p><p>Ingresos por actividad empresarial<\/p><p>Ingresos por servicios profesionales<\/p><p>Deducciones autorizadas<\/p><p>Plataformas tecnol\u00f3gicas<\/p>\t\t\t\t\t\t\t\t<\/div>\n\t\t\t\t<\/div>\n\t\t\t\t\t<\/div>\n\t\t<\/div>\n\t\t\t\t<div class=\"elementor-column elementor-col-50 elementor-top-column elementor-element elementor-element-1ae6e42\" data-id=\"1ae6e42\" data-element_type=\"column\">\n\t\t\t<div class=\"elementor-widget-wrap elementor-element-populated\">\n\t\t\t\t\t\t<div class=\"elementor-element elementor-element-cd0fca5 elementor-widget elementor-widget-text-editor\" data-id=\"cd0fca5\" data-element_type=\"widget\" data-widget_type=\"text-editor.default\">\n\t\t\t\t<div class=\"elementor-widget-container\">\n\t\t\t\t\t\t\t\t\t<p>RESICO<\/p><p>Arrendamiento de inmuebles<\/p><p>Ingresos acumulables<\/p><p>Deducciones autorizadas<\/p><p>Comprobadas<\/p><p>Opcionales<\/p><p>Requisitos de las deducciones<\/p><p>Ingresos por enajenaci\u00f3n de bienes<\/p><p>Bien mueble<\/p><p>Bien inmueble<\/p><p>Ingresos por adquisici\u00f3n de bienes<\/p><p>Ingresos acumulables<\/p><p>Deducciones autorizadas<\/p><p>Ingresos por intereses<\/p><p>Ingresos por la obtenci\u00f3n de premios<\/p><p>Ingresos por dividendos<\/p><p>Ingreso piramidado<\/p><p>Acreditamiento del ISR pagado por la empresa<\/p><p>Requisito para el acreditamiento del ISR<\/p><p>De los dem\u00e1s ingresos<\/p><p>Opci\u00f3n de acumulaci\u00f3n<\/p><p>Determinaci\u00f3n del ISR anual 2022<\/p>\t\t\t\t\t\t\t\t<\/div>\n\t\t\t\t<\/div>\n\t\t\t\t\t<\/div>\n\t\t<\/div>\n\t\t\t\t\t<\/div>\n\t\t<\/section>\n\t\t\t\t<\/div>\n\t\t","protected":false},"excerpt":{"rendered":"<p>Declaraci\u00f3n Anual Personas F\u00edsicas 2022(Practico) Ponente: C.P. Alberto Monroy Salinas Fecha: 13\/04\/2023 Temario: Disposiciones generales de la declaraci\u00f3n anual Tarifas para el c\u00e1lculo de los ejercicios fiscales de 2022 \u00bfQu\u00e9 datos informativos debo de declarar? Deducciones personales Visor de deducciones personales Est\u00edmulos fiscales Sueldos y asimilados a salarios Obligaci\u00f3n de presentar la declaraci\u00f3n anual Ingresos [&hellip;]<\/p>\n","protected":false},"author":1,"featured_media":0,"parent":0,"menu_order":0,"comment_status":"closed","ping_status":"closed","template":"","meta":{"footnotes":""},"class_list":["post-28913","page","type-page","status-publish","hentry"],"_links":{"self":[{"href":"https:\/\/caficon.com\/index.php\/wp-json\/wp\/v2\/pages\/28913","targetHints":{"allow":["GET"]}}],"collection":[{"href":"https:\/\/caficon.com\/index.php\/wp-json\/wp\/v2\/pages"}],"about":[{"href":"https:\/\/caficon.com\/index.php\/wp-json\/wp\/v2\/types\/page"}],"author":[{"embeddable":true,"href":"https:\/\/caficon.com\/index.php\/wp-json\/wp\/v2\/users\/1"}],"replies":[{"embeddable":true,"href":"https:\/\/caficon.com\/index.php\/wp-json\/wp\/v2\/comments?post=28913"}],"version-history":[{"count":10,"href":"https:\/\/caficon.com\/index.php\/wp-json\/wp\/v2\/pages\/28913\/revisions"}],"predecessor-version":[{"id":30630,"href":"https:\/\/caficon.com\/index.php\/wp-json\/wp\/v2\/pages\/28913\/revisions\/30630"}],"wp:attachment":[{"href":"https:\/\/caficon.com\/index.php\/wp-json\/wp\/v2\/media?parent=28913"}],"curies":[{"name":"wp","href":"https:\/\/api.w.org\/{rel}","templated":true}]}}