{"id":27337,"date":"2022-11-17T00:50:18","date_gmt":"2022-11-17T00:50:18","guid":{"rendered":"https:\/\/caficon.com\/?page_id=27337"},"modified":"2022-11-17T00:58:43","modified_gmt":"2022-11-17T00:58:43","slug":"nom-035-riesgos-psicosociales-diagnostico-organizacional-y-proceso-de-implementacion-para-su-cumplimiento","status":"publish","type":"page","link":"https:\/\/caficon.com\/index.php\/nom-035-riesgos-psicosociales-diagnostico-organizacional-y-proceso-de-implementacion-para-su-cumplimiento\/","title":{"rendered":"Nom-035 Riesgos Psicosociales (Diagn\u00f3stico Organizacional y proceso de Implementacion para su Cumplimiento)"},"content":{"rendered":"\t\t<div data-elementor-type=\"wp-page\" data-elementor-id=\"27337\" class=\"elementor elementor-27337\" data-elementor-post-type=\"page\">\n\t\t\t\t\t\t<section class=\"elementor-section elementor-top-section elementor-element elementor-element-84a03a2 elementor-section-boxed elementor-section-height-default elementor-section-height-default\" data-id=\"84a03a2\" data-element_type=\"section\">\n\t\t\t\t\t\t<div class=\"elementor-container elementor-column-gap-default\">\n\t\t\t\t\t<div class=\"elementor-column elementor-col-50 elementor-top-column elementor-element elementor-element-824a337\" data-id=\"824a337\" data-element_type=\"column\">\n\t\t\t<div class=\"elementor-widget-wrap elementor-element-populated\">\n\t\t\t\t\t\t<div class=\"elementor-element elementor-element-6f0826d elementor-widget elementor-widget-heading\" data-id=\"6f0826d\" data-element_type=\"widget\" data-widget_type=\"heading.default\">\n\t\t\t\t<div class=\"elementor-widget-container\">\n\t\t\t\t\t<h3 class=\"elementor-heading-title elementor-size-default\">Temario :<\/h3>\t\t\t\t<\/div>\n\t\t\t\t<\/div>\n\t\t\t\t<div class=\"elementor-element elementor-element-7ef4252 elementor-widget elementor-widget-text-editor\" data-id=\"7ef4252\" data-element_type=\"widget\" data-widget_type=\"text-editor.default\">\n\t\t\t\t<div class=\"elementor-widget-container\">\n\t\t\t\t\t\t\t\t\t<p><strong>Objetivo:<\/strong><\/p><p>\u2022 Concientizar al participante sobre la importancia de la aplicaci\u00f3n de la norma, as\u00ed como de<br \/>las sanciones establecidas por la misma ante distintos escenarios de incumplimiento.<br \/>\u2022 Conocer los elementos a considerar para la evaluaci\u00f3n y acreditaci\u00f3n de la norma.<br \/>\u2022 Establecer los elementos para identificar, analizar y prevenir los factores de riesgo<br \/>psicosocial para promover una cultura organizacional saludable.<\/p>\t\t\t\t\t\t\t\t<\/div>\n\t\t\t\t<\/div>\n\t\t\t\t\t<\/div>\n\t\t<\/div>\n\t\t\t\t<div class=\"elementor-column elementor-col-50 elementor-top-column elementor-element elementor-element-1882e01\" data-id=\"1882e01\" data-element_type=\"column\">\n\t\t\t<div class=\"elementor-widget-wrap elementor-element-populated\">\n\t\t\t\t\t\t<div class=\"elementor-element elementor-element-e7ce450 elementor-widget elementor-widget-text-editor\" data-id=\"e7ce450\" data-element_type=\"widget\" data-widget_type=\"text-editor.default\">\n\t\t\t\t<div class=\"elementor-widget-container\">\n\t\t\t\t\t\t\t\t\t<p><strong>Contenido:<br \/><\/strong><br \/>1. NOM035 Riesgos Psicosociales<br \/>a. Antecedentes<br \/>b. Caracter\u00edsticas e Implicaciones<br \/>c. Problem\u00e1tica actual de las organizaciones de trabajo<br \/>d. Estr\u00e9s y productividad<br \/>2. Pol\u00edtica de prevenci\u00f3n<br \/>a. Elaboraci\u00f3n<br \/>b. Difusi\u00f3n<br \/>3. Acontecimientos traum\u00e1ticos severos y su impacto en los trabajadores y la productividad<br \/>a. Identificaci\u00f3n, Calificaci\u00f3n, Canalizaci\u00f3n y Seguimiento<br \/>4. Factores de riesgo psicosocial<br \/>a. Identificaci\u00f3n, Calificaci\u00f3n, An\u00e1lisis e interpretaci\u00f3n y Determinaci\u00f3n del nivel de<br \/>riesgo<br \/>5. Evaluaci\u00f3n del entorno organizacional<br \/>a. Identificaci\u00f3n, Calificaci\u00f3n, An\u00e1lisis e interpretaci\u00f3n y Determinaci\u00f3n del nivel de<br \/>riesgo<br \/>6. Medidas de prevenci\u00f3n y control<br \/>7. Estrategia de comunicaci\u00f3n<br \/>8. Evidencias\u00a0Integraci\u00f3n<\/p>\t\t\t\t\t\t\t\t<\/div>\n\t\t\t\t<\/div>\n\t\t\t\t\t<\/div>\n\t\t<\/div>\n\t\t\t\t\t<\/div>\n\t\t<\/section>\n\t\t\t\t<\/div>\n\t\t","protected":false},"excerpt":{"rendered":"<p>Temario : Objetivo: \u2022 Concientizar al participante sobre la importancia de la aplicaci\u00f3n de la norma, as\u00ed como delas sanciones establecidas por la misma ante distintos escenarios de incumplimiento.\u2022 Conocer los elementos a considerar para la evaluaci\u00f3n y acreditaci\u00f3n de la norma.\u2022 Establecer los elementos para identificar, analizar y prevenir los factores de riesgopsicosocial para [&hellip;]<\/p>\n","protected":false},"author":1,"featured_media":0,"parent":0,"menu_order":0,"comment_status":"closed","ping_status":"closed","template":"","meta":{"footnotes":""},"class_list":["post-27337","page","type-page","status-publish","hentry"],"_links":{"self":[{"href":"https:\/\/caficon.com\/index.php\/wp-json\/wp\/v2\/pages\/27337","targetHints":{"allow":["GET"]}}],"collection":[{"href":"https:\/\/caficon.com\/index.php\/wp-json\/wp\/v2\/pages"}],"about":[{"href":"https:\/\/caficon.com\/index.php\/wp-json\/wp\/v2\/types\/page"}],"author":[{"embeddable":true,"href":"https:\/\/caficon.com\/index.php\/wp-json\/wp\/v2\/users\/1"}],"replies":[{"embeddable":true,"href":"https:\/\/caficon.com\/index.php\/wp-json\/wp\/v2\/comments?post=27337"}],"version-history":[{"count":7,"href":"https:\/\/caficon.com\/index.php\/wp-json\/wp\/v2\/pages\/27337\/revisions"}],"predecessor-version":[{"id":27358,"href":"https:\/\/caficon.com\/index.php\/wp-json\/wp\/v2\/pages\/27337\/revisions\/27358"}],"wp:attachment":[{"href":"https:\/\/caficon.com\/index.php\/wp-json\/wp\/v2\/media?parent=27337"}],"curies":[{"name":"wp","href":"https:\/\/api.w.org\/{rel}","templated":true}]}}