{"id":27150,"date":"2022-10-31T21:38:05","date_gmt":"2022-10-31T21:38:05","guid":{"rendered":"https:\/\/caficon.com\/?page_id=27150"},"modified":"2022-10-31T21:41:17","modified_gmt":"2022-10-31T21:41:17","slug":"consideraciones-para-el-cierre-contable-y-fiscal-de-p-f","status":"publish","type":"page","link":"https:\/\/caficon.com\/index.php\/consideraciones-para-el-cierre-contable-y-fiscal-de-p-f\/","title":{"rendered":"Consideraciones para el Cierre Contable y Fiscal de P.F"},"content":{"rendered":"\t\t<div data-elementor-type=\"wp-page\" data-elementor-id=\"27150\" class=\"elementor elementor-27150\" data-elementor-post-type=\"page\">\n\t\t\t\t\t\t<section class=\"elementor-section elementor-top-section elementor-element elementor-element-92fc6b8 elementor-section-boxed elementor-section-height-default elementor-section-height-default\" data-id=\"92fc6b8\" data-element_type=\"section\">\n\t\t\t\t\t\t<div class=\"elementor-container elementor-column-gap-default\">\n\t\t\t\t\t<div class=\"elementor-column elementor-col-100 elementor-top-column elementor-element elementor-element-b11a8ac\" data-id=\"b11a8ac\" data-element_type=\"column\">\n\t\t\t<div class=\"elementor-widget-wrap\">\n\t\t\t\t\t\t\t<\/div>\n\t\t<\/div>\n\t\t\t\t\t<\/div>\n\t\t<\/section>\n\t\t\t\t<section class=\"elementor-section elementor-top-section elementor-element elementor-element-b3bc389 elementor-section-full_width elementor-section-height-default elementor-section-height-default\" data-id=\"b3bc389\" data-element_type=\"section\">\n\t\t\t\t\t\t<div class=\"elementor-container elementor-column-gap-default\">\n\t\t\t\t\t<div class=\"elementor-column elementor-col-100 elementor-top-column elementor-element elementor-element-f3ae221\" data-id=\"f3ae221\" data-element_type=\"column\">\n\t\t\t<div class=\"elementor-widget-wrap elementor-element-populated\">\n\t\t\t\t\t\t<div class=\"elementor-element elementor-element-f7debb6 elementor-widget elementor-widget-heading\" data-id=\"f7debb6\" data-element_type=\"widget\" data-widget_type=\"heading.default\">\n\t\t\t\t<div class=\"elementor-widget-container\">\n\t\t\t\t\t<h2 class=\"elementor-heading-title elementor-size-default\">Que encontraras en el Temario<\/h2>\t\t\t\t<\/div>\n\t\t\t\t<\/div>\n\t\t\t\t\t<\/div>\n\t\t<\/div>\n\t\t\t\t\t<\/div>\n\t\t<\/section>\n\t\t\t\t<section class=\"elementor-section elementor-top-section elementor-element elementor-element-10b7eb2 elementor-section-full_width elementor-section-height-default elementor-section-height-default\" data-id=\"10b7eb2\" data-element_type=\"section\">\n\t\t\t\t\t\t<div class=\"elementor-container elementor-column-gap-default\">\n\t\t\t\t\t<div class=\"elementor-column elementor-col-25 elementor-top-column elementor-element elementor-element-27be768\" data-id=\"27be768\" data-element_type=\"column\">\n\t\t\t<div class=\"elementor-widget-wrap elementor-element-populated\">\n\t\t\t\t\t\t\t<\/div>\n\t\t<\/div>\n\t\t\t\t<div class=\"elementor-column elementor-col-25 elementor-top-column elementor-element elementor-element-aed68ab\" data-id=\"aed68ab\" data-element_type=\"column\">\n\t\t\t<div class=\"elementor-widget-wrap elementor-element-populated\">\n\t\t\t\t\t\t<div class=\"elementor-element elementor-element-6c5f882 elementor-widget elementor-widget-text-editor\" data-id=\"6c5f882\" data-element_type=\"widget\" data-widget_type=\"text-editor.default\">\n\t\t\t\t<div class=\"elementor-widget-container\">\n\t\t\t\t\t\t\t\t\t<p><span style=\"color: #ff6600;\"><strong>Dirigido<\/strong><\/span><\/p><p>Contadores, auxiliares contables, estudiantes, empresarios en general<\/p><p><span style=\"color: #ff6600;\"><strong>Objetivo<\/strong><\/span><\/p><p>Revisar y analizar las consideraciones para el cierre contable y fiscal de una persona f\u00edsica empresaria o profesionistas, los ingresos acumulables que las personas f\u00edsicas podr\u00edan obtener y las deducciones a considerar cada situaci\u00f3n.<\/p>\t\t\t\t\t\t\t\t<\/div>\n\t\t\t\t<\/div>\n\t\t\t\t\t<\/div>\n\t\t<\/div>\n\t\t\t\t<div class=\"elementor-column elementor-col-25 elementor-top-column elementor-element elementor-element-aa0b5ad\" data-id=\"aa0b5ad\" data-element_type=\"column\">\n\t\t\t<div class=\"elementor-widget-wrap elementor-element-populated\">\n\t\t\t\t\t\t<div class=\"elementor-element elementor-element-88891e9 elementor-widget elementor-widget-text-editor\" data-id=\"88891e9\" data-element_type=\"widget\" data-widget_type=\"text-editor.default\">\n\t\t\t\t<div class=\"elementor-widget-container\">\n\t\t\t\t\t\t\t\t\t<h5><span style=\"color: #ff6600;\">Temario:<\/span><\/h5><ol><li>INGRESOS ACUMULABLES DE LAS PERSONAS FISICAS<ol><li>Tipos de ingresos acumulables para las personas f\u00edsicas<\/li><li>Ingresos no acumulables para las personas f\u00edsicas<\/li><li>Otros ingresos acumulables de las personas f\u00edsicas<ol><li>Enajenaci\u00f3n de bienes de car\u00e1cter accidental<ol><li>Muebles<\/li><li>Inmuebles<\/li><\/ol><\/li><li>Ingresos derivados de anticipos<\/li><\/ol><\/li><\/ol><\/li><\/ol><ul><li>Ingresos por adiciones y mejoras a inmuebles<\/li><\/ul><ol><li>Ingresos en copropiedad<\/li><li>Ingresos derivados de relaci\u00f3n conyugal<\/li><li>Ingresos por intereses<\/li><\/ol><ul><li>Ingresos por la recuperaci\u00f3n de seguros<\/li><\/ul><ol start=\"2\"><li>DEDUCCIONES AUTORIZADAS<ol><li>Deducciones autorizadas para los contribuyentes PF<\/li><li>Requisitos de las deducciones autorizadas<\/li><li>Compras Vs Costo de Ventas<\/li><li>No deducibles<\/li><li>Inversiones (activos fijos)<ol><li>Deducci\u00f3n de inversiones<\/li><li>Baja por causas de fuerza mayor<\/li><\/ol><\/li><\/ol><\/li><\/ol><ul><li>Enajenaci\u00f3n de inversiones<\/li><\/ul><ol><li>Deducci\u00f3n de salarios, prestaciones laborales y el CFDI de n\u00f3mina<ol><li>Consideraciones a la reforma por subcontrataci\u00f3n 2021<\/li><li>Correcci\u00f3n de CFDI de n\u00f3mina y consecuencias<\/li><\/ol><\/li><li>CFDI sobre las deducciones<ol><li>Requisitos generales<\/li><li>Requisitos espec\u00edficos y los complementos<\/li><\/ol><\/li><li>OTROS INGRESOS ACUMULABLES<ol><li>Enajenaci\u00f3n de bienes no afectos a la actividad empresarial o profesional<\/li><li>Ingresos por sueldos y salarios<\/li><li>Ingresos por intereses<\/li><li>Otros ingresos obtenidos (herencias, legados, pr\u00e9stamos, donativos)<\/li><\/ol><\/li><li>CONTABILIDAD ELECTRONICA DE LAS PERSONAS FISICAS<ol><li>Mis cuentas<\/li><li>Mi Contabilidad<\/li><li>Contabilidad financiera<\/li><li>Nivel de ingresos y la obligaci\u00f3n sobre el env\u00edo de contabilidad electr\u00f3nica al SAT<\/li><\/ol><\/li><\/ol>\t\t\t\t\t\t\t\t<\/div>\n\t\t\t\t<\/div>\n\t\t\t\t\t<\/div>\n\t\t<\/div>\n\t\t\t\t<div class=\"elementor-column elementor-col-25 elementor-top-column elementor-element elementor-element-908b6b6\" data-id=\"908b6b6\" data-element_type=\"column\">\n\t\t\t<div class=\"elementor-widget-wrap\">\n\t\t\t\t\t\t\t<\/div>\n\t\t<\/div>\n\t\t\t\t\t<\/div>\n\t\t<\/section>\n\t\t\t\t<section class=\"elementor-section elementor-top-section elementor-element elementor-element-5f325f1 elementor-section-full_width elementor-section-height-default elementor-section-height-default\" data-id=\"5f325f1\" data-element_type=\"section\">\n\t\t\t\t\t\t<div class=\"elementor-container elementor-column-gap-default\">\n\t\t\t\t\t<div class=\"elementor-column elementor-col-100 elementor-top-column elementor-element elementor-element-de75698\" data-id=\"de75698\" data-element_type=\"column\">\n\t\t\t<div class=\"elementor-widget-wrap elementor-element-populated\">\n\t\t\t\t\t\t<div class=\"elementor-element elementor-element-bd427c7 elementor-widget elementor-widget-spacer\" data-id=\"bd427c7\" data-element_type=\"widget\" data-widget_type=\"spacer.default\">\n\t\t\t\t<div class=\"elementor-widget-container\">\n\t\t\t\t\t\t\t<div class=\"elementor-spacer\">\n\t\t\t<div class=\"elementor-spacer-inner\"><\/div>\n\t\t<\/div>\n\t\t\t\t\t\t<\/div>\n\t\t\t\t<\/div>\n\t\t\t\t<div class=\"elementor-element elementor-element-a229b98 elementor-widget elementor-widget-heading\" data-id=\"a229b98\" data-element_type=\"widget\" data-widget_type=\"heading.default\">\n\t\t\t\t<div class=\"elementor-widget-container\">\n\t\t\t\t\t<h2 class=\"elementor-heading-title elementor-size-default\">\u00bfQuien Impartir\u00e1 este Curso?<\/h2>\t\t\t\t<\/div>\n\t\t\t\t<\/div>\n\t\t\t\t\t<\/div>\n\t\t<\/div>\n\t\t\t\t\t<\/div>\n\t\t<\/section>\n\t\t\t\t<section class=\"elementor-section elementor-top-section elementor-element elementor-element-ac5a391 elementor-section-full_width elementor-section-height-default elementor-section-height-default\" data-id=\"ac5a391\" data-element_type=\"section\">\n\t\t\t\t\t\t<div class=\"elementor-container elementor-column-gap-default\">\n\t\t\t\t\t<div class=\"elementor-column elementor-col-50 elementor-top-column elementor-element elementor-element-d800c3e\" data-id=\"d800c3e\" data-element_type=\"column\">\n\t\t\t<div class=\"elementor-widget-wrap elementor-element-populated\">\n\t\t\t\t\t\t<div class=\"elementor-element elementor-element-7360de0 elementor-widget elementor-widget-image\" data-id=\"7360de0\" data-element_type=\"widget\" data-widget_type=\"image.default\">\n\t\t\t\t<div class=\"elementor-widget-container\">\n\t\t\t\t\t\t\t\t\t\t\t\t\t\t\t<img decoding=\"async\" src=\"https:\/\/caficon.com\/wp-content\/uploads\/elementor\/thumbs\/3-819x1024-3-plogrs784s99tx1vtncodqn6ltdwtd0o42z47gpci0.jpg\" title=\"3-819&#215;1024\" alt=\"3-819x1024\" loading=\"lazy\" \/>\t\t\t\t\t\t\t\t\t\t\t\t\t\t\t<\/div>\n\t\t\t\t<\/div>\n\t\t\t\t<div class=\"elementor-element elementor-element-bfc6c02 elementor-widget elementor-widget-html\" data-id=\"bfc6c02\" data-element_type=\"widget\" data-widget_type=\"html.default\">\n\t\t\t\t<div class=\"elementor-widget-container\">\n\t\t\t\t\t<h4 style=\"text-align: center;\"><span style=\"color: #ff6600;\">L.C. y L.I. Ruben Torres Benitez<\/span><\/h4>\t\t\t\t<\/div>\n\t\t\t\t<\/div>\n\t\t\t\t\t<\/div>\n\t\t<\/div>\n\t\t\t\t<div class=\"elementor-column elementor-col-50 elementor-top-column elementor-element elementor-element-d814a02\" data-id=\"d814a02\" data-element_type=\"column\">\n\t\t\t<div class=\"elementor-widget-wrap elementor-element-populated\">\n\t\t\t\t\t\t<div class=\"elementor-element elementor-element-66eb600 elementor-widget elementor-widget-spacer\" data-id=\"66eb600\" data-element_type=\"widget\" data-widget_type=\"spacer.default\">\n\t\t\t\t<div class=\"elementor-widget-container\">\n\t\t\t\t\t\t\t<div class=\"elementor-spacer\">\n\t\t\t<div class=\"elementor-spacer-inner\"><\/div>\n\t\t<\/div>\n\t\t\t\t\t\t<\/div>\n\t\t\t\t<\/div>\n\t\t\t\t<div class=\"elementor-element elementor-element-63cf4bb elementor-hidden-desktop elementor-hidden-tablet elementor-hidden-mobile elementor-widget elementor-widget-heading\" data-id=\"63cf4bb\" data-element_type=\"widget\" data-widget_type=\"heading.default\">\n\t\t\t\t<div class=\"elementor-widget-container\">\n\t\t\t\t\t<h2 class=\"elementor-heading-title elementor-size-default\">CV:<\/h2>\t\t\t\t<\/div>\n\t\t\t\t<\/div>\n\t\t\t\t<div class=\"elementor-element elementor-element-ec526bd elementor-hidden-desktop elementor-hidden-tablet elementor-hidden-mobile elementor-widget elementor-widget-text-editor\" data-id=\"ec526bd\" data-element_type=\"widget\" data-widget_type=\"text-editor.default\">\n\t\t\t\t<div class=\"elementor-widget-container\">\n\t\t\t\t\t\t\t\t\t<p>\u00a0<\/p><p><strong>\u00a0 \u00a0 \u00a0 \u00a0 \u00a0 ABRIL 2011 Beca de Posgrado (Gobierno del Estado de Jalisco)<\/strong><\/p><p>Acreedor a la beca en excelencia acad\u00e9mica por parte del Gobierno del Estado de Jalisco para cursar el Doctorado en Ciencias de lo Fiscal en el Instituto de Especializaci\u00f3n para Ejecutivos en Guadalajara, Jalisco.<\/p><p>\u00a0\u00a0\u00a0\u00a0\u00a0\u00a0\u00a0\u00a0\u00a0\u00a0\u00a0\u00a0\u00a0\u00a0\u00a0 <strong>Harvard Management Mentor Plus (Marzo 2012)<\/strong><\/p><p>Acreedor a la beca Harvard Management para cursar el curso de Habilidades Gerenciales y de Liderazgo con duraci\u00f3n de 6 meses con valor extracurricular en los t\u00f3picos de capacitaci\u00f3n empresarial,\u00a0 toma de decisiones,\u00a0 an\u00e1lisis de estados financieros,\u00a0 desarrollo personal,\u00a0 destrezas de comunicaci\u00f3n,\u00a0 fundamentos de estrategia, fundamentos de negocios y trabajar con equipos.<\/p><p>\u00a0\u00a0\u00a0\u00a0\u00a0\u00a0\u00a0\u00a0\u00a0\u00a0\u00a0\u00a0\u00a0\u00a0\u00a0 <strong>UNIVERSIDAD DEL VALLE DE M\u00c9XICO (CAMPUS GUADALAJARA SUR)<\/strong><\/p><p>Profesor titular desde Agosto 2010 en las \u00e1reas econ\u00f3mico administrativas impartiendo las materias de Finanzas Corporativas,\u00a0 Contabilidad Financiera, Proyectos de Inversi\u00f3n, Estrategias de Inversi\u00f3n.<\/p><p><strong>DOCENTE EN LAS SIGUIENTES MAESTR\u00cdAS <\/strong><\/p><p><strong>MAESTR\u00cdA EN DERECHO FISCAL Y CORPORATIVO:<\/strong><\/p><ul><li><strong>Planeaci\u00f3n Fiscal, <\/strong>Universidad Vizcaya de las Am\u00e9ricas, Manzanillo.<\/li><li><strong>Metodolog\u00eda de la Investigaci\u00f3n, <\/strong>Universidad Vizcaya de las Am\u00e9ricas, Manzanillo.<\/li><li><strong>Finanzas P\u00fablicas y Corporativas, <\/strong>Universidad Vizcaya de las Am\u00e9ricas, Manzanillo.<\/li><li><strong>Seminario de Investigaci\u00f3n y docencia, <\/strong>Universidad Vizcaya de las Am\u00e9ricas, Manzanillo.<\/li><\/ul><p><strong>MAESTR\u00cdA EN DERECHO FISCAL: <\/strong><\/p><ul><li><strong>An\u00e1lisis de las Contribuciones Federales, Estatales y Municipales,<\/strong> UTEGRA<strong>, <\/strong>CEO\u00a0<\/li><li><strong>Los Desaf\u00edos del Derecho Mexicano Frente a la Globalizaci\u00f3n, <\/strong>UTEGRA<strong>, <\/strong>Guadalajara,<\/li><\/ul><p><strong>MAESTR\u00cdA EN FISCAL:<\/strong><\/p><ul><li><strong>Seminario de Planeaci\u00f3n Fiscal, <\/strong>CEO Guadalajara, Hermosillo, Guaymas<\/li><li><strong>Normas de Informaci\u00f3n Financiera <\/strong>Ceo Hermosillo, Guaymas<\/li><li><strong>Derecho Fiscal y Financiero, <\/strong>Universidad Vizcaya de las Americas \u2013 Tepic y Manzanillo, Col.<\/li><li><strong>Contribuciones Estatales y Municipales, <\/strong>CEO Guadalajara<\/li><li><strong>Seminario de Investigaci\u00f3n, <\/strong>UNIVA Colima.<\/li><\/ul><p><strong>MAESTR\u00cdA EN DERECHO CORPORATIVO:<\/strong><\/p><ul><li><strong>Derecho Fiscal, <\/strong>Ceo CD Guzman Jalisco<\/li><li><strong>Derecho Financiero <\/strong>UNIVA Guadalajara.<\/li><li><strong>Proyectos de investigaci\u00f3n, <\/strong>Universidad Enrique D\u00edaz de Le\u00f3n -Guadalajara<\/li><li><strong>Seminario de Investigaci\u00f3n, <\/strong>UTEGRA<\/li><li><strong>Metodolog\u00eda de la Investigaci\u00f3n, <\/strong>UNIVA Guadalajara<\/li><li><strong>Legislaci\u00f3n Empresarial. <\/strong>Universidad Vizcaya de las Am\u00e9ricas Tepic<\/li><\/ul><p><strong>MAESTR\u00cdA EN ADMINISTRACI\u00d3N:<\/strong><\/p><ul><li><strong>Proyectos de Inversi\u00f3n,<\/strong> Universidad Enrique D\u00edaz de Le\u00f3n Guadalajara<\/li><li><strong>Proyectos de Inversi\u00f3n<\/strong>. Universidad Cuauhtemoc Guadalajara<\/li><li><strong>Planeaci\u00f3n estrat\u00e9gica, <\/strong>Universidad Vizcaya de las Americas Campus Tepic y Manzanillo<\/li><\/ul><p><strong>MAESTR\u00cdA EN ADMINISTRACI\u00d3N FINANCIERA:<\/strong><\/p><ul><li><strong>Matem\u00e1ticas Financieras, <\/strong>UTEGRA<\/li><li><strong>Planeaci\u00f3n estrat\u00e9gica, <\/strong>UNIVA, Guadalajara.<\/li><li><strong>Investigaci\u00f3n de Operaciones <\/strong>UTEGRA Guadalajara, Morelia<\/li><\/ul><p><strong>MAESTR\u00cdA EN VALUACI\u00d3N:<\/strong><\/p><ul><li><strong>Joint Venture <\/strong>Centro de Valores Guadalajara.<\/li><li><strong>Emisi\u00f3n de Deuda y Capital, <\/strong>Centro de Valores Guadalajara.<\/li><li><strong>Metodolog\u00eda de la Investigaci\u00f3n, <\/strong>Centro de Valores Guadalajara.<\/li><\/ul><p><strong>\u00a0<\/strong><\/p><p><strong>MAESTR\u00cdA EN IMPUESTOS:<\/strong><\/p><ul><li><strong>Planeaci\u00f3n Fiscal<\/strong>, Universidad Vizcaya de las Americas &#8211; Manzanillo<\/li><li><strong>T\u00edtulos y Operaciones de Cr\u00e9dito<\/strong>, CEO, Guadalajara, Cd. Guzm\u00e1n, Obreg\u00f3n, Hermosillo, Morelia, Tepatitl\u00e1n, Toluca y Manzanillo.<\/li><li><strong>Metodolog\u00eda de la Investigaci\u00f3n<\/strong>, CEO, Guadalajara, Cd. Guzm\u00e1n, Obreg\u00f3n, Hermosillo, Morelia, Tepatitl\u00e1n, Toluca y Manzanillo.<\/li><li><strong>Seminario de Tesis<\/strong>, CEO, Guadalajara, Cd. Guzm\u00e1n, Obreg\u00f3n, Hermosillo, Morelia, Tepatitl\u00e1n, Toluca y Manzanillo.<\/li><li><strong>Finanzas P\u00fablicas y Corporativas, <\/strong>CEO, Guadalajara, Cd. Guzm\u00e1n, Obreg\u00f3n, Hermosillo, Morelia, Tepatitl\u00e1n, Toluca y Manzanillo.<\/li><\/ul>\t\t\t\t\t\t\t\t<\/div>\n\t\t\t\t<\/div>\n\t\t\t\t<div class=\"elementor-element elementor-element-52e41bb elementor-widget elementor-widget-spacer\" data-id=\"52e41bb\" data-element_type=\"widget\" data-widget_type=\"spacer.default\">\n\t\t\t\t<div class=\"elementor-widget-container\">\n\t\t\t\t\t\t\t<div class=\"elementor-spacer\">\n\t\t\t<div class=\"elementor-spacer-inner\"><\/div>\n\t\t<\/div>\n\t\t\t\t\t\t<\/div>\n\t\t\t\t<\/div>\n\t\t\t\t\t<\/div>\n\t\t<\/div>\n\t\t\t\t\t<\/div>\n\t\t<\/section>\n\t\t\t\t<\/div>\n\t\t","protected":false},"excerpt":{"rendered":"<p>Que encontraras en el Temario Dirigido Contadores, auxiliares contables, estudiantes, empresarios en general Objetivo Revisar y analizar las consideraciones para el cierre contable y fiscal de una persona f\u00edsica empresaria o profesionistas, los ingresos acumulables que las personas f\u00edsicas podr\u00edan obtener y las deducciones a considerar cada situaci\u00f3n. Temario: INGRESOS ACUMULABLES DE LAS PERSONAS FISICAS [&hellip;]<\/p>\n","protected":false},"author":2721,"featured_media":0,"parent":0,"menu_order":0,"comment_status":"closed","ping_status":"closed","template":"","meta":{"footnotes":""},"class_list":["post-27150","page","type-page","status-publish","hentry"],"_links":{"self":[{"href":"https:\/\/caficon.com\/index.php\/wp-json\/wp\/v2\/pages\/27150","targetHints":{"allow":["GET"]}}],"collection":[{"href":"https:\/\/caficon.com\/index.php\/wp-json\/wp\/v2\/pages"}],"about":[{"href":"https:\/\/caficon.com\/index.php\/wp-json\/wp\/v2\/types\/page"}],"author":[{"embeddable":true,"href":"https:\/\/caficon.com\/index.php\/wp-json\/wp\/v2\/users\/2721"}],"replies":[{"embeddable":true,"href":"https:\/\/caficon.com\/index.php\/wp-json\/wp\/v2\/comments?post=27150"}],"version-history":[{"count":7,"href":"https:\/\/caficon.com\/index.php\/wp-json\/wp\/v2\/pages\/27150\/revisions"}],"predecessor-version":[{"id":27160,"href":"https:\/\/caficon.com\/index.php\/wp-json\/wp\/v2\/pages\/27150\/revisions\/27160"}],"wp:attachment":[{"href":"https:\/\/caficon.com\/index.php\/wp-json\/wp\/v2\/media?parent=27150"}],"curies":[{"name":"wp","href":"https:\/\/api.w.org\/{rel}","templated":true}]}}