{"id":27049,"date":"2022-10-24T20:56:22","date_gmt":"2022-10-24T20:56:22","guid":{"rendered":"https:\/\/caficon.com\/?page_id=27049"},"modified":"2022-10-31T21:33:59","modified_gmt":"2022-10-31T21:33:59","slug":"consideraciones-para-el-cierre-contable-y-fiscal-de-p-m","status":"publish","type":"page","link":"https:\/\/caficon.com\/index.php\/consideraciones-para-el-cierre-contable-y-fiscal-de-p-m\/","title":{"rendered":"Consideraciones para el Cierre Contable y Fiscal de P.M"},"content":{"rendered":"\t\t<div data-elementor-type=\"wp-page\" data-elementor-id=\"27049\" class=\"elementor elementor-27049\" data-elementor-post-type=\"page\">\n\t\t\t\t\t\t<section class=\"elementor-section elementor-top-section elementor-element elementor-element-3cf9654 elementor-section-boxed elementor-section-height-default elementor-section-height-default\" data-id=\"3cf9654\" data-element_type=\"section\">\n\t\t\t\t\t\t<div class=\"elementor-container elementor-column-gap-default\">\n\t\t\t\t\t<div class=\"elementor-column elementor-col-100 elementor-top-column elementor-element elementor-element-ab0a215\" data-id=\"ab0a215\" data-element_type=\"column\">\n\t\t\t<div class=\"elementor-widget-wrap\">\n\t\t\t\t\t\t\t<\/div>\n\t\t<\/div>\n\t\t\t\t\t<\/div>\n\t\t<\/section>\n\t\t\t\t<section class=\"elementor-section elementor-top-section elementor-element elementor-element-9f610bb elementor-section-full_width elementor-section-height-default elementor-section-height-default\" data-id=\"9f610bb\" data-element_type=\"section\">\n\t\t\t\t\t\t<div class=\"elementor-container elementor-column-gap-default\">\n\t\t\t\t\t<div class=\"elementor-column elementor-col-100 elementor-top-column elementor-element elementor-element-c20c8f6\" data-id=\"c20c8f6\" data-element_type=\"column\">\n\t\t\t<div class=\"elementor-widget-wrap elementor-element-populated\">\n\t\t\t\t\t\t<div class=\"elementor-element elementor-element-060c9ab elementor-widget elementor-widget-heading\" data-id=\"060c9ab\" data-element_type=\"widget\" data-widget_type=\"heading.default\">\n\t\t\t\t<div class=\"elementor-widget-container\">\n\t\t\t\t\t<h2 class=\"elementor-heading-title elementor-size-default\">Que encontraras en el Temario<\/h2>\t\t\t\t<\/div>\n\t\t\t\t<\/div>\n\t\t\t\t\t<\/div>\n\t\t<\/div>\n\t\t\t\t\t<\/div>\n\t\t<\/section>\n\t\t\t\t<section class=\"elementor-section elementor-top-section elementor-element elementor-element-261adb7 elementor-section-full_width elementor-section-height-default elementor-section-height-default\" data-id=\"261adb7\" data-element_type=\"section\">\n\t\t\t\t\t\t<div class=\"elementor-container elementor-column-gap-default\">\n\t\t\t\t\t<div class=\"elementor-column elementor-col-25 elementor-top-column elementor-element elementor-element-90c46a5\" data-id=\"90c46a5\" data-element_type=\"column\">\n\t\t\t<div class=\"elementor-widget-wrap elementor-element-populated\">\n\t\t\t\t\t\t\t<\/div>\n\t\t<\/div>\n\t\t\t\t<div class=\"elementor-column elementor-col-25 elementor-top-column elementor-element elementor-element-64b3d0d\" data-id=\"64b3d0d\" data-element_type=\"column\">\n\t\t\t<div class=\"elementor-widget-wrap elementor-element-populated\">\n\t\t\t\t\t\t<div class=\"elementor-element elementor-element-2d4c3ba elementor-widget elementor-widget-text-editor\" data-id=\"2d4c3ba\" data-element_type=\"widget\" data-widget_type=\"text-editor.default\">\n\t\t\t\t<div class=\"elementor-widget-container\">\n\t\t\t\t\t\t\t\t\t<p><span style=\"color: #ff6600;\"><strong>Dirigido<\/strong><\/span><\/p><p><span style=\"color: #ff6600;\"><strong>Objetivo<\/strong><\/span><\/p><p>\u00a0<\/p>\t\t\t\t\t\t\t\t<\/div>\n\t\t\t\t<\/div>\n\t\t\t\t\t<\/div>\n\t\t<\/div>\n\t\t\t\t<div class=\"elementor-column elementor-col-25 elementor-top-column elementor-element elementor-element-38fc80e\" data-id=\"38fc80e\" data-element_type=\"column\">\n\t\t\t<div class=\"elementor-widget-wrap elementor-element-populated\">\n\t\t\t\t\t\t<div class=\"elementor-element elementor-element-266e806 elementor-widget elementor-widget-text-editor\" data-id=\"266e806\" data-element_type=\"widget\" data-widget_type=\"text-editor.default\">\n\t\t\t\t<div class=\"elementor-widget-container\">\n\t\t\t\t\t\t\t\t\t<h5><span style=\"color: #ff6600;\">Temario:<\/span><\/h5><ol><li style=\"list-style-type: none;\"><ol><li>Ingresos acumulables<ul><li>Enajenaci\u00f3n de bienes y prestaci\u00f3n de servicios.<\/li><li>Anticipos por enajenaci\u00f3n de bienes y prestaci\u00f3n de servicios.<\/li><li>Servicios personales independientes que se presten a trav\u00e9s de S.C. y A.C.<\/li><li>Uso o goce temporal de bienes.<\/li><li>Contratos de obra inmueble, incluyendo demolici\u00f3n, proyecci\u00f3n, inspecci\u00f3n y supervisi\u00f3n.<\/li><li>Contratos de obra mueble que se ejecutan conforme a plano, dise\u00f1o y presupuesto.<\/li><li>Intereses normales o moratorios.<\/li><li>Ajuste anual por inflaci\u00f3n.<\/li><li>Dividendos o utilidades percibidos de personas morales residentes en M\u00e9xico.<\/li><li>Dividendos o utilidades percibidos de personas morales residentes en el extranjero.<\/li><li>Enajenaci\u00f3n de terrenos.<\/li><li>Enajenaci\u00f3n de activos fijos.<\/li><li>Recuperaci\u00f3n de cuentas incobrables previamente deducidas.<\/li><li>Actualizaci\u00f3n de contribuciones fiscales.<\/li><li>Recuperaci\u00f3n de compa\u00f1\u00edas aseguradoras y afianzadoras por p\u00e9rdida de inversiones, robo de n\u00f3mina e inventarios, entre otros.<\/li><li>Deudas no pagadas por prescripci\u00f3n.<\/li><li>Fluctuaci\u00f3n cambiaria.<\/li><li>Est\u00edmulos fiscales.<\/li><\/ul><\/li><li>Papel de trabajo para determinar ingresos contables, para ISR y PTU<\/li><li>Principales deducciones y sus requisitos<ul><li>Devoluciones, descuentos y bonificaciones.<\/li><li>Costo de lo vendido real y estimado.<\/li><li>Compras.<\/li><li>Adquisici\u00f3n de terrenos.<\/li><li>P\u00e9rdida en venta de terrenos.<\/li><li>Salarios y prestaciones que derivan de una relaci\u00f3n laboral e ingresos asimilables.<\/li><li>Prestaciones de previsi\u00f3n social.<\/li><li>Aportaciones de seguridad social.<\/li><li>Contribuciones.<\/li><li>Accesorios de las contribuciones.<\/li><li>Actualizaci\u00f3n de contribuciones.<\/li><li>Donativos.<\/li><li>Pagos a residentes en el extranjero con ingresos provenientes de fuente de riqueza ubicada en territorio nacional.<\/li><li>Intereses.<\/li><li>Ajuste anual por inflaci\u00f3n.<\/li><li>Seguros y fianzas.<\/li><li>P\u00e9rdidas por cr\u00e9ditos incobrables.<\/li><li>Consumos en restaurantes y bares.<\/li><li>Gastos de viaje.<\/li><li>Combustibles para veh\u00edculos.<\/li><li>Provisi\u00f3n para primas de antig\u00fcedad.<\/li><li>Otras provisiones.<\/li><li>Anticipos para gastos a proveedores nacionales.<\/li><li>Est\u00edmulo fiscal por contratar trabajadores discapacitados y de 65 a\u00f1os o m\u00e1s de edad.<\/li><li>Retenciones de ISR no efectuadas, absorbidas como gasto.<\/li><li>Otras deducciones.<\/li><\/ul><\/li><li>Papel de trabajo para determinar las deducciones contables, para ISR y PTU<\/li><li>Deducci\u00f3n de inversiones<ul><li>Definici\u00f3n fiscal de inversi\u00f3n.<\/li><li>Porcientos de deducci\u00f3n.<\/li><li>Reglas para la deducci\u00f3n de inversiones.<\/li><li>P\u00e9rdidas por caso fortuito o fuerza mayor.<\/li><li>Deducci\u00f3n de inversiones adquiridas a trav\u00e9s de arrendamiento financiero.<\/li><li>Ganancia en enajenaci\u00f3n de terrenos.<\/li><li>Ganancia en enajenaci\u00f3n de inversiones.<\/li><li>Determinaci\u00f3n de la ganancia o p\u00e9rdida por la enajenaci\u00f3n de inversiones y terrenos contable para ISR y PTU.<\/li><\/ul><\/li><li>Papel de trabajo para calcular el ajuste anual por inflaci\u00f3n<ul><li>Procedimiento para calcularlo.<\/li><li>Concepto de cr\u00e9dito y deuda.<\/li><li>C\u00e1lculo del promedio anual de cr\u00e9ditos y deudas.<\/li><li>Sanci\u00f3n por no registrar deudas.<\/li><\/ul><\/li><li>Disminuci\u00f3n de p\u00e9rdida fiscal de ejercicios anteriores<\/li><li>Ejemplos para determinar el resultado contable, la utilidad fiscal, el resultado fiscal y la renta gravable para PTU<\/li><li>\u00a0<\/li><\/ol><\/li><\/ol>\t\t\t\t\t\t\t\t<\/div>\n\t\t\t\t<\/div>\n\t\t\t\t\t<\/div>\n\t\t<\/div>\n\t\t\t\t<div class=\"elementor-column elementor-col-25 elementor-top-column elementor-element elementor-element-14c8d01\" data-id=\"14c8d01\" data-element_type=\"column\">\n\t\t\t<div class=\"elementor-widget-wrap\">\n\t\t\t\t\t\t\t<\/div>\n\t\t<\/div>\n\t\t\t\t\t<\/div>\n\t\t<\/section>\n\t\t\t\t<section class=\"elementor-section elementor-top-section elementor-element elementor-element-0cb2081 elementor-section-full_width elementor-section-height-default elementor-section-height-default\" data-id=\"0cb2081\" data-element_type=\"section\">\n\t\t\t\t\t\t<div class=\"elementor-container elementor-column-gap-default\">\n\t\t\t\t\t<div class=\"elementor-column elementor-col-100 elementor-top-column elementor-element elementor-element-c74e3db\" data-id=\"c74e3db\" data-element_type=\"column\">\n\t\t\t<div class=\"elementor-widget-wrap elementor-element-populated\">\n\t\t\t\t\t\t<div class=\"elementor-element elementor-element-f042ac7 elementor-widget elementor-widget-spacer\" data-id=\"f042ac7\" data-element_type=\"widget\" data-widget_type=\"spacer.default\">\n\t\t\t\t<div class=\"elementor-widget-container\">\n\t\t\t\t\t\t\t<div class=\"elementor-spacer\">\n\t\t\t<div class=\"elementor-spacer-inner\"><\/div>\n\t\t<\/div>\n\t\t\t\t\t\t<\/div>\n\t\t\t\t<\/div>\n\t\t\t\t<div class=\"elementor-element elementor-element-44e232e elementor-widget elementor-widget-heading\" data-id=\"44e232e\" data-element_type=\"widget\" data-widget_type=\"heading.default\">\n\t\t\t\t<div class=\"elementor-widget-container\">\n\t\t\t\t\t<h2 class=\"elementor-heading-title elementor-size-default\">\u00bfQuien Impartir\u00e1 este Curso?<\/h2>\t\t\t\t<\/div>\n\t\t\t\t<\/div>\n\t\t\t\t\t<\/div>\n\t\t<\/div>\n\t\t\t\t\t<\/div>\n\t\t<\/section>\n\t\t\t\t<section class=\"elementor-section elementor-top-section elementor-element elementor-element-d04c063 elementor-section-full_width elementor-section-height-default elementor-section-height-default\" data-id=\"d04c063\" data-element_type=\"section\">\n\t\t\t\t\t\t<div class=\"elementor-container elementor-column-gap-default\">\n\t\t\t\t\t<div class=\"elementor-column elementor-col-50 elementor-top-column elementor-element elementor-element-9caa818\" data-id=\"9caa818\" data-element_type=\"column\">\n\t\t\t<div class=\"elementor-widget-wrap elementor-element-populated\">\n\t\t\t\t\t\t<div class=\"elementor-element elementor-element-ae3bb1c elementor-widget elementor-widget-image\" data-id=\"ae3bb1c\" data-element_type=\"widget\" data-widget_type=\"image.default\">\n\t\t\t\t<div class=\"elementor-widget-container\">\n\t\t\t\t\t\t\t\t\t\t\t\t\t\t\t<img decoding=\"async\" src=\"https:\/\/caficon.com\/wp-content\/uploads\/elementor\/thumbs\/3-819x1024-3-plogrs784s99tx1vtncodqn6ltdwtd0o42z47gpci0.jpg\" title=\"3-819&#215;1024\" alt=\"3-819x1024\" loading=\"lazy\" \/>\t\t\t\t\t\t\t\t\t\t\t\t\t\t\t<\/div>\n\t\t\t\t<\/div>\n\t\t\t\t<div class=\"elementor-element elementor-element-a99e1d3 elementor-widget elementor-widget-html\" data-id=\"a99e1d3\" data-element_type=\"widget\" data-widget_type=\"html.default\">\n\t\t\t\t<div class=\"elementor-widget-container\">\n\t\t\t\t\t<h4 style=\"text-align: center;\"><span style=\"color: #ff6600;\">L.C. y L.I. Ruben Torres Benitez<\/span><\/h4>\t\t\t\t<\/div>\n\t\t\t\t<\/div>\n\t\t\t\t\t<\/div>\n\t\t<\/div>\n\t\t\t\t<div class=\"elementor-column elementor-col-50 elementor-top-column elementor-element elementor-element-2d084a5\" data-id=\"2d084a5\" data-element_type=\"column\">\n\t\t\t<div class=\"elementor-widget-wrap elementor-element-populated\">\n\t\t\t\t\t\t<div class=\"elementor-element elementor-element-70a145e elementor-widget elementor-widget-spacer\" data-id=\"70a145e\" data-element_type=\"widget\" data-widget_type=\"spacer.default\">\n\t\t\t\t<div class=\"elementor-widget-container\">\n\t\t\t\t\t\t\t<div class=\"elementor-spacer\">\n\t\t\t<div class=\"elementor-spacer-inner\"><\/div>\n\t\t<\/div>\n\t\t\t\t\t\t<\/div>\n\t\t\t\t<\/div>\n\t\t\t\t<div class=\"elementor-element elementor-element-c2cf213 elementor-hidden-desktop elementor-hidden-tablet elementor-hidden-mobile elementor-widget elementor-widget-heading\" data-id=\"c2cf213\" data-element_type=\"widget\" data-widget_type=\"heading.default\">\n\t\t\t\t<div class=\"elementor-widget-container\">\n\t\t\t\t\t<h2 class=\"elementor-heading-title elementor-size-default\">CV:<\/h2>\t\t\t\t<\/div>\n\t\t\t\t<\/div>\n\t\t\t\t<div class=\"elementor-element elementor-element-28e43d3 elementor-hidden-desktop elementor-hidden-tablet elementor-hidden-mobile elementor-widget elementor-widget-text-editor\" data-id=\"28e43d3\" data-element_type=\"widget\" data-widget_type=\"text-editor.default\">\n\t\t\t\t<div class=\"elementor-widget-container\">\n\t\t\t\t\t\t\t\t\t<p>\u00a0<\/p><p><strong>\u00a0 \u00a0 \u00a0 \u00a0 \u00a0 ABRIL 2011 Beca de Posgrado (Gobierno del Estado de Jalisco)<\/strong><\/p><p>Acreedor a la beca en excelencia acad\u00e9mica por parte del Gobierno del Estado de Jalisco para cursar el Doctorado en Ciencias de lo Fiscal en el Instituto de Especializaci\u00f3n para Ejecutivos en Guadalajara, Jalisco.<\/p><p>\u00a0\u00a0\u00a0\u00a0\u00a0\u00a0\u00a0\u00a0\u00a0\u00a0\u00a0\u00a0\u00a0\u00a0\u00a0 <strong>Harvard Management Mentor Plus (Marzo 2012)<\/strong><\/p><p>Acreedor a la beca Harvard Management para cursar el curso de Habilidades Gerenciales y de Liderazgo con duraci\u00f3n de 6 meses con valor extracurricular en los t\u00f3picos de capacitaci\u00f3n empresarial,\u00a0 toma de decisiones,\u00a0 an\u00e1lisis de estados financieros,\u00a0 desarrollo personal,\u00a0 destrezas de comunicaci\u00f3n,\u00a0 fundamentos de estrategia, fundamentos de negocios y trabajar con equipos.<\/p><p>\u00a0\u00a0\u00a0\u00a0\u00a0\u00a0\u00a0\u00a0\u00a0\u00a0\u00a0\u00a0\u00a0\u00a0\u00a0 <strong>UNIVERSIDAD DEL VALLE DE M\u00c9XICO (CAMPUS GUADALAJARA SUR)<\/strong><\/p><p>Profesor titular desde Agosto 2010 en las \u00e1reas econ\u00f3mico administrativas impartiendo las materias de Finanzas Corporativas,\u00a0 Contabilidad Financiera, Proyectos de Inversi\u00f3n, Estrategias de Inversi\u00f3n.<\/p><p><strong>DOCENTE EN LAS SIGUIENTES MAESTR\u00cdAS <\/strong><\/p><p><strong>MAESTR\u00cdA EN DERECHO FISCAL Y CORPORATIVO:<\/strong><\/p><ul><li><strong>Planeaci\u00f3n Fiscal, <\/strong>Universidad Vizcaya de las Am\u00e9ricas, Manzanillo.<\/li><li><strong>Metodolog\u00eda de la Investigaci\u00f3n, <\/strong>Universidad Vizcaya de las Am\u00e9ricas, Manzanillo.<\/li><li><strong>Finanzas P\u00fablicas y Corporativas, <\/strong>Universidad Vizcaya de las Am\u00e9ricas, Manzanillo.<\/li><li><strong>Seminario de Investigaci\u00f3n y docencia, <\/strong>Universidad Vizcaya de las Am\u00e9ricas, Manzanillo.<\/li><\/ul><p><strong>MAESTR\u00cdA EN DERECHO FISCAL: <\/strong><\/p><ul><li><strong>An\u00e1lisis de las Contribuciones Federales, Estatales y Municipales,<\/strong> UTEGRA<strong>, <\/strong>CEO\u00a0<\/li><li><strong>Los Desaf\u00edos del Derecho Mexicano Frente a la Globalizaci\u00f3n, <\/strong>UTEGRA<strong>, <\/strong>Guadalajara,<\/li><\/ul><p><strong>MAESTR\u00cdA EN FISCAL:<\/strong><\/p><ul><li><strong>Seminario de Planeaci\u00f3n Fiscal, <\/strong>CEO Guadalajara, Hermosillo, Guaymas<\/li><li><strong>Normas de Informaci\u00f3n Financiera <\/strong>Ceo Hermosillo, Guaymas<\/li><li><strong>Derecho Fiscal y Financiero, <\/strong>Universidad Vizcaya de las Americas \u2013 Tepic y Manzanillo, Col.<\/li><li><strong>Contribuciones Estatales y Municipales, <\/strong>CEO Guadalajara<\/li><li><strong>Seminario de Investigaci\u00f3n, <\/strong>UNIVA Colima.<\/li><\/ul><p><strong>MAESTR\u00cdA EN DERECHO CORPORATIVO:<\/strong><\/p><ul><li><strong>Derecho Fiscal, <\/strong>Ceo CD Guzman Jalisco<\/li><li><strong>Derecho Financiero <\/strong>UNIVA Guadalajara.<\/li><li><strong>Proyectos de investigaci\u00f3n, <\/strong>Universidad Enrique D\u00edaz de Le\u00f3n -Guadalajara<\/li><li><strong>Seminario de Investigaci\u00f3n, <\/strong>UTEGRA<\/li><li><strong>Metodolog\u00eda de la Investigaci\u00f3n, <\/strong>UNIVA Guadalajara<\/li><li><strong>Legislaci\u00f3n Empresarial. <\/strong>Universidad Vizcaya de las Am\u00e9ricas Tepic<\/li><\/ul><p><strong>MAESTR\u00cdA EN ADMINISTRACI\u00d3N:<\/strong><\/p><ul><li><strong>Proyectos de Inversi\u00f3n,<\/strong> Universidad Enrique D\u00edaz de Le\u00f3n Guadalajara<\/li><li><strong>Proyectos de Inversi\u00f3n<\/strong>. Universidad Cuauhtemoc Guadalajara<\/li><li><strong>Planeaci\u00f3n estrat\u00e9gica, <\/strong>Universidad Vizcaya de las Americas Campus Tepic y Manzanillo<\/li><\/ul><p><strong>MAESTR\u00cdA EN ADMINISTRACI\u00d3N FINANCIERA:<\/strong><\/p><ul><li><strong>Matem\u00e1ticas Financieras, <\/strong>UTEGRA<\/li><li><strong>Planeaci\u00f3n estrat\u00e9gica, <\/strong>UNIVA, Guadalajara.<\/li><li><strong>Investigaci\u00f3n de Operaciones <\/strong>UTEGRA Guadalajara, Morelia<\/li><\/ul><p><strong>MAESTR\u00cdA EN VALUACI\u00d3N:<\/strong><\/p><ul><li><strong>Joint Venture <\/strong>Centro de Valores Guadalajara.<\/li><li><strong>Emisi\u00f3n de Deuda y Capital, <\/strong>Centro de Valores Guadalajara.<\/li><li><strong>Metodolog\u00eda de la Investigaci\u00f3n, <\/strong>Centro de Valores Guadalajara.<\/li><\/ul><p><strong>\u00a0<\/strong><\/p><p><strong>MAESTR\u00cdA EN IMPUESTOS:<\/strong><\/p><ul><li><strong>Planeaci\u00f3n Fiscal<\/strong>, Universidad Vizcaya de las Americas &#8211; Manzanillo<\/li><li><strong>T\u00edtulos y Operaciones de Cr\u00e9dito<\/strong>, CEO, Guadalajara, Cd. Guzm\u00e1n, Obreg\u00f3n, Hermosillo, Morelia, Tepatitl\u00e1n, Toluca y Manzanillo.<\/li><li><strong>Metodolog\u00eda de la Investigaci\u00f3n<\/strong>, CEO, Guadalajara, Cd. Guzm\u00e1n, Obreg\u00f3n, Hermosillo, Morelia, Tepatitl\u00e1n, Toluca y Manzanillo.<\/li><li><strong>Seminario de Tesis<\/strong>, CEO, Guadalajara, Cd. Guzm\u00e1n, Obreg\u00f3n, Hermosillo, Morelia, Tepatitl\u00e1n, Toluca y Manzanillo.<\/li><li><strong>Finanzas P\u00fablicas y Corporativas, <\/strong>CEO, Guadalajara, Cd. Guzm\u00e1n, Obreg\u00f3n, Hermosillo, Morelia, Tepatitl\u00e1n, Toluca y Manzanillo.<\/li><\/ul>\t\t\t\t\t\t\t\t<\/div>\n\t\t\t\t<\/div>\n\t\t\t\t<div class=\"elementor-element elementor-element-6e4d6b0 elementor-widget elementor-widget-spacer\" data-id=\"6e4d6b0\" data-element_type=\"widget\" data-widget_type=\"spacer.default\">\n\t\t\t\t<div class=\"elementor-widget-container\">\n\t\t\t\t\t\t\t<div class=\"elementor-spacer\">\n\t\t\t<div class=\"elementor-spacer-inner\"><\/div>\n\t\t<\/div>\n\t\t\t\t\t\t<\/div>\n\t\t\t\t<\/div>\n\t\t\t\t\t<\/div>\n\t\t<\/div>\n\t\t\t\t\t<\/div>\n\t\t<\/section>\n\t\t\t\t<\/div>\n\t\t","protected":false},"excerpt":{"rendered":"<p>Que encontraras en el Temario Dirigido Objetivo \u00a0 Temario: Ingresos acumulables Enajenaci\u00f3n de bienes y prestaci\u00f3n de servicios. Anticipos por enajenaci\u00f3n de bienes y prestaci\u00f3n de servicios. Servicios personales independientes que se presten a trav\u00e9s de S.C. y A.C. Uso o goce temporal de bienes. Contratos de obra inmueble, incluyendo demolici\u00f3n, proyecci\u00f3n, inspecci\u00f3n y supervisi\u00f3n. [&hellip;]<\/p>\n","protected":false},"author":2721,"featured_media":0,"parent":0,"menu_order":0,"comment_status":"closed","ping_status":"closed","template":"","meta":{"footnotes":""},"class_list":["post-27049","page","type-page","status-publish","hentry"],"_links":{"self":[{"href":"https:\/\/caficon.com\/index.php\/wp-json\/wp\/v2\/pages\/27049","targetHints":{"allow":["GET"]}}],"collection":[{"href":"https:\/\/caficon.com\/index.php\/wp-json\/wp\/v2\/pages"}],"about":[{"href":"https:\/\/caficon.com\/index.php\/wp-json\/wp\/v2\/types\/page"}],"author":[{"embeddable":true,"href":"https:\/\/caficon.com\/index.php\/wp-json\/wp\/v2\/users\/2721"}],"replies":[{"embeddable":true,"href":"https:\/\/caficon.com\/index.php\/wp-json\/wp\/v2\/comments?post=27049"}],"version-history":[{"count":7,"href":"https:\/\/caficon.com\/index.php\/wp-json\/wp\/v2\/pages\/27049\/revisions"}],"predecessor-version":[{"id":27143,"href":"https:\/\/caficon.com\/index.php\/wp-json\/wp\/v2\/pages\/27049\/revisions\/27143"}],"wp:attachment":[{"href":"https:\/\/caficon.com\/index.php\/wp-json\/wp\/v2\/media?parent=27049"}],"curies":[{"name":"wp","href":"https:\/\/api.w.org\/{rel}","templated":true}]}}