{"id":26997,"date":"2022-10-24T17:45:26","date_gmt":"2022-10-24T17:45:26","guid":{"rendered":"https:\/\/caficon.com\/?page_id=26997"},"modified":"2022-10-24T17:46:59","modified_gmt":"2022-10-24T17:46:59","slug":"implementacion-del-cfdi-4-0","status":"publish","type":"page","link":"https:\/\/caficon.com\/index.php\/implementacion-del-cfdi-4-0\/","title":{"rendered":"Implementacion del CFDI 4.0"},"content":{"rendered":"\t\t<div data-elementor-type=\"wp-page\" data-elementor-id=\"26997\" class=\"elementor elementor-26997\" data-elementor-post-type=\"page\">\n\t\t\t\t\t\t<section class=\"elementor-section elementor-top-section elementor-element elementor-element-ebf1708 elementor-section-boxed elementor-section-height-default elementor-section-height-default\" data-id=\"ebf1708\" data-element_type=\"section\">\n\t\t\t\t\t\t<div class=\"elementor-container elementor-column-gap-default\">\n\t\t\t\t\t<div class=\"elementor-column elementor-col-100 elementor-top-column elementor-element elementor-element-10e3122\" data-id=\"10e3122\" data-element_type=\"column\">\n\t\t\t<div class=\"elementor-widget-wrap\">\n\t\t\t\t\t\t\t<\/div>\n\t\t<\/div>\n\t\t\t\t\t<\/div>\n\t\t<\/section>\n\t\t\t\t<section class=\"elementor-section elementor-top-section elementor-element elementor-element-49a6507 elementor-section-full_width elementor-hidden-desktop elementor-hidden-tablet elementor-hidden-mobile elementor-section-height-default elementor-section-height-default\" data-id=\"49a6507\" data-element_type=\"section\">\n\t\t\t\t\t\t<div class=\"elementor-container elementor-column-gap-default\">\n\t\t\t\t\t<div class=\"elementor-column elementor-col-100 elementor-top-column elementor-element elementor-element-8da7b14\" data-id=\"8da7b14\" data-element_type=\"column\">\n\t\t\t<div class=\"elementor-widget-wrap elementor-element-populated\">\n\t\t\t\t\t\t<div class=\"elementor-element elementor-element-9859bcb elementor-widget elementor-widget-heading\" data-id=\"9859bcb\" data-element_type=\"widget\" data-widget_type=\"heading.default\">\n\t\t\t\t<div class=\"elementor-widget-container\">\n\t\t\t\t\t<h2 class=\"elementor-heading-title elementor-size-default\">Que encontraras en el Temario<\/h2>\t\t\t\t<\/div>\n\t\t\t\t<\/div>\n\t\t\t\t\t<\/div>\n\t\t<\/div>\n\t\t\t\t\t<\/div>\n\t\t<\/section>\n\t\t\t\t<section class=\"elementor-section elementor-top-section elementor-element elementor-element-625c706 elementor-section-full_width elementor-hidden-desktop elementor-hidden-tablet elementor-hidden-mobile elementor-section-height-default elementor-section-height-default\" data-id=\"625c706\" data-element_type=\"section\">\n\t\t\t\t\t\t<div class=\"elementor-container elementor-column-gap-default\">\n\t\t\t\t\t<div class=\"elementor-column elementor-col-25 elementor-top-column elementor-element elementor-element-0f8c314\" data-id=\"0f8c314\" data-element_type=\"column\">\n\t\t\t<div class=\"elementor-widget-wrap elementor-element-populated\">\n\t\t\t\t\t\t\t<\/div>\n\t\t<\/div>\n\t\t\t\t<div class=\"elementor-column elementor-col-25 elementor-top-column elementor-element elementor-element-dea7f95\" data-id=\"dea7f95\" data-element_type=\"column\">\n\t\t\t<div class=\"elementor-widget-wrap elementor-element-populated\">\n\t\t\t\t\t\t<div class=\"elementor-element elementor-element-59ae3ff elementor-widget elementor-widget-text-editor\" data-id=\"59ae3ff\" data-element_type=\"widget\" data-widget_type=\"text-editor.default\">\n\t\t\t\t<div class=\"elementor-widget-container\">\n\t\t\t\t\t\t\t\t\t<p><span style=\"color: #ff6600;\"><strong>Dirigido<\/strong><\/span><\/p><p><span style=\"color: #ff6600;\"><strong>Objetivo<\/strong><\/span><\/p><p>\u00a0<\/p>\t\t\t\t\t\t\t\t<\/div>\n\t\t\t\t<\/div>\n\t\t\t\t\t<\/div>\n\t\t<\/div>\n\t\t\t\t<div class=\"elementor-column elementor-col-25 elementor-top-column elementor-element elementor-element-3e5d6b7\" data-id=\"3e5d6b7\" data-element_type=\"column\">\n\t\t\t<div class=\"elementor-widget-wrap elementor-element-populated\">\n\t\t\t\t\t\t<div class=\"elementor-element elementor-element-e9ba9f1 elementor-widget elementor-widget-text-editor\" data-id=\"e9ba9f1\" data-element_type=\"widget\" data-widget_type=\"text-editor.default\">\n\t\t\t\t<div class=\"elementor-widget-container\">\n\t\t\t\t\t\t\t\t\t<h5><span style=\"color: #ff6600;\">Temario:<\/span><\/h5><ol><li><strong> Concepto de construcci\u00f3n<\/strong><\/li><\/ol><ul><li>Definici\u00f3n gramatical<\/li><li>Por la C\u00e1mara Nacional de la Industria de la Construcci\u00f3n<\/li><li>Por Reglamento del IMSS<\/li><\/ul><ol start=\"2\"><li><strong> Obligaciones patronales derivados de la Ley del Seguro Social y su Reglamento<\/strong><\/li><\/ol><ul><li>Afiliaci\u00f3n de patrones<\/li><li>Afiliaci\u00f3n de los trabajadores<\/li><li>Registro de obra<\/li><\/ul><ol start=\"3\"><li><strong> Otros sujetos Obligados<\/strong><\/li><\/ol><ul><li>Prestadores de servicios<\/li><li>Arrendamiento de bien mueble<\/li><li>Otros<\/li><\/ul><ol start=\"4\"><li><strong> Obligaciones y controles b\u00e1sicos<\/strong><\/li><\/ol><ul><li>Contratos<\/li><li>Presupuesto de obra<\/li><li>Incidencias<\/li><li>Bit\u00e1coras<\/li><li>Otros<\/li><\/ul><ol start=\"5\"><li><strong> Salario Diario Integrado<\/strong><\/li><\/ol><ul><li>Conceptos no integrables al salario<\/li><li>Caso pr\u00e1ctico de integraci\u00f3n salarial<\/li><\/ul><ol start=\"6\"><li><strong> Sistema de Afiliaci\u00f3n de Trabajadores de la Industria de la Construcci\u00f3n (SATIC)<\/strong><\/li><\/ol><ul><li>An\u00e1lisis y uso de los formatos SATIC (Solo si tiene SATIC-01)<\/li><li>Vigencia para el uso de los formatos SATIC (Hasta termianr la obra)<\/li><li>Ejemplo de llenado de los SATICS (Incidencias y trabajadores)\u00a0<\/li><\/ul><ol start=\"7\"><li><strong> Servicio Integral de Registro de Obras de Construcci\u00f3n (SIROC)<\/strong><\/li><\/ol><ul><li>Uso obligatorio a partir de septiembre de 2017<\/li><li>Formatos que integran el sistema<\/li><li>Alertas del sistema<\/li><li>Beneficios del nuevo sistema<\/li><li>Acuerdo del consejo t\u00e9cnico HTC.250117\/21.P.DIR<\/li><li>Uso del SUA para env\u00edo de trabajadores<\/li><\/ul>\t\t\t\t\t\t\t\t<\/div>\n\t\t\t\t<\/div>\n\t\t\t\t\t<\/div>\n\t\t<\/div>\n\t\t\t\t<div class=\"elementor-column elementor-col-25 elementor-top-column elementor-element elementor-element-1361b38\" data-id=\"1361b38\" data-element_type=\"column\">\n\t\t\t<div class=\"elementor-widget-wrap\">\n\t\t\t\t\t\t\t<\/div>\n\t\t<\/div>\n\t\t\t\t\t<\/div>\n\t\t<\/section>\n\t\t\t\t<section class=\"elementor-section elementor-top-section elementor-element elementor-element-aa647e7 elementor-section-full_width elementor-section-height-default elementor-section-height-default\" data-id=\"aa647e7\" data-element_type=\"section\">\n\t\t\t\t\t\t<div class=\"elementor-container elementor-column-gap-default\">\n\t\t\t\t\t<div class=\"elementor-column elementor-col-100 elementor-top-column elementor-element elementor-element-9f83f16\" data-id=\"9f83f16\" data-element_type=\"column\">\n\t\t\t<div class=\"elementor-widget-wrap elementor-element-populated\">\n\t\t\t\t\t\t<div class=\"elementor-element elementor-element-487a86f elementor-widget elementor-widget-spacer\" data-id=\"487a86f\" data-element_type=\"widget\" data-widget_type=\"spacer.default\">\n\t\t\t\t<div class=\"elementor-widget-container\">\n\t\t\t\t\t\t\t<div class=\"elementor-spacer\">\n\t\t\t<div class=\"elementor-spacer-inner\"><\/div>\n\t\t<\/div>\n\t\t\t\t\t\t<\/div>\n\t\t\t\t<\/div>\n\t\t\t\t<div class=\"elementor-element elementor-element-aacc56f elementor-widget elementor-widget-heading\" data-id=\"aacc56f\" data-element_type=\"widget\" data-widget_type=\"heading.default\">\n\t\t\t\t<div class=\"elementor-widget-container\">\n\t\t\t\t\t<h2 class=\"elementor-heading-title elementor-size-default\">\u00bfQuien Impartir\u00e1 este Curso?<\/h2>\t\t\t\t<\/div>\n\t\t\t\t<\/div>\n\t\t\t\t\t<\/div>\n\t\t<\/div>\n\t\t\t\t\t<\/div>\n\t\t<\/section>\n\t\t\t\t<section class=\"elementor-section elementor-top-section elementor-element elementor-element-8d97c7b elementor-section-full_width elementor-section-height-default elementor-section-height-default\" data-id=\"8d97c7b\" data-element_type=\"section\">\n\t\t\t\t\t\t<div class=\"elementor-container elementor-column-gap-default\">\n\t\t\t\t\t<div class=\"elementor-column elementor-col-50 elementor-top-column elementor-element elementor-element-ab02c9b\" data-id=\"ab02c9b\" data-element_type=\"column\">\n\t\t\t<div class=\"elementor-widget-wrap elementor-element-populated\">\n\t\t\t\t\t\t<div class=\"elementor-element elementor-element-0a23d05 elementor-widget elementor-widget-image\" data-id=\"0a23d05\" data-element_type=\"widget\" data-widget_type=\"image.default\">\n\t\t\t\t<div class=\"elementor-widget-container\">\n\t\t\t\t\t\t\t\t\t\t\t\t\t\t\t<img decoding=\"async\" src=\"https:\/\/caficon.com\/wp-content\/uploads\/elementor\/thumbs\/5-pjcygz8oa7x5zoivcim2ewat9jj2ql3un4vrxjnyx4.jpeg\" title=\"5\" alt=\"5\" loading=\"lazy\" \/>\t\t\t\t\t\t\t\t\t\t\t\t\t\t\t<\/div>\n\t\t\t\t<\/div>\n\t\t\t\t<div class=\"elementor-element elementor-element-209ff90 elementor-widget elementor-widget-html\" data-id=\"209ff90\" data-element_type=\"widget\" data-widget_type=\"html.default\">\n\t\t\t\t<div class=\"elementor-widget-container\">\n\t\t\t\t\t<h4 style=\"text-align: center;\"><span style=\"color: #ff6600;\">C.P. M.A.E., M.F. Jesus Miguel Alarcon Diaz<\/span><\/h4>\t\t\t\t<\/div>\n\t\t\t\t<\/div>\n\t\t\t\t\t<\/div>\n\t\t<\/div>\n\t\t\t\t<div class=\"elementor-column elementor-col-50 elementor-top-column elementor-element elementor-element-9977bd6\" data-id=\"9977bd6\" data-element_type=\"column\">\n\t\t\t<div class=\"elementor-widget-wrap elementor-element-populated\">\n\t\t\t\t\t\t<div class=\"elementor-element elementor-element-6bfeb3a elementor-widget elementor-widget-spacer\" data-id=\"6bfeb3a\" data-element_type=\"widget\" data-widget_type=\"spacer.default\">\n\t\t\t\t<div class=\"elementor-widget-container\">\n\t\t\t\t\t\t\t<div class=\"elementor-spacer\">\n\t\t\t<div class=\"elementor-spacer-inner\"><\/div>\n\t\t<\/div>\n\t\t\t\t\t\t<\/div>\n\t\t\t\t<\/div>\n\t\t\t\t<div class=\"elementor-element elementor-element-85662ce elementor-widget elementor-widget-heading\" data-id=\"85662ce\" data-element_type=\"widget\" data-widget_type=\"heading.default\">\n\t\t\t\t<div class=\"elementor-widget-container\">\n\t\t\t\t\t<h2 class=\"elementor-heading-title elementor-size-default\">CV:<\/h2>\t\t\t\t<\/div>\n\t\t\t\t<\/div>\n\t\t\t\t<div class=\"elementor-element elementor-element-d89e146 elementor-widget elementor-widget-text-editor\" data-id=\"d89e146\" data-element_type=\"widget\" data-widget_type=\"text-editor.default\">\n\t\t\t\t<div class=\"elementor-widget-container\">\n\t\t\t\t\t\t\t\t\t<p>\u00a0<\/p><p><strong>\u00a0 \u00a0 \u00a0 \u00a0 \u00a0 ABRIL 2011 Beca de Posgrado (Gobierno del Estado de Jalisco)<\/strong><\/p><p>Acreedor a la beca en excelencia acad\u00e9mica por parte del Gobierno del Estado de Jalisco para cursar el Doctorado en Ciencias de lo Fiscal en el Instituto de Especializaci\u00f3n para Ejecutivos en Guadalajara, Jalisco.<\/p><p>\u00a0\u00a0\u00a0\u00a0\u00a0\u00a0\u00a0\u00a0\u00a0\u00a0\u00a0\u00a0\u00a0\u00a0\u00a0 <strong>Harvard Management Mentor Plus (Marzo 2012)<\/strong><\/p><p>Acreedor a la beca Harvard Management para cursar el curso de Habilidades Gerenciales y de Liderazgo con duraci\u00f3n de 6 meses con valor extracurricular en los t\u00f3picos de capacitaci\u00f3n empresarial,\u00a0 toma de decisiones,\u00a0 an\u00e1lisis de estados financieros,\u00a0 desarrollo personal,\u00a0 destrezas de comunicaci\u00f3n,\u00a0 fundamentos de estrategia, fundamentos de negocios y trabajar con equipos.<\/p><p>\u00a0\u00a0\u00a0\u00a0\u00a0\u00a0\u00a0\u00a0\u00a0\u00a0\u00a0\u00a0\u00a0\u00a0\u00a0 <strong>UNIVERSIDAD DEL VALLE DE M\u00c9XICO (CAMPUS GUADALAJARA SUR)<\/strong><\/p><p>Profesor titular desde Agosto 2010 en las \u00e1reas econ\u00f3mico administrativas impartiendo las materias de Finanzas Corporativas,\u00a0 Contabilidad Financiera, Proyectos de Inversi\u00f3n, Estrategias de Inversi\u00f3n.<\/p><p><strong>DOCENTE EN LAS SIGUIENTES MAESTR\u00cdAS <\/strong><\/p><p><strong>MAESTR\u00cdA EN DERECHO FISCAL Y CORPORATIVO:<\/strong><\/p><ul><li><strong>Planeaci\u00f3n Fiscal, <\/strong>Universidad Vizcaya de las Am\u00e9ricas, Manzanillo.<\/li><li><strong>Metodolog\u00eda de la Investigaci\u00f3n, <\/strong>Universidad Vizcaya de las Am\u00e9ricas, Manzanillo.<\/li><li><strong>Finanzas P\u00fablicas y Corporativas, <\/strong>Universidad Vizcaya de las Am\u00e9ricas, Manzanillo.<\/li><li><strong>Seminario de Investigaci\u00f3n y docencia, <\/strong>Universidad Vizcaya de las Am\u00e9ricas, Manzanillo.<\/li><\/ul><p><strong>MAESTR\u00cdA EN DERECHO FISCAL: <\/strong><\/p><ul><li><strong>An\u00e1lisis de las Contribuciones Federales, Estatales y Municipales,<\/strong> UTEGRA<strong>, <\/strong>CEO\u00a0<\/li><li><strong>Los Desaf\u00edos del Derecho Mexicano Frente a la Globalizaci\u00f3n, <\/strong>UTEGRA<strong>, <\/strong>Guadalajara,<\/li><\/ul><p><strong>MAESTR\u00cdA EN FISCAL:<\/strong><\/p><ul><li><strong>Seminario de Planeaci\u00f3n Fiscal, <\/strong>CEO Guadalajara, Hermosillo, Guaymas<\/li><li><strong>Normas de Informaci\u00f3n Financiera <\/strong>Ceo Hermosillo, Guaymas<\/li><li><strong>Derecho Fiscal y Financiero, <\/strong>Universidad Vizcaya de las Americas \u2013 Tepic y Manzanillo, Col.<\/li><li><strong>Contribuciones Estatales y Municipales, <\/strong>CEO Guadalajara<\/li><li><strong>Seminario de Investigaci\u00f3n, <\/strong>UNIVA Colima.<\/li><\/ul><p><strong>MAESTR\u00cdA EN DERECHO CORPORATIVO:<\/strong><\/p><ul><li><strong>Derecho Fiscal, <\/strong>Ceo CD Guzman Jalisco<\/li><li><strong>Derecho Financiero <\/strong>UNIVA Guadalajara.<\/li><li><strong>Proyectos de investigaci\u00f3n, <\/strong>Universidad Enrique D\u00edaz de Le\u00f3n -Guadalajara<\/li><li><strong>Seminario de Investigaci\u00f3n, <\/strong>UTEGRA<\/li><li><strong>Metodolog\u00eda de la Investigaci\u00f3n, <\/strong>UNIVA Guadalajara<\/li><li><strong>Legislaci\u00f3n Empresarial. <\/strong>Universidad Vizcaya de las Am\u00e9ricas Tepic<\/li><\/ul><p><strong>MAESTR\u00cdA EN ADMINISTRACI\u00d3N:<\/strong><\/p><ul><li><strong>Proyectos de Inversi\u00f3n,<\/strong> Universidad Enrique D\u00edaz de Le\u00f3n Guadalajara<\/li><li><strong>Proyectos de Inversi\u00f3n<\/strong>. Universidad Cuauhtemoc Guadalajara<\/li><li><strong>Planeaci\u00f3n estrat\u00e9gica, <\/strong>Universidad Vizcaya de las Americas Campus Tepic y Manzanillo<\/li><\/ul><p><strong>MAESTR\u00cdA EN ADMINISTRACI\u00d3N FINANCIERA:<\/strong><\/p><ul><li><strong>Matem\u00e1ticas Financieras, <\/strong>UTEGRA<\/li><li><strong>Planeaci\u00f3n estrat\u00e9gica, <\/strong>UNIVA, Guadalajara.<\/li><li><strong>Investigaci\u00f3n de Operaciones <\/strong>UTEGRA Guadalajara, Morelia<\/li><\/ul><p><strong>MAESTR\u00cdA EN VALUACI\u00d3N:<\/strong><\/p><ul><li><strong>Joint Venture <\/strong>Centro de Valores Guadalajara.<\/li><li><strong>Emisi\u00f3n de Deuda y Capital, <\/strong>Centro de Valores Guadalajara.<\/li><li><strong>Metodolog\u00eda de la Investigaci\u00f3n, <\/strong>Centro de Valores Guadalajara.<\/li><\/ul><p><strong>\u00a0<\/strong><\/p><p><strong>MAESTR\u00cdA EN IMPUESTOS:<\/strong><\/p><ul><li><strong>Planeaci\u00f3n Fiscal<\/strong>, Universidad Vizcaya de las Americas &#8211; Manzanillo<\/li><li><strong>T\u00edtulos y Operaciones de Cr\u00e9dito<\/strong>, CEO, Guadalajara, Cd. Guzm\u00e1n, Obreg\u00f3n, Hermosillo, Morelia, Tepatitl\u00e1n, Toluca y Manzanillo.<\/li><li><strong>Metodolog\u00eda de la Investigaci\u00f3n<\/strong>, CEO, Guadalajara, Cd. Guzm\u00e1n, Obreg\u00f3n, Hermosillo, Morelia, Tepatitl\u00e1n, Toluca y Manzanillo.<\/li><li><strong>Seminario de Tesis<\/strong>, CEO, Guadalajara, Cd. Guzm\u00e1n, Obreg\u00f3n, Hermosillo, Morelia, Tepatitl\u00e1n, Toluca y Manzanillo.<\/li><li><strong>Finanzas P\u00fablicas y Corporativas, <\/strong>CEO, Guadalajara, Cd. Guzm\u00e1n, Obreg\u00f3n, Hermosillo, Morelia, Tepatitl\u00e1n, Toluca y Manzanillo.<\/li><\/ul>\t\t\t\t\t\t\t\t<\/div>\n\t\t\t\t<\/div>\n\t\t\t\t<div class=\"elementor-element elementor-element-9c43618 elementor-widget elementor-widget-spacer\" data-id=\"9c43618\" data-element_type=\"widget\" data-widget_type=\"spacer.default\">\n\t\t\t\t<div class=\"elementor-widget-container\">\n\t\t\t\t\t\t\t<div class=\"elementor-spacer\">\n\t\t\t<div class=\"elementor-spacer-inner\"><\/div>\n\t\t<\/div>\n\t\t\t\t\t\t<\/div>\n\t\t\t\t<\/div>\n\t\t\t\t\t<\/div>\n\t\t<\/div>\n\t\t\t\t\t<\/div>\n\t\t<\/section>\n\t\t\t\t<\/div>\n\t\t","protected":false},"excerpt":{"rendered":"<p>Que encontraras en el Temario Dirigido Objetivo \u00a0 Temario: Concepto de construcci\u00f3n Definici\u00f3n gramatical Por la C\u00e1mara Nacional de la Industria de la Construcci\u00f3n Por Reglamento del IMSS Obligaciones patronales derivados de la Ley del Seguro Social y su Reglamento Afiliaci\u00f3n de patrones Afiliaci\u00f3n de los trabajadores Registro de obra Otros sujetos Obligados Prestadores de [&hellip;]<\/p>\n","protected":false},"author":2721,"featured_media":0,"parent":0,"menu_order":0,"comment_status":"closed","ping_status":"closed","template":"","meta":{"footnotes":""},"class_list":["post-26997","page","type-page","status-publish","hentry"],"_links":{"self":[{"href":"https:\/\/caficon.com\/index.php\/wp-json\/wp\/v2\/pages\/26997","targetHints":{"allow":["GET"]}}],"collection":[{"href":"https:\/\/caficon.com\/index.php\/wp-json\/wp\/v2\/pages"}],"about":[{"href":"https:\/\/caficon.com\/index.php\/wp-json\/wp\/v2\/types\/page"}],"author":[{"embeddable":true,"href":"https:\/\/caficon.com\/index.php\/wp-json\/wp\/v2\/users\/2721"}],"replies":[{"embeddable":true,"href":"https:\/\/caficon.com\/index.php\/wp-json\/wp\/v2\/comments?post=26997"}],"version-history":[{"count":4,"href":"https:\/\/caficon.com\/index.php\/wp-json\/wp\/v2\/pages\/26997\/revisions"}],"predecessor-version":[{"id":27007,"href":"https:\/\/caficon.com\/index.php\/wp-json\/wp\/v2\/pages\/26997\/revisions\/27007"}],"wp:attachment":[{"href":"https:\/\/caficon.com\/index.php\/wp-json\/wp\/v2\/media?parent=26997"}],"curies":[{"name":"wp","href":"https:\/\/api.w.org\/{rel}","templated":true}]}}