{"id":25957,"date":"2022-08-29T18:03:15","date_gmt":"2022-08-29T18:03:15","guid":{"rendered":"https:\/\/caficon.com\/?page_id=25957"},"modified":"2022-10-19T18:50:55","modified_gmt":"2022-10-19T18:50:55","slug":"los-diferentes-regimenes-fiscales-y-su-tratamiento-del-iva","status":"publish","type":"page","link":"https:\/\/caficon.com\/index.php\/los-diferentes-regimenes-fiscales-y-su-tratamiento-del-iva\/","title":{"rendered":"Excel Avanzado"},"content":{"rendered":"\t\t<div data-elementor-type=\"wp-page\" data-elementor-id=\"25957\" class=\"elementor elementor-25957\" data-elementor-post-type=\"page\">\n\t\t\t\t\t\t<section class=\"elementor-section elementor-top-section elementor-element elementor-element-84d1b71 elementor-section-full_width elementor-section-height-default elementor-section-height-default\" data-id=\"84d1b71\" data-element_type=\"section\">\n\t\t\t\t\t\t<div class=\"elementor-container elementor-column-gap-default\">\n\t\t\t\t\t<div class=\"elementor-column elementor-col-100 elementor-top-column elementor-element elementor-element-2486cdd\" data-id=\"2486cdd\" data-element_type=\"column\">\n\t\t\t<div class=\"elementor-widget-wrap elementor-element-populated\">\n\t\t\t\t\t\t<div class=\"elementor-element elementor-element-4070adc elementor-widget elementor-widget-heading\" data-id=\"4070adc\" data-element_type=\"widget\" data-widget_type=\"heading.default\">\n\t\t\t\t<div class=\"elementor-widget-container\">\n\t\t\t\t\t<h2 class=\"elementor-heading-title elementor-size-default\">Que encontraras en el Temario<\/h2>\t\t\t\t<\/div>\n\t\t\t\t<\/div>\n\t\t\t\t\t<\/div>\n\t\t<\/div>\n\t\t\t\t\t<\/div>\n\t\t<\/section>\n\t\t\t\t<section class=\"elementor-section elementor-top-section elementor-element elementor-element-b8b4a0d elementor-section-full_width elementor-section-height-default elementor-section-height-default\" data-id=\"b8b4a0d\" data-element_type=\"section\">\n\t\t\t\t\t\t<div class=\"elementor-container elementor-column-gap-default\">\n\t\t\t\t\t<div class=\"elementor-column elementor-col-25 elementor-top-column elementor-element elementor-element-e11c619\" data-id=\"e11c619\" data-element_type=\"column\">\n\t\t\t<div class=\"elementor-widget-wrap elementor-element-populated\">\n\t\t\t\t\t\t\t<\/div>\n\t\t<\/div>\n\t\t\t\t<div class=\"elementor-column elementor-col-25 elementor-top-column elementor-element elementor-element-8493026\" data-id=\"8493026\" data-element_type=\"column\">\n\t\t\t<div class=\"elementor-widget-wrap elementor-element-populated\">\n\t\t\t\t\t\t<div class=\"elementor-element elementor-element-4230872 elementor-widget elementor-widget-text-editor\" data-id=\"4230872\" data-element_type=\"widget\" data-widget_type=\"text-editor.default\">\n\t\t\t\t<div class=\"elementor-widget-container\">\n\t\t\t\t\t\t\t\t\t<p><span style=\"color: #ff6600;\"><strong>Objetivo<\/strong><\/span><\/p><p>El asistente conocer\u00e1 y ejecutar\u00e1 los procesos de integraci\u00f3n de informaci\u00f3n entre Excel con otras aplicaciones tanto de la suite de Office como de otras marcas<\/p><p><span style=\"color: #ff6600;\"><strong>Dirigido<br \/><\/strong><\/span><\/p>\t\t\t\t\t\t\t\t<\/div>\n\t\t\t\t<\/div>\n\t\t\t\t\t<\/div>\n\t\t<\/div>\n\t\t\t\t<div class=\"elementor-column elementor-col-25 elementor-top-column elementor-element elementor-element-7201636\" data-id=\"7201636\" data-element_type=\"column\">\n\t\t\t<div class=\"elementor-widget-wrap elementor-element-populated\">\n\t\t\t\t\t\t<div class=\"elementor-element elementor-element-00f3506 elementor-widget elementor-widget-text-editor\" data-id=\"00f3506\" data-element_type=\"widget\" data-widget_type=\"text-editor.default\">\n\t\t\t\t<div class=\"elementor-widget-container\">\n\t\t\t\t\t\t\t\t\t<h5><span style=\"color: #ff6600;\">Temario:<\/span><\/h5><ol><li><strong>Incorporaci\u00f3n de informaci\u00f3n hacia Excel:<\/strong><ol><li>Copiado y pegado de informaci\u00f3n.<\/li><li>Configuraci\u00f3n de informaci\u00f3n de fuentes externas.<\/li><\/ol><\/li><li><strong>Acceso a datos desde otras fuentes:<\/strong><ol><li>Tipo de informaci\u00f3n a la que se puede acceder.<\/li><li>Obtener datos desde fuentes externas.<\/li><li>Uso y parametrizaci\u00f3n de archivos de or\u00edgenes de datos.<\/li><li>Manejo de PowerQuery y Power Pivot.<\/li><\/ol><\/li><\/ol><ul><li><strong>Integraci\u00f3n de Excel con otras aplicaciones:<\/strong><ol><li>\u00a0<\/li><li>Correo electr\u00f3nico masivo.<\/li><\/ol><\/li><\/ul><ol><li><strong>Seguridad y uso compartido:<\/strong><ol><li>Elementos de seguridad en Excel.<\/li><li>Asignaci\u00f3n de seguridad para restringir operaciones en un archivo compartido.<\/li><li>Proteger la estructura de los libros de Excel.<\/li><\/ol><\/li><\/ol>\t\t\t\t\t\t\t\t<\/div>\n\t\t\t\t<\/div>\n\t\t\t\t\t<\/div>\n\t\t<\/div>\n\t\t\t\t<div class=\"elementor-column elementor-col-25 elementor-top-column elementor-element elementor-element-d1d0154\" data-id=\"d1d0154\" data-element_type=\"column\">\n\t\t\t<div class=\"elementor-widget-wrap\">\n\t\t\t\t\t\t\t<\/div>\n\t\t<\/div>\n\t\t\t\t\t<\/div>\n\t\t<\/section>\n\t\t\t\t<section class=\"elementor-section elementor-top-section elementor-element elementor-element-31e0d4d elementor-section-full_width elementor-section-height-default elementor-section-height-default\" data-id=\"31e0d4d\" data-element_type=\"section\">\n\t\t\t\t\t\t<div class=\"elementor-container elementor-column-gap-default\">\n\t\t\t\t\t<div class=\"elementor-column elementor-col-100 elementor-top-column elementor-element elementor-element-dc684ec\" data-id=\"dc684ec\" data-element_type=\"column\">\n\t\t\t<div class=\"elementor-widget-wrap elementor-element-populated\">\n\t\t\t\t\t\t<div class=\"elementor-element elementor-element-ad37f48 elementor-widget elementor-widget-spacer\" data-id=\"ad37f48\" data-element_type=\"widget\" data-widget_type=\"spacer.default\">\n\t\t\t\t<div class=\"elementor-widget-container\">\n\t\t\t\t\t\t\t<div class=\"elementor-spacer\">\n\t\t\t<div class=\"elementor-spacer-inner\"><\/div>\n\t\t<\/div>\n\t\t\t\t\t\t<\/div>\n\t\t\t\t<\/div>\n\t\t\t\t<div class=\"elementor-element elementor-element-9c69edd elementor-widget elementor-widget-heading\" data-id=\"9c69edd\" data-element_type=\"widget\" data-widget_type=\"heading.default\">\n\t\t\t\t<div class=\"elementor-widget-container\">\n\t\t\t\t\t<h2 class=\"elementor-heading-title elementor-size-default\">\u00bfQuien Impartir\u00e1 este Curso?<\/h2>\t\t\t\t<\/div>\n\t\t\t\t<\/div>\n\t\t\t\t\t<\/div>\n\t\t<\/div>\n\t\t\t\t\t<\/div>\n\t\t<\/section>\n\t\t\t\t<section class=\"elementor-section elementor-top-section elementor-element elementor-element-c4b6d30 elementor-section-full_width elementor-section-height-default elementor-section-height-default\" data-id=\"c4b6d30\" data-element_type=\"section\">\n\t\t\t\t\t\t<div class=\"elementor-container elementor-column-gap-default\">\n\t\t\t\t\t<div class=\"elementor-column elementor-col-50 elementor-top-column elementor-element elementor-element-4eec1ca\" data-id=\"4eec1ca\" data-element_type=\"column\">\n\t\t\t<div class=\"elementor-widget-wrap elementor-element-populated\">\n\t\t\t\t\t\t<div class=\"elementor-element elementor-element-fcd2f2e elementor-hidden-desktop elementor-hidden-tablet elementor-hidden-mobile elementor-widget elementor-widget-image\" data-id=\"fcd2f2e\" data-element_type=\"widget\" data-widget_type=\"image.default\">\n\t\t\t\t<div class=\"elementor-widget-container\">\n\t\t\t\t\t\t\t\t\t\t\t\t\t\t\t<img decoding=\"async\" src=\"https:\/\/caficon.com\/wp-content\/uploads\/elementor\/thumbs\/3-819x1024-3-plogrs79cn1pfx7m8k7uhthjn5ljh48dzvkacv6kj4.jpg\" title=\"3-819&#215;1024\" alt=\"3-819x1024\" loading=\"lazy\" \/>\t\t\t\t\t\t\t\t\t\t\t\t\t\t\t<\/div>\n\t\t\t\t<\/div>\n\t\t\t\t<div class=\"elementor-element elementor-element-24cdb52 elementor-widget elementor-widget-html\" data-id=\"24cdb52\" data-element_type=\"widget\" data-widget_type=\"html.default\">\n\t\t\t\t<div class=\"elementor-widget-container\">\n\t\t\t\t\t<h4 style=\"text-align: center;\"><span style=\"color: #ff6600;\">L.I. Jose Antonio Cenobio<\/span><\/h4>\t\t\t\t<\/div>\n\t\t\t\t<\/div>\n\t\t\t\t\t<\/div>\n\t\t<\/div>\n\t\t\t\t<div class=\"elementor-column elementor-col-50 elementor-top-column elementor-element elementor-element-be3b96c\" data-id=\"be3b96c\" data-element_type=\"column\">\n\t\t\t<div class=\"elementor-widget-wrap elementor-element-populated\">\n\t\t\t\t\t\t<div class=\"elementor-element elementor-element-adc20e6 elementor-widget elementor-widget-spacer\" data-id=\"adc20e6\" data-element_type=\"widget\" data-widget_type=\"spacer.default\">\n\t\t\t\t<div class=\"elementor-widget-container\">\n\t\t\t\t\t\t\t<div class=\"elementor-spacer\">\n\t\t\t<div class=\"elementor-spacer-inner\"><\/div>\n\t\t<\/div>\n\t\t\t\t\t\t<\/div>\n\t\t\t\t<\/div>\n\t\t\t\t<div class=\"elementor-element elementor-element-1450100 elementor-widget elementor-widget-heading\" data-id=\"1450100\" data-element_type=\"widget\" data-widget_type=\"heading.default\">\n\t\t\t\t<div class=\"elementor-widget-container\">\n\t\t\t\t\t<h2 class=\"elementor-heading-title elementor-size-default\">CV:<\/h2>\t\t\t\t<\/div>\n\t\t\t\t<\/div>\n\t\t\t\t<div class=\"elementor-element elementor-element-9ee84a4 elementor-hidden-desktop elementor-hidden-tablet elementor-hidden-mobile elementor-widget elementor-widget-text-editor\" data-id=\"9ee84a4\" data-element_type=\"widget\" data-widget_type=\"text-editor.default\">\n\t\t\t\t<div class=\"elementor-widget-container\">\n\t\t\t\t\t\t\t\t\t<p>DESEMPE\u00d1O PROFESIONAL INDEPENDIENTE<br \/>(Julio 2003 a la fecha) Asesor\u00eda independiente a diversas empresas privadas en<br \/>materia contable, fiscal, administrativa e inform\u00e1tica, en diversas<br \/>organizaciones como: (agencias de publicidad, centros escolares, empresas<br \/>comercializadoras, importadoras, empresas de recursos humanos, sindicatos, y<br \/>personas fisicas con distintas actividades), entre las que se pueden citar:<br \/>Asociaci\u00f3n Nacional de Abarroteros de M\u00e9xico SC<br \/>Grupo SANMAR SA de CV<br \/>INDUSTRIA ENVASADORA DE QUER\u00c9TARO SA DE CV (Coca Cola Quer\u00e9taro)<br \/>LICONSA<br \/>Sindicato Mexicano de Electricistas<br \/>Comisi\u00f3n Federal de Electricidad<br \/>Luz y Fuerza del Centro<br \/>RVG IMAGES, S.A. de C.V. (FILIAL DE GETTY IMAGES)<br \/>Cuchiller\u00eda Toledo, S.A. de C.V.<br \/>Starlight, S.A. de C.V.<br \/>Almacenadora Accel , S.A.<br \/>Capital Logistics, S.A. de C.V.<br \/>MOMATT, S.A. DE C.V.<br \/>Calzado Sandak, SA DE CV, etc.<br \/>DIVERSAS PERSONAS F\u00cdSICAS, DEL GIRO DE AUTOTRANSPORTE, COMERCIO,<br \/>SERVICIOS, Y ACTORES<\/p><p>Despacho Ra\u00fal Am\u00e9zquita y Asoc. S.C.<br \/>Contadores P\u00fablicos Consultores en Impuestos<br \/>Septiembre de 1993 a MARZO 2015<br \/>en el \u00c1rea de Inform\u00e1tica Fiscal y Automatizaci\u00f3n de procesos<\/p>\t\t\t\t\t\t\t\t<\/div>\n\t\t\t\t<\/div>\n\t\t\t\t<div class=\"elementor-element elementor-element-3d95916 elementor-widget elementor-widget-spacer\" data-id=\"3d95916\" data-element_type=\"widget\" data-widget_type=\"spacer.default\">\n\t\t\t\t<div class=\"elementor-widget-container\">\n\t\t\t\t\t\t\t<div class=\"elementor-spacer\">\n\t\t\t<div class=\"elementor-spacer-inner\"><\/div>\n\t\t<\/div>\n\t\t\t\t\t\t<\/div>\n\t\t\t\t<\/div>\n\t\t\t\t\t<\/div>\n\t\t<\/div>\n\t\t\t\t\t<\/div>\n\t\t<\/section>\n\t\t\t\t<\/div>\n\t\t","protected":false},"excerpt":{"rendered":"<p>Que encontraras en el Temario Objetivo El asistente conocer\u00e1 y ejecutar\u00e1 los procesos de integraci\u00f3n de informaci\u00f3n entre Excel con otras aplicaciones tanto de la suite de Office como de otras marcas Dirigido Temario: Incorporaci\u00f3n de informaci\u00f3n hacia Excel: Copiado y pegado de informaci\u00f3n. Configuraci\u00f3n de informaci\u00f3n de fuentes externas. Acceso a datos desde otras [&hellip;]<\/p>\n","protected":false},"author":1,"featured_media":0,"parent":0,"menu_order":0,"comment_status":"closed","ping_status":"closed","template":"","meta":{"footnotes":""},"class_list":["post-25957","page","type-page","status-publish","hentry"],"_links":{"self":[{"href":"https:\/\/caficon.com\/index.php\/wp-json\/wp\/v2\/pages\/25957","targetHints":{"allow":["GET"]}}],"collection":[{"href":"https:\/\/caficon.com\/index.php\/wp-json\/wp\/v2\/pages"}],"about":[{"href":"https:\/\/caficon.com\/index.php\/wp-json\/wp\/v2\/types\/page"}],"author":[{"embeddable":true,"href":"https:\/\/caficon.com\/index.php\/wp-json\/wp\/v2\/users\/1"}],"replies":[{"embeddable":true,"href":"https:\/\/caficon.com\/index.php\/wp-json\/wp\/v2\/comments?post=25957"}],"version-history":[{"count":24,"href":"https:\/\/caficon.com\/index.php\/wp-json\/wp\/v2\/pages\/25957\/revisions"}],"predecessor-version":[{"id":26943,"href":"https:\/\/caficon.com\/index.php\/wp-json\/wp\/v2\/pages\/25957\/revisions\/26943"}],"wp:attachment":[{"href":"https:\/\/caficon.com\/index.php\/wp-json\/wp\/v2\/media?parent=25957"}],"curies":[{"name":"wp","href":"https:\/\/api.w.org\/{rel}","templated":true}]}}