{"id":25772,"date":"2022-08-17T23:46:59","date_gmt":"2022-08-17T23:46:59","guid":{"rendered":"https:\/\/caficon.com\/?page_id=25772"},"modified":"2022-08-18T00:17:51","modified_gmt":"2022-08-18T00:17:51","slug":"modulo-3-remuneracion-y-prevision-social","status":"publish","type":"page","link":"https:\/\/caficon.com\/index.php\/modulo-3-remuneracion-y-prevision-social\/","title":{"rendered":"Modulo 3 remuneraci\u00f3n y  previsi\u00f3n social"},"content":{"rendered":"\t\t<div data-elementor-type=\"wp-page\" data-elementor-id=\"25772\" class=\"elementor elementor-25772\" data-elementor-post-type=\"page\">\n\t\t\t\t\t\t<section class=\"elementor-section elementor-top-section elementor-element elementor-element-9256faf elementor-section-full_width elementor-section-height-default elementor-section-height-default\" data-id=\"9256faf\" data-element_type=\"section\">\n\t\t\t\t\t\t<div class=\"elementor-container elementor-column-gap-default\">\n\t\t\t\t\t<div class=\"elementor-column elementor-col-100 elementor-top-column elementor-element elementor-element-afe8000\" data-id=\"afe8000\" data-element_type=\"column\">\n\t\t\t<div class=\"elementor-widget-wrap elementor-element-populated\">\n\t\t\t\t\t\t<div class=\"elementor-element elementor-element-1185f45 elementor-widget elementor-widget-heading\" data-id=\"1185f45\" data-element_type=\"widget\" data-widget_type=\"heading.default\">\n\t\t\t\t<div class=\"elementor-widget-container\">\n\t\t\t\t\t<h2 class=\"elementor-heading-title elementor-size-default\">Que encontraras en el Temario<\/h2>\t\t\t\t<\/div>\n\t\t\t\t<\/div>\n\t\t\t\t\t<\/div>\n\t\t<\/div>\n\t\t\t\t\t<\/div>\n\t\t<\/section>\n\t\t\t\t<section class=\"elementor-section elementor-top-section elementor-element elementor-element-e1d8592 elementor-section-full_width elementor-section-height-default elementor-section-height-default\" data-id=\"e1d8592\" data-element_type=\"section\">\n\t\t\t\t\t\t<div class=\"elementor-container elementor-column-gap-default\">\n\t\t\t\t\t<div class=\"elementor-column elementor-col-25 elementor-top-column elementor-element elementor-element-aaad43e\" data-id=\"aaad43e\" data-element_type=\"column\">\n\t\t\t<div class=\"elementor-widget-wrap elementor-element-populated\">\n\t\t\t\t\t\t\t<\/div>\n\t\t<\/div>\n\t\t\t\t<div class=\"elementor-column elementor-col-25 elementor-top-column elementor-element elementor-element-2357981\" data-id=\"2357981\" data-element_type=\"column\">\n\t\t\t<div class=\"elementor-widget-wrap elementor-element-populated\">\n\t\t\t\t\t\t<div class=\"elementor-element elementor-element-9948fe7 elementor-widget elementor-widget-text-editor\" data-id=\"9948fe7\" data-element_type=\"widget\" data-widget_type=\"text-editor.default\">\n\t\t\t\t<div class=\"elementor-widget-container\">\n\t\t\t\t\t\t\t\t\t<p><span style=\"color: #ff6600;\"><strong>Objetivo<\/strong><\/span><\/p><p>Transmitir a los asistentes de manera sencilla, amena y pr\u00e1ctica los conocimientos necesarios para que est\u00e9n en posibilidad de lograr aplicar correctamente la LISR, el RISR, las disposiciones de la Miscel\u00e1nea y los criterios internos del SAT, aplicables a los salarios y la previsi\u00f3n social en ISR.<\/p><p><span style=\"color: #ff6600;\"><strong>Dirigido.<\/strong><\/span><\/p><p>Encargados de calcular, retener y pagar los impuestos de los trabajadores y las personas que obtienen ingresos asimilables a salarios, sean contralores, gerentes administrativos, contadores, subcontadores y, en general, al equipo contable de las empresas. Tambi\u00e9n a socios, asociados y auditores de despachos de contadores. Gerentes, jefes y encargados del \u00e1rea de recursos humanos<\/p>\t\t\t\t\t\t\t\t<\/div>\n\t\t\t\t<\/div>\n\t\t\t\t\t<\/div>\n\t\t<\/div>\n\t\t\t\t<div class=\"elementor-column elementor-col-25 elementor-top-column elementor-element elementor-element-9ddace4\" data-id=\"9ddace4\" data-element_type=\"column\">\n\t\t\t<div class=\"elementor-widget-wrap elementor-element-populated\">\n\t\t\t\t\t\t<div class=\"elementor-element elementor-element-d80bc5b elementor-widget elementor-widget-text-editor\" data-id=\"d80bc5b\" data-element_type=\"widget\" data-widget_type=\"text-editor.default\">\n\t\t\t\t<div class=\"elementor-widget-container\">\n\t\t\t\t\t\t\t\t\t<h5><span style=\"color: #ff6600;\">Temario:<\/span><\/h5><ol><li><strong>Definici\u00f3n de conceptos<\/strong><\/li><\/ol><p>Ingresos por la prestaci\u00f3n de un servicio personal subordinado. Conceptos que no son ingresos en bienes. Ingreso en servicio<\/p><ol><li><strong>Ingresos exentos<\/strong><\/li><\/ol><p>Tiempo extraordinario y pagos por d\u00edas de descanso trabajados. Indemnizaci\u00f3n por riesgos o enfermedades. Jubilaciones, pensiones, haberes de retiro y pensiones vitalicias. Reembolso de gastos m\u00e9dicos y otros. Prestaciones sociales de instituciones p\u00fablicas. Diversas prestaciones de previsi\u00f3n social. Aportaciones al INFONAVIT, sus rendimientos y casa habitaci\u00f3n. Fondos de ahorro. Cuotas obreras al IMSS. Primas de antig\u00fcedad, retiro, indemnizaciones y otros. Gratificaciones, primas vacacionales, dominicales y PTU. Remuneraciones que perciben los extranjeros. Ingresos exentos por vi\u00e1ticos. Alimentos exentos<\/p><ul><li><strong>Obligaciones de patrones, trabajadores y asimilables<\/strong><\/li><\/ul><p>De trabajadores y asimilables. Del empleador<\/p><ol><li><strong>Requisitos para deducir salarios<\/strong><\/li><\/ol><p>Requisitos para deducir salarios. Entero de las retenciones de ISR<\/p><ol><li><strong>Requisitos para deducir la previsi\u00f3n social<\/strong><\/li><\/ol><p>Generalidad. Seguros de vida y de gastos m\u00e9dicos. Requisito de generalidad. Requisitos de deducci\u00f3n de la previsi\u00f3n social entregada a los socios de sociedades cooperativas<\/p><ol><li>Cr\u00e9dito fiscal por salarios gravados, prestaciones gravadas, ingresos asimilables a salarios y aportaciones de seguridad social<\/li><\/ol><ul><li><strong>Ley de Ayuda Alimentaria para los Trabajadores<\/strong><\/li><\/ul><p>Sujetos obligados. Beneficios por otorgar ayuda alimentaria. Requisitos de los vales de despensa y restaurante<\/p>\t\t\t\t\t\t\t\t<\/div>\n\t\t\t\t<\/div>\n\t\t\t\t\t<\/div>\n\t\t<\/div>\n\t\t\t\t<div class=\"elementor-column elementor-col-25 elementor-top-column elementor-element elementor-element-fb02597\" data-id=\"fb02597\" data-element_type=\"column\">\n\t\t\t<div class=\"elementor-widget-wrap\">\n\t\t\t\t\t\t\t<\/div>\n\t\t<\/div>\n\t\t\t\t\t<\/div>\n\t\t<\/section>\n\t\t\t\t<section class=\"elementor-section elementor-top-section elementor-element elementor-element-f9cfd00 elementor-section-full_width elementor-section-height-default elementor-section-height-default\" data-id=\"f9cfd00\" data-element_type=\"section\">\n\t\t\t\t\t\t<div class=\"elementor-container elementor-column-gap-default\">\n\t\t\t\t\t<div class=\"elementor-column elementor-col-100 elementor-top-column elementor-element elementor-element-572c3b5\" data-id=\"572c3b5\" data-element_type=\"column\">\n\t\t\t<div class=\"elementor-widget-wrap elementor-element-populated\">\n\t\t\t\t\t\t<div class=\"elementor-element elementor-element-372c973 elementor-widget elementor-widget-spacer\" data-id=\"372c973\" data-element_type=\"widget\" data-widget_type=\"spacer.default\">\n\t\t\t\t<div class=\"elementor-widget-container\">\n\t\t\t\t\t\t\t<div class=\"elementor-spacer\">\n\t\t\t<div class=\"elementor-spacer-inner\"><\/div>\n\t\t<\/div>\n\t\t\t\t\t\t<\/div>\n\t\t\t\t<\/div>\n\t\t\t\t<div class=\"elementor-element elementor-element-3d44f4b elementor-widget elementor-widget-heading\" data-id=\"3d44f4b\" data-element_type=\"widget\" data-widget_type=\"heading.default\">\n\t\t\t\t<div class=\"elementor-widget-container\">\n\t\t\t\t\t<h2 class=\"elementor-heading-title elementor-size-default\">\u00bfQuien Impartir\u00e1 este Curso?<\/h2>\t\t\t\t<\/div>\n\t\t\t\t<\/div>\n\t\t\t\t\t<\/div>\n\t\t<\/div>\n\t\t\t\t\t<\/div>\n\t\t<\/section>\n\t\t\t\t<section class=\"elementor-section elementor-top-section elementor-element elementor-element-4218ef0 elementor-section-full_width elementor-section-height-default elementor-section-height-default\" data-id=\"4218ef0\" data-element_type=\"section\">\n\t\t\t\t\t\t<div class=\"elementor-container elementor-column-gap-default\">\n\t\t\t\t\t<div class=\"elementor-column elementor-col-50 elementor-top-column elementor-element elementor-element-43c6734\" data-id=\"43c6734\" data-element_type=\"column\">\n\t\t\t<div class=\"elementor-widget-wrap elementor-element-populated\">\n\t\t\t\t\t\t<div class=\"elementor-element elementor-element-7efbe86 elementor-widget elementor-widget-image\" data-id=\"7efbe86\" data-element_type=\"widget\" data-widget_type=\"image.default\">\n\t\t\t\t<div class=\"elementor-widget-container\">\n\t\t\t\t\t\t\t\t\t\t\t\t\t\t\t<img decoding=\"async\" src=\"https:\/\/caficon.com\/wp-content\/uploads\/elementor\/thumbs\/5-pjcygz8pi2plloolrfh8iz56avqpecbkixgy2y56y8.jpeg\" title=\"5\" alt=\"5\" loading=\"lazy\" \/>\t\t\t\t\t\t\t\t\t\t\t\t\t\t\t<\/div>\n\t\t\t\t<\/div>\n\t\t\t\t<div class=\"elementor-element elementor-element-1a56cf4 elementor-widget elementor-widget-html\" data-id=\"1a56cf4\" data-element_type=\"widget\" data-widget_type=\"html.default\">\n\t\t\t\t<div class=\"elementor-widget-container\">\n\t\t\t\t\t<h4 style=\"text-align: center;\"><span style=\"color: #ff6600;\">C.P. M.A.E., M.F. Jesus Miguel Alarcon Diaz<\/span><\/h4>\t\t\t\t<\/div>\n\t\t\t\t<\/div>\n\t\t\t\t\t<\/div>\n\t\t<\/div>\n\t\t\t\t<div class=\"elementor-column elementor-col-50 elementor-top-column elementor-element elementor-element-8320d3c\" data-id=\"8320d3c\" data-element_type=\"column\">\n\t\t\t<div class=\"elementor-widget-wrap elementor-element-populated\">\n\t\t\t\t\t\t<div class=\"elementor-element elementor-element-6677f7f elementor-widget elementor-widget-spacer\" data-id=\"6677f7f\" data-element_type=\"widget\" data-widget_type=\"spacer.default\">\n\t\t\t\t<div class=\"elementor-widget-container\">\n\t\t\t\t\t\t\t<div class=\"elementor-spacer\">\n\t\t\t<div class=\"elementor-spacer-inner\"><\/div>\n\t\t<\/div>\n\t\t\t\t\t\t<\/div>\n\t\t\t\t<\/div>\n\t\t\t\t<div class=\"elementor-element elementor-element-169e69e elementor-widget elementor-widget-heading\" data-id=\"169e69e\" data-element_type=\"widget\" data-widget_type=\"heading.default\">\n\t\t\t\t<div class=\"elementor-widget-container\">\n\t\t\t\t\t<h2 class=\"elementor-heading-title elementor-size-default\">CV:<\/h2>\t\t\t\t<\/div>\n\t\t\t\t<\/div>\n\t\t\t\t<div class=\"elementor-element elementor-element-80c6a9e elementor-widget elementor-widget-text-editor\" data-id=\"80c6a9e\" data-element_type=\"widget\" data-widget_type=\"text-editor.default\">\n\t\t\t\t<div class=\"elementor-widget-container\">\n\t\t\t\t\t\t\t\t\t<p><strong>\u00a0<\/strong><\/p><p><strong>MAESTR\u00cdA EN DERECHO FISCAL Y CORPORATIVO:<\/strong><\/p><p><strong>\u00a0<\/strong><\/p><ul><li><strong>Planeaci\u00f3n Fiscal, <\/strong>Universidad Vizcaya de las Am\u00e9ricas, Manzanillo.<\/li><li><strong>Metodolog\u00eda de la Investigaci\u00f3n, <\/strong>Universidad Vizcaya de las Am\u00e9ricas, Manzanillo.<\/li><li><strong>Finanzas P\u00fablicas y Corporativas, <\/strong>Universidad Vizcaya de las Am\u00e9ricas, Manzanillo.<\/li><li><strong>Seminario de Investigaci\u00f3n y docencia, <\/strong>Universidad Vizcaya de las Am\u00e9ricas, Manzanillo.<\/li><\/ul><p><strong>\u00a0<\/strong><\/p><p><strong>\u00a0<\/strong><\/p><p><strong>MAESTR\u00cdA EN DERECHO FISCAL: <\/strong><\/p><p><strong>\u00a0<\/strong><\/p><ul><li><strong>An\u00e1lisis de las Contribuciones Federales, Estatales y Municipales,<\/strong> UTEGRA<strong>, <\/strong>CEO\u00a0<\/li><li><strong>Los Desaf\u00edos del Derecho Mexicano Frente a la Globalizaci\u00f3n, <\/strong>UTEGRA<strong>, <\/strong>Guadalajara,<\/li><\/ul><p><strong>\u00a0<\/strong><\/p><p><strong>MAESTR\u00cdA EN FISCAL:<\/strong><\/p><p><strong>\u00a0<\/strong><\/p><ul><li><strong>Seminario de Planeaci\u00f3n Fiscal, <\/strong>CEO Guadalajara, Hermosillo, Guaymas<\/li><li><strong>Normas de Informaci\u00f3n Financiera <\/strong>Ceo Hermosillo, Guaymas<\/li><li><strong>Derecho Fiscal y Financiero, <\/strong>Universidad Vizcaya de las Americas \u2013 Tepic y Manzanillo, Col.<\/li><li><strong>Contribuciones Estatales y Municipales, <\/strong>CEO Guadalajara<\/li><li><strong>Seminario de Investigaci\u00f3n, <\/strong>UNIVA Colima.<\/li><\/ul><p>\u00a0<\/p><p>\u00a0<\/p><p><strong>MAESTR\u00cdA EN DERECHO CORPORATIVO:<\/strong><\/p><p><strong>\u00a0<\/strong><\/p><ul><li><strong>Derecho Fiscal, <\/strong>Ceo CD Guzman Jalisco<\/li><li><strong>Derecho Financiero <\/strong>UNIVA Guadalajara.<\/li><li><strong>Proyectos de investigaci\u00f3n, <\/strong>Universidad Enrique D\u00edaz de Le\u00f3n -Guadalajara<\/li><li><strong>Seminario de Investigaci\u00f3n, <\/strong>UTEGRA<\/li><li><strong>Metodolog\u00eda de la Investigaci\u00f3n, <\/strong>UNIVA Guadalajara<\/li><li><strong>Legislaci\u00f3n Empresarial. <\/strong>Universidad Vizcaya de las Am\u00e9ricas Tepic<\/li><\/ul><p><strong>\u00a0<\/strong><\/p><p><strong>\u00a0<\/strong><\/p><p><strong>MAESTR\u00cdA EN ADMINISTRACI\u00d3N:<\/strong><\/p><p>\u00a0<\/p><ul><li><strong>Proyectos de Inversi\u00f3n,<\/strong> Universidad Enrique D\u00edaz de Le\u00f3n Guadalajara<\/li><li><strong>Proyectos de Inversi\u00f3n<\/strong>. Universidad Cuauhtemoc Guadalajara<\/li><li><strong>Planeaci\u00f3n estrat\u00e9gica, <\/strong>Universidad Vizcaya de las Americas Campus Tepic y Manzanillo<\/li><\/ul><p><strong>\u00a0<\/strong><\/p><p><strong>MAESTR\u00cdA EN ADMINISTRACI\u00d3N FINANCIERA:<\/strong><\/p><p><strong>\u00a0<\/strong><\/p><ul><li><strong>Matem\u00e1ticas Financieras, <\/strong>UTEGRA<\/li><li><strong>Planeaci\u00f3n estrat\u00e9gica, <\/strong>UNIVA, Guadalajara.<\/li><li><strong>Investigaci\u00f3n de Operaciones <\/strong>UTEGRA Guadalajara, Morelia<\/li><\/ul><p><strong>\u00a0<\/strong><\/p><p><strong>\u00a0<\/strong><\/p><p><strong>MAESTR\u00cdA EN VALUACI\u00d3N:<\/strong><\/p><p><strong>\u00a0<\/strong><\/p><ul><li><strong>Joint Venture <\/strong>Centro de Valores Guadalajara.<\/li><li><strong>Emisi\u00f3n de Deuda y Capital, <\/strong>Centro de Valores Guadalajara.<\/li><li><strong>Metodolog\u00eda de la Investigaci\u00f3n, <\/strong>Centro de Valores Guadalajara.<\/li><\/ul><p><strong>\u00a0<\/strong><\/p><p><strong>MAESTR\u00cdA EN IMPUESTOS:<\/strong><\/p><p>\u00a0<\/p><ul><li><strong>Planeaci\u00f3n Fiscal<\/strong>, Universidad Vizcaya de las Americas &#8211; Manzanillo<\/li><li><strong>T\u00edtulos y Operaciones de Cr\u00e9dito<\/strong>, CEO, Guadalajara, Cd. Guzm\u00e1n, Obreg\u00f3n, Hermosillo, Morelia, Tepatitl\u00e1n, Toluca y Manzanillo.<\/li><li><strong>Metodolog\u00eda de la Investigaci\u00f3n<\/strong>, CEO, Guadalajara, Cd. Guzm\u00e1n, Obreg\u00f3n, Hermosillo, Morelia, Tepatitl\u00e1n, Toluca y Manzanillo.<\/li><li><strong>Seminario de Tesis<\/strong>, CEO, Guadalajara, Cd. Guzm\u00e1n, Obreg\u00f3n, Hermosillo, Morelia, Tepatitl\u00e1n, Toluca y Manzanillo.<\/li><li><strong>Finanzas P\u00fablicas y Corporativas, <\/strong>CEO, Guadalajara, Cd. Guzm\u00e1n, Obreg\u00f3n, Hermosillo, Morelia, Tepatitl\u00e1n, Toluca y Manzanillo.<\/li><\/ul><p><strong>\u00a0<\/strong><\/p>\t\t\t\t\t\t\t\t<\/div>\n\t\t\t\t<\/div>\n\t\t\t\t<div class=\"elementor-element elementor-element-8c8b6c3 elementor-widget elementor-widget-spacer\" data-id=\"8c8b6c3\" data-element_type=\"widget\" data-widget_type=\"spacer.default\">\n\t\t\t\t<div class=\"elementor-widget-container\">\n\t\t\t\t\t\t\t<div class=\"elementor-spacer\">\n\t\t\t<div class=\"elementor-spacer-inner\"><\/div>\n\t\t<\/div>\n\t\t\t\t\t\t<\/div>\n\t\t\t\t<\/div>\n\t\t\t\t\t<\/div>\n\t\t<\/div>\n\t\t\t\t\t<\/div>\n\t\t<\/section>\n\t\t\t\t<\/div>\n\t\t","protected":false},"excerpt":{"rendered":"<p>Que encontraras en el Temario Objetivo Transmitir a los asistentes de manera sencilla, amena y pr\u00e1ctica los conocimientos necesarios para que est\u00e9n en posibilidad de lograr aplicar correctamente la LISR, el RISR, las disposiciones de la Miscel\u00e1nea y los criterios internos del SAT, aplicables a los salarios y la previsi\u00f3n social en ISR. Dirigido. Encargados [&hellip;]<\/p>\n","protected":false},"author":1,"featured_media":0,"parent":0,"menu_order":0,"comment_status":"closed","ping_status":"closed","template":"","meta":{"footnotes":""},"class_list":["post-25772","page","type-page","status-publish","hentry"],"_links":{"self":[{"href":"https:\/\/caficon.com\/index.php\/wp-json\/wp\/v2\/pages\/25772","targetHints":{"allow":["GET"]}}],"collection":[{"href":"https:\/\/caficon.com\/index.php\/wp-json\/wp\/v2\/pages"}],"about":[{"href":"https:\/\/caficon.com\/index.php\/wp-json\/wp\/v2\/types\/page"}],"author":[{"embeddable":true,"href":"https:\/\/caficon.com\/index.php\/wp-json\/wp\/v2\/users\/1"}],"replies":[{"embeddable":true,"href":"https:\/\/caficon.com\/index.php\/wp-json\/wp\/v2\/comments?post=25772"}],"version-history":[{"count":7,"href":"https:\/\/caficon.com\/index.php\/wp-json\/wp\/v2\/pages\/25772\/revisions"}],"predecessor-version":[{"id":25793,"href":"https:\/\/caficon.com\/index.php\/wp-json\/wp\/v2\/pages\/25772\/revisions\/25793"}],"wp:attachment":[{"href":"https:\/\/caficon.com\/index.php\/wp-json\/wp\/v2\/media?parent=25772"}],"curies":[{"name":"wp","href":"https:\/\/api.w.org\/{rel}","templated":true}]}}