{"id":25419,"date":"2022-07-20T20:36:24","date_gmt":"2022-07-20T20:36:24","guid":{"rendered":"https:\/\/caficon.com\/?page_id=25419"},"modified":"2022-07-20T20:40:23","modified_gmt":"2022-07-20T20:40:23","slug":"taller-emprendimiento-empresarial","status":"publish","type":"page","link":"https:\/\/caficon.com\/index.php\/taller-emprendimiento-empresarial\/","title":{"rendered":"Taller Emprendimiento Empresarial"},"content":{"rendered":"\t\t<div data-elementor-type=\"wp-page\" data-elementor-id=\"25419\" class=\"elementor elementor-25419\" data-elementor-post-type=\"page\">\n\t\t\t\t\t\t<section class=\"elementor-section elementor-top-section elementor-element elementor-element-1ff0076 elementor-section-boxed elementor-section-height-default elementor-section-height-default\" data-id=\"1ff0076\" data-element_type=\"section\">\n\t\t\t\t\t\t<div class=\"elementor-container elementor-column-gap-default\">\n\t\t\t\t\t<div class=\"elementor-column elementor-col-100 elementor-top-column elementor-element elementor-element-fdee781\" data-id=\"fdee781\" data-element_type=\"column\">\n\t\t\t<div class=\"elementor-widget-wrap\">\n\t\t\t\t\t\t\t<\/div>\n\t\t<\/div>\n\t\t\t\t\t<\/div>\n\t\t<\/section>\n\t\t\t\t<section class=\"elementor-section elementor-top-section elementor-element elementor-element-1929f50 elementor-section-full_width elementor-section-height-default elementor-section-height-default\" data-id=\"1929f50\" data-element_type=\"section\">\n\t\t\t\t\t\t<div class=\"elementor-container elementor-column-gap-default\">\n\t\t\t\t\t<div class=\"elementor-column elementor-col-100 elementor-top-column elementor-element elementor-element-5c7d0e4\" data-id=\"5c7d0e4\" data-element_type=\"column\">\n\t\t\t<div class=\"elementor-widget-wrap elementor-element-populated\">\n\t\t\t\t\t\t<div class=\"elementor-element elementor-element-871e438 elementor-widget elementor-widget-heading\" data-id=\"871e438\" data-element_type=\"widget\" data-widget_type=\"heading.default\">\n\t\t\t\t<div class=\"elementor-widget-container\">\n\t\t\t\t\t<h2 class=\"elementor-heading-title elementor-size-default\">Que encontraras en el Temario<\/h2>\t\t\t\t<\/div>\n\t\t\t\t<\/div>\n\t\t\t\t\t<\/div>\n\t\t<\/div>\n\t\t\t\t\t<\/div>\n\t\t<\/section>\n\t\t\t\t<section class=\"elementor-section elementor-top-section elementor-element elementor-element-dea73e1 elementor-section-full_width elementor-section-height-default elementor-section-height-default\" data-id=\"dea73e1\" data-element_type=\"section\">\n\t\t\t\t\t\t<div class=\"elementor-container elementor-column-gap-default\">\n\t\t\t\t\t<div class=\"elementor-column elementor-col-25 elementor-top-column elementor-element elementor-element-1f685d2\" data-id=\"1f685d2\" data-element_type=\"column\">\n\t\t\t<div class=\"elementor-widget-wrap elementor-element-populated\">\n\t\t\t\t\t\t\t<\/div>\n\t\t<\/div>\n\t\t\t\t<div class=\"elementor-column elementor-col-25 elementor-top-column elementor-element elementor-element-7141235\" data-id=\"7141235\" data-element_type=\"column\">\n\t\t\t<div class=\"elementor-widget-wrap elementor-element-populated\">\n\t\t\t\t\t\t<div class=\"elementor-element elementor-element-ee8fc8b elementor-widget elementor-widget-text-editor\" data-id=\"ee8fc8b\" data-element_type=\"widget\" data-widget_type=\"text-editor.default\">\n\t\t\t\t<div class=\"elementor-widget-container\">\n\t\t\t\t\t\t\t\t\t<p><span style=\"color: #ff6600;\"><strong>Objetivo<\/strong><\/span><\/p><p>\u2022 Conocer y disipar las creencias acerca de \u201cemprender\u201d<br \/>\u2022 Crearte seguridad de tu emprendimiento<br \/>\u2022 C\u00f3mo atraer y mantener una cartera de clientes<br \/>\u2022 Redactar un plan de negocios<\/p><p><span style=\"color: #ff6600;\"><strong>Dirigido<\/strong><\/span><\/p><p>A personas que quieren iniciar un emprendimiento de cualquier giro de<br \/>producto y\/o servicio.<\/p>\t\t\t\t\t\t\t\t<\/div>\n\t\t\t\t<\/div>\n\t\t\t\t\t<\/div>\n\t\t<\/div>\n\t\t\t\t<div class=\"elementor-column elementor-col-25 elementor-top-column elementor-element elementor-element-bf5db04\" data-id=\"bf5db04\" data-element_type=\"column\">\n\t\t\t<div class=\"elementor-widget-wrap elementor-element-populated\">\n\t\t\t\t\t\t<div class=\"elementor-element elementor-element-d037010 elementor-widget elementor-widget-text-editor\" data-id=\"d037010\" data-element_type=\"widget\" data-widget_type=\"text-editor.default\">\n\t\t\t\t<div class=\"elementor-widget-container\">\n\t\t\t\t\t\t\t\t\t<h5><span style=\"color: #ff6600;\">Temario:<\/span><\/h5><p>1. Los 3 principios de todo negocio exitoso<br \/>2. Lo que s\u00ed y lo que no funciona al momento de emprender<br \/>3. Disciplinando y limpiando tus creencias<br \/>4. De acuerdo con tu personalidad, fortalezas y \u00e1reas de oportunidad<br \/>5. El valor de lo que ofreces<br \/>6. El valor de tu mensaje<br \/>7. Definiendo a tu cliente ideal<br \/>8. C\u00f3mo mantener e incrementar tus clientes<br \/>9. Que publicar en redes sociales<\/p>\t\t\t\t\t\t\t\t<\/div>\n\t\t\t\t<\/div>\n\t\t\t\t\t<\/div>\n\t\t<\/div>\n\t\t\t\t<div class=\"elementor-column elementor-col-25 elementor-top-column elementor-element elementor-element-cf97934\" data-id=\"cf97934\" data-element_type=\"column\">\n\t\t\t<div class=\"elementor-widget-wrap\">\n\t\t\t\t\t\t\t<\/div>\n\t\t<\/div>\n\t\t\t\t\t<\/div>\n\t\t<\/section>\n\t\t\t\t<section class=\"elementor-section elementor-top-section elementor-element elementor-element-10e42e9 elementor-section-full_width elementor-section-height-default elementor-section-height-default\" data-id=\"10e42e9\" data-element_type=\"section\">\n\t\t\t\t\t\t<div class=\"elementor-container elementor-column-gap-default\">\n\t\t\t\t\t<div class=\"elementor-column elementor-col-100 elementor-top-column elementor-element elementor-element-a354744\" data-id=\"a354744\" data-element_type=\"column\">\n\t\t\t<div class=\"elementor-widget-wrap elementor-element-populated\">\n\t\t\t\t\t\t<div class=\"elementor-element elementor-element-05c90f6 elementor-widget elementor-widget-spacer\" data-id=\"05c90f6\" data-element_type=\"widget\" data-widget_type=\"spacer.default\">\n\t\t\t\t<div class=\"elementor-widget-container\">\n\t\t\t\t\t\t\t<div class=\"elementor-spacer\">\n\t\t\t<div class=\"elementor-spacer-inner\"><\/div>\n\t\t<\/div>\n\t\t\t\t\t\t<\/div>\n\t\t\t\t<\/div>\n\t\t\t\t<div class=\"elementor-element elementor-element-1657056 elementor-widget elementor-widget-heading\" data-id=\"1657056\" data-element_type=\"widget\" data-widget_type=\"heading.default\">\n\t\t\t\t<div class=\"elementor-widget-container\">\n\t\t\t\t\t<h2 class=\"elementor-heading-title elementor-size-default\">\u00bfQuien Impartir\u00e1 este Curso?<\/h2>\t\t\t\t<\/div>\n\t\t\t\t<\/div>\n\t\t\t\t\t<\/div>\n\t\t<\/div>\n\t\t\t\t\t<\/div>\n\t\t<\/section>\n\t\t\t\t<section class=\"elementor-section elementor-top-section elementor-element elementor-element-d630967 elementor-section-full_width elementor-section-height-default elementor-section-height-default\" data-id=\"d630967\" data-element_type=\"section\">\n\t\t\t\t\t\t<div class=\"elementor-container elementor-column-gap-default\">\n\t\t\t\t\t<div class=\"elementor-column elementor-col-50 elementor-top-column elementor-element elementor-element-8d65094\" data-id=\"8d65094\" data-element_type=\"column\">\n\t\t\t<div class=\"elementor-widget-wrap elementor-element-populated\">\n\t\t\t\t\t\t<div class=\"elementor-element elementor-element-6092d07 elementor-hidden-desktop elementor-hidden-tablet elementor-hidden-mobile elementor-widget elementor-widget-image\" data-id=\"6092d07\" data-element_type=\"widget\" data-widget_type=\"image.default\">\n\t\t\t\t<div class=\"elementor-widget-container\">\n\t\t\t\t\t\t\t\t\t\t\t\t\t\t\t<img decoding=\"async\" src=\"https:\/\/caficon.com\/wp-content\/uploads\/elementor\/thumbs\/5-pjcygz8pi2plloolrfh8iz56avqpecbkixgy2y56y8.jpeg\" title=\"5\" alt=\"5\" loading=\"lazy\" \/>\t\t\t\t\t\t\t\t\t\t\t\t\t\t\t<\/div>\n\t\t\t\t<\/div>\n\t\t\t\t<div class=\"elementor-element elementor-element-db4a586 elementor-widget elementor-widget-html\" data-id=\"db4a586\" data-element_type=\"widget\" data-widget_type=\"html.default\">\n\t\t\t\t<div class=\"elementor-widget-container\">\n\t\t\t\t\t<h4 style=\"text-align: center;\"><span style=\"color: #ff6600;\">Lic. Verenice Mejia<\/span><\/h4>\t\t\t\t<\/div>\n\t\t\t\t<\/div>\n\t\t\t\t\t<\/div>\n\t\t<\/div>\n\t\t\t\t<div class=\"elementor-column elementor-col-50 elementor-top-column elementor-element elementor-element-6c03bba\" data-id=\"6c03bba\" data-element_type=\"column\">\n\t\t\t<div class=\"elementor-widget-wrap elementor-element-populated\">\n\t\t\t\t\t\t<div class=\"elementor-element elementor-element-7a4f499 elementor-widget elementor-widget-spacer\" data-id=\"7a4f499\" data-element_type=\"widget\" data-widget_type=\"spacer.default\">\n\t\t\t\t<div class=\"elementor-widget-container\">\n\t\t\t\t\t\t\t<div class=\"elementor-spacer\">\n\t\t\t<div class=\"elementor-spacer-inner\"><\/div>\n\t\t<\/div>\n\t\t\t\t\t\t<\/div>\n\t\t\t\t<\/div>\n\t\t\t\t<div class=\"elementor-element elementor-element-67b88ce elementor-widget elementor-widget-heading\" data-id=\"67b88ce\" data-element_type=\"widget\" data-widget_type=\"heading.default\">\n\t\t\t\t<div class=\"elementor-widget-container\">\n\t\t\t\t\t<h2 class=\"elementor-heading-title elementor-size-default\">CV:<\/h2>\t\t\t\t<\/div>\n\t\t\t\t<\/div>\n\t\t\t\t<div class=\"elementor-element elementor-element-6732b8f elementor-hidden-desktop elementor-hidden-tablet elementor-hidden-mobile elementor-widget elementor-widget-text-editor\" data-id=\"6732b8f\" data-element_type=\"widget\" data-widget_type=\"text-editor.default\">\n\t\t\t\t<div class=\"elementor-widget-container\">\n\t\t\t\t\t\t\t\t\t<p><strong>\u00a0<\/strong><\/p><p><strong>MAESTR\u00cdA EN DERECHO FISCAL Y CORPORATIVO:<\/strong><\/p><p><strong>\u00a0<\/strong><\/p><ul><li><strong>Planeaci\u00f3n Fiscal, <\/strong>Universidad Vizcaya de las Am\u00e9ricas, Manzanillo.<\/li><li><strong>Metodolog\u00eda de la Investigaci\u00f3n, <\/strong>Universidad Vizcaya de las Am\u00e9ricas, Manzanillo.<\/li><li><strong>Finanzas P\u00fablicas y Corporativas, <\/strong>Universidad Vizcaya de las Am\u00e9ricas, Manzanillo.<\/li><li><strong>Seminario de Investigaci\u00f3n y docencia, <\/strong>Universidad Vizcaya de las Am\u00e9ricas, Manzanillo.<\/li><\/ul><p><strong>\u00a0<\/strong><\/p><p><strong>\u00a0<\/strong><\/p><p><strong>MAESTR\u00cdA EN DERECHO FISCAL: <\/strong><\/p><p><strong>\u00a0<\/strong><\/p><ul><li><strong>An\u00e1lisis de las Contribuciones Federales, Estatales y Municipales,<\/strong> UTEGRA<strong>, <\/strong>CEO\u00a0<\/li><li><strong>Los Desaf\u00edos del Derecho Mexicano Frente a la Globalizaci\u00f3n, <\/strong>UTEGRA<strong>, <\/strong>Guadalajara,<\/li><\/ul><p><strong>\u00a0<\/strong><\/p><p><strong>MAESTR\u00cdA EN FISCAL:<\/strong><\/p><p><strong>\u00a0<\/strong><\/p><ul><li><strong>Seminario de Planeaci\u00f3n Fiscal, <\/strong>CEO Guadalajara, Hermosillo, Guaymas<\/li><li><strong>Normas de Informaci\u00f3n Financiera <\/strong>Ceo Hermosillo, Guaymas<\/li><li><strong>Derecho Fiscal y Financiero, <\/strong>Universidad Vizcaya de las Americas \u2013 Tepic y Manzanillo, Col.<\/li><li><strong>Contribuciones Estatales y Municipales, <\/strong>CEO Guadalajara<\/li><li><strong>Seminario de Investigaci\u00f3n, <\/strong>UNIVA Colima.<\/li><\/ul><p>\u00a0<\/p><p>\u00a0<\/p><p><strong>MAESTR\u00cdA EN DERECHO CORPORATIVO:<\/strong><\/p><p><strong>\u00a0<\/strong><\/p><ul><li><strong>Derecho Fiscal, <\/strong>Ceo CD Guzman Jalisco<\/li><li><strong>Derecho Financiero <\/strong>UNIVA Guadalajara.<\/li><li><strong>Proyectos de investigaci\u00f3n, <\/strong>Universidad Enrique D\u00edaz de Le\u00f3n -Guadalajara<\/li><li><strong>Seminario de Investigaci\u00f3n, <\/strong>UTEGRA<\/li><li><strong>Metodolog\u00eda de la Investigaci\u00f3n, <\/strong>UNIVA Guadalajara<\/li><li><strong>Legislaci\u00f3n Empresarial. <\/strong>Universidad Vizcaya de las Am\u00e9ricas Tepic<\/li><\/ul><p><strong>\u00a0<\/strong><\/p><p><strong>\u00a0<\/strong><\/p><p><strong>MAESTR\u00cdA EN ADMINISTRACI\u00d3N:<\/strong><\/p><p>\u00a0<\/p><ul><li><strong>Proyectos de Inversi\u00f3n,<\/strong> Universidad Enrique D\u00edaz de Le\u00f3n Guadalajara<\/li><li><strong>Proyectos de Inversi\u00f3n<\/strong>. Universidad Cuauhtemoc Guadalajara<\/li><li><strong>Planeaci\u00f3n estrat\u00e9gica, <\/strong>Universidad Vizcaya de las Americas Campus Tepic y Manzanillo<\/li><\/ul><p><strong>\u00a0<\/strong><\/p><p><strong>MAESTR\u00cdA EN ADMINISTRACI\u00d3N FINANCIERA:<\/strong><\/p><p><strong>\u00a0<\/strong><\/p><ul><li><strong>Matem\u00e1ticas Financieras, <\/strong>UTEGRA<\/li><li><strong>Planeaci\u00f3n estrat\u00e9gica, <\/strong>UNIVA, Guadalajara.<\/li><li><strong>Investigaci\u00f3n de Operaciones <\/strong>UTEGRA Guadalajara, Morelia<\/li><\/ul><p><strong>\u00a0<\/strong><\/p><p><strong>\u00a0<\/strong><\/p><p><strong>MAESTR\u00cdA EN VALUACI\u00d3N:<\/strong><\/p><p><strong>\u00a0<\/strong><\/p><ul><li><strong>Joint Venture <\/strong>Centro de Valores Guadalajara.<\/li><li><strong>Emisi\u00f3n de Deuda y Capital, <\/strong>Centro de Valores Guadalajara.<\/li><li><strong>Metodolog\u00eda de la Investigaci\u00f3n, <\/strong>Centro de Valores Guadalajara.<\/li><\/ul><p><strong>\u00a0<\/strong><\/p><p><strong>MAESTR\u00cdA EN IMPUESTOS:<\/strong><\/p><p>\u00a0<\/p><ul><li><strong>Planeaci\u00f3n Fiscal<\/strong>, Universidad Vizcaya de las Americas &#8211; Manzanillo<\/li><li><strong>T\u00edtulos y Operaciones de Cr\u00e9dito<\/strong>, CEO, Guadalajara, Cd. Guzm\u00e1n, Obreg\u00f3n, Hermosillo, Morelia, Tepatitl\u00e1n, Toluca y Manzanillo.<\/li><li><strong>Metodolog\u00eda de la Investigaci\u00f3n<\/strong>, CEO, Guadalajara, Cd. Guzm\u00e1n, Obreg\u00f3n, Hermosillo, Morelia, Tepatitl\u00e1n, Toluca y Manzanillo.<\/li><li><strong>Seminario de Tesis<\/strong>, CEO, Guadalajara, Cd. Guzm\u00e1n, Obreg\u00f3n, Hermosillo, Morelia, Tepatitl\u00e1n, Toluca y Manzanillo.<\/li><li><strong>Finanzas P\u00fablicas y Corporativas, <\/strong>CEO, Guadalajara, Cd. Guzm\u00e1n, Obreg\u00f3n, Hermosillo, Morelia, Tepatitl\u00e1n, Toluca y Manzanillo.<\/li><\/ul><p><strong>\u00a0<\/strong><\/p>\t\t\t\t\t\t\t\t<\/div>\n\t\t\t\t<\/div>\n\t\t\t\t<div class=\"elementor-element elementor-element-bc74777 elementor-widget elementor-widget-spacer\" data-id=\"bc74777\" data-element_type=\"widget\" data-widget_type=\"spacer.default\">\n\t\t\t\t<div class=\"elementor-widget-container\">\n\t\t\t\t\t\t\t<div class=\"elementor-spacer\">\n\t\t\t<div class=\"elementor-spacer-inner\"><\/div>\n\t\t<\/div>\n\t\t\t\t\t\t<\/div>\n\t\t\t\t<\/div>\n\t\t\t\t\t<\/div>\n\t\t<\/div>\n\t\t\t\t\t<\/div>\n\t\t<\/section>\n\t\t\t\t<\/div>\n\t\t","protected":false},"excerpt":{"rendered":"<p>Que encontraras en el Temario Objetivo \u2022 Conocer y disipar las creencias acerca de \u201cemprender\u201d\u2022 Crearte seguridad de tu emprendimiento\u2022 C\u00f3mo atraer y mantener una cartera de clientes\u2022 Redactar un plan de negocios Dirigido A personas que quieren iniciar un emprendimiento de cualquier giro deproducto y\/o servicio. Temario: 1. Los 3 principios de todo negocio [&hellip;]<\/p>\n","protected":false},"author":1,"featured_media":0,"parent":0,"menu_order":0,"comment_status":"closed","ping_status":"closed","template":"","meta":{"footnotes":""},"class_list":["post-25419","page","type-page","status-publish","hentry"],"_links":{"self":[{"href":"https:\/\/caficon.com\/index.php\/wp-json\/wp\/v2\/pages\/25419","targetHints":{"allow":["GET"]}}],"collection":[{"href":"https:\/\/caficon.com\/index.php\/wp-json\/wp\/v2\/pages"}],"about":[{"href":"https:\/\/caficon.com\/index.php\/wp-json\/wp\/v2\/types\/page"}],"author":[{"embeddable":true,"href":"https:\/\/caficon.com\/index.php\/wp-json\/wp\/v2\/users\/1"}],"replies":[{"embeddable":true,"href":"https:\/\/caficon.com\/index.php\/wp-json\/wp\/v2\/comments?post=25419"}],"version-history":[{"count":7,"href":"https:\/\/caficon.com\/index.php\/wp-json\/wp\/v2\/pages\/25419\/revisions"}],"predecessor-version":[{"id":25427,"href":"https:\/\/caficon.com\/index.php\/wp-json\/wp\/v2\/pages\/25419\/revisions\/25427"}],"wp:attachment":[{"href":"https:\/\/caficon.com\/index.php\/wp-json\/wp\/v2\/media?parent=25419"}],"curies":[{"name":"wp","href":"https:\/\/api.w.org\/{rel}","templated":true}]}}