{"id":25342,"date":"2022-07-15T16:00:59","date_gmt":"2022-07-15T16:00:59","guid":{"rendered":"https:\/\/caficon.com\/?page_id=25342"},"modified":"2022-07-15T16:06:42","modified_gmt":"2022-07-15T16:06:42","slug":"seminario-de-nominas-2022-modulo-l-actualizacion-nominas-satimss-e-infonavit","status":"publish","type":"page","link":"https:\/\/caficon.com\/index.php\/seminario-de-nominas-2022-modulo-l-actualizacion-nominas-satimss-e-infonavit\/","title":{"rendered":"SEMINARIO DE NOMINAS 2022 (Modulo l. Actualizacion Nominas SAT,IMSS e Infonavit)"},"content":{"rendered":"\t\t<div data-elementor-type=\"wp-page\" data-elementor-id=\"25342\" class=\"elementor elementor-25342\" data-elementor-post-type=\"page\">\n\t\t\t\t\t\t<section class=\"elementor-section elementor-top-section elementor-element elementor-element-3bcba4f elementor-section-boxed elementor-section-height-default elementor-section-height-default\" data-id=\"3bcba4f\" data-element_type=\"section\">\n\t\t\t\t\t\t<div class=\"elementor-container elementor-column-gap-default\">\n\t\t\t\t\t<div class=\"elementor-column elementor-col-100 elementor-top-column elementor-element elementor-element-bdb562f\" data-id=\"bdb562f\" data-element_type=\"column\">\n\t\t\t<div class=\"elementor-widget-wrap\">\n\t\t\t\t\t\t\t<\/div>\n\t\t<\/div>\n\t\t\t\t\t<\/div>\n\t\t<\/section>\n\t\t\t\t<section class=\"elementor-section elementor-top-section elementor-element elementor-element-2e605c7 elementor-section-full_width elementor-section-height-default elementor-section-height-default\" data-id=\"2e605c7\" data-element_type=\"section\">\n\t\t\t\t\t\t<div class=\"elementor-container elementor-column-gap-default\">\n\t\t\t\t\t<div class=\"elementor-column elementor-col-100 elementor-top-column elementor-element elementor-element-14a5632\" data-id=\"14a5632\" data-element_type=\"column\">\n\t\t\t<div class=\"elementor-widget-wrap elementor-element-populated\">\n\t\t\t\t\t\t<div class=\"elementor-element elementor-element-a82f0b2 elementor-widget elementor-widget-heading\" data-id=\"a82f0b2\" data-element_type=\"widget\" data-widget_type=\"heading.default\">\n\t\t\t\t<div class=\"elementor-widget-container\">\n\t\t\t\t\t<h2 class=\"elementor-heading-title elementor-size-default\">Que encontraras en el Temario<\/h2>\t\t\t\t<\/div>\n\t\t\t\t<\/div>\n\t\t\t\t\t<\/div>\n\t\t<\/div>\n\t\t\t\t\t<\/div>\n\t\t<\/section>\n\t\t\t\t<section class=\"elementor-section elementor-top-section elementor-element elementor-element-09e889c elementor-section-full_width elementor-section-height-default elementor-section-height-default\" data-id=\"09e889c\" data-element_type=\"section\">\n\t\t\t\t\t\t<div class=\"elementor-container elementor-column-gap-default\">\n\t\t\t\t\t<div class=\"elementor-column elementor-col-25 elementor-top-column elementor-element elementor-element-eed08b4\" data-id=\"eed08b4\" data-element_type=\"column\">\n\t\t\t<div class=\"elementor-widget-wrap elementor-element-populated\">\n\t\t\t\t\t\t\t<\/div>\n\t\t<\/div>\n\t\t\t\t<div class=\"elementor-column elementor-col-25 elementor-top-column elementor-element elementor-element-91a3057\" data-id=\"91a3057\" data-element_type=\"column\">\n\t\t\t<div class=\"elementor-widget-wrap elementor-element-populated\">\n\t\t\t\t\t\t<div class=\"elementor-element elementor-element-1d37da9 elementor-widget elementor-widget-text-editor\" data-id=\"1d37da9\" data-element_type=\"widget\" data-widget_type=\"text-editor.default\">\n\t\t\t\t<div class=\"elementor-widget-container\">\n\t\t\t\t\t\t\t\t\t<p><span style=\"color: #ff6600;\"><strong>Objetivo<\/strong><\/span><\/p><p><span style=\"color: #ff6600;\"><strong>Dirigido<\/strong><\/span><\/p>\t\t\t\t\t\t\t\t<\/div>\n\t\t\t\t<\/div>\n\t\t\t\t\t<\/div>\n\t\t<\/div>\n\t\t\t\t<div class=\"elementor-column elementor-col-25 elementor-top-column elementor-element elementor-element-9175663\" data-id=\"9175663\" data-element_type=\"column\">\n\t\t\t<div class=\"elementor-widget-wrap elementor-element-populated\">\n\t\t\t\t\t\t<div class=\"elementor-element elementor-element-23fe4d5 elementor-widget elementor-widget-text-editor\" data-id=\"23fe4d5\" data-element_type=\"widget\" data-widget_type=\"text-editor.default\">\n\t\t\t\t<div class=\"elementor-widget-container\">\n\t\t\t\t\t\t\t\t\t<h5><span style=\"color: #ff6600;\">Temario:<\/span><\/h5><ol><li><strong>Introducci\u00f3n<\/strong><ol><li>Pagos provisionales a cuenta del ISR anual<\/li><li>Requisitos para deducir salarios e ingresos asimilables en el ISR<\/li><\/ol><\/li><li><strong>Obligaciones de los trabajadores y asimilables<\/strong><ol><li>Datos para ser inscrito en el RFC<\/li><li>Solicitar constancia de remuneraciones y retenciones<\/li><li>Presentar declaraci\u00f3n anual<\/li><li>Comunicado de prestaci\u00f3n de servicios a otro patr\u00f3n<\/li><\/ol><\/li><li><strong>Obligaciones del empleador<\/strong><ol><li>Efectuar la retenci\u00f3n y entero del ISR<\/li><li>Calcular el ISR anual<\/li><li>Proporcionar constancias<\/li><li>Solicitar constancias, cerciorarse de la inscripci\u00f3n al RFC y solicitar comunicado de la prestaci\u00f3n de servicios a otro empleador<\/li><li>Presentar declaraci\u00f3n informativa<\/li><li>Solicitar RFC o datos para inscribir al trabajador o asimilable<\/li><li>Constancia de vi\u00e1ticos exentos<\/li><\/ol><\/li><li><strong>Ingresos de trabajadores e ingresos que se asimilan a salarios<\/strong><ol><li>Ingresos de trabajadores<\/li><li>Ingresos que se asimilan a salarios<\/li><li>Ingresos en cr\u00e9dito por salarios y asimilables<\/li><\/ol><\/li><li><strong>Ingresos exentos<\/strong><\/li><li><strong>Obligaci\u00f3n, procedimiento y situaciones que pueden presentarse al efectuar el c\u00e1lculo del ISR anual<\/strong><ol><li>Obligaci\u00f3n de efectuar el c\u00e1lculo del ISR anual<\/li><li>Procedimiento para efectuar el c\u00e1lculo del ISR anual<\/li><li>Saldo a cargo del trabajador o asimilable<\/li><li>Saldo a favor del trabajador o asimilable<\/li><li>Solicitud de devoluci\u00f3n del saldo a favor, por parte del trabajador o asimilable<\/li><li>Compensaci\u00f3n de saldos a favor contra retenciones de ISR de otros trabajadores o asimilables<\/li><\/ol><\/li><\/ol><ol><li><strong>El subsidio para el empleo en el c\u00e1lculo del ISR anual<\/strong><ol><li>Aplicaci\u00f3n del subsidio para el empleo<\/li><li>C\u00e1lculo del ISR anual y disminuci\u00f3n del subsidio para el empleo<\/li><li>ISR a cargo en el ejercicio o saldo a favor<\/li><li>No resulta ISR a cargo ni subsidio para el empleo que entregar<\/li><li>Trabajadores obligados a presentar declaraci\u00f3n anual<\/li><li>Disminuci\u00f3n del ISR anual con el subsidio para el empleo disminuido en el a\u00f1o<\/li><\/ol><\/li><li><strong>Aplicaci\u00f3n de la tarifa anual del art\u00edculo 177 de la LISR<\/strong><\/li><li><strong>C\u00e1lculo opcional del ISR del aguinaldo, prima vacacional y dominical y PTU<\/strong><ol><li>Retenci\u00f3n opcional por gratificaciones, primas y PTU<\/li><\/ol><\/li><li><strong>Ejemplos para el c\u00e1lculo del ISR anual de ingresos asimilables a salarios<\/strong><ol><li>Rendimientos entregados a socios de cooperativas de producci\u00f3n<\/li><li>Anticipos entregados a socios de sociedades civiles o asociaciones civiles<\/li><li>Honorarios o gratificaciones pagados a consejeros o administradores<\/li><\/ol><\/li><li><strong>Ejemplos para el c\u00e1lculo del ISR anual de ingresos por salarios<\/strong><ol><li>Trabajador que todos los meses recibi\u00f3 subsidio para el empleo<\/li><li>Trabajadora incapacitada por maternidad con subsidio para el empleo<\/li><li>Trabajador que recibe comisiones bimestralmente<\/li><li>Trabajador que recibe comisiones excepto en un mes<\/li><li>Trabajador que recibe comisiones todos los meses<\/li><li>Trabajadora incapacitada por maternidad con ISR retenido<\/li><li>Trabajador sin subsidio para el empleo calculado<\/li><li>C\u00e1lculo aplicando el art\u00edculo 142 del RISR para calcular la retenci\u00f3n del aguinaldo, prima vacacional y PTU<\/li><\/ol><\/li><\/ol>\t\t\t\t\t\t\t\t<\/div>\n\t\t\t\t<\/div>\n\t\t\t\t\t<\/div>\n\t\t<\/div>\n\t\t\t\t<div class=\"elementor-column elementor-col-25 elementor-top-column elementor-element elementor-element-7f78f99\" data-id=\"7f78f99\" data-element_type=\"column\">\n\t\t\t<div class=\"elementor-widget-wrap\">\n\t\t\t\t\t\t\t<\/div>\n\t\t<\/div>\n\t\t\t\t\t<\/div>\n\t\t<\/section>\n\t\t\t\t<section class=\"elementor-section elementor-top-section elementor-element elementor-element-fab3bc5 elementor-section-full_width elementor-section-height-default elementor-section-height-default\" data-id=\"fab3bc5\" data-element_type=\"section\">\n\t\t\t\t\t\t<div class=\"elementor-container elementor-column-gap-default\">\n\t\t\t\t\t<div class=\"elementor-column elementor-col-100 elementor-top-column elementor-element elementor-element-e0a0716\" data-id=\"e0a0716\" data-element_type=\"column\">\n\t\t\t<div class=\"elementor-widget-wrap elementor-element-populated\">\n\t\t\t\t\t\t<div class=\"elementor-element elementor-element-c14707b elementor-widget elementor-widget-spacer\" data-id=\"c14707b\" data-element_type=\"widget\" data-widget_type=\"spacer.default\">\n\t\t\t\t<div class=\"elementor-widget-container\">\n\t\t\t\t\t\t\t<div class=\"elementor-spacer\">\n\t\t\t<div class=\"elementor-spacer-inner\"><\/div>\n\t\t<\/div>\n\t\t\t\t\t\t<\/div>\n\t\t\t\t<\/div>\n\t\t\t\t<div class=\"elementor-element elementor-element-7b2f7eb elementor-widget elementor-widget-heading\" data-id=\"7b2f7eb\" data-element_type=\"widget\" data-widget_type=\"heading.default\">\n\t\t\t\t<div class=\"elementor-widget-container\">\n\t\t\t\t\t<h2 class=\"elementor-heading-title elementor-size-default\">\u00bfQuien Impartir\u00e1 este Curso?<\/h2>\t\t\t\t<\/div>\n\t\t\t\t<\/div>\n\t\t\t\t\t<\/div>\n\t\t<\/div>\n\t\t\t\t\t<\/div>\n\t\t<\/section>\n\t\t\t\t<section class=\"elementor-section elementor-top-section elementor-element elementor-element-83e5a01 elementor-section-full_width elementor-section-height-default elementor-section-height-default\" data-id=\"83e5a01\" data-element_type=\"section\">\n\t\t\t\t\t\t<div class=\"elementor-container elementor-column-gap-default\">\n\t\t\t\t\t<div class=\"elementor-column elementor-col-50 elementor-top-column elementor-element elementor-element-fda26f1\" data-id=\"fda26f1\" data-element_type=\"column\">\n\t\t\t<div class=\"elementor-widget-wrap elementor-element-populated\">\n\t\t\t\t\t\t<div class=\"elementor-element elementor-element-5bed544 elementor-widget elementor-widget-image\" data-id=\"5bed544\" data-element_type=\"widget\" data-widget_type=\"image.default\">\n\t\t\t\t<div class=\"elementor-widget-container\">\n\t\t\t\t\t\t\t\t\t\t\t\t\t\t\t<img decoding=\"async\" src=\"https:\/\/caficon.com\/wp-content\/uploads\/elementor\/thumbs\/5-pjcygz8pi2plloolrfh8iz56avqpecbkixgy2y56y8.jpeg\" title=\"5\" alt=\"5\" loading=\"lazy\" \/>\t\t\t\t\t\t\t\t\t\t\t\t\t\t\t<\/div>\n\t\t\t\t<\/div>\n\t\t\t\t<div class=\"elementor-element elementor-element-0b98175 elementor-widget elementor-widget-html\" data-id=\"0b98175\" data-element_type=\"widget\" data-widget_type=\"html.default\">\n\t\t\t\t<div class=\"elementor-widget-container\">\n\t\t\t\t\t<h4 style=\"text-align: center;\"><span style=\"color: #ff6600;\">C.P. M.A.E., M.F. Jesus Miguel Alarcon Diaz<\/span><\/h4>\t\t\t\t<\/div>\n\t\t\t\t<\/div>\n\t\t\t\t\t<\/div>\n\t\t<\/div>\n\t\t\t\t<div class=\"elementor-column elementor-col-50 elementor-top-column elementor-element elementor-element-12d8f88\" data-id=\"12d8f88\" data-element_type=\"column\">\n\t\t\t<div class=\"elementor-widget-wrap elementor-element-populated\">\n\t\t\t\t\t\t<div class=\"elementor-element elementor-element-27968e7 elementor-widget elementor-widget-spacer\" data-id=\"27968e7\" data-element_type=\"widget\" data-widget_type=\"spacer.default\">\n\t\t\t\t<div class=\"elementor-widget-container\">\n\t\t\t\t\t\t\t<div class=\"elementor-spacer\">\n\t\t\t<div class=\"elementor-spacer-inner\"><\/div>\n\t\t<\/div>\n\t\t\t\t\t\t<\/div>\n\t\t\t\t<\/div>\n\t\t\t\t<div class=\"elementor-element elementor-element-683ed6b elementor-widget elementor-widget-heading\" data-id=\"683ed6b\" data-element_type=\"widget\" data-widget_type=\"heading.default\">\n\t\t\t\t<div class=\"elementor-widget-container\">\n\t\t\t\t\t<h2 class=\"elementor-heading-title elementor-size-default\">CV:<\/h2>\t\t\t\t<\/div>\n\t\t\t\t<\/div>\n\t\t\t\t<div class=\"elementor-element elementor-element-7aa6b06 elementor-widget elementor-widget-text-editor\" data-id=\"7aa6b06\" data-element_type=\"widget\" data-widget_type=\"text-editor.default\">\n\t\t\t\t<div class=\"elementor-widget-container\">\n\t\t\t\t\t\t\t\t\t<p><strong>\u00a0<\/strong><\/p><p><strong>MAESTR\u00cdA EN DERECHO FISCAL Y CORPORATIVO:<\/strong><\/p><p><strong>\u00a0<\/strong><\/p><ul><li><strong>Planeaci\u00f3n Fiscal, <\/strong>Universidad Vizcaya de las Am\u00e9ricas, Manzanillo.<\/li><li><strong>Metodolog\u00eda de la Investigaci\u00f3n, <\/strong>Universidad Vizcaya de las Am\u00e9ricas, Manzanillo.<\/li><li><strong>Finanzas P\u00fablicas y Corporativas, <\/strong>Universidad Vizcaya de las Am\u00e9ricas, Manzanillo.<\/li><li><strong>Seminario de Investigaci\u00f3n y docencia, <\/strong>Universidad Vizcaya de las Am\u00e9ricas, Manzanillo.<\/li><\/ul><p><strong>\u00a0<\/strong><\/p><p><strong>\u00a0<\/strong><\/p><p><strong>MAESTR\u00cdA EN DERECHO FISCAL: <\/strong><\/p><p><strong>\u00a0<\/strong><\/p><ul><li><strong>An\u00e1lisis de las Contribuciones Federales, Estatales y Municipales,<\/strong> UTEGRA<strong>, <\/strong>CEO\u00a0<\/li><li><strong>Los Desaf\u00edos del Derecho Mexicano Frente a la Globalizaci\u00f3n, <\/strong>UTEGRA<strong>, <\/strong>Guadalajara,<\/li><\/ul><p><strong>\u00a0<\/strong><\/p><p><strong>MAESTR\u00cdA EN FISCAL:<\/strong><\/p><p><strong>\u00a0<\/strong><\/p><ul><li><strong>Seminario de Planeaci\u00f3n Fiscal, <\/strong>CEO Guadalajara, Hermosillo, Guaymas<\/li><li><strong>Normas de Informaci\u00f3n Financiera <\/strong>Ceo Hermosillo, Guaymas<\/li><li><strong>Derecho Fiscal y Financiero, <\/strong>Universidad Vizcaya de las Americas \u2013 Tepic y Manzanillo, Col.<\/li><li><strong>Contribuciones Estatales y Municipales, <\/strong>CEO Guadalajara<\/li><li><strong>Seminario de Investigaci\u00f3n, <\/strong>UNIVA Colima.<\/li><\/ul><p>\u00a0<\/p><p>\u00a0<\/p><p><strong>MAESTR\u00cdA EN DERECHO CORPORATIVO:<\/strong><\/p><p><strong>\u00a0<\/strong><\/p><ul><li><strong>Derecho Fiscal, <\/strong>Ceo CD Guzman Jalisco<\/li><li><strong>Derecho Financiero <\/strong>UNIVA Guadalajara.<\/li><li><strong>Proyectos de investigaci\u00f3n, <\/strong>Universidad Enrique D\u00edaz de Le\u00f3n -Guadalajara<\/li><li><strong>Seminario de Investigaci\u00f3n, <\/strong>UTEGRA<\/li><li><strong>Metodolog\u00eda de la Investigaci\u00f3n, <\/strong>UNIVA Guadalajara<\/li><li><strong>Legislaci\u00f3n Empresarial. <\/strong>Universidad Vizcaya de las Am\u00e9ricas Tepic<\/li><\/ul><p><strong>\u00a0<\/strong><\/p><p><strong>\u00a0<\/strong><\/p><p><strong>MAESTR\u00cdA EN ADMINISTRACI\u00d3N:<\/strong><\/p><p>\u00a0<\/p><ul><li><strong>Proyectos de Inversi\u00f3n,<\/strong> Universidad Enrique D\u00edaz de Le\u00f3n Guadalajara<\/li><li><strong>Proyectos de Inversi\u00f3n<\/strong>. Universidad Cuauhtemoc Guadalajara<\/li><li><strong>Planeaci\u00f3n estrat\u00e9gica, <\/strong>Universidad Vizcaya de las Americas Campus Tepic y Manzanillo<\/li><\/ul><p><strong>\u00a0<\/strong><\/p><p><strong>MAESTR\u00cdA EN ADMINISTRACI\u00d3N FINANCIERA:<\/strong><\/p><p><strong>\u00a0<\/strong><\/p><ul><li><strong>Matem\u00e1ticas Financieras, <\/strong>UTEGRA<\/li><li><strong>Planeaci\u00f3n estrat\u00e9gica, <\/strong>UNIVA, Guadalajara.<\/li><li><strong>Investigaci\u00f3n de Operaciones <\/strong>UTEGRA Guadalajara, Morelia<\/li><\/ul><p><strong>\u00a0<\/strong><\/p><p><strong>\u00a0<\/strong><\/p><p><strong>MAESTR\u00cdA EN VALUACI\u00d3N:<\/strong><\/p><p><strong>\u00a0<\/strong><\/p><ul><li><strong>Joint Venture <\/strong>Centro de Valores Guadalajara.<\/li><li><strong>Emisi\u00f3n de Deuda y Capital, <\/strong>Centro de Valores Guadalajara.<\/li><li><strong>Metodolog\u00eda de la Investigaci\u00f3n, <\/strong>Centro de Valores Guadalajara.<\/li><\/ul><p><strong>\u00a0<\/strong><\/p><p><strong>MAESTR\u00cdA EN IMPUESTOS:<\/strong><\/p><p>\u00a0<\/p><ul><li><strong>Planeaci\u00f3n Fiscal<\/strong>, Universidad Vizcaya de las Americas &#8211; Manzanillo<\/li><li><strong>T\u00edtulos y Operaciones de Cr\u00e9dito<\/strong>, CEO, Guadalajara, Cd. Guzm\u00e1n, Obreg\u00f3n, Hermosillo, Morelia, Tepatitl\u00e1n, Toluca y Manzanillo.<\/li><li><strong>Metodolog\u00eda de la Investigaci\u00f3n<\/strong>, CEO, Guadalajara, Cd. Guzm\u00e1n, Obreg\u00f3n, Hermosillo, Morelia, Tepatitl\u00e1n, Toluca y Manzanillo.<\/li><li><strong>Seminario de Tesis<\/strong>, CEO, Guadalajara, Cd. Guzm\u00e1n, Obreg\u00f3n, Hermosillo, Morelia, Tepatitl\u00e1n, Toluca y Manzanillo.<\/li><li><strong>Finanzas P\u00fablicas y Corporativas, <\/strong>CEO, Guadalajara, Cd. Guzm\u00e1n, Obreg\u00f3n, Hermosillo, Morelia, Tepatitl\u00e1n, Toluca y Manzanillo.<\/li><\/ul><p><strong>\u00a0<\/strong><\/p>\t\t\t\t\t\t\t\t<\/div>\n\t\t\t\t<\/div>\n\t\t\t\t<div class=\"elementor-element elementor-element-5e8aac9 elementor-widget elementor-widget-spacer\" data-id=\"5e8aac9\" data-element_type=\"widget\" data-widget_type=\"spacer.default\">\n\t\t\t\t<div class=\"elementor-widget-container\">\n\t\t\t\t\t\t\t<div class=\"elementor-spacer\">\n\t\t\t<div class=\"elementor-spacer-inner\"><\/div>\n\t\t<\/div>\n\t\t\t\t\t\t<\/div>\n\t\t\t\t<\/div>\n\t\t\t\t\t<\/div>\n\t\t<\/div>\n\t\t\t\t\t<\/div>\n\t\t<\/section>\n\t\t\t\t<\/div>\n\t\t","protected":false},"excerpt":{"rendered":"<p>Que encontraras en el Temario Objetivo Dirigido Temario: Introducci\u00f3n Pagos provisionales a cuenta del ISR anual Requisitos para deducir salarios e ingresos asimilables en el ISR Obligaciones de los trabajadores y asimilables Datos para ser inscrito en el RFC Solicitar constancia de remuneraciones y retenciones Presentar declaraci\u00f3n anual Comunicado de prestaci\u00f3n de servicios a otro [&hellip;]<\/p>\n","protected":false},"author":1,"featured_media":0,"parent":0,"menu_order":0,"comment_status":"closed","ping_status":"closed","template":"","meta":{"footnotes":""},"class_list":["post-25342","page","type-page","status-publish","hentry"],"_links":{"self":[{"href":"https:\/\/caficon.com\/index.php\/wp-json\/wp\/v2\/pages\/25342","targetHints":{"allow":["GET"]}}],"collection":[{"href":"https:\/\/caficon.com\/index.php\/wp-json\/wp\/v2\/pages"}],"about":[{"href":"https:\/\/caficon.com\/index.php\/wp-json\/wp\/v2\/types\/page"}],"author":[{"embeddable":true,"href":"https:\/\/caficon.com\/index.php\/wp-json\/wp\/v2\/users\/1"}],"replies":[{"embeddable":true,"href":"https:\/\/caficon.com\/index.php\/wp-json\/wp\/v2\/comments?post=25342"}],"version-history":[{"count":7,"href":"https:\/\/caficon.com\/index.php\/wp-json\/wp\/v2\/pages\/25342\/revisions"}],"predecessor-version":[{"id":25350,"href":"https:\/\/caficon.com\/index.php\/wp-json\/wp\/v2\/pages\/25342\/revisions\/25350"}],"wp:attachment":[{"href":"https:\/\/caficon.com\/index.php\/wp-json\/wp\/v2\/media?parent=25342"}],"curies":[{"name":"wp","href":"https:\/\/api.w.org\/{rel}","templated":true}]}}