{"id":24877,"date":"2022-06-24T18:03:02","date_gmt":"2022-06-24T18:03:02","guid":{"rendered":"https:\/\/caficon.com\/?page_id=24877"},"modified":"2022-07-11T18:09:48","modified_gmt":"2022-07-11T18:09:48","slug":"cfdi-complemento-carta-porte","status":"publish","type":"page","link":"https:\/\/caficon.com\/index.php\/cfdi-complemento-carta-porte\/","title":{"rendered":"CFDI Complemento Carta Porte"},"content":{"rendered":"\t\t<div data-elementor-type=\"wp-page\" data-elementor-id=\"24877\" class=\"elementor elementor-24877\" data-elementor-post-type=\"page\">\n\t\t\t\t\t\t<section class=\"elementor-section elementor-top-section elementor-element elementor-element-d262fb7 elementor-section-boxed elementor-section-height-default elementor-section-height-default\" data-id=\"d262fb7\" data-element_type=\"section\">\n\t\t\t\t\t\t<div class=\"elementor-container elementor-column-gap-default\">\n\t\t\t\t\t<div class=\"elementor-column elementor-col-100 elementor-top-column elementor-element elementor-element-1e861d6\" data-id=\"1e861d6\" data-element_type=\"column\">\n\t\t\t<div class=\"elementor-widget-wrap\">\n\t\t\t\t\t\t\t<\/div>\n\t\t<\/div>\n\t\t\t\t\t<\/div>\n\t\t<\/section>\n\t\t\t\t<section class=\"elementor-section elementor-top-section elementor-element elementor-element-60f82d1 elementor-section-full_width elementor-section-height-default elementor-section-height-default\" data-id=\"60f82d1\" data-element_type=\"section\">\n\t\t\t\t\t\t<div class=\"elementor-container elementor-column-gap-default\">\n\t\t\t\t\t<div class=\"elementor-column elementor-col-100 elementor-top-column elementor-element elementor-element-d234b68\" data-id=\"d234b68\" data-element_type=\"column\">\n\t\t\t<div class=\"elementor-widget-wrap elementor-element-populated\">\n\t\t\t\t\t\t<div class=\"elementor-element elementor-element-b6ac320 elementor-widget elementor-widget-heading\" data-id=\"b6ac320\" data-element_type=\"widget\" data-widget_type=\"heading.default\">\n\t\t\t\t<div class=\"elementor-widget-container\">\n\t\t\t\t\t<h2 class=\"elementor-heading-title elementor-size-default\">Que encontraras en el Temario<\/h2>\t\t\t\t<\/div>\n\t\t\t\t<\/div>\n\t\t\t\t\t<\/div>\n\t\t<\/div>\n\t\t\t\t\t<\/div>\n\t\t<\/section>\n\t\t\t\t<section class=\"elementor-section elementor-top-section elementor-element elementor-element-036c616 elementor-section-full_width elementor-section-height-default elementor-section-height-default\" data-id=\"036c616\" data-element_type=\"section\">\n\t\t\t\t\t\t<div class=\"elementor-container elementor-column-gap-default\">\n\t\t\t\t\t<div class=\"elementor-column elementor-col-25 elementor-top-column elementor-element elementor-element-c0272f8\" data-id=\"c0272f8\" data-element_type=\"column\">\n\t\t\t<div class=\"elementor-widget-wrap elementor-element-populated\">\n\t\t\t\t\t\t\t<\/div>\n\t\t<\/div>\n\t\t\t\t<div class=\"elementor-column elementor-col-25 elementor-top-column elementor-element elementor-element-d2fbe46\" data-id=\"d2fbe46\" data-element_type=\"column\">\n\t\t\t<div class=\"elementor-widget-wrap elementor-element-populated\">\n\t\t\t\t\t\t<div class=\"elementor-element elementor-element-27c06da elementor-widget elementor-widget-text-editor\" data-id=\"27c06da\" data-element_type=\"widget\" data-widget_type=\"text-editor.default\">\n\t\t\t\t<div class=\"elementor-widget-container\">\n\t\t\t\t\t\t\t\t\t<p><span style=\"color: #ff6600;\"><strong>Objetivo<\/strong><\/span><\/p><p><span style=\"color: #ff6600;\"><strong>Dirigido<\/strong><\/span><\/p>\t\t\t\t\t\t\t\t<\/div>\n\t\t\t\t<\/div>\n\t\t\t\t\t<\/div>\n\t\t<\/div>\n\t\t\t\t<div class=\"elementor-column elementor-col-25 elementor-top-column elementor-element elementor-element-44b9236\" data-id=\"44b9236\" data-element_type=\"column\">\n\t\t\t<div class=\"elementor-widget-wrap elementor-element-populated\">\n\t\t\t\t\t\t<div class=\"elementor-element elementor-element-c73a314 elementor-widget elementor-widget-text-editor\" data-id=\"c73a314\" data-element_type=\"widget\" data-widget_type=\"text-editor.default\">\n\t\t\t\t<div class=\"elementor-widget-container\">\n\t\t\t\t\t\t\t\t\t<h5><span style=\"color: #ff6600;\">Temario:<\/span><\/h5><p>1. MARCO NORMATIVO<\/p><p>a. Regularizaci\u00f3n del sistema de transporte de mercanc\u00edas<\/p><p>b. Publicaciones de la autoridad fiscal<\/p><p>2. C\u00d3DIGO FISCAL DE LA FEDERACI\u00d3N<\/p><p>a. Requisitos de los comprobantes fiscales<\/p><p>b. Tipos de comprobantes<\/p><p>c. CFDI de Ingresos<\/p><p>d. CFDI de Traslado<\/p><p>e. Emisi\u00f3n electr\u00f3nica<\/p><p>f. Representaci\u00f3n Impresa<\/p><p>g. Cancelaci\u00f3n y sustituci\u00f3n de comprobantes<\/p><p>h. Esquemas de cancelaci\u00f3n y sus requisitos<\/p><p>3. RESOLUCI\u00d3N MISCEL\u00c1NEA FISCAL 2021<\/p><p>a. Reglas de emisi\u00f3n del CFDI con complemento Carta Porte<\/p><p>b. Documentos importantes<\/p><p>c. Gu\u00edas de Llenado de CFDI V.3.3<\/p><p>d. Cat\u00e1logos de los CFDI de Ingresos y Traslado<\/p><p>\u00b7 Instructivo de llenado<\/p><p>e. Fechas importes a considerar<\/p><p>4. CARTA PORTE<\/p><p>a. Requisitos de la Carta Porte<\/p><p>b. Instructivo de llenado del CFDI al que se le incorpora el<\/p><p>Complemento Carta Porte<\/p><p>c. Cat\u00e1logos del complemento de carta porte 23 cat\u00e1logos<\/p><p>d. Qui\u00e9nes est\u00e1n obligados a emitirla<\/p><p>e. Due\u00f1os<\/p><p>f. Prestadores de servicio<\/p><p>g. Auxiliares de servicio de transporte<\/p><p>h. Contribuyentes a utilizar el CFDI con Complemento Carta Porte<\/p><p>i. Medios de Transporte: Autotransporte, Tren, Avi\u00f3n, Barco.<\/p><p>j. Cat\u00e1logos a utilizar<\/p><p>5. C\u00d3MO EMITIR EL CFDI CON COMPLEMENTO CARTA PORTE<\/p><p>a. Casos pr\u00e1cticos de llenado<\/p><p>b. Cuando emitirlo<\/p><p>c. Qui\u00e9nes emiten<\/p><p>d. Due\u00f1os de Mercanc\u00edas<\/p><p>e. Prestadores de servicios de transporte<\/p><p>6. Servicio de consulta y recuperaci\u00f3n de factura del SAT<\/p><p>a. Consulta del CFDI emitido<\/p><p>b. Recuperaci\u00f3n de descargas<\/p><p>c. Servicio de cancelaci\u00f3n del CFDI<\/p><p>d. Generalidades de su esquema de cancelaci\u00f3n<\/p><p>e. Medios necesarios para efectuar la cancelaci\u00f3n<\/p><p>f. Uso del \u201cServicio de Cancelaci\u00f3n\u201d<\/p><p>g. Conciliaci\u00f3n de quejas por facturaci\u00f3n<\/p><p>7. Infracciones y sanciones por incumplimiento<\/p><p>a. Autoridades que pueden verificar mercanc\u00edas<\/p><p>b. Lugares y horarios que pueden las autoridades verificar<\/p><p>mercanc\u00edas<\/p><p>c. Documentos que se deben de contar para acreditar estancia<\/p><p>legal de mercanc\u00edas<\/p><p>d. Consecuencias por no emitir el CFDI de traslado con complemento<\/p><p>e. Multas y sanciones por no contar con el CFDI con complemento<\/p><p>carta porte<\/p><p>f. Multas por no querer emitir el CFDI<\/p><p>8. CONCLUSIONES Y RECOMENDACIONES<\/p>\t\t\t\t\t\t\t\t<\/div>\n\t\t\t\t<\/div>\n\t\t\t\t\t<\/div>\n\t\t<\/div>\n\t\t\t\t<div class=\"elementor-column elementor-col-25 elementor-top-column elementor-element elementor-element-09affd1\" data-id=\"09affd1\" data-element_type=\"column\">\n\t\t\t<div class=\"elementor-widget-wrap\">\n\t\t\t\t\t\t\t<\/div>\n\t\t<\/div>\n\t\t\t\t\t<\/div>\n\t\t<\/section>\n\t\t\t\t<section class=\"elementor-section elementor-top-section elementor-element elementor-element-81fa05c elementor-section-full_width elementor-section-height-default elementor-section-height-default\" data-id=\"81fa05c\" data-element_type=\"section\">\n\t\t\t\t\t\t<div class=\"elementor-container elementor-column-gap-default\">\n\t\t\t\t\t<div class=\"elementor-column elementor-col-100 elementor-top-column elementor-element elementor-element-4cc9814\" data-id=\"4cc9814\" data-element_type=\"column\">\n\t\t\t<div class=\"elementor-widget-wrap elementor-element-populated\">\n\t\t\t\t\t\t<div class=\"elementor-element elementor-element-fa8bea6 elementor-widget elementor-widget-spacer\" data-id=\"fa8bea6\" data-element_type=\"widget\" data-widget_type=\"spacer.default\">\n\t\t\t\t<div class=\"elementor-widget-container\">\n\t\t\t\t\t\t\t<div class=\"elementor-spacer\">\n\t\t\t<div class=\"elementor-spacer-inner\"><\/div>\n\t\t<\/div>\n\t\t\t\t\t\t<\/div>\n\t\t\t\t<\/div>\n\t\t\t\t<div class=\"elementor-element elementor-element-e2aecaa elementor-widget elementor-widget-heading\" data-id=\"e2aecaa\" data-element_type=\"widget\" data-widget_type=\"heading.default\">\n\t\t\t\t<div class=\"elementor-widget-container\">\n\t\t\t\t\t<h2 class=\"elementor-heading-title elementor-size-default\">\u00bfQuien Impartir\u00e1 este Curso?<\/h2>\t\t\t\t<\/div>\n\t\t\t\t<\/div>\n\t\t\t\t\t<\/div>\n\t\t<\/div>\n\t\t\t\t\t<\/div>\n\t\t<\/section>\n\t\t\t\t<section class=\"elementor-section elementor-top-section elementor-element elementor-element-0431139 elementor-section-full_width elementor-section-height-default elementor-section-height-default\" data-id=\"0431139\" data-element_type=\"section\">\n\t\t\t\t\t\t<div class=\"elementor-container elementor-column-gap-default\">\n\t\t\t\t\t<div class=\"elementor-column elementor-col-50 elementor-top-column elementor-element elementor-element-4191cad\" data-id=\"4191cad\" data-element_type=\"column\">\n\t\t\t<div class=\"elementor-widget-wrap elementor-element-populated\">\n\t\t\t\t\t\t<div class=\"elementor-element elementor-element-792a907 elementor-widget elementor-widget-image\" data-id=\"792a907\" data-element_type=\"widget\" data-widget_type=\"image.default\">\n\t\t\t\t<div class=\"elementor-widget-container\">\n\t\t\t\t\t\t\t\t\t\t\t\t\t\t\t<img decoding=\"async\" src=\"https:\/\/caficon.com\/wp-content\/uploads\/elementor\/thumbs\/5-pjcygz8pi2plloolrfh8iz56avqpecbkixgy2y56y8.jpeg\" title=\"5\" alt=\"5\" loading=\"lazy\" \/>\t\t\t\t\t\t\t\t\t\t\t\t\t\t\t<\/div>\n\t\t\t\t<\/div>\n\t\t\t\t<div class=\"elementor-element elementor-element-1803b44 elementor-widget elementor-widget-html\" data-id=\"1803b44\" data-element_type=\"widget\" data-widget_type=\"html.default\">\n\t\t\t\t<div class=\"elementor-widget-container\">\n\t\t\t\t\t<h4 style=\"text-align: center;\"><span style=\"color: #ff6600;\">C.P. M.A.E., M.F. Jesus Miguel Alarcon Diaz<\/span><\/h4>\t\t\t\t<\/div>\n\t\t\t\t<\/div>\n\t\t\t\t\t<\/div>\n\t\t<\/div>\n\t\t\t\t<div class=\"elementor-column elementor-col-50 elementor-top-column elementor-element elementor-element-87a051c\" data-id=\"87a051c\" data-element_type=\"column\">\n\t\t\t<div class=\"elementor-widget-wrap elementor-element-populated\">\n\t\t\t\t\t\t<div class=\"elementor-element elementor-element-d0ca889 elementor-widget elementor-widget-spacer\" data-id=\"d0ca889\" data-element_type=\"widget\" data-widget_type=\"spacer.default\">\n\t\t\t\t<div class=\"elementor-widget-container\">\n\t\t\t\t\t\t\t<div class=\"elementor-spacer\">\n\t\t\t<div class=\"elementor-spacer-inner\"><\/div>\n\t\t<\/div>\n\t\t\t\t\t\t<\/div>\n\t\t\t\t<\/div>\n\t\t\t\t<div class=\"elementor-element elementor-element-241a70e elementor-widget elementor-widget-heading\" data-id=\"241a70e\" data-element_type=\"widget\" data-widget_type=\"heading.default\">\n\t\t\t\t<div class=\"elementor-widget-container\">\n\t\t\t\t\t<h2 class=\"elementor-heading-title elementor-size-default\">CV:<\/h2>\t\t\t\t<\/div>\n\t\t\t\t<\/div>\n\t\t\t\t<div class=\"elementor-element elementor-element-b3edea8 elementor-widget elementor-widget-text-editor\" data-id=\"b3edea8\" data-element_type=\"widget\" data-widget_type=\"text-editor.default\">\n\t\t\t\t<div class=\"elementor-widget-container\">\n\t\t\t\t\t\t\t\t\t<p><strong>\u00a0<\/strong><\/p><p><strong>MAESTR\u00cdA EN DERECHO FISCAL Y CORPORATIVO:<\/strong><\/p><p><strong>\u00a0<\/strong><\/p><ul><li><strong>Planeaci\u00f3n Fiscal, <\/strong>Universidad Vizcaya de las Am\u00e9ricas, Manzanillo.<\/li><li><strong>Metodolog\u00eda de la Investigaci\u00f3n, <\/strong>Universidad Vizcaya de las Am\u00e9ricas, Manzanillo.<\/li><li><strong>Finanzas P\u00fablicas y Corporativas, <\/strong>Universidad Vizcaya de las Am\u00e9ricas, Manzanillo.<\/li><li><strong>Seminario de Investigaci\u00f3n y docencia, <\/strong>Universidad Vizcaya de las Am\u00e9ricas, Manzanillo.<\/li><\/ul><p><strong>\u00a0<\/strong><\/p><p><strong>\u00a0<\/strong><\/p><p><strong>MAESTR\u00cdA EN DERECHO FISCAL: <\/strong><\/p><p><strong>\u00a0<\/strong><\/p><ul><li><strong>An\u00e1lisis de las Contribuciones Federales, Estatales y Municipales,<\/strong> UTEGRA<strong>, <\/strong>CEO\u00a0<\/li><li><strong>Los Desaf\u00edos del Derecho Mexicano Frente a la Globalizaci\u00f3n, <\/strong>UTEGRA<strong>, <\/strong>Guadalajara,<\/li><\/ul><p><strong>\u00a0<\/strong><\/p><p><strong>MAESTR\u00cdA EN FISCAL:<\/strong><\/p><p><strong>\u00a0<\/strong><\/p><ul><li><strong>Seminario de Planeaci\u00f3n Fiscal, <\/strong>CEO Guadalajara, Hermosillo, Guaymas<\/li><li><strong>Normas de Informaci\u00f3n Financiera <\/strong>Ceo Hermosillo, Guaymas<\/li><li><strong>Derecho Fiscal y Financiero, <\/strong>Universidad Vizcaya de las Americas \u2013 Tepic y Manzanillo, Col.<\/li><li><strong>Contribuciones Estatales y Municipales, <\/strong>CEO Guadalajara<\/li><li><strong>Seminario de Investigaci\u00f3n, <\/strong>UNIVA Colima.<\/li><\/ul><p>\u00a0<\/p><p>\u00a0<\/p><p><strong>MAESTR\u00cdA EN DERECHO CORPORATIVO:<\/strong><\/p><p><strong>\u00a0<\/strong><\/p><ul><li><strong>Derecho Fiscal, <\/strong>Ceo CD Guzman Jalisco<\/li><li><strong>Derecho Financiero <\/strong>UNIVA Guadalajara.<\/li><li><strong>Proyectos de investigaci\u00f3n, <\/strong>Universidad Enrique D\u00edaz de Le\u00f3n -Guadalajara<\/li><li><strong>Seminario de Investigaci\u00f3n, <\/strong>UTEGRA<\/li><li><strong>Metodolog\u00eda de la Investigaci\u00f3n, <\/strong>UNIVA Guadalajara<\/li><li><strong>Legislaci\u00f3n Empresarial. <\/strong>Universidad Vizcaya de las Am\u00e9ricas Tepic<\/li><\/ul><p><strong>\u00a0<\/strong><\/p><p><strong>\u00a0<\/strong><\/p><p><strong>MAESTR\u00cdA EN ADMINISTRACI\u00d3N:<\/strong><\/p><p>\u00a0<\/p><ul><li><strong>Proyectos de Inversi\u00f3n,<\/strong> Universidad Enrique D\u00edaz de Le\u00f3n Guadalajara<\/li><li><strong>Proyectos de Inversi\u00f3n<\/strong>. Universidad Cuauhtemoc Guadalajara<\/li><li><strong>Planeaci\u00f3n estrat\u00e9gica, <\/strong>Universidad Vizcaya de las Americas Campus Tepic y Manzanillo<\/li><\/ul><p><strong>\u00a0<\/strong><\/p><p><strong>MAESTR\u00cdA EN ADMINISTRACI\u00d3N FINANCIERA:<\/strong><\/p><p><strong>\u00a0<\/strong><\/p><ul><li><strong>Matem\u00e1ticas Financieras, <\/strong>UTEGRA<\/li><li><strong>Planeaci\u00f3n estrat\u00e9gica, <\/strong>UNIVA, Guadalajara.<\/li><li><strong>Investigaci\u00f3n de Operaciones <\/strong>UTEGRA Guadalajara, Morelia<\/li><\/ul><p><strong>\u00a0<\/strong><\/p><p><strong>\u00a0<\/strong><\/p><p><strong>MAESTR\u00cdA EN VALUACI\u00d3N:<\/strong><\/p><p><strong>\u00a0<\/strong><\/p><ul><li><strong>Joint Venture <\/strong>Centro de Valores Guadalajara.<\/li><li><strong>Emisi\u00f3n de Deuda y Capital, <\/strong>Centro de Valores Guadalajara.<\/li><li><strong>Metodolog\u00eda de la Investigaci\u00f3n, <\/strong>Centro de Valores Guadalajara.<\/li><\/ul><p><strong>\u00a0<\/strong><\/p><p><strong>MAESTR\u00cdA EN IMPUESTOS:<\/strong><\/p><p>\u00a0<\/p><ul><li><strong>Planeaci\u00f3n Fiscal<\/strong>, Universidad Vizcaya de las Americas &#8211; Manzanillo<\/li><li><strong>T\u00edtulos y Operaciones de Cr\u00e9dito<\/strong>, CEO, Guadalajara, Cd. Guzm\u00e1n, Obreg\u00f3n, Hermosillo, Morelia, Tepatitl\u00e1n, Toluca y Manzanillo.<\/li><li><strong>Metodolog\u00eda de la Investigaci\u00f3n<\/strong>, CEO, Guadalajara, Cd. Guzm\u00e1n, Obreg\u00f3n, Hermosillo, Morelia, Tepatitl\u00e1n, Toluca y Manzanillo.<\/li><li><strong>Seminario de Tesis<\/strong>, CEO, Guadalajara, Cd. Guzm\u00e1n, Obreg\u00f3n, Hermosillo, Morelia, Tepatitl\u00e1n, Toluca y Manzanillo.<\/li><li><strong>Finanzas P\u00fablicas y Corporativas, <\/strong>CEO, Guadalajara, Cd. Guzm\u00e1n, Obreg\u00f3n, Hermosillo, Morelia, Tepatitl\u00e1n, Toluca y Manzanillo.<\/li><\/ul><p><strong>\u00a0<\/strong><\/p>\t\t\t\t\t\t\t\t<\/div>\n\t\t\t\t<\/div>\n\t\t\t\t<div class=\"elementor-element elementor-element-406869a elementor-widget elementor-widget-spacer\" data-id=\"406869a\" data-element_type=\"widget\" data-widget_type=\"spacer.default\">\n\t\t\t\t<div class=\"elementor-widget-container\">\n\t\t\t\t\t\t\t<div class=\"elementor-spacer\">\n\t\t\t<div class=\"elementor-spacer-inner\"><\/div>\n\t\t<\/div>\n\t\t\t\t\t\t<\/div>\n\t\t\t\t<\/div>\n\t\t\t\t\t<\/div>\n\t\t<\/div>\n\t\t\t\t\t<\/div>\n\t\t<\/section>\n\t\t\t\t<\/div>\n\t\t","protected":false},"excerpt":{"rendered":"<p>Que encontraras en el Temario Objetivo Dirigido Temario: 1. MARCO NORMATIVO a. Regularizaci\u00f3n del sistema de transporte de mercanc\u00edas b. Publicaciones de la autoridad fiscal 2. C\u00d3DIGO FISCAL DE LA FEDERACI\u00d3N a. Requisitos de los comprobantes fiscales b. Tipos de comprobantes c. CFDI de Ingresos d. CFDI de Traslado e. Emisi\u00f3n electr\u00f3nica f. Representaci\u00f3n Impresa [&hellip;]<\/p>\n","protected":false},"author":1,"featured_media":0,"parent":0,"menu_order":0,"comment_status":"closed","ping_status":"closed","template":"","meta":{"footnotes":""},"class_list":["post-24877","page","type-page","status-publish","hentry"],"_links":{"self":[{"href":"https:\/\/caficon.com\/index.php\/wp-json\/wp\/v2\/pages\/24877","targetHints":{"allow":["GET"]}}],"collection":[{"href":"https:\/\/caficon.com\/index.php\/wp-json\/wp\/v2\/pages"}],"about":[{"href":"https:\/\/caficon.com\/index.php\/wp-json\/wp\/v2\/types\/page"}],"author":[{"embeddable":true,"href":"https:\/\/caficon.com\/index.php\/wp-json\/wp\/v2\/users\/1"}],"replies":[{"embeddable":true,"href":"https:\/\/caficon.com\/index.php\/wp-json\/wp\/v2\/comments?post=24877"}],"version-history":[{"count":16,"href":"https:\/\/caficon.com\/index.php\/wp-json\/wp\/v2\/pages\/24877\/revisions"}],"predecessor-version":[{"id":25176,"href":"https:\/\/caficon.com\/index.php\/wp-json\/wp\/v2\/pages\/24877\/revisions\/25176"}],"wp:attachment":[{"href":"https:\/\/caficon.com\/index.php\/wp-json\/wp\/v2\/media?parent=24877"}],"curies":[{"name":"wp","href":"https:\/\/api.w.org\/{rel}","templated":true}]}}