{"id":24283,"date":"2022-06-02T21:14:16","date_gmt":"2022-06-02T21:14:16","guid":{"rendered":"https:\/\/caficon.com\/?page_id=24283"},"modified":"2022-06-07T16:13:50","modified_gmt":"2022-06-07T16:13:50","slug":"taller-100-practico-facturando-desde-cero-version-cfdi-4-0-desde-plataforma-compaqi","status":"publish","type":"page","link":"https:\/\/caficon.com\/index.php\/taller-100-practico-facturando-desde-cero-version-cfdi-4-0-desde-plataforma-compaqi\/","title":{"rendered":"Taller 100% Practico Facturando Desde Cero  Version  CFDI 4.0 (Desde Plataforma CONTPAQi)"},"content":{"rendered":"\t\t<div data-elementor-type=\"wp-page\" data-elementor-id=\"24283\" class=\"elementor elementor-24283\" data-elementor-post-type=\"page\">\n\t\t\t\t\t\t<section class=\"elementor-section elementor-top-section elementor-element elementor-element-53d505b elementor-section-boxed elementor-section-height-default elementor-section-height-default\" data-id=\"53d505b\" data-element_type=\"section\">\n\t\t\t\t\t\t<div class=\"elementor-container elementor-column-gap-default\">\n\t\t\t\t\t<div class=\"elementor-column elementor-col-100 elementor-top-column elementor-element elementor-element-58036a3\" data-id=\"58036a3\" data-element_type=\"column\">\n\t\t\t<div class=\"elementor-widget-wrap\">\n\t\t\t\t\t\t\t<\/div>\n\t\t<\/div>\n\t\t\t\t\t<\/div>\n\t\t<\/section>\n\t\t\t\t<section class=\"elementor-section elementor-top-section elementor-element elementor-element-08a4921 elementor-section-full_width elementor-section-height-default elementor-section-height-default\" data-id=\"08a4921\" data-element_type=\"section\">\n\t\t\t\t\t\t<div class=\"elementor-container elementor-column-gap-default\">\n\t\t\t\t\t<div class=\"elementor-column elementor-col-100 elementor-top-column elementor-element elementor-element-39131ce\" data-id=\"39131ce\" data-element_type=\"column\">\n\t\t\t<div class=\"elementor-widget-wrap elementor-element-populated\">\n\t\t\t\t\t\t<div class=\"elementor-element elementor-element-804eb96 elementor-widget elementor-widget-heading\" data-id=\"804eb96\" data-element_type=\"widget\" data-widget_type=\"heading.default\">\n\t\t\t\t<div class=\"elementor-widget-container\">\n\t\t\t\t\t<h2 class=\"elementor-heading-title elementor-size-default\">Que encontraras en el Temario<\/h2>\t\t\t\t<\/div>\n\t\t\t\t<\/div>\n\t\t\t\t\t<\/div>\n\t\t<\/div>\n\t\t\t\t\t<\/div>\n\t\t<\/section>\n\t\t\t\t<section class=\"elementor-section elementor-top-section elementor-element elementor-element-523f752 elementor-section-full_width elementor-section-height-default elementor-section-height-default\" data-id=\"523f752\" data-element_type=\"section\">\n\t\t\t\t\t\t<div class=\"elementor-container elementor-column-gap-default\">\n\t\t\t\t\t<div class=\"elementor-column elementor-col-25 elementor-top-column elementor-element elementor-element-3f023c5\" data-id=\"3f023c5\" data-element_type=\"column\">\n\t\t\t<div class=\"elementor-widget-wrap elementor-element-populated\">\n\t\t\t\t\t\t\t<\/div>\n\t\t<\/div>\n\t\t\t\t<div class=\"elementor-column elementor-col-25 elementor-top-column elementor-element elementor-element-73dd15d\" data-id=\"73dd15d\" data-element_type=\"column\">\n\t\t\t<div class=\"elementor-widget-wrap elementor-element-populated\">\n\t\t\t\t\t\t<div class=\"elementor-element elementor-element-779cf74 elementor-widget elementor-widget-text-editor\" data-id=\"779cf74\" data-element_type=\"widget\" data-widget_type=\"text-editor.default\">\n\t\t\t\t<div class=\"elementor-widget-container\">\n\t\t\t\t\t\t\t\t\t<p><span style=\"color: #ff6600;\"><strong>Objetivo<\/strong><\/span><\/p><p>\u00a0<\/p><p><span style=\"color: #ff6600;\"><strong>Dirigido<\/strong><\/span><\/p><p>\u00a0<\/p>\t\t\t\t\t\t\t\t<\/div>\n\t\t\t\t<\/div>\n\t\t\t\t\t<\/div>\n\t\t<\/div>\n\t\t\t\t<div class=\"elementor-column elementor-col-25 elementor-top-column elementor-element elementor-element-0619780\" data-id=\"0619780\" data-element_type=\"column\">\n\t\t\t<div class=\"elementor-widget-wrap elementor-element-populated\">\n\t\t\t\t\t\t<div class=\"elementor-element elementor-element-f344470 elementor-widget elementor-widget-text-editor\" data-id=\"f344470\" data-element_type=\"widget\" data-widget_type=\"text-editor.default\">\n\t\t\t\t<div class=\"elementor-widget-container\">\n\t\t\t\t\t\t\t\t\t<h5><span style=\"color: #ff6600;\">Temario:<\/span><\/h5><p><span style=\"text-decoration: underline;\">Datos que requiero.<\/span><\/p><p>Cambios que se aplican a CONTPAQ i<\/p><p>Datos con los que ya cuento como empresa de CONTPAQ i Validaci\u00f3n de informaci\u00f3n<\/p><p><span style=\"text-decoration: underline;\">Factura Electr\u00f3nica<\/span><\/p><p>Cargado de los nuevos datos al catalogo CONTPAQ i Configuraci\u00f3n de nueva plantilla 4.0<\/p><p>Adecuaci\u00f3n de datos adicionales<\/p><p><span style=\"text-decoration: underline;\">Nominas<\/span><span style=\"text-decoration: underline;\">Nominas<\/span><\/p><p>Que datos debo solicitar al empleado para mi timbrado Donde coloco los nuevos datos que hacienda me solicita<\/p><p>Como cargar masivamente mi informaci\u00f3n al sistema CONTPAQ<\/p><p><span style=\"text-decoration: underline;\">Que Errores Puede Presentar<\/span><\/p><p>Mensajes de alerta por el sistema<\/p><p><span style=\"text-decoration: underline;\">Es conveniente esperarme hasta el 1ro de Julio<\/span><\/p><p>Implicaciones que puedo presentar<\/p><p>Que demoras abra al no contar con los datos Que pasa si no cuento con los datos<\/p><p><span style=\"text-decoration: underline;\">CONTPAQi<\/span><\/p><p>Cuales son las versiones que emiten y reciben 4.0<\/p>\t\t\t\t\t\t\t\t<\/div>\n\t\t\t\t<\/div>\n\t\t\t\t\t<\/div>\n\t\t<\/div>\n\t\t\t\t<div class=\"elementor-column elementor-col-25 elementor-top-column elementor-element elementor-element-3420018\" data-id=\"3420018\" data-element_type=\"column\">\n\t\t\t<div class=\"elementor-widget-wrap\">\n\t\t\t\t\t\t\t<\/div>\n\t\t<\/div>\n\t\t\t\t\t<\/div>\n\t\t<\/section>\n\t\t\t\t<section class=\"elementor-section elementor-top-section elementor-element elementor-element-0debd87 elementor-section-full_width elementor-section-height-default elementor-section-height-default\" data-id=\"0debd87\" data-element_type=\"section\">\n\t\t\t\t\t\t<div class=\"elementor-container elementor-column-gap-default\">\n\t\t\t\t\t<div class=\"elementor-column elementor-col-100 elementor-top-column elementor-element elementor-element-1b18382\" data-id=\"1b18382\" data-element_type=\"column\">\n\t\t\t<div class=\"elementor-widget-wrap elementor-element-populated\">\n\t\t\t\t\t\t<div class=\"elementor-element elementor-element-8b04413 elementor-widget elementor-widget-spacer\" data-id=\"8b04413\" data-element_type=\"widget\" data-widget_type=\"spacer.default\">\n\t\t\t\t<div class=\"elementor-widget-container\">\n\t\t\t\t\t\t\t<div class=\"elementor-spacer\">\n\t\t\t<div class=\"elementor-spacer-inner\"><\/div>\n\t\t<\/div>\n\t\t\t\t\t\t<\/div>\n\t\t\t\t<\/div>\n\t\t\t\t<div class=\"elementor-element elementor-element-daa8249 elementor-widget elementor-widget-heading\" data-id=\"daa8249\" data-element_type=\"widget\" data-widget_type=\"heading.default\">\n\t\t\t\t<div class=\"elementor-widget-container\">\n\t\t\t\t\t<h2 class=\"elementor-heading-title elementor-size-default\">\u00bfQuien Impartir\u00e1 este Curso?<\/h2>\t\t\t\t<\/div>\n\t\t\t\t<\/div>\n\t\t\t\t\t<\/div>\n\t\t<\/div>\n\t\t\t\t\t<\/div>\n\t\t<\/section>\n\t\t\t\t<section class=\"elementor-section elementor-top-section elementor-element elementor-element-24e918b elementor-section-full_width elementor-section-height-default elementor-section-height-default\" data-id=\"24e918b\" data-element_type=\"section\">\n\t\t\t\t\t\t<div class=\"elementor-container elementor-column-gap-default\">\n\t\t\t\t\t<div class=\"elementor-column elementor-col-50 elementor-top-column elementor-element elementor-element-2421ff4\" data-id=\"2421ff4\" data-element_type=\"column\">\n\t\t\t<div class=\"elementor-widget-wrap elementor-element-populated\">\n\t\t\t\t\t\t<div class=\"elementor-element elementor-element-5c74d8b elementor-widget elementor-widget-image\" data-id=\"5c74d8b\" data-element_type=\"widget\" data-widget_type=\"image.default\">\n\t\t\t\t<div class=\"elementor-widget-container\">\n\t\t\t\t\t\t\t\t\t\t\t\t\t\t\t<img decoding=\"async\" src=\"https:\/\/caficon.com\/wp-content\/uploads\/elementor\/thumbs\/WhatsApp-Image-2021-10-26-at-11.19.06-AM-pij5s8hclnatqhnof4oqvryubcr5oiiz7so1k3kokw.jpg\" title=\"WhatsApp Image 2021-10-26 at 11.19.06 AM\" alt=\"WhatsApp Image 2021-10-26 at 11.19.06 AM\" loading=\"lazy\" \/>\t\t\t\t\t\t\t\t\t\t\t\t\t\t\t<\/div>\n\t\t\t\t<\/div>\n\t\t\t\t<div class=\"elementor-element elementor-element-1b248ec elementor-widget elementor-widget-html\" data-id=\"1b248ec\" data-element_type=\"widget\" data-widget_type=\"html.default\">\n\t\t\t\t<div class=\"elementor-widget-container\">\n\t\t\t\t\t<h4 style=\"text-align: center;\"><span style=\"color: #ff6600;\">Ing. Emmanuel Castillo<\/span><\/h4>\t\t\t\t<\/div>\n\t\t\t\t<\/div>\n\t\t\t\t\t<\/div>\n\t\t<\/div>\n\t\t\t\t<div class=\"elementor-column elementor-col-50 elementor-top-column elementor-element elementor-element-7ce33a7\" data-id=\"7ce33a7\" data-element_type=\"column\">\n\t\t\t<div class=\"elementor-widget-wrap elementor-element-populated\">\n\t\t\t\t\t\t<div class=\"elementor-element elementor-element-9c20a9f elementor-widget elementor-widget-spacer\" data-id=\"9c20a9f\" data-element_type=\"widget\" data-widget_type=\"spacer.default\">\n\t\t\t\t<div class=\"elementor-widget-container\">\n\t\t\t\t\t\t\t<div class=\"elementor-spacer\">\n\t\t\t<div class=\"elementor-spacer-inner\"><\/div>\n\t\t<\/div>\n\t\t\t\t\t\t<\/div>\n\t\t\t\t<\/div>\n\t\t\t\t<div class=\"elementor-element elementor-element-d8e9a67 elementor-widget elementor-widget-heading\" data-id=\"d8e9a67\" data-element_type=\"widget\" data-widget_type=\"heading.default\">\n\t\t\t\t<div class=\"elementor-widget-container\">\n\t\t\t\t\t<h2 class=\"elementor-heading-title elementor-size-default\">CV:<\/h2>\t\t\t\t<\/div>\n\t\t\t\t<\/div>\n\t\t\t\t<div class=\"elementor-element elementor-element-e9c7475 elementor-hidden-desktop elementor-hidden-tablet elementor-hidden-mobile elementor-widget elementor-widget-text-editor\" data-id=\"e9c7475\" data-element_type=\"widget\" data-widget_type=\"text-editor.default\">\n\t\t\t\t<div class=\"elementor-widget-container\">\n\t\t\t\t\t\t\t\t\t<ul><li><strong>Contador P\u00fablico Certificado. <\/strong><\/li><li><strong>Maestr\u00eda en Contribuciones Fiscales.<\/strong><\/li><li><strong>Especializado en Impuestos. <\/strong><\/li><li><strong>Diplomado en contribuciones fiscales.<\/strong><\/li><li><strong>EXPERIENCIA PROFESIONAL<\/strong><\/li><li><strong>Socio Director Cabrera Torres y Asociados, S.C. <\/strong><\/li><li><strong>Miembro de la Comisi\u00f3n de Investigaci\u00f3n Fiscal del Colegio de Contadores P\u00fablicos de M\u00e9xico, A.C. <\/strong><\/li><li><strong>Contador P\u00fablico Certificado. <\/strong><\/li><li><strong>Docente de la Escuela Bancaria y Comercial. <\/strong><\/li><li><strong>Instructor en el Colegio Fiscal de M\u00e9xico. <\/strong><\/li><li><strong>Miembro del Pool de Fiscalistas. <\/strong><\/li><li><strong>Certificado en Disciplinas Fiscal <\/strong><\/li><li><strong>Instituto Mexicano de Contadores P\u00fablicos <\/strong><\/li><li><strong>CERTIFICADO COMO CONTADOR POR EL INSTITUTO MEXICANO DE CONTADORES P\u00daBLICOS<\/strong><\/li><li><strong>EXPERTO EN ESTRATEGIA EMPRESARIAL, PLANIFICACI\u00d3N ESTRAT\u00c9GICA<\/strong><\/li><\/ul>\t\t\t\t\t\t\t\t<\/div>\n\t\t\t\t<\/div>\n\t\t\t\t<div class=\"elementor-element elementor-element-f3139f8 elementor-widget elementor-widget-spacer\" data-id=\"f3139f8\" data-element_type=\"widget\" data-widget_type=\"spacer.default\">\n\t\t\t\t<div class=\"elementor-widget-container\">\n\t\t\t\t\t\t\t<div class=\"elementor-spacer\">\n\t\t\t<div class=\"elementor-spacer-inner\"><\/div>\n\t\t<\/div>\n\t\t\t\t\t\t<\/div>\n\t\t\t\t<\/div>\n\t\t\t\t\t<\/div>\n\t\t<\/div>\n\t\t\t\t\t<\/div>\n\t\t<\/section>\n\t\t\t\t<\/div>\n\t\t","protected":false},"excerpt":{"rendered":"<p>Que encontraras en el Temario Objetivo \u00a0 Dirigido \u00a0 Temario: Datos que requiero. Cambios que se aplican a CONTPAQ i Datos con los que ya cuento como empresa de CONTPAQ i Validaci\u00f3n de informaci\u00f3n Factura Electr\u00f3nica Cargado de los nuevos datos al catalogo CONTPAQ i Configuraci\u00f3n de nueva plantilla 4.0 Adecuaci\u00f3n de datos adicionales NominasNominas [&hellip;]<\/p>\n","protected":false},"author":1,"featured_media":0,"parent":0,"menu_order":0,"comment_status":"closed","ping_status":"closed","template":"","meta":{"footnotes":""},"class_list":["post-24283","page","type-page","status-publish","hentry"],"_links":{"self":[{"href":"https:\/\/caficon.com\/index.php\/wp-json\/wp\/v2\/pages\/24283","targetHints":{"allow":["GET"]}}],"collection":[{"href":"https:\/\/caficon.com\/index.php\/wp-json\/wp\/v2\/pages"}],"about":[{"href":"https:\/\/caficon.com\/index.php\/wp-json\/wp\/v2\/types\/page"}],"author":[{"embeddable":true,"href":"https:\/\/caficon.com\/index.php\/wp-json\/wp\/v2\/users\/1"}],"replies":[{"embeddable":true,"href":"https:\/\/caficon.com\/index.php\/wp-json\/wp\/v2\/comments?post=24283"}],"version-history":[{"count":26,"href":"https:\/\/caficon.com\/index.php\/wp-json\/wp\/v2\/pages\/24283\/revisions"}],"predecessor-version":[{"id":24517,"href":"https:\/\/caficon.com\/index.php\/wp-json\/wp\/v2\/pages\/24283\/revisions\/24517"}],"wp:attachment":[{"href":"https:\/\/caficon.com\/index.php\/wp-json\/wp\/v2\/media?parent=24283"}],"curies":[{"name":"wp","href":"https:\/\/api.w.org\/{rel}","templated":true}]}}