{"id":24227,"date":"2022-06-01T22:24:54","date_gmt":"2022-06-01T22:24:54","guid":{"rendered":"https:\/\/caficon.com\/?page_id=24227"},"modified":"2022-06-01T22:28:34","modified_gmt":"2022-06-01T22:28:34","slug":"cursos-pre-grabados","status":"publish","type":"page","link":"https:\/\/caficon.com\/index.php\/cursos-pre-grabados\/","title":{"rendered":"Cursos Pre Grabados"},"content":{"rendered":"\t\t<div data-elementor-type=\"wp-page\" data-elementor-id=\"24227\" class=\"elementor elementor-24227\" data-elementor-post-type=\"page\">\n\t\t\t\t\t\t<section class=\"elementor-section elementor-top-section elementor-element elementor-element-613d423 animated-slow elementor-section-boxed elementor-section-height-default elementor-section-height-default elementor-invisible\" data-id=\"613d423\" data-element_type=\"section\" data-settings=\"{&quot;animation&quot;:&quot;fadeInUp&quot;}\">\n\t\t\t\t\t\t<div class=\"elementor-container elementor-column-gap-default\">\n\t\t\t\t\t<div class=\"elementor-column elementor-col-50 elementor-top-column elementor-element elementor-element-ae7c7b4\" data-id=\"ae7c7b4\" data-element_type=\"column\">\n\t\t\t<div class=\"elementor-widget-wrap elementor-element-populated\">\n\t\t\t\t\t\t<div class=\"elementor-element elementor-element-7bc3b40 elementor-widget elementor-widget-text-editor\" data-id=\"7bc3b40\" data-element_type=\"widget\" data-widget_type=\"text-editor.default\">\n\t\t\t\t<div class=\"elementor-widget-container\">\n\t\t\t\t\t\t\t\t\t<p><span style=\"color: #000000;\">1. Gu\u00eda Para el Cierre Fiscal 2018 27 de Noviembre 2018<\/span><\/p><p><span style=\"color: #000000;\">2. Reforma Fiscal 2019 07 de Febrero 2019<\/span><\/p><p><span style=\"color: #000000;\">3. Reforma fiscal 2019<\/span><\/p><p><span style=\"color: #000000;\">4. Marco Jur\u00eddico y T\u00e9cnico de los CFDI\u00b4S 26 de Febrero 2019<\/span><\/p><p><span style=\"color: #000000;\">5. Llenado de la Declaraci\u00f3n Anual para Personas Morales 12 de Marzo 2019<\/span><\/p><p><span style=\"color: #000000;\">6. Resoluci\u00f3n Miscel\u00e1nea Fiscal 2019 12 de Marzo 2019<\/span><\/p><p><span style=\"color: #000000;\">7. An\u00e1lisis Integral de Contribuciones Salariales N\u00f3mina Integral 19 de Marzo 2019<\/span><\/p><p><span style=\"color: #000000;\">8. Declaraci\u00f3n Anual de Personas F\u00edsicas 26 de Marzo 2019<\/span><\/p><p><span style=\"color: #000000;\">9. An\u00e1lisis General de la Ley Antilavado, Nuevas Disposiciones y Reglas de Regularizaci\u00f3n 09 de Abril 2019<\/span><\/p><p><span style=\"color: #000000;\">10.Novedades Fiscales y Laborales del CFDI 12 de Junio 2019<\/span><\/p><p><span style=\"color: #000000;\">11. Defensa Fiscal Aplicable por el Contador 19 de Junio 2019<\/span><\/p><p><span style=\"color: #000000;\">12. Recomendaciones Practicas Empresariales Frente al Lavado de Dinero 06 de Agosto 2019<\/span><\/p><p><span style=\"color: #000000;\">13. Contabilidad Electr\u00f3nica y An\u00e1lisis de P\u00f3lizas Auxiliares en XML 14 de Agosto 2019<\/span><\/p><p><span style=\"color: #000000;\">14. Compliance Fiscal y Laboral, Nuevas Obligaciones del Empresario 29 de Agosto 2019<\/span><\/p><p><span style=\"color: #000000;\">15. Taller de ISR Salarios y Asimilados en Excel<\/span><br \/><span style=\"color: #000000;\">(Incluye An\u00e1lisis del CFDI\u00b4S en N\u00f3minas y su Complemento) 25 de Septiembre 2019<\/span><\/p><p><span style=\"color: #000000;\">16. Expectativas de Reformas Fiscales 2020 10 de Octubre 2019<\/span><\/p><p><span style=\"color: #000000;\">17. An\u00e1lisis Jur\u00eddico y Pr\u00e1ctico de las Deducciones Fiscales 24 de Octubre<\/span><\/p><p><span style=\"color: #000000;\">18. Cierre Fiscal del Ejercicio 2019 para Personas Morales 13 de noviembre 2019<\/span><\/p><p><span style=\"color: #000000;\">19. Cambios en el CFDI de N\u00f3mina 2020 29 de Noviembre 2019<\/span><\/p><p><span style=\"color: #000000;\">20. TALLER PARA EL CIERRE LABORAL Y FISCAL DE SUELDOS Y SALARIOS 11 de Diciembre 2019<\/span><\/p><p><span style=\"color: #000000;\">21. Actualizaciones al CFDI y Modificaciones al Complemento de N\u00f3mina 16 de Diciembre 2019<\/span><\/p><p><span style=\"color: #000000;\">22. Reformas Fiscales y Penales 2020 18 de Diciembre 2019<\/span><\/p><p><span style=\"color: #000000;\">23. REFORMA FISCAL 2020\u201d(INCLUYE DIARIO OFICIAL) 10 de Enero 2020<\/span><\/p><p><span style=\"color: #000000;\">24. NOM 035 23 de Enero 2020<\/span><\/p><p><span style=\"color: #000000;\">25. An\u00e1lisis Pr\u00e1ctico de la Resoluci\u00f3n Miscel\u00e1nea Fiscal 2020 05 de Febrero 2020<\/span><\/p><p><span style=\"color: #000000;\">26. Declaraci\u00f3n Anual de Personas Morales 2019\u201d Con el Nuevo Formulario 12 de Febrero 2020<\/span><\/p><p><span style=\"color: #000000;\">27. Este curso se podr\u00e1 visualizar en el apartado 36<\/span><\/p><p><span style=\"color: #000000;\">28. CONTABILIDAD PARA NO CONTADORES 06 de marzo del 2020<\/span><\/p><p><span style=\"color: #000000;\">29. Declaraci\u00f3n anual de personas f\u00edsicas 2019<\/span><\/p><p><span style=\"color: #000000;\">30. DECLARACI\u00d3N ANUAL DE PERSONAS FISICAS 2019 CARDENAS<\/span><\/p><p><span style=\"color: #000000;\">31. TALLER DE ACREDITAMIENTO Y DEVOLUCION DE IMPUESTOS<\/span><\/p><p><span style=\"color: #000000;\">32. IMPUESTO AL VALOR AGREGADO<\/span><\/p><p><span style=\"color: #000000;\">33. Contabilidad Electr\u00f3nica 2020<\/span><\/p><p><span style=\"color: #000000;\">34. Finanzas Para No Financieros<\/span><\/p><p><span style=\"color: #000000;\">35. Reforma Fiscal 2020<\/span><\/p><p><span style=\"color: #000000;\">36. OUTSOURCING DOLOSO RETENIDO DELICTUOSO Y PELIGROSO<\/span><\/p><p><span style=\"color: #000000;\">37. Los derechos del contribuyente en tiempos de pandemia<\/span><\/p><p><span style=\"color: #000000;\">38. Estados de Flujo Efectivo<\/span><\/p><p><span style=\"color: #000000;\">39. PLATAFORMAS DIGITALES<\/span><\/p><p><span style=\"color: #000000;\">40. DISMINUCION DE PAGOS PROVISIONALES EN LA EPOCA DEL COVID 19<\/span><\/p><p><span style=\"color: #000000;\">41. Prevenci\u00f3n y atenci\u00f3n de Empresas Facturadoras de Operaciones Simuladas<\/span><\/p><p><span style=\"color: #000000;\">42. 1era. Parte REPERCUSIONES EMPRESARIALES<\/span><\/p><p><span style=\"color: #000000;\">43. 2da Resolucion Miscelanea ALARCON<\/span><\/p><p><span style=\"color: #000000;\">44. 2da. Parte REPERCUSIONES EMPRESARIALES<\/span><\/p><p><span style=\"color: #000000;\">45. Pensiones, preparaci\u00f3n de la ley 73 y 97, la modalidad 40<\/span><\/p><p><span style=\"color: #000000;\">46. R.I.F<\/span><\/p><p><span style=\"color: #000000;\">47. Control interno<\/span><\/p><p><span style=\"color: #000000;\">48. NOM35 Y SUS \u00daLTIMOS CAMBIOS 2da etapa 23 de octubre 2020<\/span><\/p><p><span style=\"color: #000000;\">49. Defensa fiscal aplicable por el contador<\/span><\/p><p><span style=\"color: #000000;\">50. PAQUETE ECON\u00d3MICO 2021<\/span><\/p><p><span style=\"color: #000000;\">51. Efectos Empresariales de los Contratos<\/span><\/p><p><span style=\"color: #000000;\">52. CUCA Y CUFIN<\/span><\/p><p><span style=\"color: #000000;\">53. SEGURIDAD SOCIAL DEL IMSS, ISSSTE E ISSEMYM<\/span><\/p><p><span style=\"color: #000000;\">54. Reforma Fiscal 2020-2021<\/span><\/p><p><span style=\"color: #000000;\">55.Taller de Ajuste Mensual y Anual Sueldos y Salarios<\/span><\/p><p><span style=\"color: #000000;\">56.Cierre Fiscal Personas Morales<\/span><\/p><p><span style=\"color: #000000;\">57. Resoluci\u00f3n miscel\u00e1nea 2021<\/span><\/p><p><span style=\"color: #000000;\">58. REFORMAS FISCALES 2021<\/span><\/p><p><span style=\"color: #000000;\">59.REFORMA FISCAL 2020-2021 COMPLEMENTADO CON (RMF)<\/span><\/p><p><span style=\"color: #000000;\">60.Aspectos Ba\u0301sicos De Seguridad Social \u201cConstructoras\u201d<\/span><\/p><p><span style=\"color: #000000;\">61.Atenci\u00f3n a Cartas Invitaci\u00f3n del Sat<\/span><\/p><p><span style=\"color: #000000;\">62.Declaracion Anual Personas Morales 2020<\/span><\/p><p><span style=\"color: #000000;\">63.Reforma Fiscal 2021 Los riesgos de los nuevos modelos de fiscalizaci\u00f3n<\/span><\/p><p><span style=\"color: #000000;\">64.Reformas laborales y de seguridad social de atenci\u00f3n urgente (subcontrataci\u00f3n, tele trabajo, reforma al sistema de pensiones con el crecimiento en cuotas a patrones)<\/span><\/p><p><span style=\"color: #000000;\">65.Todo sobre CFDI en el eje de la fiscalizaci\u00f3n 2021<\/span><\/p><p><span style=\"color: #000000;\">66.Atenci\u00f3n de Oficios a Cartas invitaci\u00f3n del SAT e invitaciones de vigilancia profunda<\/span><\/p><p><span style=\"color: #000000;\">67.Calculadores en Excel para aplicaciones Fiscales, Financieras y laborales.<\/span><\/p><p><span style=\"color: #000000;\">68.Taller para la elaboraci\u00f3n de contratos laborales (incluye servicios y obras especializadas que sustituir\u00edan a la subcontrataci\u00f3n y teletrabajo)<\/span><\/p><p><span style=\"color: #000000;\">69.Taller de ajuste mensual y anual de salarios (con comentarios a la posible eliminaci\u00f3n de la subcontrataci\u00f3n)<\/span><\/p><p><span style=\"color: #000000;\">70.Nomina Integral<\/span><\/p><p><span style=\"color: #000000;\">71. Salir o Huir del Outsourcing<\/span><\/p><p><span style=\"color: #000000;\">72.Declaracion Anual de Personas Morales 2020<\/span><\/p><p><span style=\"color: #000000;\">73.Curso b\u00e1sico de Excel num.1<\/span><\/p><p><span style=\"color: #000000;\">74.Declaracion anual de personas morales 2020<\/span><\/p><p><span style=\"color: #000000;\">75.Auditoria interna y lavado de dinero<\/span><\/p><p><span style=\"color: #000000;\">76.Taller de Cierre del ejercicio y Declaraci\u00f3n Anual Personas Morales (papeles de trabajo y llenado de formatos) Part. ll<\/span><\/p><p><span style=\"color: #000000;\">77.Taller b\u00e1sico de Excel num.2<\/span><\/p><p><span style=\"color: #000000;\">78.Taller Devoluci\u00f3n de IVA<\/span><\/p><p><span style=\"color: #000000;\">79.Taller en Excel Intermedio l<\/span><\/p><p><span style=\"color: #000000;\">80.Taller en Excel Intermedio ll<\/span><\/p><p><span style=\"color: #000000;\">81.Introducci\u00f3n a las normas de informaci\u00f3n financiera<\/span><\/p><p><span style=\"color: #000000;\">82.Analisis Juridico y Practico Sobre Deducciones de Personas Morales<\/span><\/p><p><span style=\"color: #000000;\">83.Taller de Revisiones Electronicas Buz\u00f3n Tributario y Reformas al outsourcing<\/span><\/p><p><span style=\"color: #000000;\">84.Declaraci\u00f3n Anual de Personas F\u00edsicas<\/span><\/p><p><span style=\"color: #000000;\">85. Actualizaci\u00f3n de los CFDIS Para 2021 Cancelaci\u00f3n Medios Digitales<\/span><\/p><p><span style=\"color: #000000;\">86. Trascendencia de los Efectos Fiscales para los Contratos<\/span><\/p><p><span style=\"color: #000000;\">87. Taller de Declaraci\u00f3n Anual de Personas Fisicas 2020 1<\/span><\/p><p><span style=\"color: #000000;\">88. Taller de Declaraci\u00f3n Anual de Personas F\u00edsica 2020 2<\/span><\/p><p><span style=\"color: #000000;\">89. An\u00e1lisis Integral a la Reforma del Outsourcing<\/span><\/p><p><span style=\"color: #000000;\">90. Devoluci\u00f3n de IVA<\/span><\/p><p><span style=\"color: #000000;\">91. Personas Morales con Fines no Lucrativos Donatarias<\/span><\/p><p><span style=\"color: #000000;\">92. Defensa Fiscal Aplicable por el Contador<\/span><\/p><p><span style=\"color: #000000;\">93.Actualizacion de la Nomina 2021<\/span><\/p><p><span style=\"color: #000000;\">94.Regimen de incorporaci\u00f3n Fiscal 2021 (RIF)<\/span><\/p><p><span style=\"color: #000000;\">95.Cambios en el CFDI para 2021 uso de los Cat\u00e1logos del SAT<\/span><\/p><p><span style=\"color: #000000;\">96. Pagos Provisionales ISR 2021<\/span><\/p><p><span style=\"color: #000000;\">97. Actualizaci\u00f3n de la nomina 2021 (SAT, IMSS, INFONAVIT)<\/span><\/p><p><span style=\"color: #000000;\">98. Tratamiento Fiscal Contable de las A.C y S.C<\/span><\/p><p><span style=\"color: #000000;\">99. C\u00f3digo Fiscal de la Federaci\u00f3n<\/span><\/p><p><span style=\"color: #000000;\">100. R\u00e9gimen de Seguridad Social para la Industria de la Construcci\u00f3n (SIROC)<\/span><\/p><p><span style=\"color: #000000;\">101. Taller de Contabilidad Electronica con ASPEL 1<\/span><\/p><p><span style=\"color: #000000;\">102. Taller de Contabilidad Electronica con ASPEL 2<\/span><\/p><p><span style=\"color: #000000;\">103.El ABC de los Precios de Transferencia<\/span><\/p><p><span style=\"color: #000000;\">104. Tratamiento Laboral y Fiscal de la N\u00f3mina 2021<\/span><\/p><p><span style=\"color: #000000;\">105. La mejor forma de Pensionarse.<\/span><\/p><p><span style=\"color: #000000;\">106. Procedimiento de cancelaci\u00f3n y restricci\u00f3n temporal del CSD. Su atenci\u00f3n y defensa.<\/span><\/p><p><span style=\"color: #000000;\">107. La Mejor Forma de Pensionarse<\/span><\/p><p><span style=\"color: #000000;\">108. Correcci\u00f3n y Ajustes Del CFDI De Nomina 2021<\/span><\/p><p><span style=\"color: #000000;\">109. La Mejor Forma de Pensionarse (Modalidad 40)<\/span><\/p><p><span style=\"color: #000000;\">110. CFDI de Translado y el Complemento de la Carta Porte<\/span><\/p><p><span style=\"color: #000000;\">111. C\u00f3digo Fiscal de la Federaci\u00f3n 2<\/span><\/p><p><span style=\"color: #000000;\">112. CFDI de Traslado y el Complemento de la Carta Aporte<\/span><\/p><p><span style=\"color: #000000;\">113. Como Evitar una Auditoria Fiscal en su Empresa<\/span><\/p><p><span style=\"color: #000000;\">114. Defensa de los Contribuyentes ante la Presunci\u00f3n de Operaciones Inexistentes<\/span><\/p><p><span style=\"color: #000000;\">115. (REPSE) Registro de Prestadoras de Servicio Especializados u Obras Especializadas<\/span><\/p><p><span style=\"color: #000000;\">116. CFDI de Traslado y Complemento de la Carta Porte<\/span><\/p><p><span style=\"color: #000000;\">117. Raz\u00f3n de Negocios 5-A C\u00f3digo Fiscal<\/span><\/p><p><span style=\"color: #000000;\">118. Derecho Fiscal para Contadores.<\/span><\/p><p><span style=\"color: #000000;\">119. Responsabilidad Fiscal Penal de Socios, Accionistas y Directivos.<\/span><\/p><p><span style=\"color: #000000;\">120. Taller SAT Para Principiantes.<\/span><\/p><p><span style=\"color: #000000;\">121. ICSOE Nuevo Sistema Del IMSS Para Declaraciones Informativas de Subordinaci\u00f3n.<\/span><\/p><p><span style=\"color: #000000;\">122. Carta porte.<\/span><\/p><p><span style=\"color: #000000;\">123. Integraci\u00f3n Precisa del Salario Base de Cotizaci\u00f3n del IMSS<\/span><\/p><p><span style=\"color: #000000;\">124. Planeaci\u00f3n y Estrategia Para Disminuir la Base Fiscal y Pago de Impuestos.<\/span><\/p><p><span style=\"color: #000000;\">125. Eclecticismo Jur\u00eddico una Necesidad Empresarial.<\/span><\/p><p><span style=\"color: #000000;\">126. El impact\u00f3 del R\u00e9gimen de Confianza para Personas F\u00edsicas y Morales.<\/span><\/p><p><span style=\"color: #000000;\">127. Taller de Contratos de REPSE Actualizaci\u00f3n y Cumplimiento en Plataformas (ICSOE, SISUB, IMSS).<\/span><\/p><p><span style=\"color: #000000;\">128. Principales Errores de los Contribuyentes a su Empresa.<\/span><\/p><p><span style=\"color: #000000;\">129. Defraudaci\u00f3n Fiscal.<\/span><\/p><p><span style=\"color: #000000;\">130. Iniciativas de Reformas Fiscales 2022.<\/span><\/p><p><span style=\"color: #000000;\">131. Facturaci\u00f3n Electr\u00f3nica CONTPAQi.<\/span><\/p><p><span style=\"color: #000000;\">132. Nuevas Plataformas Informativas para la Subcontrataci\u00f3n ICSOE Y SISUB.<\/span><\/p><p><span style=\"color: #000000;\">133. CFDI Complemento Carta Porte 2021.<\/span><\/p><p><span style=\"color: #000000;\">134. CFDI Complemento de la Carta Porte 2021.<\/span><\/p><p><span style=\"color: #000000;\">135. Paquete Econ\u00f3mico 2022.<\/span><\/p><p><span style=\"color: #000000;\">136. Nuevo CFDI 4.0 DIC 2021.<\/span><\/p><p><span style=\"color: #000000;\">137. Transici\u00f3n del R\u00e9gimen de Incorporaci\u00f3n Fiscal al R\u00e9gimen Simplificado de Confianza.<\/span><\/p><p><span style=\"color: #000000;\">138. Estrategias para Obtener la Mejor Pensi\u00f3n del IMSS Y Retiro Subcuenta del INFONAVIT.<\/span><\/p><p><span style=\"color: #000000;\">139. Nomina Integral ISR, IMSS, INFONAVIT Y Contribuciones Locales.<\/span><\/p><p><span style=\"color: #000000;\">140. CFDI VERSION 4 0.<\/span><\/p><p><span style=\"color: #000000;\">141. CONTPAQi Nominas.<\/span><\/p><p><span style=\"color: #000000;\">142. Reformas Fiscales 2022.<\/span><\/p><p><span style=\"color: #000000;\">143. Resoluci\u00f3n Miscel\u00e1nea Fiscal 2022.<\/span><\/p><p><span style=\"color: #000000;\">144. Actualizaci\u00f3n y Reformas para el Pago de N\u00f3minas 2022.<\/span><\/p><p><span style=\"color: #000000;\">145. Nueva Versi\u00f3n CFDI 4.0.<\/span><\/p><p><span style=\"color: #000000;\">146. RESICO (R\u00e9gimen Simplificado de Confianza) Personas Morales, Personas F\u00edsicas<\/span><\/p><p><span style=\"color: #000000;\">147. Defensa Fiscal (Aplicable al Contador).<\/span><\/p><p><span style=\"color: #000000;\">148. CFDI Complemento Carta Porte 2022.<\/span><\/p><p><span style=\"color: #000000;\">149.Nueva Versi\u00f3n CFDI 4.0<\/span><\/p><p><span style=\"color: #000000;\">150. Preguntas y Respuestas \u200bREPSE RESICO Y Carta APORTE\u200b.<\/span><\/p><p><span style=\"color: #000000;\">151. Declaraci\u00f3n Anual de Personas Morales\u200b.<\/span><\/p><p><span style=\"color: #000000;\">152. Declaraci\u00f3n Anual de Personas Morales\u200b.<\/span><\/p><p><span style=\"color: #000000;\">153. Reformas Fiscales 2022\u200b.<\/span><\/p><p><span style=\"color: #000000;\">154. Cuca Cufin\u200b.<\/span><\/p><p><span style=\"color: #000000;\">155. Declaraci\u00f3n Anual 2021 Personas F\u00edsicas.<\/span><\/p><p><span style=\"color: #000000;\">156. R\u00e9gimen de Seguridad Social para la Industria de la Construcci\u00f3n.<\/span><\/p><p><span style=\"color: #000000;\">157. Procedimiento para una certera devolucion de IVA ante el SAT.<\/span><\/p><p><span style=\"color: #000000;\">158. Panorama y Defensa EFOS Y EDOS 2022.<\/span><\/p><p><span style=\"color: #000000;\">159. Declaraci\u00f3n Anual de Personas F\u00edsicas.<\/span><\/p><p><span style=\"color: #000000;\">160. Devoluci\u00f3n de IVA.<\/span><\/p><p><span style=\"color: #000000;\">161. An\u00e1lisis de Pagos Provisionales PM PF Y RESICO.<\/span><\/p><p><span style=\"color: #000000;\">162. Taller Practico de la Determinacion de la PTU del Ejercicio.<\/span><\/p><p><span style=\"color: #000000;\">163. Taller Pr\u00e1ctico SUA E IDSE.<\/span><\/p><p><span style=\"color: #000000;\">165. CFDI 4 0.<\/span><\/p><p><span style=\"color: #000000;\">166. PTU 2021.<\/span><\/p>\t\t\t\t\t\t\t\t<\/div>\n\t\t\t\t<\/div>\n\t\t\t\t\t<\/div>\n\t\t<\/div>\n\t\t\t\t<div class=\"elementor-column elementor-col-50 elementor-top-column elementor-element elementor-element-d569e65\" data-id=\"d569e65\" data-element_type=\"column\">\n\t\t\t<div class=\"elementor-widget-wrap elementor-element-populated\">\n\t\t\t\t\t\t<div class=\"elementor-element elementor-element-6fa4921 elementor-widget elementor-widget-price-table\" data-id=\"6fa4921\" data-element_type=\"widget\" data-widget_type=\"price-table.default\">\n\t\t\t\t<div class=\"elementor-widget-container\">\n\t\t\t\t\t\n\t\t<div class=\"elementor-price-table\">\n\t\t\t\t\t\t\t<div class=\"elementor-price-table__header\">\n\t\t\t\t\t\t\t\t\t\t\t<h3 class=\"elementor-price-table__heading\">\n\t\t\t\t\t\tCursos\t\t\t\t\t\t<\/h3>\n\t\t\t\t\t\n\t\t\t\t\t\t\t\t\t\t\t<span class=\"elementor-price-table__subheading\">\n\t\t\t\t\t\t\tCAFICON\t\t\t\t\t\t<\/span>\n\t\t\t\t\t\t\t\t\t<\/div>\n\t\t\t\n\t\t\t<div class=\"elementor-price-table__price\">\n\t\t\t\t\t\t\t\t<span class=\"elementor-price-table__currency\">$MX<\/span>\t\t\t\t\t\t\t\t\t<span class=\"elementor-price-table__integer-part\">\n\t\t\t\t\t\t1000\t\t\t\t\t<\/span>\n\t\t\t\t\n\t\t\t\t\n\t\t\t\t\n\t\t\t\t\t\t\t\t\t<span class=\"elementor-price-table__period elementor-typo-excluded\">1 Curso<\/span>\t\t\t\t\t\t\t<\/div>\n\n\t\t\t\t\t\t\t<ul class=\"elementor-price-table__features-list\">\n\t\t\t\t\t\t\t\t\t\t\t<li class=\"elementor-repeater-item-585c76d\">\n\t\t\t\t\t\t\t<div class=\"elementor-price-table__feature-inner\">\n\t\t\t\t\t\t\t\t<i aria-hidden=\"true\" class=\"far fa-check-circle\"><\/i>\t\t\t\t\t\t\t\t\t\t\t\t\t\t\t\t\t<span >\n\t\t\t\t\t\t\t\t\t\tComprar Ahora mismo\t\t\t\t\t\t\t\t\t<\/span>\n\t\t\t\t\t\t\t\t\t\t\t\t\t\t\t\t<\/div>\n\t\t\t\t\t\t<\/li>\n\t\t\t\t\t\t\t\t\t<\/ul>\n\t\t\t\n\t\t\t\t\t\t\t<div class=\"elementor-price-table__footer\">\n\t\t\t\t\t\t\t\t\t\t\t<a class=\"elementor-price-table__button elementor-button elementor-size-md\" href=\"https:\/\/caficon.com\/index.php\/producto\/videoteca\/\">\n\t\t\t\t\t\t\tAdquirir\t\t\t\t\t\t<\/a>\n\t\t\t\t\t\n\t\t\t\t\t\t\t\t\t\t\t<div class=\"elementor-price-table__additional_info\">\n\t\t\t\t\t\t\tGracias por adquirir nuestros Productos\t\t\t\t\t\t<\/div>\n\t\t\t\t\t\t\t\t\t<\/div>\n\t\t\t\t\t<\/div>\n\n\t\t\t\t\t<div class=\"elementor-ribbon\">\n\t\t\t\t<div class=\"elementor-ribbon-inner\">\n\t\t\t\t\tPopular\t\t\t\t<\/div>\n\t\t\t<\/div>\n\t\t\t\t\t\t\t<\/div>\n\t\t\t\t<\/div>\n\t\t\t\t\t<\/div>\n\t\t<\/div>\n\t\t\t\t\t<\/div>\n\t\t<\/section>\n\t\t\t\t<\/div>\n\t\t","protected":false},"excerpt":{"rendered":"<p>1. Gu\u00eda Para el Cierre Fiscal 2018 27 de Noviembre 2018 2. Reforma Fiscal 2019 07 de Febrero 2019 3. Reforma fiscal 2019 4. Marco Jur\u00eddico y T\u00e9cnico de los CFDI\u00b4S 26 de Febrero 2019 5. Llenado de la Declaraci\u00f3n Anual para Personas Morales 12 de Marzo 2019 6. Resoluci\u00f3n Miscel\u00e1nea Fiscal 2019 12 de [&hellip;]<\/p>\n","protected":false},"author":1,"featured_media":0,"parent":0,"menu_order":0,"comment_status":"closed","ping_status":"closed","template":"","meta":{"footnotes":""},"class_list":["post-24227","page","type-page","status-publish","hentry"],"_links":{"self":[{"href":"https:\/\/caficon.com\/index.php\/wp-json\/wp\/v2\/pages\/24227","targetHints":{"allow":["GET"]}}],"collection":[{"href":"https:\/\/caficon.com\/index.php\/wp-json\/wp\/v2\/pages"}],"about":[{"href":"https:\/\/caficon.com\/index.php\/wp-json\/wp\/v2\/types\/page"}],"author":[{"embeddable":true,"href":"https:\/\/caficon.com\/index.php\/wp-json\/wp\/v2\/users\/1"}],"replies":[{"embeddable":true,"href":"https:\/\/caficon.com\/index.php\/wp-json\/wp\/v2\/comments?post=24227"}],"version-history":[{"count":7,"href":"https:\/\/caficon.com\/index.php\/wp-json\/wp\/v2\/pages\/24227\/revisions"}],"predecessor-version":[{"id":24236,"href":"https:\/\/caficon.com\/index.php\/wp-json\/wp\/v2\/pages\/24227\/revisions\/24236"}],"wp:attachment":[{"href":"https:\/\/caficon.com\/index.php\/wp-json\/wp\/v2\/media?parent=24227"}],"curies":[{"name":"wp","href":"https:\/\/api.w.org\/{rel}","templated":true}]}}