{"id":23119,"date":"2022-04-26T16:49:00","date_gmt":"2022-04-26T16:49:00","guid":{"rendered":"https:\/\/caficon.com\/?page_id=23119"},"modified":"2022-05-04T16:27:24","modified_gmt":"2022-05-04T16:27:24","slug":"taller-isr-100-practico","status":"publish","type":"page","link":"https:\/\/caficon.com\/index.php\/taller-isr-100-practico\/","title":{"rendered":"Taller ISR (100% Practico)"},"content":{"rendered":"\t\t<div data-elementor-type=\"wp-page\" data-elementor-id=\"23119\" class=\"elementor elementor-23119\" data-elementor-post-type=\"page\">\n\t\t\t\t\t\t<section class=\"elementor-section elementor-top-section elementor-element elementor-element-8efe153 elementor-section-boxed elementor-section-height-default elementor-section-height-default\" data-id=\"8efe153\" data-element_type=\"section\">\n\t\t\t\t\t\t<div class=\"elementor-container elementor-column-gap-default\">\n\t\t\t\t\t<div class=\"elementor-column elementor-col-100 elementor-top-column elementor-element elementor-element-52893f9\" data-id=\"52893f9\" data-element_type=\"column\">\n\t\t\t<div class=\"elementor-widget-wrap\">\n\t\t\t\t\t\t\t<\/div>\n\t\t<\/div>\n\t\t\t\t\t<\/div>\n\t\t<\/section>\n\t\t\t\t<section class=\"elementor-section elementor-top-section elementor-element elementor-element-2be307a elementor-section-full_width elementor-section-height-default elementor-section-height-default\" data-id=\"2be307a\" data-element_type=\"section\">\n\t\t\t\t\t\t<div class=\"elementor-container elementor-column-gap-default\">\n\t\t\t\t\t<div class=\"elementor-column elementor-col-100 elementor-top-column elementor-element elementor-element-8114840\" data-id=\"8114840\" data-element_type=\"column\">\n\t\t\t<div class=\"elementor-widget-wrap elementor-element-populated\">\n\t\t\t\t\t\t<div class=\"elementor-element elementor-element-834b7e5 elementor-widget elementor-widget-heading\" data-id=\"834b7e5\" data-element_type=\"widget\" data-widget_type=\"heading.default\">\n\t\t\t\t<div class=\"elementor-widget-container\">\n\t\t\t\t\t<h2 class=\"elementor-heading-title elementor-size-default\">Que encontraras en el Temario<\/h2>\t\t\t\t<\/div>\n\t\t\t\t<\/div>\n\t\t\t\t\t<\/div>\n\t\t<\/div>\n\t\t\t\t\t<\/div>\n\t\t<\/section>\n\t\t\t\t<section class=\"elementor-section elementor-top-section elementor-element elementor-element-eb5bca3 elementor-section-full_width elementor-section-height-default elementor-section-height-default\" data-id=\"eb5bca3\" data-element_type=\"section\">\n\t\t\t\t\t\t<div class=\"elementor-container elementor-column-gap-default\">\n\t\t\t\t\t<div class=\"elementor-column elementor-col-25 elementor-top-column elementor-element elementor-element-b15d225\" data-id=\"b15d225\" data-element_type=\"column\">\n\t\t\t<div class=\"elementor-widget-wrap elementor-element-populated\">\n\t\t\t\t\t\t\t<\/div>\n\t\t<\/div>\n\t\t\t\t<div class=\"elementor-column elementor-col-25 elementor-top-column elementor-element elementor-element-8f34292\" data-id=\"8f34292\" data-element_type=\"column\">\n\t\t\t<div class=\"elementor-widget-wrap elementor-element-populated\">\n\t\t\t\t\t\t<div class=\"elementor-element elementor-element-af80bf1 elementor-widget elementor-widget-text-editor\" data-id=\"af80bf1\" data-element_type=\"widget\" data-widget_type=\"text-editor.default\">\n\t\t\t\t<div class=\"elementor-widget-container\">\n\t\t\t\t\t\t\t\t\t<p><span style=\"color: #ff6600;\"><strong>Objetivo<\/strong><\/span><\/p><p>Dar a conocer en forma sencilla y pr\u00e1ctica, los papeles de trabajo respecto de los c\u00e1lculos que las personas morales deber\u00e1n realizar para cumplir de manera correcta con sus obligaciones fiscales, en materia de pagos provisionales y la declaraci\u00f3n anual del ISR. La finalidad es dar a conocer cu\u00e1les son los procedimientos que las disposiciones fiscales establecen para realizar los c\u00e1lculos de diversos conceptos tales como: Cuenta de Utilidad Fiscal Neta, Cuenta de Capital de Aportaci\u00f3n, pago de dividendos, coeficiente de utilidad, entre muchos otros.<\/p><p><span style=\"color: #ff6600;\"><strong>Dirigido<\/strong><\/span><\/p><p>\u00a0<\/p>\t\t\t\t\t\t\t\t<\/div>\n\t\t\t\t<\/div>\n\t\t\t\t\t<\/div>\n\t\t<\/div>\n\t\t\t\t<div class=\"elementor-column elementor-col-25 elementor-top-column elementor-element elementor-element-4da240d\" data-id=\"4da240d\" data-element_type=\"column\">\n\t\t\t<div class=\"elementor-widget-wrap elementor-element-populated\">\n\t\t\t\t\t\t<div class=\"elementor-element elementor-element-dd72ac7 elementor-widget elementor-widget-text-editor\" data-id=\"dd72ac7\" data-element_type=\"widget\" data-widget_type=\"text-editor.default\">\n\t\t\t\t<div class=\"elementor-widget-container\">\n\t\t\t\t\t\t\t\t\t<h5><span style=\"color: #ff6600;\">Temario:<\/span><\/h5><ul><li style=\"list-style-type: none;\"><ol><li>C\u00e1lculo de la actualizaci\u00f3n fiscal de cantidades<\/li><li>C\u00e1lculo del coeficiente de utilidad<\/li><li>C\u00e1lculo de anticipos recibidos<\/li><li>C\u00e1lculo de la ganancia y p\u00e9rdida cambiaria<\/li><li>C\u00e1lculo de la ganancia por enajenaci\u00f3n de activos fijos y terrenos<\/li><li>C\u00e1lculo de la Utilidad Fiscal Neta<\/li><li>C\u00e1lculo de la Cuenta de Utilidad Fiscal Neta<\/li><li>C\u00e1lculo de la Cuenta de Capital de Aportaci\u00f3n<\/li><li>C\u00e1lculo del pago de dividendos a socios o accionistas<\/li><li>C\u00e1lculo de la deducci\u00f3n de inversiones<\/li><li>C\u00e1lculo de intereses devengados a cargo y a favor, as\u00ed como los que derivan de capitalizaci\u00f3n delgada<\/li><li>C\u00e1lculo de las p\u00e9rdidas fiscales para pagos provisionales y del ejercicio<\/li><li>C\u00e1lculo de los pagos provisionales del ejercicio<\/li><li>C\u00e1lculo del resultado fiscal y del ISR del ejercicio<\/li><li>C\u00e1lculo de las retenciones de ISR por prestaci\u00f3n de servicios, arrendamiento y salarios<\/li><li>C\u00e1lculo de algunas prestaciones de previsi\u00f3n social<\/li><li>C\u00e1lculo de algunos de los ingresos exentos para los trabajadores<\/li><\/ol><\/li><li>\u00a0<\/li><\/ul>\t\t\t\t\t\t\t\t<\/div>\n\t\t\t\t<\/div>\n\t\t\t\t\t<\/div>\n\t\t<\/div>\n\t\t\t\t<div class=\"elementor-column elementor-col-25 elementor-top-column elementor-element elementor-element-4e4a2bb\" data-id=\"4e4a2bb\" data-element_type=\"column\">\n\t\t\t<div class=\"elementor-widget-wrap\">\n\t\t\t\t\t\t\t<\/div>\n\t\t<\/div>\n\t\t\t\t\t<\/div>\n\t\t<\/section>\n\t\t\t\t<section class=\"elementor-section elementor-top-section elementor-element elementor-element-f140a98 elementor-section-full_width elementor-section-height-default elementor-section-height-default\" data-id=\"f140a98\" data-element_type=\"section\">\n\t\t\t\t\t\t<div class=\"elementor-container elementor-column-gap-default\">\n\t\t\t\t\t<div class=\"elementor-column elementor-col-100 elementor-top-column elementor-element elementor-element-3a82616\" data-id=\"3a82616\" data-element_type=\"column\">\n\t\t\t<div class=\"elementor-widget-wrap elementor-element-populated\">\n\t\t\t\t\t\t<div class=\"elementor-element elementor-element-2adeb5c elementor-widget elementor-widget-spacer\" data-id=\"2adeb5c\" data-element_type=\"widget\" data-widget_type=\"spacer.default\">\n\t\t\t\t<div class=\"elementor-widget-container\">\n\t\t\t\t\t\t\t<div class=\"elementor-spacer\">\n\t\t\t<div class=\"elementor-spacer-inner\"><\/div>\n\t\t<\/div>\n\t\t\t\t\t\t<\/div>\n\t\t\t\t<\/div>\n\t\t\t\t<div class=\"elementor-element elementor-element-9399cb0 elementor-widget elementor-widget-heading\" data-id=\"9399cb0\" data-element_type=\"widget\" data-widget_type=\"heading.default\">\n\t\t\t\t<div class=\"elementor-widget-container\">\n\t\t\t\t\t<h2 class=\"elementor-heading-title elementor-size-default\">\u00bfQuien Impartir\u00e1 este Curso?<\/h2>\t\t\t\t<\/div>\n\t\t\t\t<\/div>\n\t\t\t\t\t<\/div>\n\t\t<\/div>\n\t\t\t\t\t<\/div>\n\t\t<\/section>\n\t\t\t\t<section class=\"elementor-section elementor-top-section elementor-element elementor-element-bf31f3f elementor-section-full_width elementor-section-height-default elementor-section-height-default\" data-id=\"bf31f3f\" data-element_type=\"section\">\n\t\t\t\t\t\t<div class=\"elementor-container elementor-column-gap-default\">\n\t\t\t\t\t<div class=\"elementor-column elementor-col-50 elementor-top-column elementor-element elementor-element-8ede5dc\" data-id=\"8ede5dc\" data-element_type=\"column\">\n\t\t\t<div class=\"elementor-widget-wrap elementor-element-populated\">\n\t\t\t\t\t\t<div class=\"elementor-element elementor-element-04e2466 elementor-widget elementor-widget-image\" data-id=\"04e2466\" data-element_type=\"widget\" data-widget_type=\"image.default\">\n\t\t\t\t<div class=\"elementor-widget-container\">\n\t\t\t\t\t\t\t\t\t\t\t\t\t\t\t<img decoding=\"async\" src=\"https:\/\/caficon.com\/wp-content\/uploads\/elementor\/thumbs\/da255185-8ca0-4496-8322-50429dfe0c88-2-pifqpp9mdmop3tmagtwhgd0oqkrmd05362oc3ev980.jpg\" title=\"caficon\" alt=\"caficon\" loading=\"lazy\" \/>\t\t\t\t\t\t\t\t\t\t\t\t\t\t\t<\/div>\n\t\t\t\t<\/div>\n\t\t\t\t<div class=\"elementor-element elementor-element-807c161 elementor-widget elementor-widget-html\" data-id=\"807c161\" data-element_type=\"widget\" data-widget_type=\"html.default\">\n\t\t\t\t<div class=\"elementor-widget-container\">\n\t\t\t\t\t<h4 style=\"text-align: center;\"><span style=\"color: #ff6600;\">L.C.P. y M.F. Miguel alarcon Diaz<\/span><\/h4>\t\t\t\t<\/div>\n\t\t\t\t<\/div>\n\t\t\t\t\t<\/div>\n\t\t<\/div>\n\t\t\t\t<div class=\"elementor-column elementor-col-50 elementor-top-column elementor-element elementor-element-c8102c9\" data-id=\"c8102c9\" data-element_type=\"column\">\n\t\t\t<div class=\"elementor-widget-wrap elementor-element-populated\">\n\t\t\t\t\t\t<div class=\"elementor-element elementor-element-e559cf5 elementor-widget elementor-widget-spacer\" data-id=\"e559cf5\" data-element_type=\"widget\" data-widget_type=\"spacer.default\">\n\t\t\t\t<div class=\"elementor-widget-container\">\n\t\t\t\t\t\t\t<div class=\"elementor-spacer\">\n\t\t\t<div class=\"elementor-spacer-inner\"><\/div>\n\t\t<\/div>\n\t\t\t\t\t\t<\/div>\n\t\t\t\t<\/div>\n\t\t\t\t<div class=\"elementor-element elementor-element-0154345 elementor-widget elementor-widget-heading\" data-id=\"0154345\" data-element_type=\"widget\" data-widget_type=\"heading.default\">\n\t\t\t\t<div class=\"elementor-widget-container\">\n\t\t\t\t\t<h2 class=\"elementor-heading-title elementor-size-default\">CV:<\/h2>\t\t\t\t<\/div>\n\t\t\t\t<\/div>\n\t\t\t\t<div class=\"elementor-element elementor-element-d1555e6 elementor-widget elementor-widget-text-editor\" data-id=\"d1555e6\" data-element_type=\"widget\" data-widget_type=\"text-editor.default\">\n\t\t\t\t<div class=\"elementor-widget-container\">\n\t\t\t\t\t\t\t\t\t<p><span style=\"color: #000000;\">MAESTR\u00cdA EN DERECHO FISCAL: <\/span><br \/><span style=\"color: #000000;\">\uf0b7 An\u00e1lisis de las Contribuciones Federales, Estatales y Municipales, UTEGRA, CEO <\/span><br \/><span style=\"color: #000000;\">Guadalajara.<\/span><br \/><span style=\"color: #000000;\">\uf0b7 Los Desaf\u00edos del Derecho Mexicano Frente a la Globalizaci\u00f3n, UTEGRA, <\/span><br \/><span style=\"color: #000000;\">Guadalajara, <\/span><br \/><span style=\"color: #000000;\">MAESTR\u00cdA EN FISCAL:<\/span><br \/><span style=\"color: #000000;\">\uf0b7 Seminario de Planeaci\u00f3n Fiscal, CEO Guadalajara, Hermosillo, Guaymas<\/span><br \/><span style=\"color: #000000;\">\uf0b7 Normas de Informaci\u00f3n Financiera Ceo Hermosillo, Guaymas<\/span><br \/><span style=\"color: #000000;\">\uf0b7 Derecho Fiscal y Financiero, Universidad Vizcaya de las Americas \u2013 Tepic y <\/span><br \/><span style=\"color: #000000;\">Manzanillo, Col.<\/span><br \/><span style=\"color: #000000;\">\uf0b7 Contribuciones Estatales y Municipales, CEO Guadalajara<\/span><br \/><span style=\"color: #000000;\">\uf0b7 Seminario de Investigaci\u00f3n, UNIVA Colima. <\/span><br \/><span style=\"color: #000000;\">MAESTR\u00cdA EN DERECHO CORPORATIVO:<\/span><br \/><span style=\"color: #000000;\">\uf0b7 Derecho Fiscal, Ceo CD Guzman Jalisco<\/span><br \/><span style=\"color: #000000;\">\uf0b7 Derecho Financiero UNIVA Guadalajara.<\/span><br \/><span style=\"color: #000000;\">\uf0b7 Proyectos de investigaci\u00f3n, Universidad Enrique D\u00edaz de Le\u00f3n -Guadalajara<\/span><br \/><span style=\"color: #000000;\">\uf0b7 Seminario de Investigaci\u00f3n, UTEGRA<\/span><br \/><span style=\"color: #000000;\">\uf0b7 Metodolog\u00eda de la Investigaci\u00f3n, UNIVA Guadalajara<\/span><br \/><span style=\"color: #000000;\">\uf0b7 Legislaci\u00f3n Empresarial. Universidad Vizcaya de las Am\u00e9ricas Tepic<\/span><br \/><span style=\"color: #000000;\">MAESTR\u00cdA EN ADMINISTRACI\u00d3N:<\/span><br \/><span style=\"color: #000000;\">\uf0b7 Proyectos de Inversi\u00f3n, Universidad Enrique D\u00edaz de Le\u00f3n Guadalajara<\/span><br \/><span style=\"color: #000000;\">\uf0b7 Proyectos de Inversi\u00f3n. Universidad Cuauhtemoc Guadalajara<\/span><br \/><span style=\"color: #000000;\">\uf0b7 Planeaci\u00f3n estrat\u00e9gica, Universidad Vizcaya de las Americas Campus Tepic y <\/span><br \/><span style=\"color: #000000;\">Manzanillo<\/span><br \/><span style=\"color: #000000;\">MAESTR\u00cdA EN ADMINISTRACI\u00d3N FINANCIERA:<\/span><br \/><span style=\"color: #000000;\">\uf0b7 Matem\u00e1ticas Financieras, UTEGRA<\/span><br \/><span style=\"color: #000000;\">\uf0b7 Planeaci\u00f3n estrat\u00e9gica, UNIVA, Guadalajara.<\/span><br \/><span style=\"color: #000000;\">\uf0b7 Investigaci\u00f3n de Operaciones UTEGRA Guadalajara, Morelia<\/span><br \/><span style=\"color: #000000;\">MAESTR\u00cdA EN VALUACI\u00d3N:<\/span><br \/><span style=\"color: #000000;\">\uf0b7 Joint Venture Centro de Valores Guadalajara.<\/span><br \/><span style=\"color: #000000;\">\uf0b7 Emisi\u00f3n de Deuda y Capital, Centro de Valores Guadalajara.<\/span><br \/><span style=\"color: #000000;\">\uf0b7 Metodolog\u00eda de la Investigaci\u00f3n, Centro de Valores Guadalajara.<\/span><br \/><span style=\"color: #000000;\">MAESTR\u00cdA EN IMPUESTOS:<\/span><br \/><span style=\"color: #000000;\">\uf0b7 Planeaci\u00f3n Fiscal, Universidad Vizcaya de las Americas &#8211; Manzanillo<\/span><br \/><span style=\"color: #000000;\">\uf0b7 T\u00edtulos y Operaciones de Cr\u00e9dito, CEO, Guadalajara, Cd. Guzm\u00e1n, Cd. Obreg\u00f3n, <\/span><br \/><span style=\"color: #000000;\">Hermosillo, Morelia, Tepatitl\u00e1n, Toluca y Manzanillo.<\/span><br \/><span style=\"color: #000000;\">\uf0b7 Metodolog\u00eda de la Investigaci\u00f3n, CEO, Guadalajara, Cd. Guzm\u00e1n, Cd. Obreg\u00f3n, <\/span><br \/><span style=\"color: #000000;\">Hermosillo, Morelia, Tepatitl\u00e1n, Toluca y Manzanillo.<\/span><br \/><span style=\"color: #000000;\">\uf0b7 Seminario de Tesis, CEO, Guadalajara, Cd. Guzm\u00e1n, Cd. Obreg\u00f3n, Hermosillo, <\/span><br \/><span style=\"color: #000000;\">Morelia, Tepatitl\u00e1n, Toluca y Manzanillo.<\/span><br \/><span style=\"color: #000000;\">\uf0b7 Finanzas P\u00fablicas y Corporativas, CEO, Guadalajara, Cd. Guzm\u00e1n, Cd. Obreg\u00f3n, <\/span><br \/><span style=\"color: #000000;\">Hermosillo, Morelia, Tepatitl\u00e1n, Toluca y Manzanillo.<\/span><\/p>\t\t\t\t\t\t\t\t<\/div>\n\t\t\t\t<\/div>\n\t\t\t\t<div class=\"elementor-element elementor-element-ca027e3 elementor-widget elementor-widget-spacer\" data-id=\"ca027e3\" data-element_type=\"widget\" data-widget_type=\"spacer.default\">\n\t\t\t\t<div class=\"elementor-widget-container\">\n\t\t\t\t\t\t\t<div class=\"elementor-spacer\">\n\t\t\t<div class=\"elementor-spacer-inner\"><\/div>\n\t\t<\/div>\n\t\t\t\t\t\t<\/div>\n\t\t\t\t<\/div>\n\t\t\t\t\t<\/div>\n\t\t<\/div>\n\t\t\t\t\t<\/div>\n\t\t<\/section>\n\t\t\t\t<\/div>\n\t\t","protected":false},"excerpt":{"rendered":"<p>Que encontraras en el Temario Objetivo Dar a conocer en forma sencilla y pr\u00e1ctica, los papeles de trabajo respecto de los c\u00e1lculos que las personas morales deber\u00e1n realizar para cumplir de manera correcta con sus obligaciones fiscales, en materia de pagos provisionales y la declaraci\u00f3n anual del ISR. La finalidad es dar a conocer cu\u00e1les [&hellip;]<\/p>\n","protected":false},"author":1,"featured_media":0,"parent":0,"menu_order":0,"comment_status":"closed","ping_status":"closed","template":"","meta":{"footnotes":""},"class_list":["post-23119","page","type-page","status-publish","hentry"],"_links":{"self":[{"href":"https:\/\/caficon.com\/index.php\/wp-json\/wp\/v2\/pages\/23119","targetHints":{"allow":["GET"]}}],"collection":[{"href":"https:\/\/caficon.com\/index.php\/wp-json\/wp\/v2\/pages"}],"about":[{"href":"https:\/\/caficon.com\/index.php\/wp-json\/wp\/v2\/types\/page"}],"author":[{"embeddable":true,"href":"https:\/\/caficon.com\/index.php\/wp-json\/wp\/v2\/users\/1"}],"replies":[{"embeddable":true,"href":"https:\/\/caficon.com\/index.php\/wp-json\/wp\/v2\/comments?post=23119"}],"version-history":[{"count":13,"href":"https:\/\/caficon.com\/index.php\/wp-json\/wp\/v2\/pages\/23119\/revisions"}],"predecessor-version":[{"id":23340,"href":"https:\/\/caficon.com\/index.php\/wp-json\/wp\/v2\/pages\/23119\/revisions\/23340"}],"wp:attachment":[{"href":"https:\/\/caficon.com\/index.php\/wp-json\/wp\/v2\/media?parent=23119"}],"curies":[{"name":"wp","href":"https:\/\/api.w.org\/{rel}","templated":true}]}}