{"id":22399,"date":"2022-03-29T19:16:41","date_gmt":"2022-03-29T19:16:41","guid":{"rendered":"https:\/\/caficon.com\/?page_id=22399"},"modified":"2022-04-08T16:27:00","modified_gmt":"2022-04-08T16:27:00","slug":"analisis-de-pagos-provicionales-p-mp-f-y-resico-nuevo-formato","status":"publish","type":"page","link":"https:\/\/caficon.com\/index.php\/analisis-de-pagos-provicionales-p-mp-f-y-resico-nuevo-formato\/","title":{"rendered":"Procedimiento para una Certera Devolucion de IVA ante el SAT"},"content":{"rendered":"\t\t<div data-elementor-type=\"wp-page\" data-elementor-id=\"22399\" class=\"elementor elementor-22399\" data-elementor-post-type=\"page\">\n\t\t\t\t\t\t<section class=\"elementor-section elementor-top-section elementor-element elementor-element-03fe58d elementor-section-boxed elementor-section-height-default elementor-section-height-default\" data-id=\"03fe58d\" data-element_type=\"section\">\n\t\t\t\t\t\t<div class=\"elementor-container elementor-column-gap-default\">\n\t\t\t\t\t<div class=\"elementor-column elementor-col-100 elementor-top-column elementor-element elementor-element-5c6e8d3\" data-id=\"5c6e8d3\" data-element_type=\"column\">\n\t\t\t<div class=\"elementor-widget-wrap\">\n\t\t\t\t\t\t\t<\/div>\n\t\t<\/div>\n\t\t\t\t\t<\/div>\n\t\t<\/section>\n\t\t\t\t<section class=\"elementor-section elementor-top-section elementor-element elementor-element-f3d9efa elementor-section-full_width elementor-section-height-default elementor-section-height-default\" data-id=\"f3d9efa\" data-element_type=\"section\">\n\t\t\t\t\t\t<div class=\"elementor-container elementor-column-gap-default\">\n\t\t\t\t\t<div class=\"elementor-column elementor-col-100 elementor-top-column elementor-element elementor-element-0014c4d\" data-id=\"0014c4d\" data-element_type=\"column\">\n\t\t\t<div class=\"elementor-widget-wrap elementor-element-populated\">\n\t\t\t\t\t\t<div class=\"elementor-element elementor-element-f23ecc0 elementor-widget elementor-widget-heading\" data-id=\"f23ecc0\" data-element_type=\"widget\" data-widget_type=\"heading.default\">\n\t\t\t\t<div class=\"elementor-widget-container\">\n\t\t\t\t\t<h2 class=\"elementor-heading-title elementor-size-default\">Que encontraras en el Temario<\/h2>\t\t\t\t<\/div>\n\t\t\t\t<\/div>\n\t\t\t\t\t<\/div>\n\t\t<\/div>\n\t\t\t\t\t<\/div>\n\t\t<\/section>\n\t\t\t\t<section class=\"elementor-section elementor-top-section elementor-element elementor-element-6284a2b elementor-section-full_width elementor-section-height-default elementor-section-height-default\" data-id=\"6284a2b\" data-element_type=\"section\">\n\t\t\t\t\t\t<div class=\"elementor-container elementor-column-gap-default\">\n\t\t\t\t\t<div class=\"elementor-column elementor-col-25 elementor-top-column elementor-element elementor-element-5d3ed7e\" data-id=\"5d3ed7e\" data-element_type=\"column\">\n\t\t\t<div class=\"elementor-widget-wrap elementor-element-populated\">\n\t\t\t\t\t\t\t<\/div>\n\t\t<\/div>\n\t\t\t\t<div class=\"elementor-column elementor-col-25 elementor-top-column elementor-element elementor-element-65e010e\" data-id=\"65e010e\" data-element_type=\"column\">\n\t\t\t<div class=\"elementor-widget-wrap elementor-element-populated\">\n\t\t\t\t\t\t<div class=\"elementor-element elementor-element-4e0416c elementor-widget elementor-widget-text-editor\" data-id=\"4e0416c\" data-element_type=\"widget\" data-widget_type=\"text-editor.default\">\n\t\t\t\t<div class=\"elementor-widget-container\">\n\t\t\t\t\t\t\t\t\t<p><span style=\"color: #ff6600;\"><strong>Objetivo<\/strong><\/span><\/p><p><span style=\"color: #ff6600;\"><strong>Dirigido<\/strong><\/span><\/p><ul><li>Contralores, Contadores P\u00fablicos, Despachos Contables, Contribuyentes personas f\u00edsicas, Socios de Personas Morales y cualquier persona que est\u00e9 interesado en solicitar devoluci\u00f3n de un saldo a favor de IVA tanto de la compa\u00f1\u00eda en que labora, de un cliente o personal<\/li><\/ul>\t\t\t\t\t\t\t\t<\/div>\n\t\t\t\t<\/div>\n\t\t\t\t\t<\/div>\n\t\t<\/div>\n\t\t\t\t<div class=\"elementor-column elementor-col-25 elementor-top-column elementor-element elementor-element-fc32fda\" data-id=\"fc32fda\" data-element_type=\"column\">\n\t\t\t<div class=\"elementor-widget-wrap elementor-element-populated\">\n\t\t\t\t\t\t<div class=\"elementor-element elementor-element-eccdc6b elementor-widget elementor-widget-text-editor\" data-id=\"eccdc6b\" data-element_type=\"widget\" data-widget_type=\"text-editor.default\">\n\t\t\t\t<div class=\"elementor-widget-container\">\n\t\t\t\t\t\t\t\t\t<h5><span style=\"color: #ff6600;\">Temario:<\/span><\/h5><p>1. Impuesto al Valor Agregado<\/p><p>\u00b7 Definici\u00f3n<\/p><p>\u00b7 \u00bfCu\u00e1ndo se determina un saldo a favor de IVA?<\/p><p>\u00b7 Plazos para solicitar un saldo a favor de IVA.<\/p><p>\u00b7 \u00bfQu\u00e9 Actos est\u00e1n Gravados para la Ley del Impuesto al Valor Agregado?<\/p><p>\u00b7 \u00bfQu\u00e9 es el IVA Trasladado y el IVA Acreditable?<\/p><p>\u00b7 Plazos para que efect\u00fae la devoluci\u00f3n la Autoridad.<\/p><p>\u00a0<\/p><p>2. Determinaci\u00f3n del IVA Trasladado y Acreditable (Nacional e Importaci\u00f3n).<\/p><p>\u00b7 Determinaci\u00f3n del IVA Traslado y Acreditable que se encuentren expedidos o pagados en moneda extranjera<\/p><p>\u00b7 Requisitos del IVA Acreditable.<\/p><p>\u00b7 Determinaci\u00f3n de factor de prorrateo del IVA acreditable cuando se tengan actividades exentas y gravadas. 2.4.<\/p><p>\u00b7 Diferencias entre Actos<\/p><p>\u00a0<\/p><p>3. Gravados a la tasa del 0% y Exentos.<\/p><p>\u00b7 Amarres del IVA Trasladado y Acreditable contra contabilidad, y su importancia.<\/p><p>\u00b7 An\u00e1lisis de la totalidad de los dep\u00f3sitos recibidos por el contribuyente.<\/p><p>\u00b7 Revisi\u00f3n del soporte documental del IVA Trasladado y Acreditable.<\/p><p>\u00a0<\/p><p>4. Caso Practico Determinaci\u00f3n de IVA.<\/p><p>\u00a0<\/p><p>5. Compulsa de proveedores del mes contra listado del art\u00edculo 69-B del C\u00f3digo Fiscal de la Federaci\u00f3n (Empresas que facturan operaciones simuladas).<\/p><p>\u00a0<\/p><p>6. Llenado de declaraci\u00f3n de IVA en la p\u00e1gina del SAT.<\/p><p>\u00a0<\/p><p>7. Declaraci\u00f3n Informativa de Operaciones con Terceros (DIOT).<\/p><p>\u00a0<\/p><p>8. Requisitos para la presentaci\u00f3n de la Solicitud de Devoluci\u00f3n de IVA a Favor.<\/p><p>\u00a0<\/p><p>9. Proceso de solicitud de saldos a favor en la p\u00e1gina del SAT<\/p><p>\u00a0<\/p><p>10. Requerimiento de informaci\u00f3n y documentaci\u00f3n adicional por parte de la autoridad, plazos y formas para la contestaci\u00f3n.<\/p><p>\u00a0<\/p><p>11. Proceso de contestaci\u00f3n de requerimientos en la p\u00e1gina del SAT.<\/p><p>\u00a0<\/p><p>12. Qu\u00e9 hacer si la Autoridad niega la solicitud de devoluci\u00f3n de IVA.<\/p>\t\t\t\t\t\t\t\t<\/div>\n\t\t\t\t<\/div>\n\t\t\t\t\t<\/div>\n\t\t<\/div>\n\t\t\t\t<div class=\"elementor-column elementor-col-25 elementor-top-column elementor-element elementor-element-40f844a\" data-id=\"40f844a\" data-element_type=\"column\">\n\t\t\t<div class=\"elementor-widget-wrap\">\n\t\t\t\t\t\t\t<\/div>\n\t\t<\/div>\n\t\t\t\t\t<\/div>\n\t\t<\/section>\n\t\t\t\t<section class=\"elementor-section elementor-top-section elementor-element elementor-element-e1a051e elementor-section-full_width elementor-section-height-default elementor-section-height-default\" data-id=\"e1a051e\" data-element_type=\"section\">\n\t\t\t\t\t\t<div class=\"elementor-container elementor-column-gap-default\">\n\t\t\t\t\t<div class=\"elementor-column elementor-col-100 elementor-top-column elementor-element elementor-element-243e0b1\" data-id=\"243e0b1\" data-element_type=\"column\">\n\t\t\t<div class=\"elementor-widget-wrap elementor-element-populated\">\n\t\t\t\t\t\t<div class=\"elementor-element elementor-element-ca6e2c1 elementor-widget elementor-widget-spacer\" data-id=\"ca6e2c1\" data-element_type=\"widget\" data-widget_type=\"spacer.default\">\n\t\t\t\t<div class=\"elementor-widget-container\">\n\t\t\t\t\t\t\t<div class=\"elementor-spacer\">\n\t\t\t<div class=\"elementor-spacer-inner\"><\/div>\n\t\t<\/div>\n\t\t\t\t\t\t<\/div>\n\t\t\t\t<\/div>\n\t\t\t\t<div class=\"elementor-element elementor-element-e233281 elementor-widget elementor-widget-heading\" data-id=\"e233281\" data-element_type=\"widget\" data-widget_type=\"heading.default\">\n\t\t\t\t<div class=\"elementor-widget-container\">\n\t\t\t\t\t<h2 class=\"elementor-heading-title elementor-size-default\">\u00bfQuien Impartir\u00e1 este Curso?<\/h2>\t\t\t\t<\/div>\n\t\t\t\t<\/div>\n\t\t\t\t\t<\/div>\n\t\t<\/div>\n\t\t\t\t\t<\/div>\n\t\t<\/section>\n\t\t\t\t<section class=\"elementor-section elementor-top-section elementor-element elementor-element-b2d61b8 elementor-section-full_width elementor-section-height-default elementor-section-height-default\" data-id=\"b2d61b8\" data-element_type=\"section\">\n\t\t\t\t\t\t<div class=\"elementor-container elementor-column-gap-default\">\n\t\t\t\t\t<div class=\"elementor-column elementor-col-50 elementor-top-column elementor-element elementor-element-d6937fe\" data-id=\"d6937fe\" data-element_type=\"column\">\n\t\t\t<div class=\"elementor-widget-wrap elementor-element-populated\">\n\t\t\t\t\t\t<div class=\"elementor-element elementor-element-add2d99 elementor-widget elementor-widget-image\" data-id=\"add2d99\" data-element_type=\"widget\" data-widget_type=\"image.default\">\n\t\t\t\t<div class=\"elementor-widget-container\">\n\t\t\t\t\t\t\t\t\t\t\t\t\t\t\t<img decoding=\"async\" src=\"https:\/\/caficon.com\/wp-content\/uploads\/elementor\/thumbs\/da255185-8ca0-4496-8322-50429dfe0c88-2-pifqpp9mdmop3tmagtwhgd0oqkrmd05362oc3ev980.jpg\" title=\"caficon\" alt=\"caficon\" loading=\"lazy\" \/>\t\t\t\t\t\t\t\t\t\t\t\t\t\t\t<\/div>\n\t\t\t\t<\/div>\n\t\t\t\t<div class=\"elementor-element elementor-element-c07fdb7 elementor-widget elementor-widget-html\" data-id=\"c07fdb7\" data-element_type=\"widget\" data-widget_type=\"html.default\">\n\t\t\t\t<div class=\"elementor-widget-container\">\n\t\t\t\t\t<h4 style=\"text-align: center;\"><span style=\"color: #ff6600;\">L.C.P. y M.F. Miguel alarcon Diaz<\/span><\/h4>\t\t\t\t<\/div>\n\t\t\t\t<\/div>\n\t\t\t\t\t<\/div>\n\t\t<\/div>\n\t\t\t\t<div class=\"elementor-column elementor-col-50 elementor-top-column elementor-element elementor-element-108d80f\" data-id=\"108d80f\" data-element_type=\"column\">\n\t\t\t<div class=\"elementor-widget-wrap elementor-element-populated\">\n\t\t\t\t\t\t<div class=\"elementor-element elementor-element-3c214bd elementor-widget elementor-widget-spacer\" data-id=\"3c214bd\" data-element_type=\"widget\" data-widget_type=\"spacer.default\">\n\t\t\t\t<div class=\"elementor-widget-container\">\n\t\t\t\t\t\t\t<div class=\"elementor-spacer\">\n\t\t\t<div class=\"elementor-spacer-inner\"><\/div>\n\t\t<\/div>\n\t\t\t\t\t\t<\/div>\n\t\t\t\t<\/div>\n\t\t\t\t<div class=\"elementor-element elementor-element-14c3a67 elementor-widget elementor-widget-heading\" data-id=\"14c3a67\" data-element_type=\"widget\" data-widget_type=\"heading.default\">\n\t\t\t\t<div class=\"elementor-widget-container\">\n\t\t\t\t\t<h2 class=\"elementor-heading-title elementor-size-default\">CV:<\/h2>\t\t\t\t<\/div>\n\t\t\t\t<\/div>\n\t\t\t\t<div class=\"elementor-element elementor-element-968a397 elementor-widget elementor-widget-text-editor\" data-id=\"968a397\" data-element_type=\"widget\" data-widget_type=\"text-editor.default\">\n\t\t\t\t<div class=\"elementor-widget-container\">\n\t\t\t\t\t\t\t\t\t<p><span style=\"color: #000000;\">MAESTR\u00cdA EN DERECHO FISCAL: <\/span><br \/><span style=\"color: #000000;\">\uf0b7 An\u00e1lisis de las Contribuciones Federales, Estatales y Municipales, UTEGRA, CEO <\/span><br \/><span style=\"color: #000000;\">Guadalajara.<\/span><br \/><span style=\"color: #000000;\">\uf0b7 Los Desaf\u00edos del Derecho Mexicano Frente a la Globalizaci\u00f3n, UTEGRA, <\/span><br \/><span style=\"color: #000000;\">Guadalajara, <\/span><br \/><span style=\"color: #000000;\">MAESTR\u00cdA EN FISCAL:<\/span><br \/><span style=\"color: #000000;\">\uf0b7 Seminario de Planeaci\u00f3n Fiscal, CEO Guadalajara, Hermosillo, Guaymas<\/span><br \/><span style=\"color: #000000;\">\uf0b7 Normas de Informaci\u00f3n Financiera Ceo Hermosillo, Guaymas<\/span><br \/><span style=\"color: #000000;\">\uf0b7 Derecho Fiscal y Financiero, Universidad Vizcaya de las Americas \u2013 Tepic y <\/span><br \/><span style=\"color: #000000;\">Manzanillo, Col.<\/span><br \/><span style=\"color: #000000;\">\uf0b7 Contribuciones Estatales y Municipales, CEO Guadalajara<\/span><br \/><span style=\"color: #000000;\">\uf0b7 Seminario de Investigaci\u00f3n, UNIVA Colima. <\/span><br \/><span style=\"color: #000000;\">MAESTR\u00cdA EN DERECHO CORPORATIVO:<\/span><br \/><span style=\"color: #000000;\">\uf0b7 Derecho Fiscal, Ceo CD Guzman Jalisco<\/span><br \/><span style=\"color: #000000;\">\uf0b7 Derecho Financiero UNIVA Guadalajara.<\/span><br \/><span style=\"color: #000000;\">\uf0b7 Proyectos de investigaci\u00f3n, Universidad Enrique D\u00edaz de Le\u00f3n -Guadalajara<\/span><br \/><span style=\"color: #000000;\">\uf0b7 Seminario de Investigaci\u00f3n, UTEGRA<\/span><br \/><span style=\"color: #000000;\">\uf0b7 Metodolog\u00eda de la Investigaci\u00f3n, UNIVA Guadalajara<\/span><br \/><span style=\"color: #000000;\">\uf0b7 Legislaci\u00f3n Empresarial. Universidad Vizcaya de las Am\u00e9ricas Tepic<\/span><br \/><span style=\"color: #000000;\">MAESTR\u00cdA EN ADMINISTRACI\u00d3N:<\/span><br \/><span style=\"color: #000000;\">\uf0b7 Proyectos de Inversi\u00f3n, Universidad Enrique D\u00edaz de Le\u00f3n Guadalajara<\/span><br \/><span style=\"color: #000000;\">\uf0b7 Proyectos de Inversi\u00f3n. Universidad Cuauhtemoc Guadalajara<\/span><br \/><span style=\"color: #000000;\">\uf0b7 Planeaci\u00f3n estrat\u00e9gica, Universidad Vizcaya de las Americas Campus Tepic y <\/span><br \/><span style=\"color: #000000;\">Manzanillo<\/span><br \/><span style=\"color: #000000;\">MAESTR\u00cdA EN ADMINISTRACI\u00d3N FINANCIERA:<\/span><br \/><span style=\"color: #000000;\">\uf0b7 Matem\u00e1ticas Financieras, UTEGRA<\/span><br \/><span style=\"color: #000000;\">\uf0b7 Planeaci\u00f3n estrat\u00e9gica, UNIVA, Guadalajara.<\/span><br \/><span style=\"color: #000000;\">\uf0b7 Investigaci\u00f3n de Operaciones UTEGRA Guadalajara, Morelia<\/span><br \/><span style=\"color: #000000;\">MAESTR\u00cdA EN VALUACI\u00d3N:<\/span><br \/><span style=\"color: #000000;\">\uf0b7 Joint Venture Centro de Valores Guadalajara.<\/span><br \/><span style=\"color: #000000;\">\uf0b7 Emisi\u00f3n de Deuda y Capital, Centro de Valores Guadalajara.<\/span><br \/><span style=\"color: #000000;\">\uf0b7 Metodolog\u00eda de la Investigaci\u00f3n, Centro de Valores Guadalajara.<\/span><br \/><span style=\"color: #000000;\">MAESTR\u00cdA EN IMPUESTOS:<\/span><br \/><span style=\"color: #000000;\">\uf0b7 Planeaci\u00f3n Fiscal, Universidad Vizcaya de las Americas &#8211; Manzanillo<\/span><br \/><span style=\"color: #000000;\">\uf0b7 T\u00edtulos y Operaciones de Cr\u00e9dito, CEO, Guadalajara, Cd. Guzm\u00e1n, Cd. Obreg\u00f3n, <\/span><br \/><span style=\"color: #000000;\">Hermosillo, Morelia, Tepatitl\u00e1n, Toluca y Manzanillo.<\/span><br \/><span style=\"color: #000000;\">\uf0b7 Metodolog\u00eda de la Investigaci\u00f3n, CEO, Guadalajara, Cd. Guzm\u00e1n, Cd. Obreg\u00f3n, <\/span><br \/><span style=\"color: #000000;\">Hermosillo, Morelia, Tepatitl\u00e1n, Toluca y Manzanillo.<\/span><br \/><span style=\"color: #000000;\">\uf0b7 Seminario de Tesis, CEO, Guadalajara, Cd. Guzm\u00e1n, Cd. Obreg\u00f3n, Hermosillo, <\/span><br \/><span style=\"color: #000000;\">Morelia, Tepatitl\u00e1n, Toluca y Manzanillo.<\/span><br \/><span style=\"color: #000000;\">\uf0b7 Finanzas P\u00fablicas y Corporativas, CEO, Guadalajara, Cd. Guzm\u00e1n, Cd. Obreg\u00f3n, <\/span><br \/><span style=\"color: #000000;\">Hermosillo, Morelia, Tepatitl\u00e1n, Toluca y Manzanillo.<\/span><\/p>\t\t\t\t\t\t\t\t<\/div>\n\t\t\t\t<\/div>\n\t\t\t\t<div class=\"elementor-element elementor-element-6ea761d elementor-widget elementor-widget-spacer\" data-id=\"6ea761d\" data-element_type=\"widget\" data-widget_type=\"spacer.default\">\n\t\t\t\t<div class=\"elementor-widget-container\">\n\t\t\t\t\t\t\t<div class=\"elementor-spacer\">\n\t\t\t<div class=\"elementor-spacer-inner\"><\/div>\n\t\t<\/div>\n\t\t\t\t\t\t<\/div>\n\t\t\t\t<\/div>\n\t\t\t\t\t<\/div>\n\t\t<\/div>\n\t\t\t\t\t<\/div>\n\t\t<\/section>\n\t\t\t\t<\/div>\n\t\t","protected":false},"excerpt":{"rendered":"<p>Que encontraras en el Temario Objetivo Dirigido Contralores, Contadores P\u00fablicos, Despachos Contables, Contribuyentes personas f\u00edsicas, Socios de Personas Morales y cualquier persona que est\u00e9 interesado en solicitar devoluci\u00f3n de un saldo a favor de IVA tanto de la compa\u00f1\u00eda en que labora, de un cliente o personal Temario: 1. Impuesto al Valor Agregado \u00b7 Definici\u00f3n [&hellip;]<\/p>\n","protected":false},"author":1,"featured_media":0,"parent":0,"menu_order":0,"comment_status":"closed","ping_status":"closed","template":"","meta":{"footnotes":""},"class_list":["post-22399","page","type-page","status-publish","hentry"],"_links":{"self":[{"href":"https:\/\/caficon.com\/index.php\/wp-json\/wp\/v2\/pages\/22399","targetHints":{"allow":["GET"]}}],"collection":[{"href":"https:\/\/caficon.com\/index.php\/wp-json\/wp\/v2\/pages"}],"about":[{"href":"https:\/\/caficon.com\/index.php\/wp-json\/wp\/v2\/types\/page"}],"author":[{"embeddable":true,"href":"https:\/\/caficon.com\/index.php\/wp-json\/wp\/v2\/users\/1"}],"replies":[{"embeddable":true,"href":"https:\/\/caficon.com\/index.php\/wp-json\/wp\/v2\/comments?post=22399"}],"version-history":[{"count":17,"href":"https:\/\/caficon.com\/index.php\/wp-json\/wp\/v2\/pages\/22399\/revisions"}],"predecessor-version":[{"id":22797,"href":"https:\/\/caficon.com\/index.php\/wp-json\/wp\/v2\/pages\/22399\/revisions\/22797"}],"wp:attachment":[{"href":"https:\/\/caficon.com\/index.php\/wp-json\/wp\/v2\/media?parent=22399"}],"curies":[{"name":"wp","href":"https:\/\/api.w.org\/{rel}","templated":true}]}}