{"id":22150,"date":"2022-03-17T23:27:02","date_gmt":"2022-03-17T23:27:02","guid":{"rendered":"https:\/\/caficon.com\/?page_id=22150"},"modified":"2023-05-15T16:32:03","modified_gmt":"2023-05-15T16:32:03","slug":"mas-asesores","status":"publish","type":"page","link":"https:\/\/caficon.com\/index.php\/mas-asesores\/","title":{"rendered":"Mas Asesores"},"content":{"rendered":"\t\t<div data-elementor-type=\"wp-page\" data-elementor-id=\"22150\" class=\"elementor elementor-22150\" data-elementor-post-type=\"page\">\n\t\t\t\t\t\t<section class=\"elementor-section elementor-top-section elementor-element elementor-element-b83b3c5 elementor-hidden-mobile elementor-hidden-tablet elementor-section-boxed elementor-section-height-default elementor-section-height-default\" data-id=\"b83b3c5\" data-element_type=\"section\">\n\t\t\t\t\t\t<div class=\"elementor-container elementor-column-gap-default\">\n\t\t\t\t\t<div class=\"elementor-column elementor-col-50 elementor-top-column elementor-element elementor-element-cf65d96\" data-id=\"cf65d96\" data-element_type=\"column\">\n\t\t\t<div class=\"elementor-widget-wrap elementor-element-populated\">\n\t\t\t\t\t\t<div class=\"elementor-element elementor-element-0fb8606 elementor-widget elementor-widget-spacer\" data-id=\"0fb8606\" data-element_type=\"widget\" data-widget_type=\"spacer.default\">\n\t\t\t\t<div class=\"elementor-widget-container\">\n\t\t\t\t\t\t\t<div class=\"elementor-spacer\">\n\t\t\t<div class=\"elementor-spacer-inner\"><\/div>\n\t\t<\/div>\n\t\t\t\t\t\t<\/div>\n\t\t\t\t<\/div>\n\t\t\t\t<div class=\"elementor-element elementor-element-5696b32 elementor-widget elementor-widget-image\" data-id=\"5696b32\" data-element_type=\"widget\" data-widget_type=\"image.default\">\n\t\t\t\t<div class=\"elementor-widget-container\">\n\t\t\t\t\t\t\t\t\t\t\t\t\t\t\t<img fetchpriority=\"high\" decoding=\"async\" width=\"300\" height=\"300\" src=\"https:\/\/caficon.com\/wp-content\/uploads\/2022\/02\/legales-300x300.png\" class=\"elementor-animation-shrink attachment-medium size-medium wp-image-21190\" alt=\"\" srcset=\"https:\/\/caficon.com\/wp-content\/uploads\/2022\/02\/legales-300x300.png 300w, https:\/\/caficon.com\/wp-content\/uploads\/2022\/02\/legales-100x100.png 100w, https:\/\/caficon.com\/wp-content\/uploads\/2022\/02\/legales-600x600.png 600w, https:\/\/caficon.com\/wp-content\/uploads\/2022\/02\/legales-150x150.png 150w, https:\/\/caficon.com\/wp-content\/uploads\/2022\/02\/legales.png 720w\" sizes=\"(max-width: 300px) 100vw, 300px\" \/>\t\t\t\t\t\t\t\t\t\t\t\t\t\t\t<\/div>\n\t\t\t\t<\/div>\n\t\t\t\t<div class=\"elementor-element elementor-element-0bb604a elementor-widget elementor-widget-heading\" data-id=\"0bb604a\" data-element_type=\"widget\" data-widget_type=\"heading.default\">\n\t\t\t\t<div class=\"elementor-widget-container\">\n\t\t\t\t\t<h6 class=\"elementor-heading-title elementor-size-default\">Licenciado en Derecho y Maestro en Derecho Penal y Criminolog\u00eda<\/h6>\t\t\t\t<\/div>\n\t\t\t\t<\/div>\n\t\t\t\t<div class=\"elementor-element elementor-element-6bb6ce6 elementor-widget elementor-widget-heading\" data-id=\"6bb6ce6\" data-element_type=\"widget\" data-widget_type=\"heading.default\">\n\t\t\t\t<div class=\"elementor-widget-container\">\n\t\t\t\t\t<h2 class=\"elementor-heading-title elementor-size-default\">Ram\u00f3n Cereceda Avila<\/h2>\t\t\t\t<\/div>\n\t\t\t\t<\/div>\n\t\t\t\t<div class=\"elementor-element elementor-element-b4033ba elementor-widget elementor-widget-heading\" data-id=\"b4033ba\" data-element_type=\"widget\" data-widget_type=\"heading.default\">\n\t\t\t\t<div class=\"elementor-widget-container\">\n\t\t\t\t\t<h6 class=\"elementor-heading-title elementor-size-default\"><a href=\"https:\/\/caficon.com\/index.php\/ramon-cereceda-avila\/\">ver Perfil<\/a><\/h6>\t\t\t\t<\/div>\n\t\t\t\t<\/div>\n\t\t\t\t\t<\/div>\n\t\t<\/div>\n\t\t\t\t<div class=\"elementor-column elementor-col-50 elementor-top-column elementor-element elementor-element-3db66fe\" data-id=\"3db66fe\" data-element_type=\"column\">\n\t\t\t<div class=\"elementor-widget-wrap elementor-element-populated\">\n\t\t\t\t\t\t<div class=\"elementor-element elementor-element-cbb0b83 elementor-widget elementor-widget-spacer\" data-id=\"cbb0b83\" data-element_type=\"widget\" data-widget_type=\"spacer.default\">\n\t\t\t\t<div class=\"elementor-widget-container\">\n\t\t\t\t\t\t\t<div class=\"elementor-spacer\">\n\t\t\t<div class=\"elementor-spacer-inner\"><\/div>\n\t\t<\/div>\n\t\t\t\t\t\t<\/div>\n\t\t\t\t<\/div>\n\t\t\t\t<div class=\"elementor-element elementor-element-4c0d537 elementor-widget elementor-widget-image\" data-id=\"4c0d537\" data-element_type=\"widget\" data-widget_type=\"image.default\">\n\t\t\t\t<div class=\"elementor-widget-container\">\n\t\t\t\t\t\t\t\t\t\t\t\t\t\t\t<img decoding=\"async\" width=\"250\" height=\"250\" src=\"https:\/\/caficon.com\/wp-content\/uploads\/2022\/01\/Logo-1-3-1.png\" class=\"elementor-animation-shrink attachment-large size-large wp-image-17854\" alt=\"\" srcset=\"https:\/\/caficon.com\/wp-content\/uploads\/2022\/01\/Logo-1-3-1.png 250w, https:\/\/caficon.com\/wp-content\/uploads\/2022\/01\/Logo-1-3-1-100x100.png 100w, https:\/\/caficon.com\/wp-content\/uploads\/2022\/01\/Logo-1-3-1-150x150.png 150w\" sizes=\"(max-width: 250px) 100vw, 250px\" \/>\t\t\t\t\t\t\t\t\t\t\t\t\t\t\t<\/div>\n\t\t\t\t<\/div>\n\t\t\t\t<div class=\"elementor-element elementor-element-798331f elementor-widget elementor-widget-heading\" data-id=\"798331f\" data-element_type=\"widget\" data-widget_type=\"heading.default\">\n\t\t\t\t<div class=\"elementor-widget-container\">\n\t\t\t\t\t<h6 class=\"elementor-heading-title elementor-size-default\">Licenciado en derecho.<\/h6>\t\t\t\t<\/div>\n\t\t\t\t<\/div>\n\t\t\t\t<div class=\"elementor-element elementor-element-503decc elementor-widget elementor-widget-heading\" data-id=\"503decc\" data-element_type=\"widget\" data-widget_type=\"heading.default\">\n\t\t\t\t<div class=\"elementor-widget-container\">\n\t\t\t\t\t<h2 class=\"elementor-heading-title elementor-size-default\">Antonio Hinojosa V\u00e1zquez<\/h2>\t\t\t\t<\/div>\n\t\t\t\t<\/div>\n\t\t\t\t<div class=\"elementor-element elementor-element-63ae869 elementor-widget elementor-widget-heading\" data-id=\"63ae869\" data-element_type=\"widget\" data-widget_type=\"heading.default\">\n\t\t\t\t<div class=\"elementor-widget-container\">\n\t\t\t\t\t<h6 class=\"elementor-heading-title elementor-size-default\"><a href=\"https:\/\/caficon.com\/index.php\/antonio-hinojoza-vazquez\">ver Perfil<\/a><\/h6>\t\t\t\t<\/div>\n\t\t\t\t<\/div>\n\t\t\t\t\t<\/div>\n\t\t<\/div>\n\t\t\t\t\t<\/div>\n\t\t<\/section>\n\t\t\t\t<section class=\"elementor-section elementor-top-section elementor-element elementor-element-ef5dd0f elementor-hidden-mobile elementor-hidden-tablet elementor-section-boxed elementor-section-height-default elementor-section-height-default\" data-id=\"ef5dd0f\" data-element_type=\"section\">\n\t\t\t\t\t\t<div class=\"elementor-container elementor-column-gap-default\">\n\t\t\t\t\t<div class=\"elementor-column elementor-col-50 elementor-top-column elementor-element elementor-element-a6619b2\" data-id=\"a6619b2\" data-element_type=\"column\">\n\t\t\t<div class=\"elementor-widget-wrap elementor-element-populated\">\n\t\t\t\t\t\t<div class=\"elementor-element elementor-element-1502f7a elementor-widget elementor-widget-spacer\" data-id=\"1502f7a\" data-element_type=\"widget\" data-widget_type=\"spacer.default\">\n\t\t\t\t<div class=\"elementor-widget-container\">\n\t\t\t\t\t\t\t<div class=\"elementor-spacer\">\n\t\t\t<div class=\"elementor-spacer-inner\"><\/div>\n\t\t<\/div>\n\t\t\t\t\t\t<\/div>\n\t\t\t\t<\/div>\n\t\t\t\t<div class=\"elementor-element elementor-element-b870441 elementor-widget elementor-widget-image\" data-id=\"b870441\" data-element_type=\"widget\" data-widget_type=\"image.default\">\n\t\t\t\t<div class=\"elementor-widget-container\">\n\t\t\t\t\t\t\t\t\t\t\t\t\t\t\t<img decoding=\"async\" width=\"300\" height=\"300\" src=\"https:\/\/caficon.com\/wp-content\/uploads\/2022\/02\/legales3-300x300.png\" class=\"elementor-animation-shrink attachment-medium size-medium wp-image-21248\" alt=\"\" srcset=\"https:\/\/caficon.com\/wp-content\/uploads\/2022\/02\/legales3-300x300.png 300w, https:\/\/caficon.com\/wp-content\/uploads\/2022\/02\/legales3-100x100.png 100w, https:\/\/caficon.com\/wp-content\/uploads\/2022\/02\/legales3-600x600.png 600w, https:\/\/caficon.com\/wp-content\/uploads\/2022\/02\/legales3-150x150.png 150w, https:\/\/caficon.com\/wp-content\/uploads\/2022\/02\/legales3.png 720w\" sizes=\"(max-width: 300px) 100vw, 300px\" \/>\t\t\t\t\t\t\t\t\t\t\t\t\t\t\t<\/div>\n\t\t\t\t<\/div>\n\t\t\t\t<div class=\"elementor-element elementor-element-9a6a9c6 elementor-widget elementor-widget-heading\" data-id=\"9a6a9c6\" data-element_type=\"widget\" data-widget_type=\"heading.default\">\n\t\t\t\t<div class=\"elementor-widget-container\">\n\t\t\t\t\t<h6 class=\"elementor-heading-title elementor-size-default\">Licenciado en derecho.<\/h6>\t\t\t\t<\/div>\n\t\t\t\t<\/div>\n\t\t\t\t<div class=\"elementor-element elementor-element-033ec64 elementor-widget elementor-widget-heading\" data-id=\"033ec64\" data-element_type=\"widget\" data-widget_type=\"heading.default\">\n\t\t\t\t<div class=\"elementor-widget-container\">\n\t\t\t\t\t<h2 class=\"elementor-heading-title elementor-size-default\">Emiliano V\u00e1zquez Maldonado<\/h2>\t\t\t\t<\/div>\n\t\t\t\t<\/div>\n\t\t\t\t<div class=\"elementor-element elementor-element-460c99b elementor-widget elementor-widget-heading\" data-id=\"460c99b\" data-element_type=\"widget\" data-widget_type=\"heading.default\">\n\t\t\t\t<div class=\"elementor-widget-container\">\n\t\t\t\t\t<h6 class=\"elementor-heading-title elementor-size-default\"><a href=\"https:\/\/caficon.com\/index.php\/emiliano-vazquez-maldonado\/\">ver Perfil<\/a><\/h6>\t\t\t\t<\/div>\n\t\t\t\t<\/div>\n\t\t\t\t\t<\/div>\n\t\t<\/div>\n\t\t\t\t<div class=\"elementor-column elementor-col-50 elementor-top-column elementor-element elementor-element-a078f19\" data-id=\"a078f19\" data-element_type=\"column\">\n\t\t\t<div class=\"elementor-widget-wrap elementor-element-populated\">\n\t\t\t\t\t\t<div class=\"elementor-element elementor-element-6d8be85 elementor-widget elementor-widget-spacer\" data-id=\"6d8be85\" data-element_type=\"widget\" data-widget_type=\"spacer.default\">\n\t\t\t\t<div class=\"elementor-widget-container\">\n\t\t\t\t\t\t\t<div class=\"elementor-spacer\">\n\t\t\t<div class=\"elementor-spacer-inner\"><\/div>\n\t\t<\/div>\n\t\t\t\t\t\t<\/div>\n\t\t\t\t<\/div>\n\t\t\t\t<div class=\"elementor-element elementor-element-b36ac54 elementor-widget elementor-widget-image\" data-id=\"b36ac54\" data-element_type=\"widget\" data-widget_type=\"image.default\">\n\t\t\t\t<div class=\"elementor-widget-container\">\n\t\t\t\t\t\t\t\t\t\t\t\t\t\t\t<img loading=\"lazy\" decoding=\"async\" width=\"300\" height=\"300\" src=\"https:\/\/caficon.com\/wp-content\/uploads\/2022\/08\/arturo-300x300.png\" class=\"elementor-animation-shrink attachment-medium size-medium wp-image-25639\" alt=\"\" srcset=\"https:\/\/caficon.com\/wp-content\/uploads\/2022\/08\/arturo-300x300.png 300w, https:\/\/caficon.com\/wp-content\/uploads\/2022\/08\/arturo-100x100.png 100w, https:\/\/caficon.com\/wp-content\/uploads\/2022\/08\/arturo-600x600.png 600w, https:\/\/caficon.com\/wp-content\/uploads\/2022\/08\/arturo-150x150.png 150w, https:\/\/caficon.com\/wp-content\/uploads\/2022\/08\/arturo.png 720w\" sizes=\"(max-width: 300px) 100vw, 300px\" \/>\t\t\t\t\t\t\t\t\t\t\t\t\t\t\t<\/div>\n\t\t\t\t<\/div>\n\t\t\t\t<div class=\"elementor-element elementor-element-87a93f9 elementor-widget elementor-widget-heading\" data-id=\"87a93f9\" data-element_type=\"widget\" data-widget_type=\"heading.default\">\n\t\t\t\t<div class=\"elementor-widget-container\">\n\t\t\t\t\t<h6 class=\"elementor-heading-title elementor-size-default\">Licenciado en Derecho.<\/h6>\t\t\t\t<\/div>\n\t\t\t\t<\/div>\n\t\t\t\t<div class=\"elementor-element elementor-element-8775851 elementor-widget elementor-widget-heading\" data-id=\"8775851\" data-element_type=\"widget\" data-widget_type=\"heading.default\">\n\t\t\t\t<div class=\"elementor-widget-container\">\n\t\t\t\t\t<h2 class=\"elementor-heading-title elementor-size-default\">Arturo Trujillo Rayon<\/h2>\t\t\t\t<\/div>\n\t\t\t\t<\/div>\n\t\t\t\t<div class=\"elementor-element elementor-element-594dba3 elementor-widget elementor-widget-heading\" data-id=\"594dba3\" data-element_type=\"widget\" data-widget_type=\"heading.default\">\n\t\t\t\t<div class=\"elementor-widget-container\">\n\t\t\t\t\t<h6 class=\"elementor-heading-title elementor-size-default\"><a href=\"https:\/\/caficon.com\/index.php\/arturo-trujillo-rayon\/\">ver Perfil<\/a><\/h6>\t\t\t\t<\/div>\n\t\t\t\t<\/div>\n\t\t\t\t\t<\/div>\n\t\t<\/div>\n\t\t\t\t\t<\/div>\n\t\t<\/section>\n\t\t\t\t<section class=\"elementor-section elementor-top-section elementor-element elementor-element-fe993d9 elementor-hidden-mobile elementor-hidden-tablet elementor-section-boxed elementor-section-height-default elementor-section-height-default\" data-id=\"fe993d9\" data-element_type=\"section\">\n\t\t\t\t\t\t<div class=\"elementor-container elementor-column-gap-default\">\n\t\t\t\t\t<div class=\"elementor-column elementor-col-50 elementor-top-column elementor-element elementor-element-e20a821\" data-id=\"e20a821\" data-element_type=\"column\">\n\t\t\t<div class=\"elementor-widget-wrap elementor-element-populated\">\n\t\t\t\t\t\t<div class=\"elementor-element elementor-element-f197cfd elementor-widget elementor-widget-spacer\" data-id=\"f197cfd\" data-element_type=\"widget\" data-widget_type=\"spacer.default\">\n\t\t\t\t<div class=\"elementor-widget-container\">\n\t\t\t\t\t\t\t<div class=\"elementor-spacer\">\n\t\t\t<div class=\"elementor-spacer-inner\"><\/div>\n\t\t<\/div>\n\t\t\t\t\t\t<\/div>\n\t\t\t\t<\/div>\n\t\t\t\t<div class=\"elementor-element elementor-element-cec565e elementor-widget elementor-widget-image\" data-id=\"cec565e\" data-element_type=\"widget\" data-widget_type=\"image.default\">\n\t\t\t\t<div class=\"elementor-widget-container\">\n\t\t\t\t\t\t\t\t\t\t\t\t\t\t\t<img loading=\"lazy\" decoding=\"async\" width=\"720\" height=\"720\" src=\"https:\/\/caficon.com\/wp-content\/uploads\/2022\/08\/OSCAR-JAIRO-ZALDIVAR-ZAMORANO.jpg\" class=\"elementor-animation-shrink attachment-large size-large wp-image-25653\" alt=\"\" srcset=\"https:\/\/caficon.com\/wp-content\/uploads\/2022\/08\/OSCAR-JAIRO-ZALDIVAR-ZAMORANO.jpg 720w, https:\/\/caficon.com\/wp-content\/uploads\/2022\/08\/OSCAR-JAIRO-ZALDIVAR-ZAMORANO-300x300.jpg 300w, https:\/\/caficon.com\/wp-content\/uploads\/2022\/08\/OSCAR-JAIRO-ZALDIVAR-ZAMORANO-100x100.jpg 100w, https:\/\/caficon.com\/wp-content\/uploads\/2022\/08\/OSCAR-JAIRO-ZALDIVAR-ZAMORANO-600x600.jpg 600w, https:\/\/caficon.com\/wp-content\/uploads\/2022\/08\/OSCAR-JAIRO-ZALDIVAR-ZAMORANO-150x150.jpg 150w\" sizes=\"(max-width: 720px) 100vw, 720px\" \/>\t\t\t\t\t\t\t\t\t\t\t\t\t\t\t<\/div>\n\t\t\t\t<\/div>\n\t\t\t\t<div class=\"elementor-element elementor-element-c89a079 elementor-widget elementor-widget-heading\" data-id=\"c89a079\" data-element_type=\"widget\" data-widget_type=\"heading.default\">\n\t\t\t\t<div class=\"elementor-widget-container\">\n\t\t\t\t\t<h6 class=\"elementor-heading-title elementor-size-default\">Licenciado en derecho.<\/h6>\t\t\t\t<\/div>\n\t\t\t\t<\/div>\n\t\t\t\t<div class=\"elementor-element elementor-element-f3533b1 elementor-widget elementor-widget-heading\" data-id=\"f3533b1\" data-element_type=\"widget\" data-widget_type=\"heading.default\">\n\t\t\t\t<div class=\"elementor-widget-container\">\n\t\t\t\t\t<h2 class=\"elementor-heading-title elementor-size-default\">\u00d3scar Jairo Zaldivar Zamorano<\/h2>\t\t\t\t<\/div>\n\t\t\t\t<\/div>\n\t\t\t\t<div class=\"elementor-element elementor-element-12340db elementor-widget elementor-widget-heading\" data-id=\"12340db\" data-element_type=\"widget\" data-widget_type=\"heading.default\">\n\t\t\t\t<div class=\"elementor-widget-container\">\n\t\t\t\t\t<h6 class=\"elementor-heading-title elementor-size-default\"><a href=\"https:\/\/caficon.com\/index.php\/oscar-jairo-zaldivar-zamorano\/\">ver Perfil<\/a><\/h6>\t\t\t\t<\/div>\n\t\t\t\t<\/div>\n\t\t\t\t\t<\/div>\n\t\t<\/div>\n\t\t\t\t<div class=\"elementor-column elementor-col-50 elementor-top-column elementor-element elementor-element-c89fa1a\" data-id=\"c89fa1a\" data-element_type=\"column\">\n\t\t\t<div class=\"elementor-widget-wrap elementor-element-populated\">\n\t\t\t\t\t\t<div class=\"elementor-element elementor-element-350d9a8 elementor-widget elementor-widget-spacer\" data-id=\"350d9a8\" data-element_type=\"widget\" data-widget_type=\"spacer.default\">\n\t\t\t\t<div class=\"elementor-widget-container\">\n\t\t\t\t\t\t\t<div class=\"elementor-spacer\">\n\t\t\t<div class=\"elementor-spacer-inner\"><\/div>\n\t\t<\/div>\n\t\t\t\t\t\t<\/div>\n\t\t\t\t<\/div>\n\t\t\t\t<div class=\"elementor-element elementor-element-7fee950 elementor-widget elementor-widget-image\" data-id=\"7fee950\" data-element_type=\"widget\" data-widget_type=\"image.default\">\n\t\t\t\t<div class=\"elementor-widget-container\">\n\t\t\t\t\t\t\t\t\t\t\t\t\t\t\t<img loading=\"lazy\" decoding=\"async\" width=\"720\" height=\"720\" src=\"https:\/\/caficon.com\/wp-content\/uploads\/2022\/08\/Espinoza-Caballero-Pablo-Adrian.png\" class=\"elementor-animation-shrink attachment-large size-large wp-image-25654\" alt=\"\" srcset=\"https:\/\/caficon.com\/wp-content\/uploads\/2022\/08\/Espinoza-Caballero-Pablo-Adrian.png 720w, https:\/\/caficon.com\/wp-content\/uploads\/2022\/08\/Espinoza-Caballero-Pablo-Adrian-300x300.png 300w, https:\/\/caficon.com\/wp-content\/uploads\/2022\/08\/Espinoza-Caballero-Pablo-Adrian-100x100.png 100w, https:\/\/caficon.com\/wp-content\/uploads\/2022\/08\/Espinoza-Caballero-Pablo-Adrian-600x600.png 600w, https:\/\/caficon.com\/wp-content\/uploads\/2022\/08\/Espinoza-Caballero-Pablo-Adrian-150x150.png 150w\" sizes=\"(max-width: 720px) 100vw, 720px\" \/>\t\t\t\t\t\t\t\t\t\t\t\t\t\t\t<\/div>\n\t\t\t\t<\/div>\n\t\t\t\t<div class=\"elementor-element elementor-element-f1bd257 elementor-widget elementor-widget-heading\" data-id=\"f1bd257\" data-element_type=\"widget\" data-widget_type=\"heading.default\">\n\t\t\t\t<div class=\"elementor-widget-container\">\n\t\t\t\t\t<h6 class=\"elementor-heading-title elementor-size-default\">Licenciado en derecho.<\/h6>\t\t\t\t<\/div>\n\t\t\t\t<\/div>\n\t\t\t\t<div class=\"elementor-element elementor-element-2885154 elementor-widget elementor-widget-heading\" data-id=\"2885154\" data-element_type=\"widget\" data-widget_type=\"heading.default\">\n\t\t\t\t<div class=\"elementor-widget-container\">\n\t\t\t\t\t<h2 class=\"elementor-heading-title elementor-size-default\">Pablo Adri\u00e1n Espinoza Caballero.<\/h2>\t\t\t\t<\/div>\n\t\t\t\t<\/div>\n\t\t\t\t<div class=\"elementor-element elementor-element-a5c778f elementor-widget elementor-widget-heading\" data-id=\"a5c778f\" data-element_type=\"widget\" data-widget_type=\"heading.default\">\n\t\t\t\t<div class=\"elementor-widget-container\">\n\t\t\t\t\t<h6 class=\"elementor-heading-title elementor-size-default\"><a href=\"https:\/\/caficon.com\/index.php\/pablo-adrian-espinoza-caballero\/\">ver Perfil<\/a><\/h6>\t\t\t\t<\/div>\n\t\t\t\t<\/div>\n\t\t\t\t\t<\/div>\n\t\t<\/div>\n\t\t\t\t\t<\/div>\n\t\t<\/section>\n\t\t\t\t<\/div>\n\t\t","protected":false},"excerpt":{"rendered":"<p>Licenciado en Derecho y Maestro en Derecho Penal y Criminolog\u00eda Ram\u00f3n Cereceda Avila ver Perfil Licenciado en derecho. Antonio Hinojosa V\u00e1zquez ver Perfil Licenciado en derecho. Emiliano V\u00e1zquez Maldonado ver Perfil Licenciado en Derecho. Arturo Trujillo Rayon ver Perfil Licenciado en derecho. \u00d3scar Jairo Zaldivar Zamorano ver Perfil Licenciado en derecho. Pablo Adri\u00e1n Espinoza Caballero. [&hellip;]<\/p>\n","protected":false},"author":1,"featured_media":0,"parent":0,"menu_order":0,"comment_status":"closed","ping_status":"closed","template":"","meta":{"footnotes":""},"class_list":["post-22150","page","type-page","status-publish","hentry"],"_links":{"self":[{"href":"https:\/\/caficon.com\/index.php\/wp-json\/wp\/v2\/pages\/22150","targetHints":{"allow":["GET"]}}],"collection":[{"href":"https:\/\/caficon.com\/index.php\/wp-json\/wp\/v2\/pages"}],"about":[{"href":"https:\/\/caficon.com\/index.php\/wp-json\/wp\/v2\/types\/page"}],"author":[{"embeddable":true,"href":"https:\/\/caficon.com\/index.php\/wp-json\/wp\/v2\/users\/1"}],"replies":[{"embeddable":true,"href":"https:\/\/caficon.com\/index.php\/wp-json\/wp\/v2\/comments?post=22150"}],"version-history":[{"count":25,"href":"https:\/\/caficon.com\/index.php\/wp-json\/wp\/v2\/pages\/22150\/revisions"}],"predecessor-version":[{"id":31681,"href":"https:\/\/caficon.com\/index.php\/wp-json\/wp\/v2\/pages\/22150\/revisions\/31681"}],"wp:attachment":[{"href":"https:\/\/caficon.com\/index.php\/wp-json\/wp\/v2\/media?parent=22150"}],"curies":[{"name":"wp","href":"https:\/\/api.w.org\/{rel}","templated":true}]}}