{"id":21896,"date":"2022-03-10T22:30:12","date_gmt":"2022-03-10T22:30:12","guid":{"rendered":"https:\/\/caficon.com\/?page_id=21896"},"modified":"2022-03-14T22:46:02","modified_gmt":"2022-03-14T22:46:02","slug":"formulario-obsequio","status":"publish","type":"page","link":"https:\/\/caficon.com\/index.php\/formulario-obsequio\/","title":{"rendered":"Formulario obsequio"},"content":{"rendered":"\t\t<div data-elementor-type=\"wp-page\" data-elementor-id=\"21896\" class=\"elementor elementor-21896\" data-elementor-post-type=\"page\">\n\t\t\t\t\t\t<section class=\"elementor-section elementor-top-section elementor-element elementor-element-e653f62 elementor-section-boxed elementor-section-height-default elementor-section-height-default\" data-id=\"e653f62\" data-element_type=\"section\">\n\t\t\t\t\t\t<div class=\"elementor-container elementor-column-gap-default\">\n\t\t\t\t\t<div class=\"elementor-column elementor-col-100 elementor-top-column elementor-element elementor-element-0864703\" data-id=\"0864703\" data-element_type=\"column\">\n\t\t\t<div class=\"elementor-widget-wrap\">\n\t\t\t\t\t\t\t<\/div>\n\t\t<\/div>\n\t\t\t\t\t<\/div>\n\t\t<\/section>\n\t\t\t\t<section class=\"elementor-section elementor-top-section elementor-element elementor-element-ac77ae4 elementor-section-boxed elementor-section-height-default elementor-section-height-default\" data-id=\"ac77ae4\" data-element_type=\"section\">\n\t\t\t\t\t\t<div class=\"elementor-container elementor-column-gap-default\">\n\t\t\t\t\t<div class=\"elementor-column elementor-col-50 elementor-top-column elementor-element elementor-element-3d39402\" data-id=\"3d39402\" data-element_type=\"column\">\n\t\t\t<div class=\"elementor-widget-wrap elementor-element-populated\">\n\t\t\t\t\t\t<div class=\"elementor-element elementor-element-ab259c7 elementor-widget elementor-widget-text-editor\" data-id=\"ab259c7\" data-element_type=\"widget\" data-widget_type=\"text-editor.default\">\n\t\t\t\t<div class=\"elementor-widget-container\">\n\t\t\t\t\t\t\t\t\t<p style=\"text-align: center;\"><strong>Curso Obsequio<\/strong><\/p>\t\t\t\t\t\t\t\t<\/div>\n\t\t\t\t<\/div>\n\t\t\t\t<div class=\"elementor-element elementor-element-b92cca5 elementor-widget elementor-widget-image\" data-id=\"b92cca5\" data-element_type=\"widget\" data-widget_type=\"image.default\">\n\t\t\t\t<div class=\"elementor-widget-container\">\n\t\t\t\t\t\t\t\t\t\t\t\t\t\t\t<img fetchpriority=\"high\" decoding=\"async\" width=\"800\" height=\"449\" src=\"https:\/\/caficon.com\/wp-content\/uploads\/2022\/03\/cafi-1024x575.jpeg\" class=\"attachment-large size-large wp-image-21873\" alt=\"\" srcset=\"https:\/\/caficon.com\/wp-content\/uploads\/2022\/03\/cafi-1024x575.jpeg 1024w, https:\/\/caficon.com\/wp-content\/uploads\/2022\/03\/cafi-600x337.jpeg 600w, https:\/\/caficon.com\/wp-content\/uploads\/2022\/03\/cafi-300x169.jpeg 300w, https:\/\/caficon.com\/wp-content\/uploads\/2022\/03\/cafi-768x431.jpeg 768w, https:\/\/caficon.com\/wp-content\/uploads\/2022\/03\/cafi.jpeg 1280w\" sizes=\"(max-width: 800px) 100vw, 800px\" \/>\t\t\t\t\t\t\t\t\t\t\t\t\t\t\t<\/div>\n\t\t\t\t<\/div>\n\t\t\t\t<div class=\"elementor-element elementor-element-f35ca1c elementor-hidden-desktop elementor-hidden-tablet elementor-hidden-mobile elementor-widget elementor-widget-text-editor\" data-id=\"f35ca1c\" data-element_type=\"widget\" data-widget_type=\"text-editor.default\">\n\t\t\t\t<div class=\"elementor-widget-container\">\n\t\t\t\t\t\t\t\t\t<p>Obt\u00e9n los beneficios que CAFICON tiene para ti<\/p>\t\t\t\t\t\t\t\t<\/div>\n\t\t\t\t<\/div>\n\t\t\t\t<div class=\"elementor-element elementor-element-e9b25f4 elementor-hidden-desktop elementor-hidden-tablet elementor-hidden-mobile elementor-widget elementor-widget-text-editor\" data-id=\"e9b25f4\" data-element_type=\"widget\" data-widget_type=\"text-editor.default\">\n\t\t\t\t<div class=\"elementor-widget-container\">\n\t\t\t\t\t\t\t\t\t<ul><li>M\u00e1s de <strong>150 cursos<\/strong> impartidos<\/li><li>Calculadoras<\/li><li>Revistas<\/li><li>Y m\u00e1s beneficios adicionales<\/li><\/ul>\t\t\t\t\t\t\t\t<\/div>\n\t\t\t\t<\/div>\n\t\t\t\t\t<\/div>\n\t\t<\/div>\n\t\t\t\t<div class=\"elementor-column elementor-col-50 elementor-top-column elementor-element elementor-element-837d253\" data-id=\"837d253\" data-element_type=\"column\">\n\t\t\t<div class=\"elementor-widget-wrap elementor-element-populated\">\n\t\t\t\t\t\t<div class=\"elementor-element elementor-element-492a604 elementor-widget elementor-widget-text-editor\" data-id=\"492a604\" data-element_type=\"widget\" data-widget_type=\"text-editor.default\">\n\t\t\t\t<div class=\"elementor-widget-container\">\n\t\t\t\t\t\t\t\t\t<p style=\"text-align: center;\">V\u00e1lido hasta el 31\/Marzo\/2022<\/p>\t\t\t\t\t\t\t\t<\/div>\n\t\t\t\t<\/div>\n\t\t\t\t<div class=\"elementor-element elementor-element-89df868 elementor-button-align-stretch elementor-widget elementor-widget-form\" data-id=\"89df868\" data-element_type=\"widget\" data-settings=\"{&quot;step_next_label&quot;:&quot;Next&quot;,&quot;step_previous_label&quot;:&quot;Previous&quot;,&quot;button_width&quot;:&quot;100&quot;,&quot;step_type&quot;:&quot;number_text&quot;,&quot;step_icon_shape&quot;:&quot;circle&quot;}\" data-widget_type=\"form.default\">\n\t\t\t\t<div class=\"elementor-widget-container\">\n\t\t\t\t\t\t\t<form class=\"elementor-form\" method=\"post\" name=\"New Form\" aria-label=\"New Form\">\n\t\t\t<input type=\"hidden\" name=\"post_id\" value=\"21896\"\/>\n\t\t\t<input type=\"hidden\" name=\"form_id\" value=\"89df868\"\/>\n\t\t\t<input type=\"hidden\" name=\"referer_title\" value=\"Formulario obsequio\" \/>\n\n\t\t\t\t\t\t\t<input type=\"hidden\" name=\"queried_id\" value=\"21896\"\/>\n\t\t\t\n\t\t\t<div class=\"elementor-form-fields-wrapper elementor-labels-above\">\n\t\t\t\t\t\t\t\t<div class=\"elementor-field-type-text elementor-field-group elementor-column elementor-field-group-name elementor-col-100\">\n\t\t\t\t\t\t\t\t\t\t\t\t<label for=\"form-field-name\" class=\"elementor-field-label\">\n\t\t\t\t\t\t\t\tNombre\t\t\t\t\t\t\t<\/label>\n\t\t\t\t\t\t\t\t\t\t\t\t\t\t<input size=\"1\" type=\"text\" name=\"form_fields[name]\" id=\"form-field-name\" class=\"elementor-field elementor-size-sm  elementor-field-textual\">\n\t\t\t\t\t\t\t\t\t\t\t<\/div>\n\t\t\t\t\t\t\t\t<div class=\"elementor-field-type-email elementor-field-group elementor-column elementor-field-group-email elementor-col-100 elementor-field-required\">\n\t\t\t\t\t\t\t\t\t\t\t\t<label for=\"form-field-email\" class=\"elementor-field-label\">\n\t\t\t\t\t\t\t\tEmail\t\t\t\t\t\t\t<\/label>\n\t\t\t\t\t\t\t\t\t\t\t\t\t\t<input size=\"1\" type=\"email\" name=\"form_fields[email]\" id=\"form-field-email\" class=\"elementor-field elementor-size-sm  elementor-field-textual\" required=\"required\">\n\t\t\t\t\t\t\t\t\t\t\t<\/div>\n\t\t\t\t\t\t\t\t<div class=\"elementor-field-type-tel elementor-field-group elementor-column elementor-field-group-field_12371aa elementor-col-100\">\n\t\t\t\t\t\t\t\t\t\t\t\t<label for=\"form-field-field_12371aa\" class=\"elementor-field-label\">\n\t\t\t\t\t\t\t\tTel\u00e9fono\t\t\t\t\t\t\t<\/label>\n\t\t\t\t\t\t\t\t<input size=\"1\" type=\"tel\" name=\"form_fields[field_12371aa]\" id=\"form-field-field_12371aa\" class=\"elementor-field elementor-size-sm  elementor-field-textual\" pattern=\"[0-9()#&amp;+*-=.]+\" title=\"Only numbers and phone characters (#, -, *, etc) are accepted.\">\n\n\t\t\t\t\t\t<\/div>\n\t\t\t\t\t\t\t\t<div class=\"elementor-field-type-select elementor-field-group elementor-column elementor-field-group-field_6038776 elementor-col-100\">\n\t\t\t\t\t\t\t\t\t\t\t\t<label for=\"form-field-field_6038776\" class=\"elementor-field-label\">\n\t\t\t\t\t\t\t\tEstado\t\t\t\t\t\t\t<\/label>\n\t\t\t\t\t\t\t\t<div class=\"elementor-field elementor-select-wrapper remove-before \">\n\t\t\t<div class=\"select-caret-down-wrapper\">\n\t\t\t\t<i aria-hidden=\"true\" class=\"eicon-caret-down\"><\/i>\t\t\t<\/div>\n\t\t\t<select name=\"form_fields[field_6038776]\" id=\"form-field-field_6038776\" class=\"elementor-field-textual elementor-size-sm\">\n\t\t\t\t\t\t\t\t\t<option value=\"Aguascalientes\">Aguascalientes<\/option>\n\t\t\t\t\t\t\t\t\t<option value=\"Baja California\">Baja California<\/option>\n\t\t\t\t\t\t\t\t\t<option value=\"Baja California Sur\">Baja California Sur<\/option>\n\t\t\t\t\t\t\t\t\t<option value=\"Campeche\">Campeche<\/option>\n\t\t\t\t\t\t\t\t\t<option value=\"Chihuahua\">Chihuahua<\/option>\n\t\t\t\t\t\t\t\t\t<option value=\"Chiapas\">Chiapas<\/option>\n\t\t\t\t\t\t\t\t\t<option value=\"Ciudad de M\u00e9xico\">Ciudad de M\u00e9xico<\/option>\n\t\t\t\t\t\t\t\t\t<option value=\"Coahuila\">Coahuila<\/option>\n\t\t\t\t\t\t\t\t\t<option value=\"Colima\">Colima<\/option>\n\t\t\t\t\t\t\t\t\t<option value=\"Durango\">Durango<\/option>\n\t\t\t\t\t\t\t\t\t<option value=\"Guanajuato\">Guanajuato<\/option>\n\t\t\t\t\t\t\t\t\t<option value=\"Guerrero\">Guerrero<\/option>\n\t\t\t\t\t\t\t\t\t<option value=\"Hidalgo, Pachuca de Soto\">Hidalgo, Pachuca de Soto<\/option>\n\t\t\t\t\t\t\t\t\t<option value=\"Jalisco\">Jalisco<\/option>\n\t\t\t\t\t\t\t\t\t<option value=\"M\u00e9xico\">M\u00e9xico<\/option>\n\t\t\t\t\t\t\t\t\t<option value=\"Michoac\u00e1n\">Michoac\u00e1n<\/option>\n\t\t\t\t\t\t\t\t\t<option value=\"Morelos\">Morelos<\/option>\n\t\t\t\t\t\t\t\t\t<option value=\"Nayarit\">Nayarit<\/option>\n\t\t\t\t\t\t\t\t\t<option value=\"Nuevo Le\u00f3n\">Nuevo Le\u00f3n<\/option>\n\t\t\t\t\t\t\t\t\t<option value=\"Oaxaca\">Oaxaca<\/option>\n\t\t\t\t\t\t\t\t\t<option value=\"Puebla\">Puebla<\/option>\n\t\t\t\t\t\t\t\t\t<option value=\"Quer\u00e9taro\">Quer\u00e9taro<\/option>\n\t\t\t\t\t\t\t\t\t<option value=\"Quintana Roo\">Quintana Roo<\/option>\n\t\t\t\t\t\t\t\t\t<option value=\"San Luis Potos\u00ed\">San Luis Potos\u00ed<\/option>\n\t\t\t\t\t\t\t\t\t<option value=\"Sinaloa\">Sinaloa<\/option>\n\t\t\t\t\t\t\t\t\t<option value=\"Sonora\">Sonora<\/option>\n\t\t\t\t\t\t\t\t\t<option value=\"Tabasco\">Tabasco<\/option>\n\t\t\t\t\t\t\t\t\t<option value=\"Tamaulipas\">Tamaulipas<\/option>\n\t\t\t\t\t\t\t\t\t<option value=\"Tlaxcala\">Tlaxcala<\/option>\n\t\t\t\t\t\t\t\t\t<option value=\"Veracruz\">Veracruz<\/option>\n\t\t\t\t\t\t\t\t\t<option value=\"Yucat\u00e1n\">Yucat\u00e1n<\/option>\n\t\t\t\t\t\t\t\t\t<option value=\"Zacatecas\">Zacatecas<\/option>\n\t\t\t\t\t\t\t<\/select>\n\t\t<\/div>\n\t\t\t\t\t\t<\/div>\n\t\t\t\t\t\t\t\t<div class=\"elementor-field-group elementor-column elementor-field-type-submit elementor-col-100 e-form__buttons\">\n\t\t\t\t\t<button class=\"elementor-button elementor-size-sm\" type=\"submit\">\n\t\t\t\t\t\t<span class=\"elementor-button-content-wrapper\">\n\t\t\t\t\t\t\t\t\t\t\t\t\t\t\t\t\t\t\t\t\t\t<span class=\"elementor-button-text\">Enviar<\/span>\n\t\t\t\t\t\t\t\t\t\t\t\t\t<\/span>\n\t\t\t\t\t<\/button>\n\t\t\t\t<\/div>\n\t\t\t<\/div>\n\t\t<\/form>\n\t\t\t\t\t\t<\/div>\n\t\t\t\t<\/div>\n\t\t\t\t\t<\/div>\n\t\t<\/div>\n\t\t\t\t\t<\/div>\n\t\t<\/section>\n\t\t\t\t<\/div>\n\t\t","protected":false},"excerpt":{"rendered":"<p>Curso Obsequio Obt\u00e9n los beneficios que CAFICON tiene para ti M\u00e1s de 150 cursos impartidos Calculadoras Revistas Y m\u00e1s beneficios adicionales V\u00e1lido hasta el 31\/Marzo\/2022<\/p>\n","protected":false},"author":1,"featured_media":0,"parent":0,"menu_order":0,"comment_status":"closed","ping_status":"closed","template":"","meta":{"footnotes":""},"class_list":["post-21896","page","type-page","status-publish","hentry"],"_links":{"self":[{"href":"https:\/\/caficon.com\/index.php\/wp-json\/wp\/v2\/pages\/21896","targetHints":{"allow":["GET"]}}],"collection":[{"href":"https:\/\/caficon.com\/index.php\/wp-json\/wp\/v2\/pages"}],"about":[{"href":"https:\/\/caficon.com\/index.php\/wp-json\/wp\/v2\/types\/page"}],"author":[{"embeddable":true,"href":"https:\/\/caficon.com\/index.php\/wp-json\/wp\/v2\/users\/1"}],"replies":[{"embeddable":true,"href":"https:\/\/caficon.com\/index.php\/wp-json\/wp\/v2\/comments?post=21896"}],"version-history":[{"count":13,"href":"https:\/\/caficon.com\/index.php\/wp-json\/wp\/v2\/pages\/21896\/revisions"}],"predecessor-version":[{"id":22041,"href":"https:\/\/caficon.com\/index.php\/wp-json\/wp\/v2\/pages\/21896\/revisions\/22041"}],"wp:attachment":[{"href":"https:\/\/caficon.com\/index.php\/wp-json\/wp\/v2\/media?parent=21896"}],"curies":[{"name":"wp","href":"https:\/\/api.w.org\/{rel}","templated":true}]}}