{"id":21217,"date":"2022-02-28T22:23:51","date_gmt":"2022-02-28T22:23:51","guid":{"rendered":"https:\/\/caficon.com\/?page_id=21217"},"modified":"2022-02-28T22:31:08","modified_gmt":"2022-02-28T22:31:08","slug":"antonio-hinojoza-vazquez","status":"publish","type":"page","link":"https:\/\/caficon.com\/index.php\/antonio-hinojoza-vazquez\/","title":{"rendered":"Antonio Hinojoza Vazquez"},"content":{"rendered":"\t\t<div data-elementor-type=\"wp-page\" data-elementor-id=\"21217\" class=\"elementor elementor-21217\" data-elementor-post-type=\"page\">\n\t\t\t\t\t\t<section class=\"elementor-section elementor-top-section elementor-element elementor-element-a06489e elementor-section-boxed elementor-section-height-default elementor-section-height-default\" data-id=\"a06489e\" data-element_type=\"section\">\n\t\t\t\t\t\t<div class=\"elementor-container elementor-column-gap-default\">\n\t\t\t\t\t<div class=\"elementor-column elementor-col-50 elementor-top-column elementor-element elementor-element-d8b74d2\" data-id=\"d8b74d2\" data-element_type=\"column\">\n\t\t\t<div class=\"elementor-widget-wrap elementor-element-populated\">\n\t\t\t\t\t\t<div class=\"elementor-element elementor-element-cd43f96 elementor-widget elementor-widget-image\" data-id=\"cd43f96\" data-element_type=\"widget\" data-widget_type=\"image.default\">\n\t\t\t\t<div class=\"elementor-widget-container\">\n\t\t\t\t\t\t\t\t\t\t\t\t\t\t\t<img fetchpriority=\"high\" decoding=\"async\" width=\"250\" height=\"250\" src=\"https:\/\/caficon.com\/wp-content\/uploads\/2022\/01\/cropped-Logo-1-3-1.png\" class=\"attachment-large size-large wp-image-17855\" alt=\"\" srcset=\"https:\/\/caficon.com\/wp-content\/uploads\/2022\/01\/cropped-Logo-1-3-1.png 250w, https:\/\/caficon.com\/wp-content\/uploads\/2022\/01\/cropped-Logo-1-3-1-100x100.png 100w, https:\/\/caficon.com\/wp-content\/uploads\/2022\/01\/cropped-Logo-1-3-1-150x150.png 150w\" sizes=\"(max-width: 250px) 100vw, 250px\" \/>\t\t\t\t\t\t\t\t\t\t\t\t\t\t\t<\/div>\n\t\t\t\t<\/div>\n\t\t\t\t<section class=\"elementor-section elementor-inner-section elementor-element elementor-element-b140a34 elementor-section-boxed elementor-section-height-default elementor-section-height-default\" data-id=\"b140a34\" data-element_type=\"section\">\n\t\t\t\t\t\t<div class=\"elementor-container elementor-column-gap-default\">\n\t\t\t\t\t<div class=\"elementor-column elementor-col-33 elementor-inner-column elementor-element elementor-element-a37cefb\" data-id=\"a37cefb\" data-element_type=\"column\">\n\t\t\t<div class=\"elementor-widget-wrap\">\n\t\t\t\t\t\t\t<\/div>\n\t\t<\/div>\n\t\t\t\t<div class=\"elementor-column elementor-col-33 elementor-inner-column elementor-element elementor-element-1b6bfe1\" data-id=\"1b6bfe1\" data-element_type=\"column\">\n\t\t\t<div class=\"elementor-widget-wrap elementor-element-populated\">\n\t\t\t\t\t\t<div class=\"elementor-element elementor-element-9d6a2a4 elementor-widget-divider--view-line_icon elementor-view-default elementor-widget-divider--element-align-center elementor-widget elementor-widget-divider\" data-id=\"9d6a2a4\" data-element_type=\"widget\" data-widget_type=\"divider.default\">\n\t\t\t\t<div class=\"elementor-widget-container\">\n\t\t\t\t\t\t\t<div class=\"elementor-divider\">\n\t\t\t<span class=\"elementor-divider-separator\">\n\t\t\t\t\t\t\t<div class=\"elementor-icon elementor-divider__element\">\n\t\t\t\t\t<i aria-hidden=\"true\" class=\"far fa-building\"><\/i><\/div>\n\t\t\t\t\t\t<\/span>\n\t\t<\/div>\n\t\t\t\t\t\t<\/div>\n\t\t\t\t<\/div>\n\t\t\t\t\t<\/div>\n\t\t<\/div>\n\t\t\t\t<div class=\"elementor-column elementor-col-33 elementor-inner-column elementor-element elementor-element-79d451f\" data-id=\"79d451f\" data-element_type=\"column\">\n\t\t\t<div class=\"elementor-widget-wrap\">\n\t\t\t\t\t\t\t<\/div>\n\t\t<\/div>\n\t\t\t\t\t<\/div>\n\t\t<\/section>\n\t\t\t\t<div class=\"elementor-element elementor-element-309d9fa elementor-widget elementor-widget-heading\" data-id=\"309d9fa\" data-element_type=\"widget\" data-widget_type=\"heading.default\">\n\t\t\t\t<div class=\"elementor-widget-container\">\n\t\t\t\t\t<h2 class=\"elementor-heading-title elementor-size-default\">Antonio Hinojosa V\u00e1zquez<\/h2>\t\t\t\t<\/div>\n\t\t\t\t<\/div>\n\t\t\t\t<div class=\"elementor-element elementor-element-4581b61 elementor-icon-list--layout-traditional elementor-list-item-link-full_width elementor-widget elementor-widget-icon-list\" data-id=\"4581b61\" data-element_type=\"widget\" data-widget_type=\"icon-list.default\">\n\t\t\t\t<div class=\"elementor-widget-container\">\n\t\t\t\t\t\t\t<ul class=\"elementor-icon-list-items\">\n\t\t\t\t\t\t\t<li class=\"elementor-icon-list-item\">\n\t\t\t\t\t\t\t\t\t\t\t<span class=\"elementor-icon-list-icon\">\n\t\t\t\t\t\t\t<i aria-hidden=\"true\" class=\"fas fa-certificate\"><\/i>\t\t\t\t\t\t<\/span>\n\t\t\t\t\t\t\t\t\t\t<span class=\"elementor-icon-list-text\">C\u00e9dula profesional: 9\u00b4290,301.<\/span>\n\t\t\t\t\t\t\t\t\t<\/li>\n\t\t\t\t\t\t\t\t<li class=\"elementor-icon-list-item\">\n\t\t\t\t\t\t\t\t\t\t\t<a href=\"https:\/\/caficon.com\/wp-content\/Antonio-Hinojosa-V\u00e1zquez.docx\">\n\n\t\t\t\t\t\t\t\t\t\t\t\t<span class=\"elementor-icon-list-icon\">\n\t\t\t\t\t\t\t<i aria-hidden=\"true\" class=\"fas fa-file-pdf\"><\/i>\t\t\t\t\t\t<\/span>\n\t\t\t\t\t\t\t\t\t\t<span class=\"elementor-icon-list-text\">CV<\/span>\n\t\t\t\t\t\t\t\t\t\t\t<\/a>\n\t\t\t\t\t\t\t\t\t<\/li>\n\t\t\t\t\t\t<\/ul>\n\t\t\t\t\t\t<\/div>\n\t\t\t\t<\/div>\n\t\t\t\t\t<\/div>\n\t\t<\/div>\n\t\t\t\t<div class=\"elementor-column elementor-col-50 elementor-top-column elementor-element elementor-element-097324f\" data-id=\"097324f\" data-element_type=\"column\">\n\t\t\t<div class=\"elementor-widget-wrap elementor-element-populated\">\n\t\t\t\t\t\t<div class=\"elementor-element elementor-element-9f361da elementor-widget elementor-widget-heading\" data-id=\"9f361da\" data-element_type=\"widget\" data-widget_type=\"heading.default\">\n\t\t\t\t<div class=\"elementor-widget-container\">\n\t\t\t\t\t<h2 class=\"elementor-heading-title elementor-size-default\">Perfil y Habilidades<\/h2>\t\t\t\t<\/div>\n\t\t\t\t<\/div>\n\t\t\t\t<div class=\"elementor-element elementor-element-508e798 elementor-widget elementor-widget-text-editor\" data-id=\"508e798\" data-element_type=\"widget\" data-widget_type=\"text-editor.default\">\n\t\t\t\t<div class=\"elementor-widget-container\">\n\t\t\t\t\t\t\t\t\t<ul><li><span style=\"color: #000000;\">Litigante en materia laboral defensor de empresas\u00a0 y trabajadores en las diferentes juntas de conciliaci\u00f3n a nivel nacional, como en:<\/span><\/li><li><span style=\"color: #000000;\">Junta Local de Conciliaci\u00f3n y Arbitraje de la Ciudad de M\u00e9xico<\/span><\/li><li><span style=\"color: #000000;\">Junta Federal de Conciliaci\u00f3n y Arbitraje<\/span><\/li><li><span style=\"color: #000000;\">Junta de Conciliaci\u00f3n\u00a0 del Estado de M\u00e9xico,\u00a0 entre las diferentes Juntas en la Rep\u00fablica Mexicana.<\/span><\/li><li><span style=\"color: #000000;\">Asesor\u00a0 de diferentes sindicatos a nivel nacional y sindicatos locales<\/span><\/li><li><span style=\"color: #000000;\">Asesor de empresas y trabajadores en soluci\u00f3n de conflictos laborales.<\/span><\/li><li><span style=\"color: #000000;\">Experto\u00a0 en negociaciones\u00a0 en el entorno de despidos injustificados, as\u00ed como negociaciones colectivas.<\/span><\/li><li><span style=\"color: #000000;\">Asesor en Relaciones laborales.<\/span><\/li><li><span style=\"color: #000000;\">Experto en soluci\u00f3n de conflictos entre patrones y trabajadores.<\/span><\/li><li><span style=\"color: #000000;\">Asesor en la prevenci\u00f3n de demandas laborales,\u00a0 de riesgos laborales, sindicales y de seguridad social.<\/span><\/li><\/ul>\t\t\t\t\t\t\t\t<\/div>\n\t\t\t\t<\/div>\n\t\t\t\t<div class=\"elementor-element elementor-element-94e0d6b elementor-widget elementor-widget-heading\" data-id=\"94e0d6b\" data-element_type=\"widget\" data-widget_type=\"heading.default\">\n\t\t\t\t<div class=\"elementor-widget-container\">\n\t\t\t\t\t<h2 class=\"elementor-heading-title elementor-size-default\">Formaci\u00f3n Acad\u00e9mica<\/h2>\t\t\t\t<\/div>\n\t\t\t\t<\/div>\n\t\t\t\t<div class=\"elementor-element elementor-element-5506432 elementor-widget elementor-widget-text-editor\" data-id=\"5506432\" data-element_type=\"widget\" data-widget_type=\"text-editor.default\">\n\t\t\t\t<div class=\"elementor-widget-container\">\n\t\t\t\t\t\t\t\t\t<p><span style=\"color: #000000;\"><strong>\u00a0 \u00a0 \u00a0 \u00a0 \u00a0EDUCACI\u00d3N<\/strong><\/span><\/p><ul><li><span style=\"color: #000000;\">MIEMBRO DEL INSTITUTO DE POSGRADO EN DERECHO\u00a0 Y LA ACADEMIA MEXICANA DEL DERECHO PROCESAL DEL TRABAJO\u00a0 2019- 2020<br \/><\/span><span style=\"color: #000000;\"><strong><br \/>MAESTR\u00cdA EN DERECHO LABORAL 2017-2019\u00a0<br \/><\/strong><\/span><\/li><li><span style=\"color: #000000;\">\u00a0Instituto de Posgrado en Derecho<\/span><\/li><li><span style=\"color: #000000;\">LICENCIADO EN DERECHO 2000-2005<\/span><\/li><li><span style=\"color: #000000;\">Universidad Americana<\/span><\/li><\/ul>\t\t\t\t\t\t\t\t<\/div>\n\t\t\t\t<\/div>\n\t\t\t\t\t<\/div>\n\t\t<\/div>\n\t\t\t\t\t<\/div>\n\t\t<\/section>\n\t\t\t\t<\/div>\n\t\t","protected":false},"excerpt":{"rendered":"<p>Antonio Hinojosa V\u00e1zquez C\u00e9dula profesional: 9\u00b4290,301. CV Perfil y Habilidades Litigante en materia laboral defensor de empresas\u00a0 y trabajadores en las diferentes juntas de conciliaci\u00f3n a nivel nacional, como en: Junta Local de Conciliaci\u00f3n y Arbitraje de la Ciudad de M\u00e9xico Junta Federal de Conciliaci\u00f3n y Arbitraje Junta de Conciliaci\u00f3n\u00a0 del Estado de M\u00e9xico,\u00a0 entre [&hellip;]<\/p>\n","protected":false},"author":1,"featured_media":0,"parent":0,"menu_order":0,"comment_status":"closed","ping_status":"closed","template":"","meta":{"footnotes":""},"class_list":["post-21217","page","type-page","status-publish","hentry"],"_links":{"self":[{"href":"https:\/\/caficon.com\/index.php\/wp-json\/wp\/v2\/pages\/21217","targetHints":{"allow":["GET"]}}],"collection":[{"href":"https:\/\/caficon.com\/index.php\/wp-json\/wp\/v2\/pages"}],"about":[{"href":"https:\/\/caficon.com\/index.php\/wp-json\/wp\/v2\/types\/page"}],"author":[{"embeddable":true,"href":"https:\/\/caficon.com\/index.php\/wp-json\/wp\/v2\/users\/1"}],"replies":[{"embeddable":true,"href":"https:\/\/caficon.com\/index.php\/wp-json\/wp\/v2\/comments?post=21217"}],"version-history":[{"count":7,"href":"https:\/\/caficon.com\/index.php\/wp-json\/wp\/v2\/pages\/21217\/revisions"}],"predecessor-version":[{"id":21225,"href":"https:\/\/caficon.com\/index.php\/wp-json\/wp\/v2\/pages\/21217\/revisions\/21225"}],"wp:attachment":[{"href":"https:\/\/caficon.com\/index.php\/wp-json\/wp\/v2\/media?parent=21217"}],"curies":[{"name":"wp","href":"https:\/\/api.w.org\/{rel}","templated":true}]}}