{"id":20982,"date":"2022-02-24T01:32:51","date_gmt":"2022-02-24T01:32:51","guid":{"rendered":"https:\/\/caficon.com\/?page_id=20982"},"modified":"2022-02-24T01:42:37","modified_gmt":"2022-02-24T01:42:37","slug":"ramon-cereceda-avila","status":"publish","type":"page","link":"https:\/\/caficon.com\/index.php\/ramon-cereceda-avila\/","title":{"rendered":"Ram\u00f3n Cereceda Avila"},"content":{"rendered":"\t\t<div data-elementor-type=\"wp-page\" data-elementor-id=\"20982\" class=\"elementor elementor-20982\" data-elementor-post-type=\"page\">\n\t\t\t\t\t\t<section class=\"elementor-section elementor-top-section elementor-element elementor-element-0b974ce elementor-section-boxed elementor-section-height-default elementor-section-height-default\" data-id=\"0b974ce\" data-element_type=\"section\">\n\t\t\t\t\t\t<div class=\"elementor-container elementor-column-gap-default\">\n\t\t\t\t\t<div class=\"elementor-column elementor-col-50 elementor-top-column elementor-element elementor-element-254d598\" data-id=\"254d598\" data-element_type=\"column\">\n\t\t\t<div class=\"elementor-widget-wrap elementor-element-populated\">\n\t\t\t\t\t\t<div class=\"elementor-element elementor-element-8ba2ff2 elementor-widget elementor-widget-image\" data-id=\"8ba2ff2\" data-element_type=\"widget\" data-widget_type=\"image.default\">\n\t\t\t\t<div class=\"elementor-widget-container\">\n\t\t\t\t\t\t\t\t\t\t\t\t\t\t\t<img fetchpriority=\"high\" decoding=\"async\" width=\"230\" height=\"300\" src=\"https:\/\/caficon.com\/wp-content\/uploads\/2022\/02\/WhatsApp-Image-2022-02-14-at-11.21.56-AM-230x300.jpeg\" class=\"attachment-medium size-medium wp-image-20891\" alt=\"\" srcset=\"https:\/\/caficon.com\/wp-content\/uploads\/2022\/02\/WhatsApp-Image-2022-02-14-at-11.21.56-AM-230x300.jpeg 230w, https:\/\/caficon.com\/wp-content\/uploads\/2022\/02\/WhatsApp-Image-2022-02-14-at-11.21.56-AM-600x783.jpeg 600w, https:\/\/caficon.com\/wp-content\/uploads\/2022\/02\/WhatsApp-Image-2022-02-14-at-11.21.56-AM-768x1002.jpeg 768w, https:\/\/caficon.com\/wp-content\/uploads\/2022\/02\/WhatsApp-Image-2022-02-14-at-11.21.56-AM.jpeg 785w\" sizes=\"(max-width: 230px) 100vw, 230px\" \/>\t\t\t\t\t\t\t\t\t\t\t\t\t\t\t<\/div>\n\t\t\t\t<\/div>\n\t\t\t\t<section class=\"elementor-section elementor-inner-section elementor-element elementor-element-3b57035 elementor-section-boxed elementor-section-height-default elementor-section-height-default\" data-id=\"3b57035\" data-element_type=\"section\">\n\t\t\t\t\t\t<div class=\"elementor-container elementor-column-gap-default\">\n\t\t\t\t\t<div class=\"elementor-column elementor-col-33 elementor-inner-column elementor-element elementor-element-41b1990\" data-id=\"41b1990\" data-element_type=\"column\">\n\t\t\t<div class=\"elementor-widget-wrap\">\n\t\t\t\t\t\t\t<\/div>\n\t\t<\/div>\n\t\t\t\t<div class=\"elementor-column elementor-col-33 elementor-inner-column elementor-element elementor-element-9ac8edc\" data-id=\"9ac8edc\" data-element_type=\"column\">\n\t\t\t<div class=\"elementor-widget-wrap elementor-element-populated\">\n\t\t\t\t\t\t<div class=\"elementor-element elementor-element-513e0e6 elementor-widget-divider--view-line_icon elementor-view-default elementor-widget-divider--element-align-center elementor-widget elementor-widget-divider\" data-id=\"513e0e6\" data-element_type=\"widget\" data-widget_type=\"divider.default\">\n\t\t\t\t<div class=\"elementor-widget-container\">\n\t\t\t\t\t\t\t<div class=\"elementor-divider\">\n\t\t\t<span class=\"elementor-divider-separator\">\n\t\t\t\t\t\t\t<div class=\"elementor-icon elementor-divider__element\">\n\t\t\t\t\t<i aria-hidden=\"true\" class=\"far fa-building\"><\/i><\/div>\n\t\t\t\t\t\t<\/span>\n\t\t<\/div>\n\t\t\t\t\t\t<\/div>\n\t\t\t\t<\/div>\n\t\t\t\t\t<\/div>\n\t\t<\/div>\n\t\t\t\t<div class=\"elementor-column elementor-col-33 elementor-inner-column elementor-element elementor-element-7ad5814\" data-id=\"7ad5814\" data-element_type=\"column\">\n\t\t\t<div class=\"elementor-widget-wrap\">\n\t\t\t\t\t\t\t<\/div>\n\t\t<\/div>\n\t\t\t\t\t<\/div>\n\t\t<\/section>\n\t\t\t\t<div class=\"elementor-element elementor-element-ceb9b4a elementor-widget elementor-widget-heading\" data-id=\"ceb9b4a\" data-element_type=\"widget\" data-widget_type=\"heading.default\">\n\t\t\t\t<div class=\"elementor-widget-container\">\n\t\t\t\t\t<h2 class=\"elementor-heading-title elementor-size-default\">Ram\u00f3n Cereceda Avila<\/h2>\t\t\t\t<\/div>\n\t\t\t\t<\/div>\n\t\t\t\t<div class=\"elementor-element elementor-element-21d5272 elementor-icon-list--layout-traditional elementor-list-item-link-full_width elementor-widget elementor-widget-icon-list\" data-id=\"21d5272\" data-element_type=\"widget\" data-widget_type=\"icon-list.default\">\n\t\t\t\t<div class=\"elementor-widget-container\">\n\t\t\t\t\t\t\t<ul class=\"elementor-icon-list-items\">\n\t\t\t\t\t\t\t<li class=\"elementor-icon-list-item\">\n\t\t\t\t\t\t\t\t\t\t\t<span class=\"elementor-icon-list-icon\">\n\t\t\t\t\t\t\t<i aria-hidden=\"true\" class=\"fas fa-certificate\"><\/i>\t\t\t\t\t\t<\/span>\n\t\t\t\t\t\t\t\t\t\t<span class=\"elementor-icon-list-text\">C\u00e9dula profesional: xxxxxxx<\/span>\n\t\t\t\t\t\t\t\t\t<\/li>\n\t\t\t\t\t\t\t\t<li class=\"elementor-icon-list-item\">\n\t\t\t\t\t\t\t\t\t\t\t<a href=\"https:\/\/caficon.com\/wp-content\/Ram\u00f3n-Cereceda-Avila.docx\">\n\n\t\t\t\t\t\t\t\t\t\t\t\t<span class=\"elementor-icon-list-icon\">\n\t\t\t\t\t\t\t<i aria-hidden=\"true\" class=\"fas fa-file-pdf\"><\/i>\t\t\t\t\t\t<\/span>\n\t\t\t\t\t\t\t\t\t\t<span class=\"elementor-icon-list-text\">CV<\/span>\n\t\t\t\t\t\t\t\t\t\t\t<\/a>\n\t\t\t\t\t\t\t\t\t<\/li>\n\t\t\t\t\t\t<\/ul>\n\t\t\t\t\t\t<\/div>\n\t\t\t\t<\/div>\n\t\t\t\t\t<\/div>\n\t\t<\/div>\n\t\t\t\t<div class=\"elementor-column elementor-col-50 elementor-top-column elementor-element elementor-element-5b1462e\" data-id=\"5b1462e\" data-element_type=\"column\">\n\t\t\t<div class=\"elementor-widget-wrap elementor-element-populated\">\n\t\t\t\t\t\t<div class=\"elementor-element elementor-element-0a5de57 elementor-widget elementor-widget-heading\" data-id=\"0a5de57\" data-element_type=\"widget\" data-widget_type=\"heading.default\">\n\t\t\t\t<div class=\"elementor-widget-container\">\n\t\t\t\t\t<h2 class=\"elementor-heading-title elementor-size-default\">Educaci\u00f3n y formaci\u00f3n<\/h2>\t\t\t\t<\/div>\n\t\t\t\t<\/div>\n\t\t\t\t<div class=\"elementor-element elementor-element-63d4d6c elementor-widget elementor-widget-text-editor\" data-id=\"63d4d6c\" data-element_type=\"widget\" data-widget_type=\"text-editor.default\">\n\t\t\t\t<div class=\"elementor-widget-container\">\n\t\t\t\t\t\t\t\t\t<p><span style=\"color: #000000;\"><strong>Maestr\u00eda en Maestr\u00eda en Derecho Penal y Criminolog\u00eda Universidad de Angel\u00f3polis &#8211; Puebla, Pue.<\/strong><\/span><\/p><p><span style=\"color: #000000;\"><strong>agosto 2018 &#8211; junio 2020<\/strong>.<\/span><\/p><p>\u00a0<\/p><p><span style=\"color: #000000;\"><strong>Diploma en JORNADAS DE DERECHOS HUMANOS<\/strong><\/span><\/p><p><span style=\"color: #000000;\"><strong>SUPREMA CORTE DE JUSTICIA DE LA NACI\u00d3N<\/strong> &#8211; Puebla, Pue.<\/span><\/p><p><span style=\"color: #000000;\">julio 2020 &#8211; diciembre 2020.<\/span><\/p><p>\u00a0<\/p><p><span style=\"color: #000000;\"><strong>Diploma en NUEVA NORMALIDAD LABORAL<\/strong><\/span><\/p><p><span style=\"color: #000000;\">Capac\u00edtate, Fundaci\u00f3n SLIM &#8211; Puebla, Pue. noviembre 2020 &#8211; noviembre 2020{<\/span><\/p><p>\u00a0<\/p><p><span style=\"color: #000000;\"><strong>Diploma en CRIMINOLOG\u00cdA FORENSE<\/strong><\/span><\/p><p><span style=\"color: #000000;\"><strong>ABR CRIMINAL\u00cdSTICA<\/strong> &#8211; Puebla, Pue.<\/span><\/p><p><span style=\"color: #000000;\">octubre 2020 &#8211; octubre 2020.<\/span><\/p><p>\u00a0<\/p><p><span style=\"color: #000000;\"><strong>Diploma en DERECHOS DE AUTOR EN ENTORNO DIGITALES<\/strong><\/span><\/p><p><span style=\"color: #000000;\"><strong>UDEMY<\/strong> &#8211; Puebla, Pue. octubre 2020 &#8211; octubre 2020.<\/span><\/p><p><span style=\"color: #000000;\"><strong>Diploma en CRIMINOLOG\u00cdA CORPORATIVA<\/strong><\/span><\/p>\t\t\t\t\t\t\t\t<\/div>\n\t\t\t\t<\/div>\n\t\t\t\t\t<\/div>\n\t\t<\/div>\n\t\t\t\t\t<\/div>\n\t\t<\/section>\n\t\t\t\t<\/div>\n\t\t","protected":false},"excerpt":{"rendered":"<p>Ram\u00f3n Cereceda Avila C\u00e9dula profesional: xxxxxxx CV Educaci\u00f3n y formaci\u00f3n Maestr\u00eda en Maestr\u00eda en Derecho Penal y Criminolog\u00eda Universidad de Angel\u00f3polis &#8211; Puebla, Pue. agosto 2018 &#8211; junio 2020. \u00a0 Diploma en JORNADAS DE DERECHOS HUMANOS SUPREMA CORTE DE JUSTICIA DE LA NACI\u00d3N &#8211; Puebla, Pue. julio 2020 &#8211; diciembre 2020. \u00a0 Diploma en NUEVA [&hellip;]<\/p>\n","protected":false},"author":1,"featured_media":0,"parent":0,"menu_order":0,"comment_status":"closed","ping_status":"closed","template":"","meta":{"footnotes":""},"class_list":["post-20982","page","type-page","status-publish","hentry"],"_links":{"self":[{"href":"https:\/\/caficon.com\/index.php\/wp-json\/wp\/v2\/pages\/20982","targetHints":{"allow":["GET"]}}],"collection":[{"href":"https:\/\/caficon.com\/index.php\/wp-json\/wp\/v2\/pages"}],"about":[{"href":"https:\/\/caficon.com\/index.php\/wp-json\/wp\/v2\/types\/page"}],"author":[{"embeddable":true,"href":"https:\/\/caficon.com\/index.php\/wp-json\/wp\/v2\/users\/1"}],"replies":[{"embeddable":true,"href":"https:\/\/caficon.com\/index.php\/wp-json\/wp\/v2\/comments?post=20982"}],"version-history":[{"count":16,"href":"https:\/\/caficon.com\/index.php\/wp-json\/wp\/v2\/pages\/20982\/revisions"}],"predecessor-version":[{"id":21003,"href":"https:\/\/caficon.com\/index.php\/wp-json\/wp\/v2\/pages\/20982\/revisions\/21003"}],"wp:attachment":[{"href":"https:\/\/caficon.com\/index.php\/wp-json\/wp\/v2\/media?parent=20982"}],"curies":[{"name":"wp","href":"https:\/\/api.w.org\/{rel}","templated":true}]}}