{"id":18036,"date":"2022-02-05T06:54:17","date_gmt":"2022-02-05T06:54:17","guid":{"rendered":"https:\/\/caficon.com\/?page_id=18036"},"modified":"2022-03-07T18:42:15","modified_gmt":"2022-03-07T18:42:15","slug":"declaracion-anual-de-personas-fisicas-con-cedulas-de-trabajo","status":"publish","type":"page","link":"https:\/\/caficon.com\/index.php\/declaracion-anual-de-personas-fisicas-con-cedulas-de-trabajo\/","title":{"rendered":"Declaraci\u00f3n Anual de Personas F\u00edsicas (Con C\u00e9dulas de Trabajo)"},"content":{"rendered":"\t\t<div data-elementor-type=\"wp-page\" data-elementor-id=\"18036\" class=\"elementor elementor-18036\" data-elementor-post-type=\"page\">\n\t\t\t\t\t\t<section class=\"elementor-section elementor-top-section elementor-element elementor-element-ac6bd68 elementor-section-full_width elementor-section-height-default elementor-section-height-default\" data-id=\"ac6bd68\" data-element_type=\"section\">\n\t\t\t\t\t\t<div class=\"elementor-container elementor-column-gap-default\">\n\t\t\t\t\t<div class=\"elementor-column elementor-col-100 elementor-top-column elementor-element elementor-element-f33ae78\" data-id=\"f33ae78\" data-element_type=\"column\">\n\t\t\t<div class=\"elementor-widget-wrap elementor-element-populated\">\n\t\t\t\t\t\t<div class=\"elementor-element elementor-element-57cc124 elementor-widget elementor-widget-heading\" data-id=\"57cc124\" data-element_type=\"widget\" data-widget_type=\"heading.default\">\n\t\t\t\t<div class=\"elementor-widget-container\">\n\t\t\t\t\t<h2 class=\"elementor-heading-title elementor-size-default\">Que encontraras en el Temario<\/h2>\t\t\t\t<\/div>\n\t\t\t\t<\/div>\n\t\t\t\t\t<\/div>\n\t\t<\/div>\n\t\t\t\t\t<\/div>\n\t\t<\/section>\n\t\t\t\t<section class=\"elementor-section elementor-top-section elementor-element elementor-element-3355e67 elementor-section-full_width elementor-section-height-default elementor-section-height-default\" data-id=\"3355e67\" data-element_type=\"section\">\n\t\t\t\t\t\t<div class=\"elementor-container elementor-column-gap-default\">\n\t\t\t\t\t<div class=\"elementor-column elementor-col-33 elementor-top-column elementor-element elementor-element-7efb248\" data-id=\"7efb248\" data-element_type=\"column\">\n\t\t\t<div class=\"elementor-widget-wrap elementor-element-populated\">\n\t\t\t\t\t\t\t<\/div>\n\t\t<\/div>\n\t\t\t\t<div class=\"elementor-column elementor-col-33 elementor-top-column elementor-element elementor-element-0b84479\" data-id=\"0b84479\" data-element_type=\"column\">\n\t\t\t<div class=\"elementor-widget-wrap elementor-element-populated\">\n\t\t\t\t\t\t<div class=\"elementor-element elementor-element-975d253 elementor-widget elementor-widget-text-editor\" data-id=\"975d253\" data-element_type=\"widget\" data-widget_type=\"text-editor.default\">\n\t\t\t\t<div class=\"elementor-widget-container\">\n\t\t\t\t\t\t\t\t\t<h4><span style=\"color: #ff6600;\">Temario<\/span><\/h4><p>\u2022 1. \u00bfEstoy obligado a presentar mi Declaraci\u00f3n Anual?<br \/>\u2022 2. Qu\u00e9 necesito para presenta mi Declaraci\u00f3n Anual<br \/>\u2022 3. Porqu\u00e9 debo presentar mi Declaraci\u00f3n Anual<br \/>\u2022 4. C\u00f3mo se determina el Impuesto que tengo que pagar<br \/>\u2022 5. Cu\u00e1ndo debo presentar mi Declaraci\u00f3n Anual<br \/>\u2022 6. Si tengo Impuestos cuando presento mi Declaraci\u00f3n<br \/>\u2022 7. Si tengo saldo a favor puedo pedir mi Devoluci\u00f3n<br \/>\u2022 8. Si no pido mi devoluci\u00f3n que opci\u00f3n se tiene<br \/>\u2022 9. Ingresos Exentos<br \/>\u2022 10. Deducciones Personales<br \/>\u2022 11. Caso: Env\u00edo de Declaraci\u00f3n Anual<\/p>\t\t\t\t\t\t\t\t<\/div>\n\t\t\t\t<\/div>\n\t\t\t\t\t<\/div>\n\t\t<\/div>\n\t\t\t\t<div class=\"elementor-column elementor-col-33 elementor-top-column elementor-element elementor-element-dee4e30\" data-id=\"dee4e30\" data-element_type=\"column\">\n\t\t\t<div class=\"elementor-widget-wrap\">\n\t\t\t\t\t\t\t<\/div>\n\t\t<\/div>\n\t\t\t\t\t<\/div>\n\t\t<\/section>\n\t\t\t\t<section class=\"elementor-section elementor-top-section elementor-element elementor-element-b8ca627 elementor-section-full_width elementor-section-height-default elementor-section-height-default\" data-id=\"b8ca627\" data-element_type=\"section\">\n\t\t\t\t\t\t<div class=\"elementor-container elementor-column-gap-default\">\n\t\t\t\t\t<div class=\"elementor-column elementor-col-100 elementor-top-column elementor-element elementor-element-b1581ab\" data-id=\"b1581ab\" data-element_type=\"column\">\n\t\t\t<div class=\"elementor-widget-wrap elementor-element-populated\">\n\t\t\t\t\t\t<div class=\"elementor-element elementor-element-f4430b2 elementor-widget elementor-widget-spacer\" data-id=\"f4430b2\" data-element_type=\"widget\" data-widget_type=\"spacer.default\">\n\t\t\t\t<div class=\"elementor-widget-container\">\n\t\t\t\t\t\t\t<div class=\"elementor-spacer\">\n\t\t\t<div class=\"elementor-spacer-inner\"><\/div>\n\t\t<\/div>\n\t\t\t\t\t\t<\/div>\n\t\t\t\t<\/div>\n\t\t\t\t<div class=\"elementor-element elementor-element-41f2389 elementor-widget elementor-widget-heading\" data-id=\"41f2389\" data-element_type=\"widget\" data-widget_type=\"heading.default\">\n\t\t\t\t<div class=\"elementor-widget-container\">\n\t\t\t\t\t<h2 class=\"elementor-heading-title elementor-size-default\">\u00bfQuien Impartir\u00e1 este Curso?<\/h2>\t\t\t\t<\/div>\n\t\t\t\t<\/div>\n\t\t\t\t\t<\/div>\n\t\t<\/div>\n\t\t\t\t\t<\/div>\n\t\t<\/section>\n\t\t\t\t<section class=\"elementor-section elementor-top-section elementor-element elementor-element-0e4d6bf elementor-section-full_width elementor-section-height-default elementor-section-height-default\" data-id=\"0e4d6bf\" data-element_type=\"section\">\n\t\t\t\t\t\t<div class=\"elementor-container elementor-column-gap-default\">\n\t\t\t\t\t<div class=\"elementor-column elementor-col-50 elementor-top-column elementor-element elementor-element-30aca75\" data-id=\"30aca75\" data-element_type=\"column\">\n\t\t\t<div class=\"elementor-widget-wrap elementor-element-populated\">\n\t\t\t\t\t\t<div class=\"elementor-element elementor-element-e3581bb elementor-widget elementor-widget-image\" data-id=\"e3581bb\" data-element_type=\"widget\" data-widget_type=\"image.default\">\n\t\t\t\t<div class=\"elementor-widget-container\">\n\t\t\t\t\t\t\t\t\t\t\t\t\t\t\t<img decoding=\"async\" src=\"https:\/\/caficon.com\/wp-content\/uploads\/elementor\/thumbs\/caficon-20-pifqlmmsrh3ysnja92ione0s2gud07yylwwl88wo6o.jpg\" title=\"caficon-20\" alt=\"CAFICON\" loading=\"lazy\" \/>\t\t\t\t\t\t\t\t\t\t\t\t\t\t\t<\/div>\n\t\t\t\t<\/div>\n\t\t\t\t<div class=\"elementor-element elementor-element-e489a06 elementor-widget elementor-widget-html\" data-id=\"e489a06\" data-element_type=\"widget\" data-widget_type=\"html.default\">\n\t\t\t\t<div class=\"elementor-widget-container\">\n\t\t\t\t\t<h4 style=\"text-align: center;\"><span style=\"color: #ff6600;\">C.P.C. y M.C.F. Roberto Efrain Cabrera Monroy<\/span><\/h4>\t\t\t\t<\/div>\n\t\t\t\t<\/div>\n\t\t\t\t\t<\/div>\n\t\t<\/div>\n\t\t\t\t<div class=\"elementor-column elementor-col-50 elementor-top-column elementor-element elementor-element-1aa8f03\" data-id=\"1aa8f03\" data-element_type=\"column\">\n\t\t\t<div class=\"elementor-widget-wrap elementor-element-populated\">\n\t\t\t\t\t\t<div class=\"elementor-element elementor-element-4ec659b elementor-widget elementor-widget-spacer\" data-id=\"4ec659b\" data-element_type=\"widget\" data-widget_type=\"spacer.default\">\n\t\t\t\t<div class=\"elementor-widget-container\">\n\t\t\t\t\t\t\t<div class=\"elementor-spacer\">\n\t\t\t<div class=\"elementor-spacer-inner\"><\/div>\n\t\t<\/div>\n\t\t\t\t\t\t<\/div>\n\t\t\t\t<\/div>\n\t\t\t\t<div class=\"elementor-element elementor-element-a7b79cb elementor-widget elementor-widget-heading\" data-id=\"a7b79cb\" data-element_type=\"widget\" data-widget_type=\"heading.default\">\n\t\t\t\t<div class=\"elementor-widget-container\">\n\t\t\t\t\t<h2 class=\"elementor-heading-title elementor-size-default\">CV:<\/h2>\t\t\t\t<\/div>\n\t\t\t\t<\/div>\n\t\t\t\t<div class=\"elementor-element elementor-element-467fec0 elementor-widget elementor-widget-text-editor\" data-id=\"467fec0\" data-element_type=\"widget\" data-widget_type=\"text-editor.default\">\n\t\t\t\t<div class=\"elementor-widget-container\">\n\t\t\t\t\t\t\t\t\t<p>\u27a2 Contador P\u00fablico Certificado.<br \/>\u27a2 Maestr\u00eda en Contribuciones Fiscales.<br \/>\u27a2 Especializado en Impuestos.<br \/>\u27a2 Diplomado en contribuciones fiscales.<br \/>\u27a2 EXPERIENCIA PROFESIONAL<br \/>\u2022 Socio Director Cabrera Torres y Asociados, S.C.<br \/>\u2022 Miembro de la Comisi\u00f3n de Investigaci\u00f3n Fiscal del Colegio de<br \/>Contadores P\u00fablicos de M\u00e9xico, A.C.<br \/>\u2022 Contador P\u00fablico Certificado.<br \/>\u2022 Docente de la Escuela Bancaria y Comercial.<br \/>\u2022 Instructor en el Colegio Fiscal de M\u00e9xico.<br \/>\u2022 Miembro del Pool de Fiscalistas.<br \/>\u2022 Certificado en Disciplinas Fiscal<br \/>\u2022 Instituto Mexicano de Contadores P\u00fablicos<br \/>\u27a2 CERTIFICADO COMO CONTADOR POR EL INSTITUTO MEXICANO DE<br \/>CONTADORES P\u00daBLICOS<br \/>\u27a2 EXPERTO EN ESTRATEGIA EMPRESARIAL, PLANIFICACI\u00d3N ESTRAT\u00c9GICA<\/p>\t\t\t\t\t\t\t\t<\/div>\n\t\t\t\t<\/div>\n\t\t\t\t<div class=\"elementor-element elementor-element-74d268a elementor-widget elementor-widget-spacer\" data-id=\"74d268a\" data-element_type=\"widget\" data-widget_type=\"spacer.default\">\n\t\t\t\t<div class=\"elementor-widget-container\">\n\t\t\t\t\t\t\t<div class=\"elementor-spacer\">\n\t\t\t<div class=\"elementor-spacer-inner\"><\/div>\n\t\t<\/div>\n\t\t\t\t\t\t<\/div>\n\t\t\t\t<\/div>\n\t\t\t\t\t<\/div>\n\t\t<\/div>\n\t\t\t\t\t<\/div>\n\t\t<\/section>\n\t\t\t\t<\/div>\n\t\t","protected":false},"excerpt":{"rendered":"<p>Que encontraras en el Temario Temario \u2022 1. \u00bfEstoy obligado a presentar mi Declaraci\u00f3n Anual?\u2022 2. Qu\u00e9 necesito para presenta mi Declaraci\u00f3n Anual\u2022 3. Porqu\u00e9 debo presentar mi Declaraci\u00f3n Anual\u2022 4. C\u00f3mo se determina el Impuesto que tengo que pagar\u2022 5. Cu\u00e1ndo debo presentar mi Declaraci\u00f3n Anual\u2022 6. Si tengo Impuestos cuando presento mi Declaraci\u00f3n\u2022 [&hellip;]<\/p>\n","protected":false},"author":1,"featured_media":0,"parent":0,"menu_order":0,"comment_status":"closed","ping_status":"closed","template":"","meta":{"footnotes":""},"class_list":["post-18036","page","type-page","status-publish","hentry"],"_links":{"self":[{"href":"https:\/\/caficon.com\/index.php\/wp-json\/wp\/v2\/pages\/18036","targetHints":{"allow":["GET"]}}],"collection":[{"href":"https:\/\/caficon.com\/index.php\/wp-json\/wp\/v2\/pages"}],"about":[{"href":"https:\/\/caficon.com\/index.php\/wp-json\/wp\/v2\/types\/page"}],"author":[{"embeddable":true,"href":"https:\/\/caficon.com\/index.php\/wp-json\/wp\/v2\/users\/1"}],"replies":[{"embeddable":true,"href":"https:\/\/caficon.com\/index.php\/wp-json\/wp\/v2\/comments?post=18036"}],"version-history":[{"count":13,"href":"https:\/\/caficon.com\/index.php\/wp-json\/wp\/v2\/pages\/18036\/revisions"}],"predecessor-version":[{"id":21590,"href":"https:\/\/caficon.com\/index.php\/wp-json\/wp\/v2\/pages\/18036\/revisions\/21590"}],"wp:attachment":[{"href":"https:\/\/caficon.com\/index.php\/wp-json\/wp\/v2\/media?parent=18036"}],"curies":[{"name":"wp","href":"https:\/\/api.w.org\/{rel}","templated":true}]}}